{"id":2534,"date":"2017-08-30T13:10:53","date_gmt":"2017-08-30T13:10:53","guid":{"rendered":"https:\/\/accigest.staging3w.com\/abogados-accidentes-de-trafico-en-badalona\/"},"modified":"2022-03-25T22:13:12","modified_gmt":"2022-03-25T21:13:12","slug":"advocats-accidents-de-transit-a-badalona","status":"publish","type":"page","link":"https:\/\/accigest.com\/ca\/advocats-accidents-de-transit-a-badalona\/","title":{"rendered":"Advocats especialistes en accidents de tr\u00e0nsit a Badalona"},"content":{"rendered":"\n<h2 class=\"wp-block-heading\">Est\u00e0 buscant un advocat per un accident de tr\u00e0nsit a Badalona?<\/h2>\n\n\n\n<p>Si la responsabilitat de l&#8217;accident \u00e9s del conductor del vehicle contrari o del conductor del vehicle en el que viatjaves com a ocupant, tens dret a una indemnitzaci\u00f3.<\/p>\n\n\n\n<p>Els nostres&nbsp;<strong>advocats experts en accidents de tr\u00e0nsit<\/strong>&nbsp;de la zona de&nbsp;Badalona,<strong>&nbsp;<\/strong>compten amb una amplia experiencia en la reclamaci\u00f3 d&#8217;indemnitzacions derivades d&#8217;accidents de tr\u00e0nsit.<\/p>\n\n\n\n<div class=\"wp-block-columns ag-section ag-section-icons is-layout-flex wp-container-core-columns-is-layout-9d6595d7 wp-block-columns-is-layout-flex\">\n<div class=\"wp-block-column icons-text__item is-layout-flow wp-block-column-is-layout-flow\" style=\"flex-basis:50%\">\n<div class=\"wp-block-group\"><div class=\"wp-block-group__inner-container is-layout-flow wp-block-group-is-layout-flow\">\n<figure class=\"wp-block-image size-large\"><img decoding=\"async\" src=\"https:\/\/accigest.com\/wp-content\/uploads\/2021\/06\/icon-visitas-a-dominiclio.svg\" alt=\"\" class=\"wp-image-5981\"\/><\/figure>\n\n\n\n<p>Visites a domicili gratu\u00eftes<\/p>\n<\/div><\/div>\n<\/div>\n\n\n\n<div class=\"wp-block-column icons-text__item is-layout-flow wp-block-column-is-layout-flow\" style=\"flex-basis:50%\">\n<div class=\"wp-block-group\"><div class=\"wp-block-group__inner-container is-layout-flow wp-block-group-is-layout-flow\">\n<figure class=\"wp-block-image size-large\"><img decoding=\"async\" src=\"https:\/\/accigest.com\/wp-content\/uploads\/2021\/06\/icon-solo-cobramos-1.svg\" alt=\"S\u00f3lo cobramos si usted cobra\" class=\"wp-image-5983\"\/><\/figure>\n\n\n\n<p>Nom\u00e9s cobrem quan vost\u00e8 cobri<\/p>\n<\/div><\/div>\n<\/div>\n<\/div>\n\n\n\n<h2 class=\"wp-block-heading\">Especialistes en Accidents a Badalona<\/h2>\n\n\n\n<p>Treballem a comissi\u00f3, centrant-nos en els interessos de les persones, per lo que en la gesti\u00f3 de la seva reclamaci\u00f3&nbsp;<strong>no li exigirem cap quantitat per avan\u00e7at.<\/strong>&nbsp;Un cop indemnitzat ser\u00e0 quan haur\u00e0 de reintegrar-nos el percentatge que s&#8217;hagi parlat al principi.<\/p>\n\n\n\n<p>A m\u00e9s,<strong>&nbsp;<\/strong>si t\u00e9 dificultats per despla\u00e7ar-se, un professional d&#8217;Accigest es despla\u00e7ar\u00e0 a on vost\u00e8 es estigui sense cap comprom\u00eds i sense cap cost per vost\u00e8 per donar-li la millor informaci\u00f3 que requereixi.<\/p>\n\n\n\n<h2 class=\"wp-block-heading\">Oferim servei a Badalona<\/h2>\n\n\n\n<p>Si ets de Badalona o dels voltants<strong>&nbsp;truca&#8217;ns o omple el formulari de consulta<\/strong>, t&#8217;assessorarem de forma gratu\u00efta i resoldrem tots els teus dubtes.<\/p>\n\n\n\n<p>A m\u00e9s, al contractar els nostres serveis, el nostre equip&nbsp;<em>(format por metges experts en la valoraci\u00f3 del dany, advocats especialitzats en accidents de tr\u00e0nsit i gestors especialistes en la negociaci\u00f3 d&#8217;indemnitzacions)<\/em>&nbsp;es posar\u00e0 a treballar amb l&#8217;objectiu d&#8217;aconseguir la m\u00e0xima indemnitzaci\u00f3 per tu.<\/p>\n","protected":false},"excerpt":{"rendered":"Est\u00e0 buscant un advocat per un accident de tr\u00e0nsit a Badalona? Si la responsabilitat de l'accident \u00e9s del conductor del vehicle contrari o del conductor del vehicle en el que viatjaves com a ocupant, tens dret a una indemnitzaci\u00f3. Els nostres&nbsp;advocats experts en accidents de tr\u00e0nsit&nbsp;de la zona de&nbsp;Badalona,&nbsp;compten amb&hellip;&nbsp;<a class=\"read-more\" href=\"https:\/\/accigest.com\/ca\/advocats-accidents-de-transit-a-badalona\/\">Llegir m\u00e9s<\/a>","protected":false},"author":1,"featured_media":0,"parent":0,"menu_order":0,"comment_status":"closed","ping_status":"closed","template":"","meta":{"footnotes":""},"class_list":["post-2534","page","type-page","status-publish","hentry"],"yoast_head":"<!-- This site is optimized with the Yoast SEO plugin v27.4 - https:\/\/yoast.com\/product\/yoast-seo-wordpress\/ -->\n<title>Advocats especialistes en accidents de tr\u00e0nsit a Badalona - Accigest<\/title>\n<meta name=\"description\" content=\"Accigest disposa dels millors advocats especialistes en accidents de tr\u00e0nsit per a un assessorament personalitzat, relacionat amb qualsevol tema per col\u00b7lisi\u00f3 o atropellament a Badalona. Contacta&#039;ns sense comprom\u00eds \u260e 630 202 144\" \/>\n<meta name=\"robots\" content=\"index, follow, max-snippet:-1, max-image-preview:large, max-video-preview:-1\" \/>\n<link rel=\"canonical\" href=\"https:\/\/accigest.com\/ca\/advocats-accidents-de-transit-a-badalona\/\" \/>\n<meta property=\"og:locale\" content=\"ca_ES\" \/>\n<meta property=\"og:type\" content=\"article\" \/>\n<meta property=\"og:title\" content=\"Advocats especialistes en accidents de tr\u00e0nsit a Badalona - Accigest\" \/>\n<meta property=\"og:description\" content=\"Accigest disposa dels millors advocats especialistes en accidents de tr\u00e0nsit per a un assessorament personalitzat, relacionat amb qualsevol tema per col\u00b7lisi\u00f3 o atropellament a Badalona. Contacta&#039;ns sense comprom\u00eds \u260e 630 202 144\" \/>\n<meta property=\"og:url\" content=\"https:\/\/accigest.com\/ca\/advocats-accidents-de-transit-a-badalona\/\" \/>\n<meta property=\"og:site_name\" content=\"Accigest\" \/>\n<meta property=\"article:modified_time\" content=\"2022-03-25T21:13:12+00:00\" \/>\n<meta name=\"twitter:card\" content=\"summary_large_image\" \/>\n<meta name=\"twitter:label1\" content=\"Temps estimat de lectura\" \/>\n\t<meta name=\"twitter:data1\" content=\"1 minut\" \/>\n<script type=\"application\/ld+json\" class=\"yoast-schema-graph\">{\"@context\":\"https:\\\/\\\/schema.org\",\"@graph\":[{\"@type\":\"WebPage\",\"@id\":\"https:\\\/\\\/accigest.com\\\/ca\\\/advocats-accidents-de-transit-a-badalona\\\/\",\"url\":\"https:\\\/\\\/accigest.com\\\/ca\\\/advocats-accidents-de-transit-a-badalona\\\/\",\"name\":\"Advocats especialistes en accidents de tr\u00e0nsit a Badalona - Accigest\",\"isPartOf\":{\"@id\":\"https:\\\/\\\/accigest.com\\\/ca\\\/#website\"},\"datePublished\":\"2017-08-30T13:10:53+00:00\",\"dateModified\":\"2022-03-25T21:13:12+00:00\",\"description\":\"Accigest disposa dels millors advocats especialistes en accidents de tr\u00e0nsit per a un assessorament personalitzat, relacionat amb qualsevol tema per col\u00b7lisi\u00f3 o atropellament a Badalona. Contacta'ns sense comprom\u00eds \u260e 630 202 144\",\"breadcrumb\":{\"@id\":\"https:\\\/\\\/accigest.com\\\/ca\\\/advocats-accidents-de-transit-a-badalona\\\/#breadcrumb\"},\"inLanguage\":\"ca\",\"potentialAction\":[{\"@type\":\"ReadAction\",\"target\":[\"https:\\\/\\\/accigest.com\\\/ca\\\/advocats-accidents-de-transit-a-badalona\\\/\"]}]},{\"@type\":\"BreadcrumbList\",\"@id\":\"https:\\\/\\\/accigest.com\\\/ca\\\/advocats-accidents-de-transit-a-badalona\\\/#breadcrumb\",\"itemListElement\":[{\"@type\":\"ListItem\",\"position\":1,\"name\":\"Inici\",\"item\":\"https:\\\/\\\/accigest.com\\\/ca\\\/\"},{\"@type\":\"ListItem\",\"position\":2,\"name\":\"Advocats especialistes en accidents de tr\u00e0nsit a Badalona\"}]},{\"@type\":\"WebSite\",\"@id\":\"https:\\\/\\\/accigest.com\\\/ca\\\/#website\",\"url\":\"https:\\\/\\\/accigest.com\\\/ca\\\/\",\"name\":\"Accigest\",\"description\":\"Especialistas en  indemnizaciones por  accidentes de tr\u00e1fico\",\"publisher\":{\"@id\":\"https:\\\/\\\/accigest.com\\\/ca\\\/#organization\"},\"potentialAction\":[{\"@type\":\"SearchAction\",\"target\":{\"@type\":\"EntryPoint\",\"urlTemplate\":\"https:\\\/\\\/accigest.com\\\/ca\\\/?s={search_term_string}\"},\"query-input\":{\"@type\":\"PropertyValueSpecification\",\"valueRequired\":true,\"valueName\":\"search_term_string\"}}],\"inLanguage\":\"ca\"},{\"@type\":\"Organization\",\"@id\":\"https:\\\/\\\/accigest.com\\\/ca\\\/#organization\",\"name\":\"Accigest Abogados de Accidentes Tr\u00e1fico\",\"url\":\"https:\\\/\\\/accigest.com\\\/ca\\\/\",\"logo\":{\"@type\":\"ImageObject\",\"inLanguage\":\"ca\",\"@id\":\"https:\\\/\\\/accigest.com\\\/ca\\\/#\\\/schema\\\/logo\\\/image\\\/\",\"url\":\"https:\\\/\\\/accigest.com\\\/wp-content\\\/uploads\\\/2021\\\/06\\\/logo-accigest.svg\",\"contentUrl\":\"https:\\\/\\\/accigest.com\\\/wp-content\\\/uploads\\\/2021\\\/06\\\/logo-accigest.svg\",\"width\":1,\"height\":1,\"caption\":\"Accigest Abogados de Accidentes Tr\u00e1fico\"},\"image\":{\"@id\":\"https:\\\/\\\/accigest.com\\\/ca\\\/#\\\/schema\\\/logo\\\/image\\\/\"}}]}<\/script>\n<!-- \/ Yoast SEO plugin. -->","yoast_head_json":{"title":"Advocats especialistes en accidents de tr\u00e0nsit a Badalona - Accigest","description":"Accigest disposa dels millors advocats especialistes en accidents de tr\u00e0nsit per a un assessorament personalitzat, relacionat amb qualsevol tema per col\u00b7lisi\u00f3 o atropellament a Badalona. Contacta'ns sense comprom\u00eds \u260e 630 202 144","robots":{"index":"index","follow":"follow","max-snippet":"max-snippet:-1","max-image-preview":"max-image-preview:large","max-video-preview":"max-video-preview:-1"},"canonical":"https:\/\/accigest.com\/ca\/advocats-accidents-de-transit-a-badalona\/","og_locale":"ca_ES","og_type":"article","og_title":"Advocats especialistes en accidents de tr\u00e0nsit a Badalona - Accigest","og_description":"Accigest disposa dels millors advocats especialistes en accidents de tr\u00e0nsit per a un assessorament personalitzat, relacionat amb qualsevol tema per col\u00b7lisi\u00f3 o atropellament a Badalona. Contacta'ns sense comprom\u00eds \u260e 630 202 144","og_url":"https:\/\/accigest.com\/ca\/advocats-accidents-de-transit-a-badalona\/","og_site_name":"Accigest","article_modified_time":"2022-03-25T21:13:12+00:00","twitter_card":"summary_large_image","twitter_misc":{"Temps estimat de lectura":"1 minut"},"schema":{"@context":"https:\/\/schema.org","@graph":[{"@type":"WebPage","@id":"https:\/\/accigest.com\/ca\/advocats-accidents-de-transit-a-badalona\/","url":"https:\/\/accigest.com\/ca\/advocats-accidents-de-transit-a-badalona\/","name":"Advocats especialistes en accidents de tr\u00e0nsit a Badalona - Accigest","isPartOf":{"@id":"https:\/\/accigest.com\/ca\/#website"},"datePublished":"2017-08-30T13:10:53+00:00","dateModified":"2022-03-25T21:13:12+00:00","description":"Accigest disposa dels millors advocats especialistes en accidents de tr\u00e0nsit per a un assessorament personalitzat, relacionat amb qualsevol tema per col\u00b7lisi\u00f3 o atropellament a Badalona. Contacta'ns sense comprom\u00eds \u260e 630 202 144","breadcrumb":{"@id":"https:\/\/accigest.com\/ca\/advocats-accidents-de-transit-a-badalona\/#breadcrumb"},"inLanguage":"ca","potentialAction":[{"@type":"ReadAction","target":["https:\/\/accigest.com\/ca\/advocats-accidents-de-transit-a-badalona\/"]}]},{"@type":"BreadcrumbList","@id":"https:\/\/accigest.com\/ca\/advocats-accidents-de-transit-a-badalona\/#breadcrumb","itemListElement":[{"@type":"ListItem","position":1,"name":"Inici","item":"https:\/\/accigest.com\/ca\/"},{"@type":"ListItem","position":2,"name":"Advocats especialistes en accidents de tr\u00e0nsit a Badalona"}]},{"@type":"WebSite","@id":"https:\/\/accigest.com\/ca\/#website","url":"https:\/\/accigest.com\/ca\/","name":"Accigest","description":"Especialistas en  indemnizaciones por  accidentes de tr\u00e1fico","publisher":{"@id":"https:\/\/accigest.com\/ca\/#organization"},"potentialAction":[{"@type":"SearchAction","target":{"@type":"EntryPoint","urlTemplate":"https:\/\/accigest.com\/ca\/?s={search_term_string}"},"query-input":{"@type":"PropertyValueSpecification","valueRequired":true,"valueName":"search_term_string"}}],"inLanguage":"ca"},{"@type":"Organization","@id":"https:\/\/accigest.com\/ca\/#organization","name":"Accigest Abogados de Accidentes Tr\u00e1fico","url":"https:\/\/accigest.com\/ca\/","logo":{"@type":"ImageObject","inLanguage":"ca","@id":"https:\/\/accigest.com\/ca\/#\/schema\/logo\/image\/","url":"https:\/\/accigest.com\/wp-content\/uploads\/2021\/06\/logo-accigest.svg","contentUrl":"https:\/\/accigest.com\/wp-content\/uploads\/2021\/06\/logo-accigest.svg","width":1,"height":1,"caption":"Accigest Abogados de Accidentes Tr\u00e1fico"},"image":{"@id":"https:\/\/accigest.com\/ca\/#\/schema\/logo\/image\/"}}]}},"_links":{"self":[{"href":"https:\/\/accigest.com\/ca\/wp-json\/wp\/v2\/pages\/2534","targetHints":{"allow":["GET"]}}],"collection":[{"href":"https:\/\/accigest.com\/ca\/wp-json\/wp\/v2\/pages"}],"about":[{"href":"https:\/\/accigest.com\/ca\/wp-json\/wp\/v2\/types\/page"}],"author":[{"embeddable":true,"href":"https:\/\/accigest.com\/ca\/wp-json\/wp\/v2\/users\/1"}],"replies":[{"embeddable":true,"href":"https:\/\/accigest.com\/ca\/wp-json\/wp\/v2\/comments?post=2534"}],"version-history":[{"count":10,"href":"https:\/\/accigest.com\/ca\/wp-json\/wp\/v2\/pages\/2534\/revisions"}],"predecessor-version":[{"id":7745,"href":"https:\/\/accigest.com\/ca\/wp-json\/wp\/v2\/pages\/2534\/revisions\/7745"}],"wp:attachment":[{"href":"https:\/\/accigest.com\/ca\/wp-json\/wp\/v2\/media?parent=2534"}],"curies":[{"name":"wp","href":"https:\/\/api.w.org\/{rel}","templated":true}]}}