{"id":2551,"date":"2017-06-07T14:50:07","date_gmt":"2017-06-07T14:50:07","guid":{"rendered":"https:\/\/accigest.staging3w.com\/escribe-opinion-cliente\/"},"modified":"2017-10-18T11:27:41","modified_gmt":"2017-10-18T11:27:41","slug":"escriu-opinio-client","status":"publish","type":"page","link":"https:\/\/accigest.com\/ca\/escriu-opinio-client\/","title":{"rendered":"Escriu la teva opini\u00f3 com a Client"},"content":{"rendered":"<p>[vc_row css_animation=&#8221;&#8221; row_type=&#8221;row&#8221; use_row_as_full_screen_section=&#8221;no&#8221; type=&#8221;full_width&#8221; angled_section=&#8221;no&#8221; text_align=&#8221;left&#8221; background_image=&#8221;26&#8243; background_image_as_pattern=&#8221;without_pattern&#8221; padding_top=&#8221;30px&#8221; padding_bottom=&#8221;30px&#8221;][vc_column][vc_column_text css=&#8221;.vc_custom_1508326023416{padding-top: 80px !important;padding-bottom: 60px !important;}&#8221;]<\/p>\n<h1 style=\"text-align: center;\"><span style=\"color: #99cb04; font-weight: bold;\">Escriu la teva opini\u00f3 com a client<\/span><\/h1>\n<p style=\"text-align: center;\"><span style=\"color: #ffffff;\">Escoltem i prenem nota de cada valoraci\u00f3<\/span><\/p>\n<p>[\/vc_column_text][\/vc_column][\/vc_row][vc_row css_animation=&#8221;&#8221; row_type=&#8221;row&#8221; use_row_as_full_screen_section=&#8221;no&#8221; type=&#8221;grid&#8221; angled_section=&#8221;no&#8221; text_align=&#8221;left&#8221; background_image_as_pattern=&#8221;without_pattern&#8221; css=&#8221;.vc_custom_1508141665732{margin-top: 30px !important;padding-bottom: 30px !important;}&#8221;][vc_column width=&#8221;1\/6&#8243;][\/vc_column][vc_column width=&#8221;2\/3&#8243;][vc_column_text]\n<div class=\"wpcf7 no-js\" id=\"wpcf7-f7-o1\" lang=\"es-ES\" dir=\"ltr\" data-wpcf7-id=\"7\">\n<div class=\"screen-reader-response\"><p role=\"status\" aria-live=\"polite\" aria-atomic=\"true\"><\/p> <ul><\/ul><\/div>\n<form action=\"\/ca\/wp-json\/wp\/v2\/pages\/2551#wpcf7-f7-o1\" method=\"post\" class=\"wpcf7-form init\" aria-label=\"Formulario de contacto\" novalidate=\"novalidate\" data-status=\"init\">\n<fieldset class=\"hidden-fields-container\"><input type=\"hidden\" name=\"_wpcf7\" value=\"7\" \/><input type=\"hidden\" name=\"_wpcf7_version\" value=\"6.1.5\" \/><input type=\"hidden\" name=\"_wpcf7_locale\" value=\"es_ES\" \/><input type=\"hidden\" name=\"_wpcf7_unit_tag\" value=\"wpcf7-f7-o1\" \/><input type=\"hidden\" name=\"_wpcf7_container_post\" value=\"0\" \/><input type=\"hidden\" name=\"_wpcf7_posted_data_hash\" value=\"\" \/><input type=\"hidden\" name=\"_wpcf7_recaptcha_response\" value=\"\" \/>\n<\/fieldset>\n<p style=\"font-size:large; margin-left:10%;\"><strong>Nom i Cognoms *<\/strong><br \/>\n    <span class=\"wpcf7-form-control-wrap\" data-name=\"your-name\"><input size=\"40\" maxlength=\"400\" class=\"wpcf7-form-control wpcf7-text wpcf7-validates-as-required\" aria-required=\"true\" aria-invalid=\"false\" value=\"\" type=\"text\" name=\"your-name\" \/><\/span> <\/p>\n\n<p style=\"font-size:large; margin-left:10%;\"><strong>Localitat *<\/strong><br \/>\n    <span class=\"wpcf7-form-control-wrap\" data-name=\"localidad\"><input size=\"40\" maxlength=\"400\" class=\"wpcf7-form-control wpcf7-text wpcf7-validates-as-required\" aria-required=\"true\" aria-invalid=\"false\" value=\"\" type=\"text\" name=\"localidad\" \/><\/span> <\/p>\n\n<p style=\"font-size:large; margin-left:10%;\"><strong>Experi\u00e8ncia amb Accigest *<\/strong><br \/>\n    <span class=\"wpcf7-form-control-wrap\" data-name=\"your-message\"><textarea cols=\"40\" rows=\"10\" maxlength=\"2000\" class=\"wpcf7-form-control wpcf7-textarea wpcf7-validates-as-required\" aria-required=\"true\" aria-invalid=\"false\" name=\"your-message\"><\/textarea><\/span> <\/p>\n\n<p style=\"font-size:large; margin-left:10%;\"><strong>Valoraci\u00f3*<\/strong><br \/>\n<span class=\"wpcf7-form-control-wrap\" data-name=\"radio-326\"><span class=\"wpcf7-form-control wpcf7-radio\"><span class=\"wpcf7-list-item first\"><label><input type=\"radio\" name=\"radio-326\" value=\"Molt dolenta\" \/><span class=\"wpcf7-list-item-label\">Molt dolenta<\/span><\/label><\/span><span class=\"wpcf7-list-item\"><label><input type=\"radio\" name=\"radio-326\" value=\"Dolenta\" \/><span class=\"wpcf7-list-item-label\">Dolenta<\/span><\/label><\/span><span class=\"wpcf7-list-item\"><label><input type=\"radio\" name=\"radio-326\" value=\"Regular\" \/><span class=\"wpcf7-list-item-label\">Regular<\/span><\/label><\/span><span class=\"wpcf7-list-item\"><label><input type=\"radio\" name=\"radio-326\" value=\"Bona\" \/><span class=\"wpcf7-list-item-label\">Bona<\/span><\/label><\/span><span class=\"wpcf7-list-item last\"><label><input type=\"radio\" name=\"radio-326\" value=\"Molt bona!\" \/><span class=\"wpcf7-list-item-label\">Molt bona!<\/span><\/label><\/span><\/span><\/span><\/p><br \/>\n\n<p style=\"font-size:medium; margin-left:10%;\"><span class=\"wpcf7-form-control-wrap\" data-name=\"terminos\"><span class=\"wpcf7-form-control wpcf7-acceptance\"><span class=\"wpcf7-list-item\"><input type=\"checkbox\" name=\"terminos\" value=\"1\" aria-invalid=\"false\" \/><\/span><\/span><\/span> Accepta els <a href=\"https:\/\/accigest.com\/ca\/avis-legal\/\">termes i condicions legals d'Accigest<\/a><\/p>\n<center><\/center>\n<p style=\"text-align:left; font-size:large; margin-left:10%;\"><input class=\"wpcf7-form-control wpcf7-submit has-spinner\" type=\"submit\" value=\"Enviar\" \/><\/p><p style=\"display: none !important;\" class=\"akismet-fields-container\" data-prefix=\"_wpcf7_ak_\"><label>&#916;<textarea name=\"_wpcf7_ak_hp_textarea\" cols=\"45\" rows=\"8\" maxlength=\"100\"><\/textarea><\/label><input type=\"hidden\" id=\"ak_js_1\" name=\"_wpcf7_ak_js\" value=\"205\"\/><script>document.getElementById( \"ak_js_1\" ).setAttribute( \"value\", ( new Date() ).getTime() );<\/script><\/p><div class=\"wpcf7-response-output\" aria-hidden=\"true\"><\/div>\n<\/form>\n<\/div>\n[\/vc_column_text][\/vc_column][vc_column width=&#8221;1\/6&#8243;][\/vc_column][\/vc_row]<\/p>\n","protected":false},"excerpt":{"rendered":"[vc_row css_animation=\"\" row_type=\"row\" use_row_as_full_screen_section=\"no\" type=\"full_width\" angled_section=\"no\" text_align=\"left\" background_image=\"26\" background_image_as_pattern=\"without_pattern\" padding_top=\"30px\" padding_bottom=\"30px\"][vc_column][vc_column_text css=\".vc_custom_1508326023416{padding-top: 80px !important;padding-bottom: 60px !important;}\"] Escriu la teva opini\u00f3 com a client Escoltem i prenem nota de cada valoraci\u00f3 [\/vc_column_text][\/vc_column][\/vc_row][vc_row css_animation=\"\" row_type=\"row\" use_row_as_full_screen_section=\"no\" type=\"grid\" angled_section=\"no\" text_align=\"left\" background_image_as_pattern=\"without_pattern\" css=\".vc_custom_1508141665732{margin-top: 30px !important;padding-bottom: 30px !important;}\"][vc_column width=\"1\/6\"][\/vc_column][vc_column width=\"2\/3\"][vc_column_text][\/vc_column_text][\/vc_column][vc_column width=\"1\/6\"][\/vc_column][\/vc_row]&nbsp;<a class=\"read-more\" href=\"https:\/\/accigest.com\/ca\/escriu-opinio-client\/\">Llegir m\u00e9s<\/a>","protected":false},"author":1,"featured_media":0,"parent":0,"menu_order":0,"comment_status":"open","ping_status":"closed","template":"full_width.php","meta":{"footnotes":""},"class_list":["post-2551","page","type-page","status-publish","hentry"],"yoast_head":"<!-- This site is optimized with the Yoast SEO plugin v27.4 - https:\/\/yoast.com\/product\/yoast-seo-wordpress\/ -->\n<title>Escriu la teva opini\u00f3 com a Client | Accigest<\/title>\n<meta name=\"description\" content=\"Escr\u00edu-nos la teva opini\u00f3 com a client d&#039;Accigest si t&#039;hem brindat els nostres serveis com a advocats.\" \/>\n<meta name=\"robots\" content=\"index, follow, max-snippet:-1, max-image-preview:large, max-video-preview:-1\" \/>\n<link rel=\"canonical\" href=\"https:\/\/accigest.com\/ca\/escriu-opinio-client\/\" \/>\n<meta property=\"og:locale\" content=\"ca_ES\" \/>\n<meta property=\"og:type\" content=\"article\" \/>\n<meta property=\"og:title\" content=\"Escriu la teva opini\u00f3 com a Client | Accigest\" \/>\n<meta property=\"og:description\" content=\"Escr\u00edu-nos la teva opini\u00f3 com a client d&#039;Accigest si t&#039;hem brindat els nostres serveis com a advocats.\" \/>\n<meta property=\"og:url\" content=\"https:\/\/accigest.com\/ca\/escriu-opinio-client\/\" \/>\n<meta property=\"og:site_name\" content=\"Accigest\" \/>\n<meta property=\"article:modified_time\" content=\"2017-10-18T11:27:41+00:00\" \/>\n<meta name=\"twitter:card\" content=\"summary_large_image\" \/>\n<meta name=\"twitter:label1\" content=\"Temps estimat de lectura\" \/>\n\t<meta name=\"twitter:data1\" content=\"1 minut\" \/>\n<script type=\"application\/ld+json\" class=\"yoast-schema-graph\">{\"@context\":\"https:\\\/\\\/schema.org\",\"@graph\":[{\"@type\":\"WebPage\",\"@id\":\"https:\\\/\\\/accigest.com\\\/ca\\\/escriu-opinio-client\\\/\",\"url\":\"https:\\\/\\\/accigest.com\\\/ca\\\/escriu-opinio-client\\\/\",\"name\":\"Escriu la teva opini\u00f3 com a Client | Accigest\",\"isPartOf\":{\"@id\":\"https:\\\/\\\/accigest.com\\\/ca\\\/#website\"},\"datePublished\":\"2017-06-07T14:50:07+00:00\",\"dateModified\":\"2017-10-18T11:27:41+00:00\",\"description\":\"Escr\u00edu-nos la teva opini\u00f3 com a client d&#039;Accigest si t&#039;hem brindat els nostres serveis com a advocats.\",\"breadcrumb\":{\"@id\":\"https:\\\/\\\/accigest.com\\\/ca\\\/escriu-opinio-client\\\/#breadcrumb\"},\"inLanguage\":\"ca\",\"potentialAction\":[{\"@type\":\"ReadAction\",\"target\":[\"https:\\\/\\\/accigest.com\\\/ca\\\/escriu-opinio-client\\\/\"]}]},{\"@type\":\"BreadcrumbList\",\"@id\":\"https:\\\/\\\/accigest.com\\\/ca\\\/escriu-opinio-client\\\/#breadcrumb\",\"itemListElement\":[{\"@type\":\"ListItem\",\"position\":1,\"name\":\"Inici\",\"item\":\"https:\\\/\\\/accigest.com\\\/ca\\\/\"},{\"@type\":\"ListItem\",\"position\":2,\"name\":\"Escriu la teva opini\u00f3 com a Client\"}]},{\"@type\":\"WebSite\",\"@id\":\"https:\\\/\\\/accigest.com\\\/ca\\\/#website\",\"url\":\"https:\\\/\\\/accigest.com\\\/ca\\\/\",\"name\":\"Accigest\",\"description\":\"Especialistas en  indemnizaciones por  accidentes de tr\u00e1fico\",\"publisher\":{\"@id\":\"https:\\\/\\\/accigest.com\\\/ca\\\/#organization\"},\"potentialAction\":[{\"@type\":\"SearchAction\",\"target\":{\"@type\":\"EntryPoint\",\"urlTemplate\":\"https:\\\/\\\/accigest.com\\\/ca\\\/?s={search_term_string}\"},\"query-input\":{\"@type\":\"PropertyValueSpecification\",\"valueRequired\":true,\"valueName\":\"search_term_string\"}}],\"inLanguage\":\"ca\"},{\"@type\":\"Organization\",\"@id\":\"https:\\\/\\\/accigest.com\\\/ca\\\/#organization\",\"name\":\"Accigest Abogados de Accidentes Tr\u00e1fico\",\"url\":\"https:\\\/\\\/accigest.com\\\/ca\\\/\",\"logo\":{\"@type\":\"ImageObject\",\"inLanguage\":\"ca\",\"@id\":\"https:\\\/\\\/accigest.com\\\/ca\\\/#\\\/schema\\\/logo\\\/image\\\/\",\"url\":\"https:\\\/\\\/accigest.com\\\/wp-content\\\/uploads\\\/2021\\\/06\\\/logo-accigest.svg\",\"contentUrl\":\"https:\\\/\\\/accigest.com\\\/wp-content\\\/uploads\\\/2021\\\/06\\\/logo-accigest.svg\",\"width\":1,\"height\":1,\"caption\":\"Accigest Abogados de Accidentes Tr\u00e1fico\"},\"image\":{\"@id\":\"https:\\\/\\\/accigest.com\\\/ca\\\/#\\\/schema\\\/logo\\\/image\\\/\"}}]}<\/script>\n<!-- \/ Yoast SEO plugin. -->","yoast_head_json":{"title":"Escriu la teva opini\u00f3 com a Client | Accigest","description":"Escr\u00edu-nos la teva opini\u00f3 com a client d&#039;Accigest si t&#039;hem brindat els nostres serveis com a advocats.","robots":{"index":"index","follow":"follow","max-snippet":"max-snippet:-1","max-image-preview":"max-image-preview:large","max-video-preview":"max-video-preview:-1"},"canonical":"https:\/\/accigest.com\/ca\/escriu-opinio-client\/","og_locale":"ca_ES","og_type":"article","og_title":"Escriu la teva opini\u00f3 com a Client | Accigest","og_description":"Escr\u00edu-nos la teva opini\u00f3 com a client d&#039;Accigest si t&#039;hem brindat els nostres serveis com a advocats.","og_url":"https:\/\/accigest.com\/ca\/escriu-opinio-client\/","og_site_name":"Accigest","article_modified_time":"2017-10-18T11:27:41+00:00","twitter_card":"summary_large_image","twitter_misc":{"Temps estimat de lectura":"1 minut"},"schema":{"@context":"https:\/\/schema.org","@graph":[{"@type":"WebPage","@id":"https:\/\/accigest.com\/ca\/escriu-opinio-client\/","url":"https:\/\/accigest.com\/ca\/escriu-opinio-client\/","name":"Escriu la teva opini\u00f3 com a Client | Accigest","isPartOf":{"@id":"https:\/\/accigest.com\/ca\/#website"},"datePublished":"2017-06-07T14:50:07+00:00","dateModified":"2017-10-18T11:27:41+00:00","description":"Escr\u00edu-nos la teva opini\u00f3 com a client d&#039;Accigest si t&#039;hem brindat els nostres serveis com a advocats.","breadcrumb":{"@id":"https:\/\/accigest.com\/ca\/escriu-opinio-client\/#breadcrumb"},"inLanguage":"ca","potentialAction":[{"@type":"ReadAction","target":["https:\/\/accigest.com\/ca\/escriu-opinio-client\/"]}]},{"@type":"BreadcrumbList","@id":"https:\/\/accigest.com\/ca\/escriu-opinio-client\/#breadcrumb","itemListElement":[{"@type":"ListItem","position":1,"name":"Inici","item":"https:\/\/accigest.com\/ca\/"},{"@type":"ListItem","position":2,"name":"Escriu la teva opini\u00f3 com a Client"}]},{"@type":"WebSite","@id":"https:\/\/accigest.com\/ca\/#website","url":"https:\/\/accigest.com\/ca\/","name":"Accigest","description":"Especialistas en  indemnizaciones por  accidentes de tr\u00e1fico","publisher":{"@id":"https:\/\/accigest.com\/ca\/#organization"},"potentialAction":[{"@type":"SearchAction","target":{"@type":"EntryPoint","urlTemplate":"https:\/\/accigest.com\/ca\/?s={search_term_string}"},"query-input":{"@type":"PropertyValueSpecification","valueRequired":true,"valueName":"search_term_string"}}],"inLanguage":"ca"},{"@type":"Organization","@id":"https:\/\/accigest.com\/ca\/#organization","name":"Accigest Abogados de Accidentes Tr\u00e1fico","url":"https:\/\/accigest.com\/ca\/","logo":{"@type":"ImageObject","inLanguage":"ca","@id":"https:\/\/accigest.com\/ca\/#\/schema\/logo\/image\/","url":"https:\/\/accigest.com\/wp-content\/uploads\/2021\/06\/logo-accigest.svg","contentUrl":"https:\/\/accigest.com\/wp-content\/uploads\/2021\/06\/logo-accigest.svg","width":1,"height":1,"caption":"Accigest Abogados de Accidentes Tr\u00e1fico"},"image":{"@id":"https:\/\/accigest.com\/ca\/#\/schema\/logo\/image\/"}}]}},"_links":{"self":[{"href":"https:\/\/accigest.com\/ca\/wp-json\/wp\/v2\/pages\/2551","targetHints":{"allow":["GET"]}}],"collection":[{"href":"https:\/\/accigest.com\/ca\/wp-json\/wp\/v2\/pages"}],"about":[{"href":"https:\/\/accigest.com\/ca\/wp-json\/wp\/v2\/types\/page"}],"author":[{"embeddable":true,"href":"https:\/\/accigest.com\/ca\/wp-json\/wp\/v2\/users\/1"}],"replies":[{"embeddable":true,"href":"https:\/\/accigest.com\/ca\/wp-json\/wp\/v2\/comments?post=2551"}],"version-history":[{"count":0,"href":"https:\/\/accigest.com\/ca\/wp-json\/wp\/v2\/pages\/2551\/revisions"}],"wp:attachment":[{"href":"https:\/\/accigest.com\/ca\/wp-json\/wp\/v2\/media?parent=2551"}],"curies":[{"name":"wp","href":"https:\/\/api.w.org\/{rel}","templated":true}]}}