{"id":2552,"date":"2017-10-13T10:51:39","date_gmt":"2017-10-13T10:51:39","guid":{"rendered":"https:\/\/accigest.staging3w.com\/formulario-pericial-medica-accidente\/"},"modified":"2021-07-22T23:09:01","modified_gmt":"2021-07-22T21:09:01","slug":"formulari-pericial-medica-accident","status":"publish","type":"page","link":"https:\/\/accigest.com\/ca\/formulari-pericial-medica-accident\/","title":{"rendered":"Formulari Pericial M\u00e8dica Accident"},"content":{"rendered":"<h2>Aconsegueix un informe m\u00e8dic pericial<\/h2>\n<p>Per tal de tenir les m\u00e0ximes garanties a l\u2019hora de reclamar la indemnitzaci\u00f3 per les lesions que has patit, Accigest posa a la teva disposici\u00f3 els\u00a0<strong>millors<\/strong>\u00a0<strong>metges especialistes en la valoraci\u00f3 del dany corporal<\/strong>.<\/p>\n<p>Omple el seg\u00fcent formulari i rebr\u00e0s assessorament, sense cap comprom\u00eds, per part del nostre servei m\u00e8dic:<\/p>\n\n<div class=\"content-form\">\n<div class=\"title-1\">Consulti&#8217;ns gratu\u00eftament<\/div>\n\n<div class=\"wpcf7 no-js\" id=\"wpcf7-f6-o1\" lang=\"es-ES\" dir=\"ltr\" data-wpcf7-id=\"6\">\n<div class=\"screen-reader-response\"><p role=\"status\" aria-live=\"polite\" aria-atomic=\"true\"><\/p> <ul><\/ul><\/div>\n<form action=\"\/ca\/wp-json\/wp\/v2\/pages\/2552#wpcf7-f6-o1\" method=\"post\" class=\"wpcf7-form init\" aria-label=\"Formulario de contacto\" novalidate=\"novalidate\" data-status=\"init\">\n<fieldset class=\"hidden-fields-container\"><input type=\"hidden\" name=\"_wpcf7\" value=\"6\" \/><input type=\"hidden\" name=\"_wpcf7_version\" value=\"6.1.5\" \/><input type=\"hidden\" name=\"_wpcf7_locale\" value=\"es_ES\" \/><input type=\"hidden\" name=\"_wpcf7_unit_tag\" value=\"wpcf7-f6-o1\" \/><input type=\"hidden\" name=\"_wpcf7_container_post\" value=\"0\" \/><input type=\"hidden\" name=\"_wpcf7_posted_data_hash\" value=\"\" \/><input type=\"hidden\" name=\"_wpcf7_recaptcha_response\" value=\"\" \/>\n<\/fieldset>\n<div><span class=\"wpcf7-form-control-wrap\" data-name=\"nombre\"><input size=\"40\" maxlength=\"400\" class=\"wpcf7-form-control wpcf7-text wpcf7-validates-as-required\" aria-required=\"true\" aria-invalid=\"false\" placeholder=\"Nom\" value=\"\" type=\"text\" name=\"nombre\" \/><\/span><\/div>\n<div><span class=\"wpcf7-form-control-wrap\" data-name=\"Email\"><input size=\"40\" maxlength=\"400\" class=\"wpcf7-form-control wpcf7-email wpcf7-validates-as-required wpcf7-text wpcf7-validates-as-email\" aria-required=\"true\" aria-invalid=\"false\" placeholder=\"Email\" value=\"\" type=\"email\" name=\"Email\" \/><\/span><\/div>\n<div><span class=\"wpcf7-form-control-wrap\" data-name=\"telefono\"><input size=\"40\" maxlength=\"400\" class=\"wpcf7-form-control wpcf7-text wpcf7-validates-as-required\" aria-required=\"true\" aria-invalid=\"false\" placeholder=\"Tel\u00e9fon\" value=\"\" type=\"text\" name=\"telefono\" \/><\/span><\/div>\n<div><span class=\"wpcf7-form-control-wrap\" data-name=\"localitat\"><input size=\"40\" maxlength=\"400\" class=\"wpcf7-form-control wpcf7-text wpcf7-validates-as-required\" aria-required=\"true\" aria-invalid=\"false\" placeholder=\"Localitat\" value=\"\" type=\"text\" name=\"localitat\" \/><\/span><\/div>\n<div><span class=\"wpcf7-form-control-wrap\" data-name=\"acceptance-936\"><span class=\"wpcf7-form-control wpcf7-acceptance\"><span class=\"wpcf7-list-item\"><label><input type=\"checkbox\" name=\"acceptance-936\" value=\"1\" aria-invalid=\"false\" \/><span class=\"wpcf7-list-item-label\">He llegit i accepto l'<a href='https:\/\/accigest.com\/ca\/avis-legal\/'>Av\u00eds legal<\/a> i la <a href='https:\/\/accigest.com\/ca\/politica-de-privacitat\/'>Pol\u00edtica de privacitat<\/a><\/span><\/label><\/span><\/span><\/span><\/div>\n<div><center><input class=\"wpcf7-form-control wpcf7-submit has-spinner ag-btn ag-btn_cta\" type=\"submit\" value=\"Enviar\" \/><\/center><\/div>\n<div class=\"google-privacy\"><small>Formulari protegit per reCAPTCHA de Google: <a href=\"https:\/\/policies.google.com\/privacy\" target=\"_blank\">Privacitat<\/a>&nbsp;\u00b7&nbsp;<a href=\"https:\/\/policies.google.com\/terms\" target=\"_blank\">Termes<\/a><\/small><\/div><p style=\"display: none !important;\" class=\"akismet-fields-container\" data-prefix=\"_wpcf7_ak_\"><label>&#916;<textarea name=\"_wpcf7_ak_hp_textarea\" cols=\"45\" rows=\"8\" maxlength=\"100\"><\/textarea><\/label><input type=\"hidden\" id=\"ak_js_1\" name=\"_wpcf7_ak_js\" value=\"240\"\/><script>document.getElementById( \"ak_js_1\" ).setAttribute( \"value\", ( new Date() ).getTime() );<\/script><\/p><div class=\"wpcf7-response-output\" aria-hidden=\"true\"><\/div>\n<\/form>\n<\/div>\n<\/div>\n","protected":false},"excerpt":{"rendered":"Aconsegueix un informe m\u00e8dic pericial Per tal de tenir les m\u00e0ximes garanties a l\u2019hora de reclamar la indemnitzaci\u00f3 per les lesions que has patit, Accigest posa a la teva disposici\u00f3 els\u00a0millors\u00a0metges especialistes en la valoraci\u00f3 del dany corporal. Omple el seg\u00fcent formulari i rebr\u00e0s assessorament, sense cap comprom\u00eds, per part&hellip;&nbsp;<a class=\"read-more\" href=\"https:\/\/accigest.com\/ca\/formulari-pericial-medica-accident\/\">Llegir m\u00e9s<\/a>","protected":false},"author":1,"featured_media":0,"parent":0,"menu_order":0,"comment_status":"closed","ping_status":"closed","template":"","meta":{"footnotes":""},"class_list":["post-2552","page","type-page","status-publish","hentry"],"yoast_head":"<!-- This site is optimized with the Yoast SEO plugin v27.1.1 - https:\/\/yoast.com\/product\/yoast-seo-wordpress\/ -->\n<title>Formulari Pericial M\u00e8dica Accident | Accigest<\/title>\n<meta name=\"description\" content=\"Per tal de tenir les m\u00e0ximes garanties a l\u2019hora de reclamar la indemnitzaci\u00f3 per les lesions que has patit.\" \/>\n<meta name=\"robots\" content=\"index, follow, max-snippet:-1, max-image-preview:large, max-video-preview:-1\" \/>\n<link rel=\"canonical\" href=\"https:\/\/accigest.com\/ca\/formulari-pericial-medica-accident\/\" \/>\n<meta property=\"og:locale\" content=\"ca_ES\" \/>\n<meta property=\"og:type\" content=\"article\" \/>\n<meta property=\"og:title\" content=\"Formulari Pericial M\u00e8dica Accident | Accigest\" \/>\n<meta property=\"og:description\" content=\"Per tal de tenir les m\u00e0ximes garanties a l\u2019hora de reclamar la indemnitzaci\u00f3 per les lesions que has patit.\" \/>\n<meta property=\"og:url\" content=\"https:\/\/accigest.com\/ca\/formulari-pericial-medica-accident\/\" \/>\n<meta property=\"og:site_name\" content=\"Accigest\" \/>\n<meta property=\"article:modified_time\" content=\"2021-07-22T21:09:01+00:00\" \/>\n<meta name=\"twitter:card\" content=\"summary_large_image\" \/>\n<meta name=\"twitter:label1\" content=\"Temps estimat de lectura\" \/>\n\t<meta name=\"twitter:data1\" content=\"1 minut\" \/>\n<script type=\"application\/ld+json\" class=\"yoast-schema-graph\">{\"@context\":\"https:\/\/schema.org\",\"@graph\":[{\"@type\":\"WebPage\",\"@id\":\"https:\/\/accigest.com\/ca\/formulari-pericial-medica-accident\/\",\"url\":\"https:\/\/accigest.com\/ca\/formulari-pericial-medica-accident\/\",\"name\":\"Formulari Pericial M\u00e8dica Accident | Accigest\",\"isPartOf\":{\"@id\":\"https:\/\/accigest.com\/ca\/#website\"},\"datePublished\":\"2017-10-13T10:51:39+00:00\",\"dateModified\":\"2021-07-22T21:09:01+00:00\",\"description\":\"Per tal de tenir les m\u00e0ximes garanties a l\u2019hora de reclamar la indemnitzaci\u00f3 per les lesions que has patit.\",\"breadcrumb\":{\"@id\":\"https:\/\/accigest.com\/ca\/formulari-pericial-medica-accident\/#breadcrumb\"},\"inLanguage\":\"ca\",\"potentialAction\":[{\"@type\":\"ReadAction\",\"target\":[\"https:\/\/accigest.com\/ca\/formulari-pericial-medica-accident\/\"]}]},{\"@type\":\"BreadcrumbList\",\"@id\":\"https:\/\/accigest.com\/ca\/formulari-pericial-medica-accident\/#breadcrumb\",\"itemListElement\":[{\"@type\":\"ListItem\",\"position\":1,\"name\":\"Inici\",\"item\":\"https:\/\/accigest.com\/ca\/\"},{\"@type\":\"ListItem\",\"position\":2,\"name\":\"Formulari Pericial M\u00e8dica Accident\"}]},{\"@type\":\"WebSite\",\"@id\":\"https:\/\/accigest.com\/ca\/#website\",\"url\":\"https:\/\/accigest.com\/ca\/\",\"name\":\"Accigest\",\"description\":\"Especialistas en  indemnizaciones por  accidentes de tr\u00e1fico\",\"publisher\":{\"@id\":\"https:\/\/accigest.com\/ca\/#organization\"},\"potentialAction\":[{\"@type\":\"SearchAction\",\"target\":{\"@type\":\"EntryPoint\",\"urlTemplate\":\"https:\/\/accigest.com\/ca\/?s={search_term_string}\"},\"query-input\":{\"@type\":\"PropertyValueSpecification\",\"valueRequired\":true,\"valueName\":\"search_term_string\"}}],\"inLanguage\":\"ca\"},{\"@type\":\"Organization\",\"@id\":\"https:\/\/accigest.com\/ca\/#organization\",\"name\":\"Accigest Abogados de Accidentes Tr\u00e1fico\",\"url\":\"https:\/\/accigest.com\/ca\/\",\"logo\":{\"@type\":\"ImageObject\",\"inLanguage\":\"ca\",\"@id\":\"https:\/\/accigest.com\/ca\/#\/schema\/logo\/image\/\",\"url\":\"https:\/\/accigest.com\/wp-content\/uploads\/2021\/06\/logo-accigest.svg\",\"contentUrl\":\"https:\/\/accigest.com\/wp-content\/uploads\/2021\/06\/logo-accigest.svg\",\"width\":1,\"height\":1,\"caption\":\"Accigest Abogados de Accidentes Tr\u00e1fico\"},\"image\":{\"@id\":\"https:\/\/accigest.com\/ca\/#\/schema\/logo\/image\/\"}}]}<\/script>\n<!-- \/ Yoast SEO plugin. -->","yoast_head_json":{"title":"Formulari Pericial M\u00e8dica Accident | Accigest","description":"Per tal de tenir les m\u00e0ximes garanties a l\u2019hora de reclamar la indemnitzaci\u00f3 per les lesions que has patit.","robots":{"index":"index","follow":"follow","max-snippet":"max-snippet:-1","max-image-preview":"max-image-preview:large","max-video-preview":"max-video-preview:-1"},"canonical":"https:\/\/accigest.com\/ca\/formulari-pericial-medica-accident\/","og_locale":"ca_ES","og_type":"article","og_title":"Formulari Pericial M\u00e8dica Accident | Accigest","og_description":"Per tal de tenir les m\u00e0ximes garanties a l\u2019hora de reclamar la indemnitzaci\u00f3 per les lesions que has patit.","og_url":"https:\/\/accigest.com\/ca\/formulari-pericial-medica-accident\/","og_site_name":"Accigest","article_modified_time":"2021-07-22T21:09:01+00:00","twitter_card":"summary_large_image","twitter_misc":{"Temps estimat de lectura":"1 minut"},"schema":{"@context":"https:\/\/schema.org","@graph":[{"@type":"WebPage","@id":"https:\/\/accigest.com\/ca\/formulari-pericial-medica-accident\/","url":"https:\/\/accigest.com\/ca\/formulari-pericial-medica-accident\/","name":"Formulari Pericial M\u00e8dica Accident | Accigest","isPartOf":{"@id":"https:\/\/accigest.com\/ca\/#website"},"datePublished":"2017-10-13T10:51:39+00:00","dateModified":"2021-07-22T21:09:01+00:00","description":"Per tal de tenir les m\u00e0ximes garanties a l\u2019hora de reclamar la indemnitzaci\u00f3 per les lesions que has patit.","breadcrumb":{"@id":"https:\/\/accigest.com\/ca\/formulari-pericial-medica-accident\/#breadcrumb"},"inLanguage":"ca","potentialAction":[{"@type":"ReadAction","target":["https:\/\/accigest.com\/ca\/formulari-pericial-medica-accident\/"]}]},{"@type":"BreadcrumbList","@id":"https:\/\/accigest.com\/ca\/formulari-pericial-medica-accident\/#breadcrumb","itemListElement":[{"@type":"ListItem","position":1,"name":"Inici","item":"https:\/\/accigest.com\/ca\/"},{"@type":"ListItem","position":2,"name":"Formulari Pericial M\u00e8dica Accident"}]},{"@type":"WebSite","@id":"https:\/\/accigest.com\/ca\/#website","url":"https:\/\/accigest.com\/ca\/","name":"Accigest","description":"Especialistas en  indemnizaciones por  accidentes de tr\u00e1fico","publisher":{"@id":"https:\/\/accigest.com\/ca\/#organization"},"potentialAction":[{"@type":"SearchAction","target":{"@type":"EntryPoint","urlTemplate":"https:\/\/accigest.com\/ca\/?s={search_term_string}"},"query-input":{"@type":"PropertyValueSpecification","valueRequired":true,"valueName":"search_term_string"}}],"inLanguage":"ca"},{"@type":"Organization","@id":"https:\/\/accigest.com\/ca\/#organization","name":"Accigest Abogados de Accidentes Tr\u00e1fico","url":"https:\/\/accigest.com\/ca\/","logo":{"@type":"ImageObject","inLanguage":"ca","@id":"https:\/\/accigest.com\/ca\/#\/schema\/logo\/image\/","url":"https:\/\/accigest.com\/wp-content\/uploads\/2021\/06\/logo-accigest.svg","contentUrl":"https:\/\/accigest.com\/wp-content\/uploads\/2021\/06\/logo-accigest.svg","width":1,"height":1,"caption":"Accigest Abogados de Accidentes Tr\u00e1fico"},"image":{"@id":"https:\/\/accigest.com\/ca\/#\/schema\/logo\/image\/"}}]}},"_links":{"self":[{"href":"https:\/\/accigest.com\/ca\/wp-json\/wp\/v2\/pages\/2552","targetHints":{"allow":["GET"]}}],"collection":[{"href":"https:\/\/accigest.com\/ca\/wp-json\/wp\/v2\/pages"}],"about":[{"href":"https:\/\/accigest.com\/ca\/wp-json\/wp\/v2\/types\/page"}],"author":[{"embeddable":true,"href":"https:\/\/accigest.com\/ca\/wp-json\/wp\/v2\/users\/1"}],"replies":[{"embeddable":true,"href":"https:\/\/accigest.com\/ca\/wp-json\/wp\/v2\/comments?post=2552"}],"version-history":[{"count":4,"href":"https:\/\/accigest.com\/ca\/wp-json\/wp\/v2\/pages\/2552\/revisions"}],"predecessor-version":[{"id":7025,"href":"https:\/\/accigest.com\/ca\/wp-json\/wp\/v2\/pages\/2552\/revisions\/7025"}],"wp:attachment":[{"href":"https:\/\/accigest.com\/ca\/wp-json\/wp\/v2\/media?parent=2552"}],"curies":[{"name":"wp","href":"https:\/\/api.w.org\/{rel}","templated":true}]}}