{"id":2566,"date":"2017-06-15T14:54:51","date_gmt":"2017-06-15T14:54:51","guid":{"rendered":"https:\/\/accigest.staging3w.com\/quienes-somos\/"},"modified":"2023-09-20T19:19:40","modified_gmt":"2023-09-20T17:19:40","slug":"qui-som","status":"publish","type":"page","link":"https:\/\/accigest.com\/ca\/qui-som\/","title":{"rendered":"Qui som"},"content":{"rendered":"\n<div class=\"wp-block-group ag-section ag-section--bg-1\"><div class=\"wp-block-group__inner-container is-layout-flow wp-block-group-is-layout-flow\">\n<div class=\"wp-block-group ag-container\"><div class=\"wp-block-group__inner-container is-layout-flow wp-block-group-is-layout-flow\">\n<h2 class=\"wp-block-heading ag-centered-title\">Professionals especialistes en reclamaci\u00f3 d\u2019indemnitzacions.<\/h2>\n\n\n\n<p><strong>Accigest<\/strong> \u00e9s un despatx creat el 2012 format per un jove equip de professionals de diversos \u00e0mbits especialitzats en la reclamaci\u00f3 d&#8217;indemnitzacions derivades d&#8217;accidents de tr\u00e0nsit. Aquest equip multi-disciplinar est\u00e0 compost per advocats, metges experts en la valoraci\u00f3 del dany corporal i professionals especialistes en la gesti\u00f3 de reclamacions. Tot aix\u00f2 amb la finalitat d&#8217;obtenir la m\u00e0xima indemnitzaci\u00f3 per als nostres clients.<\/p>\n<p>Des dels nostres inicis ens hem caracteritzat per utilitzar les noves tecnologies amb l&#8217;objectiu de facilitar al lesionat la gesti\u00f3 del seu expedient:<\/p>\n<ul>\n<li><strong><a href=\"\/ca\/cliniques-unespa\/\">Cercador de cl\u00edniques adherides a l&#8217;Conveni UNESPA<\/a><\/strong>. Mitjan\u00e7ant la seva consulta els lesionats poden trobar la cl\u00ednica que m\u00e9s els convingui on realitzar el tractament i seguiment de les seves lesions.<\/li>\n<li><strong>Aplicaci\u00f3 de signatura a dist\u00e0ncia<\/strong>. D&#8217;aquesta manera el lesionat pot signar els documents necessaris des del seu m\u00f2bil, sense ser necessari el despla\u00e7ament fins al despatx.<\/li>\n<li><a href=\"\/ca\/reclamacio-sinistre-total\/\"><strong>Servei de Reclamaci\u00f3 Online de Sinistres totals<\/strong><\/a>. Hem estat pioners en el sector en l&#8217;establiment d&#8217;aquest servei en l\u00ednia, evitant aix\u00ed despla\u00e7aments innecessaris.<\/li>\n<li><a href=\"\/ca\/calculadora-indemnitzacio-accident\/\"><strong>Calculadora d&#8217;indemnitzacions per lesions<\/strong><\/a>. Qualsevol persona interessada pot accedir a aquesta calculadora a l&#8217;objecte de calcular la indemnitzaci\u00f3 que pogu\u00e9s correspondre-li per les lesions sofertes.<\/li>\n<\/ul>\n<p>Conv\u00e9 assenyalar que <strong>Accigest<\/strong> no est\u00e0 vinculada a cap companyia d&#8217;assegurances, garantint aix\u00ed la seva independ\u00e8ncia i objectivitat.<\/p>\n<p>El lesionat en un accident ha de canalitzar tots els seus esfor\u00e7os cap a l&#8217;\u00edntegra recuperaci\u00f3 de les lesions sofertes, deixant en mans d\u2019<strong>Accigest<\/strong> totes aquelles gestions dirigides a l&#8217;obtenci\u00f3 de la m\u00e0xima indemnitzaci\u00f3.<\/p>\n<\/div><\/div>\n<\/div><\/div>\n\n\n\n<div class=\"wp-block-group ag-section\"><div class=\"wp-block-group__inner-container is-layout-flow wp-block-group-is-layout-flow\">\n<div class=\"wp-block-group ag-container\"><div class=\"wp-block-group__inner-container is-layout-flow wp-block-group-is-layout-flow\">\n<h2 class=\"wp-block-heading ag-centered-title\">El nostre equip<\/h2>\n\n\n\n<div class=\"posts-container team-members-container\">\n<article id=\"post-6083\" class=\"post-6083 team-members type-team-members status-publish has-post-thumbnail hentry\">\n\n\t\n\t<header class=\"entry-header post\">\n\t\t<h3 class=\"entry-title\">Claudia Molina Mart\u00ednez<\/h3>\t<\/header><!-- .entry-header -->\n\n\t<div class=\"entry-content post\">\n\n\t\t<div class=\"member-position\"><\/div>\n\t\t<div class=\"member-xxss\"><a class=\"xxss-icon\" itemprop=\"url\" href=\"\" target=\"_blank\" title=\"Linkedin\"><img decoding=\"async\" src=\"https:\/\/accigest.com\/wp-content\/themes\/accigest\/assets\/icons\/xxss\/linkedin.svg\" alt=\"\" \/><\/a><\/div>\n\t\t\n\t<\/div><!-- .entry-content -->\n\t\n<\/article><!-- #post-6083 -->\n\n<article id=\"post-6081\" class=\"post-6081 team-members type-team-members status-publish has-post-thumbnail hentry\">\n\n\t\n\t<header class=\"entry-header post\">\n\t\t<h3 class=\"entry-title\">Juli\u00e0 Figueras Bec\u00e9<\/h3>\t<\/header><!-- .entry-header -->\n\n\t<div class=\"entry-content post\">\n\n\t\t<div class=\"member-position\"><\/div>\n\t\t<div class=\"member-xxss\"><a class=\"xxss-icon\" itemprop=\"url\" href=\"\" target=\"_blank\" title=\"Linkedin\"><img decoding=\"async\" src=\"https:\/\/accigest.com\/wp-content\/themes\/accigest\/assets\/icons\/xxss\/linkedin.svg\" alt=\"\" \/><\/a><\/div>\n\t\t\n\t<\/div><!-- .entry-content -->\n\t\n<\/article><!-- #post-6081 -->\n\n<article id=\"post-6131\" class=\"post-6131 team-members type-team-members status-publish has-post-thumbnail hentry\">\n\n\t\n\t<header class=\"entry-header post\">\n\t\t<h3 class=\"entry-title\">Kelly Leclercq<br>Porras<\/h3>\t<\/header><!-- .entry-header -->\n\n\t<div class=\"entry-content post\">\n\n\t\t<div class=\"member-position\"><\/div>\n\t\t<div class=\"member-xxss\"><a class=\"xxss-icon\" itemprop=\"url\" href=\"\" target=\"_blank\" title=\"Linkedin\"><img decoding=\"async\" src=\"https:\/\/accigest.com\/wp-content\/themes\/accigest\/assets\/icons\/xxss\/linkedin.svg\" alt=\"\" \/><\/a><\/div>\n\t\t\n\t<\/div><!-- .entry-content -->\n\t\n<\/article><!-- #post-6131 -->\n\n<article id=\"post-6133\" class=\"post-6133 team-members type-team-members status-publish has-post-thumbnail hentry\">\n\n\t\n\t<header class=\"entry-header post\">\n\t\t<h3 class=\"entry-title\">Montserrat Estadella Romero<\/h3>\t<\/header><!-- .entry-header -->\n\n\t<div class=\"entry-content post\">\n\n\t\t<div class=\"member-position\"><\/div>\n\t\t<div class=\"member-xxss\"><a class=\"xxss-icon\" itemprop=\"url\" href=\"\" target=\"_blank\" title=\"Linkedin\"><img decoding=\"async\" src=\"https:\/\/accigest.com\/wp-content\/themes\/accigest\/assets\/icons\/xxss\/linkedin.svg\" alt=\"\" \/><\/a><\/div>\n\t\t\n\t<\/div><!-- .entry-content -->\n\t\n<\/article><!-- #post-6133 -->\n\n<article id=\"post-8554\" class=\"post-8554 team-members type-team-members status-publish has-post-thumbnail hentry\">\n\n\t\n\t<header class=\"entry-header post\">\n\t\t<h3 class=\"entry-title\">Valeria Noelia P\u00e9rez Cervantes<\/h3>\t<\/header><!-- .entry-header -->\n\n\t<div class=\"entry-content post\">\n\n\t\t<div class=\"member-position\"><\/div>\n\t\t<div class=\"member-xxss\"><a class=\"xxss-icon\" itemprop=\"url\" href=\"\" target=\"_blank\" title=\"Linkedin\"><img decoding=\"async\" src=\"https:\/\/accigest.com\/wp-content\/themes\/accigest\/assets\/icons\/xxss\/linkedin.svg\" alt=\"\" \/><\/a><\/div>\n\t\t\n\t<\/div><!-- .entry-content -->\n\t\n<\/article><!-- #post-8554 -->\n\n<article id=\"post-9092\" class=\"post-9092 team-members type-team-members status-publish has-post-thumbnail hentry\">\n\n\t\n\t<header class=\"entry-header post\">\n\t\t<h3 class=\"entry-title\">Luc\u00eda Araujo Agriel<\/h3>\t<\/header><!-- .entry-header -->\n\n\t<div class=\"entry-content post\">\n\n\t\t<div class=\"member-position\"><\/div>\n\t\t<div class=\"member-xxss\"><a class=\"xxss-icon\" itemprop=\"url\" href=\"\" target=\"_blank\" title=\"Linkedin\"><img decoding=\"async\" src=\"https:\/\/accigest.com\/wp-content\/themes\/accigest\/assets\/icons\/xxss\/linkedin.svg\" alt=\"\" \/><\/a><\/div>\n\t\t\n\t<\/div><!-- .entry-content -->\n\t\n<\/article><!-- #post-9092 -->\n<\/div>\n<\/div><\/div>\n<\/div><\/div>\n","protected":false},"excerpt":{"rendered":"&nbsp;<a class=\"read-more\" href=\"https:\/\/accigest.com\/ca\/team-members\/lucia-araujo-agriel\/\">Llegir m\u00e9s<\/a>","protected":false},"author":1,"featured_media":0,"parent":0,"menu_order":0,"comment_status":"closed","ping_status":"closed","template":"page-wide.php","meta":{"footnotes":""},"class_list":["post-2566","page","type-page","status-publish","hentry"],"yoast_head":"<!-- This site is optimized with the Yoast SEO plugin v27.4 - https:\/\/yoast.com\/product\/yoast-seo-wordpress\/ -->\n<title>Qui som. Advocats especialitzats en accidents de tr\u00e0nsit - Accigest<\/title>\n<meta name=\"description\" content=\"Coneix qui som a l&#039;equip d&#039;Accigest. Profesionals especialitzats en indemnitzacions de tot tipus d&#039;accidents.\" \/>\n<meta name=\"robots\" content=\"index, follow, max-snippet:-1, max-image-preview:large, max-video-preview:-1\" \/>\n<link rel=\"canonical\" href=\"https:\/\/accigest.com\/ca\/qui-som\/\" \/>\n<meta property=\"og:locale\" content=\"ca_ES\" \/>\n<meta property=\"og:type\" content=\"article\" \/>\n<meta property=\"og:title\" content=\"Qui som. Advocats especialitzats en accidents de tr\u00e0nsit - Accigest\" \/>\n<meta property=\"og:description\" content=\"Coneix qui som a l&#039;equip d&#039;Accigest. Profesionals especialitzats en indemnitzacions de tot tipus d&#039;accidents.\" \/>\n<meta property=\"og:url\" content=\"https:\/\/accigest.com\/ca\/qui-som\/\" \/>\n<meta property=\"og:site_name\" content=\"Accigest\" \/>\n<meta property=\"article:modified_time\" content=\"2023-09-20T17:19:40+00:00\" \/>\n<meta name=\"twitter:card\" content=\"summary_large_image\" \/>\n<meta name=\"twitter:label1\" content=\"Temps estimat de lectura\" \/>\n\t<meta name=\"twitter:data1\" content=\"2 minuts\" \/>\n<script type=\"application\/ld+json\" class=\"yoast-schema-graph\">{\"@context\":\"https:\\\/\\\/schema.org\",\"@graph\":[{\"@type\":\"WebPage\",\"@id\":\"https:\\\/\\\/accigest.com\\\/ca\\\/qui-som\\\/\",\"url\":\"https:\\\/\\\/accigest.com\\\/ca\\\/qui-som\\\/\",\"name\":\"Qui som. Advocats especialitzats en accidents de tr\u00e0nsit - Accigest\",\"isPartOf\":{\"@id\":\"https:\\\/\\\/accigest.com\\\/ca\\\/#website\"},\"datePublished\":\"2017-06-15T14:54:51+00:00\",\"dateModified\":\"2023-09-20T17:19:40+00:00\",\"description\":\"Coneix qui som a l'equip d'Accigest. Profesionals especialitzats en indemnitzacions de tot tipus d'accidents.\",\"breadcrumb\":{\"@id\":\"https:\\\/\\\/accigest.com\\\/ca\\\/qui-som\\\/#breadcrumb\"},\"inLanguage\":\"ca\",\"potentialAction\":[{\"@type\":\"ReadAction\",\"target\":[\"https:\\\/\\\/accigest.com\\\/ca\\\/qui-som\\\/\"]}]},{\"@type\":\"BreadcrumbList\",\"@id\":\"https:\\\/\\\/accigest.com\\\/ca\\\/qui-som\\\/#breadcrumb\",\"itemListElement\":[{\"@type\":\"ListItem\",\"position\":1,\"name\":\"Inici\",\"item\":\"https:\\\/\\\/accigest.com\\\/ca\\\/\"},{\"@type\":\"ListItem\",\"position\":2,\"name\":\"Qui som\"}]},{\"@type\":\"WebSite\",\"@id\":\"https:\\\/\\\/accigest.com\\\/ca\\\/#website\",\"url\":\"https:\\\/\\\/accigest.com\\\/ca\\\/\",\"name\":\"Accigest\",\"description\":\"Especialistas en  indemnizaciones por  accidentes de tr\u00e1fico\",\"publisher\":{\"@id\":\"https:\\\/\\\/accigest.com\\\/ca\\\/#organization\"},\"potentialAction\":[{\"@type\":\"SearchAction\",\"target\":{\"@type\":\"EntryPoint\",\"urlTemplate\":\"https:\\\/\\\/accigest.com\\\/ca\\\/?s={search_term_string}\"},\"query-input\":{\"@type\":\"PropertyValueSpecification\",\"valueRequired\":true,\"valueName\":\"search_term_string\"}}],\"inLanguage\":\"ca\"},{\"@type\":\"Organization\",\"@id\":\"https:\\\/\\\/accigest.com\\\/ca\\\/#organization\",\"name\":\"Accigest Abogados de Accidentes Tr\u00e1fico\",\"url\":\"https:\\\/\\\/accigest.com\\\/ca\\\/\",\"logo\":{\"@type\":\"ImageObject\",\"inLanguage\":\"ca\",\"@id\":\"https:\\\/\\\/accigest.com\\\/ca\\\/#\\\/schema\\\/logo\\\/image\\\/\",\"url\":\"https:\\\/\\\/accigest.com\\\/wp-content\\\/uploads\\\/2021\\\/06\\\/logo-accigest.svg\",\"contentUrl\":\"https:\\\/\\\/accigest.com\\\/wp-content\\\/uploads\\\/2021\\\/06\\\/logo-accigest.svg\",\"width\":1,\"height\":1,\"caption\":\"Accigest Abogados de Accidentes Tr\u00e1fico\"},\"image\":{\"@id\":\"https:\\\/\\\/accigest.com\\\/ca\\\/#\\\/schema\\\/logo\\\/image\\\/\"}}]}<\/script>\n<!-- \/ Yoast SEO plugin. -->","yoast_head_json":{"title":"Qui som. Advocats especialitzats en accidents de tr\u00e0nsit - Accigest","description":"Coneix qui som a l'equip d'Accigest. Profesionals especialitzats en indemnitzacions de tot tipus d'accidents.","robots":{"index":"index","follow":"follow","max-snippet":"max-snippet:-1","max-image-preview":"max-image-preview:large","max-video-preview":"max-video-preview:-1"},"canonical":"https:\/\/accigest.com\/ca\/qui-som\/","og_locale":"ca_ES","og_type":"article","og_title":"Qui som. Advocats especialitzats en accidents de tr\u00e0nsit - Accigest","og_description":"Coneix qui som a l'equip d'Accigest. Profesionals especialitzats en indemnitzacions de tot tipus d'accidents.","og_url":"https:\/\/accigest.com\/ca\/qui-som\/","og_site_name":"Accigest","article_modified_time":"2023-09-20T17:19:40+00:00","twitter_card":"summary_large_image","twitter_misc":{"Temps estimat de lectura":"2 minuts"},"schema":{"@context":"https:\/\/schema.org","@graph":[{"@type":"WebPage","@id":"https:\/\/accigest.com\/ca\/qui-som\/","url":"https:\/\/accigest.com\/ca\/qui-som\/","name":"Qui som. Advocats especialitzats en accidents de tr\u00e0nsit - Accigest","isPartOf":{"@id":"https:\/\/accigest.com\/ca\/#website"},"datePublished":"2017-06-15T14:54:51+00:00","dateModified":"2023-09-20T17:19:40+00:00","description":"Coneix qui som a l'equip d'Accigest. Profesionals especialitzats en indemnitzacions de tot tipus d'accidents.","breadcrumb":{"@id":"https:\/\/accigest.com\/ca\/qui-som\/#breadcrumb"},"inLanguage":"ca","potentialAction":[{"@type":"ReadAction","target":["https:\/\/accigest.com\/ca\/qui-som\/"]}]},{"@type":"BreadcrumbList","@id":"https:\/\/accigest.com\/ca\/qui-som\/#breadcrumb","itemListElement":[{"@type":"ListItem","position":1,"name":"Inici","item":"https:\/\/accigest.com\/ca\/"},{"@type":"ListItem","position":2,"name":"Qui som"}]},{"@type":"WebSite","@id":"https:\/\/accigest.com\/ca\/#website","url":"https:\/\/accigest.com\/ca\/","name":"Accigest","description":"Especialistas en  indemnizaciones por  accidentes de tr\u00e1fico","publisher":{"@id":"https:\/\/accigest.com\/ca\/#organization"},"potentialAction":[{"@type":"SearchAction","target":{"@type":"EntryPoint","urlTemplate":"https:\/\/accigest.com\/ca\/?s={search_term_string}"},"query-input":{"@type":"PropertyValueSpecification","valueRequired":true,"valueName":"search_term_string"}}],"inLanguage":"ca"},{"@type":"Organization","@id":"https:\/\/accigest.com\/ca\/#organization","name":"Accigest Abogados de Accidentes Tr\u00e1fico","url":"https:\/\/accigest.com\/ca\/","logo":{"@type":"ImageObject","inLanguage":"ca","@id":"https:\/\/accigest.com\/ca\/#\/schema\/logo\/image\/","url":"https:\/\/accigest.com\/wp-content\/uploads\/2021\/06\/logo-accigest.svg","contentUrl":"https:\/\/accigest.com\/wp-content\/uploads\/2021\/06\/logo-accigest.svg","width":1,"height":1,"caption":"Accigest Abogados de Accidentes Tr\u00e1fico"},"image":{"@id":"https:\/\/accigest.com\/ca\/#\/schema\/logo\/image\/"}}]}},"_links":{"self":[{"href":"https:\/\/accigest.com\/ca\/wp-json\/wp\/v2\/pages\/2566","targetHints":{"allow":["GET"]}}],"collection":[{"href":"https:\/\/accigest.com\/ca\/wp-json\/wp\/v2\/pages"}],"about":[{"href":"https:\/\/accigest.com\/ca\/wp-json\/wp\/v2\/types\/page"}],"author":[{"embeddable":true,"href":"https:\/\/accigest.com\/ca\/wp-json\/wp\/v2\/users\/1"}],"replies":[{"embeddable":true,"href":"https:\/\/accigest.com\/ca\/wp-json\/wp\/v2\/comments?post=2566"}],"version-history":[{"count":10,"href":"https:\/\/accigest.com\/ca\/wp-json\/wp\/v2\/pages\/2566\/revisions"}],"predecessor-version":[{"id":8352,"href":"https:\/\/accigest.com\/ca\/wp-json\/wp\/v2\/pages\/2566\/revisions\/8352"}],"wp:attachment":[{"href":"https:\/\/accigest.com\/ca\/wp-json\/wp\/v2\/media?parent=2566"}],"curies":[{"name":"wp","href":"https:\/\/api.w.org\/{rel}","templated":true}]}}