{"id":2567,"date":"2017-06-15T14:59:41","date_gmt":"2017-06-15T14:59:41","guid":{"rendered":"https:\/\/accigest.staging3w.com\/servicios\/"},"modified":"2023-09-20T19:46:22","modified_gmt":"2023-09-20T17:46:22","slug":"serveis","status":"publish","type":"page","link":"https:\/\/accigest.com\/ca\/serveis\/","title":{"rendered":"Serveis"},"content":{"rendered":"\n<div class=\"wp-block-group ag-section ag-section--bg-1\"><div class=\"wp-block-group__inner-container is-layout-flow wp-block-group-is-layout-flow\">\n<div class=\"wp-block-group ag-container\"><div class=\"wp-block-group__inner-container is-layout-flow wp-block-group-is-layout-flow\">\n<p>Si ha patit un accident de tr\u00e0nsit, ja sigui amb cotxe, transport p\u00fablic, moto, bicicleta o com a vianant, t\u00e9 dret a cobrar una indemnitzaci\u00f3 de la companyia d\u2019 assegurances del vehicle responsable, per danys personals i materials.<\/p>\n<p>Amb aquesta finalitat Accigest els ofereix els seg\u00fcents serveis:<\/p>\n<div class=\"posts-container\">\n<article data-align=\"center\" id=\"post-2555\" class=\"post-2555 accigest_services type-accigest_services status-publish has-post-thumbnail hentry\">\n\n\t\n\t<header class=\"entry-header post post-centered\">\n\t\t<h3 class=\"entry-title\"><a href=\"https:\/\/accigest.com\/ca\/serveis\/indemnitzacio-accident-de-transit\/\" rel=\"bookmark\">Reclamaci\u00f3 d&#8217;indemnitzaci\u00f3 per accident de tr\u00e0nsit<\/a><\/h3>\t<\/header><!-- .entry-header -->\n\n\t<div class=\"entry-content post post-service\">\n\t\t<p>Havent resultat lesionat en un accident de tr\u00e0nsit. Per quins conceptes tinc dret a ser indemnitzat? Que haig d\u2019entendre per dia impeditiu, dia no impeditiu, seq\u00fceles,\u2026?<\/p>\n\t<\/div><!-- .entry-content -->\n\t\n<\/article><!-- #post-2555 -->\n\n<article data-align=\"center\" id=\"post-2556\" class=\"post-2556 accigest_services type-accigest_services status-publish has-post-thumbnail hentry\">\n\n\t\n\t<header class=\"entry-header post post-centered\">\n\t\t<h3 class=\"entry-title\"><a href=\"https:\/\/accigest.com\/ca\/serveis\/indemnitzacio-per-atropellament\/\" rel=\"bookmark\">Reclamaci\u00f3 d&#8217;indemnitzaci\u00f3 per atropellament<\/a><\/h3>\t<\/header><!-- .entry-header -->\n\n\t<div class=\"entry-content post post-service\">\n\t\t<p>Incl\u00fas en aquells atropellaments en els quals el vianant tingui in elevat percentatge de responsabilitat, aquest tindr\u00e0 dret a ser indemnitzat degut al car\u00e0cter proteccionista de l\u2019actual sistema legal.<\/p>\n\t<\/div><!-- .entry-content -->\n\t\n<\/article><!-- #post-2556 -->\n\n<article data-align=\"center\" id=\"post-6528\" class=\"post-6528 accigest_services type-accigest_services status-publish has-post-thumbnail hentry\">\n\n\t\n\t<header class=\"entry-header post post-centered\">\n\t\t<h3 class=\"entry-title\"><a href=\"https:\/\/accigest.com\/ca\/serveis\/indemnitzacio-accident-moto-ciclomotor\/\" rel=\"bookmark\">Reclamaci\u00f3 d&#8217;indemnitzaci\u00f3 per accident de moto o ciclomotor<\/a><\/h3>\t<\/header><!-- .entry-header -->\n\n\t<div class=\"entry-content post post-service\">\n\t\t<p>A part de la corresponent indemnitzaci\u00f3 per lesions. Tinc dret a ser compensat pels danys soferts en el casc, roba, tel\u00e8fon m\u00f2bil, rellotge,\u2026?<\/p>\n\t<\/div><!-- .entry-content -->\n\t\n<\/article><!-- #post-6528 -->\n\n<article data-align=\"center\" id=\"post-2553\" class=\"post-2553 accigest_services type-accigest_services status-publish has-post-thumbnail hentry\">\n\n\t\n\t<header class=\"entry-header post post-centered\">\n\t\t<h3 class=\"entry-title\"><a href=\"https:\/\/accigest.com\/ca\/serveis\/indemnitzacio-accident-autobus\/\" rel=\"bookmark\">Reclamaci\u00f3 d&#8217;indemnitzaci\u00f3 per accident d&#8217;autob\u00fas<\/a><\/h3>\t<\/header><!-- .entry-header -->\n\n\t<div class=\"entry-content post post-service\">\n\t\t<p>Sabia que a part de la possible indemnitzaci\u00f3 per responsabilitat civil tamb\u00e9 t\u00e9 dret a ser indemnitzat per l\u2019Asseguran\u00e7a Obligat\u00f2ria de Viatgers?<\/p>\n\t<\/div><!-- .entry-content -->\n\t\n<\/article><!-- #post-2553 -->\n\n<article data-align=\"center\" id=\"post-4919\" class=\"post-4919 accigest_services type-accigest_services status-publish has-post-thumbnail hentry\">\n\n\t\n\t<header class=\"entry-header post post-centered\">\n\t\t<h3 class=\"entry-title\"><a href=\"https:\/\/accigest.com\/ca\/serveis\/indemnitzacio-per-accident-de-patinet-electric\/\" rel=\"bookmark\">Reclamaci\u00f3 d&#8217;indemnitzaci\u00f3 per accident de patinet<\/a><\/h3>\t<\/header><!-- .entry-header -->\n\n\t<div class=\"entry-content post post-service\">\n\t\t<p>Si condu\u00efa un patinet el\u00e8ctric i ha estat atropellat t\u00e9 dret a percebre una indemnitzaci\u00f3 pels danys causats (lesions, reparaci\u00f3 del patinet, objectes danyats, despeses, etc.)<\/p>\n\t<\/div><!-- .entry-content -->\n\t\n<\/article><!-- #post-4919 -->\n\n<article data-align=\"center\" id=\"post-3181\" class=\"post-3181 accigest_services type-accigest_services status-publish has-post-thumbnail hentry\">\n\n\t\n\t<header class=\"entry-header post post-centered\">\n\t\t<h3 class=\"entry-title\"><a href=\"https:\/\/accigest.com\/ca\/serveis\/sinistre-total-cotxe\/\" rel=\"bookmark\">Reclamaci\u00f3 d\u2019indemnitzaci\u00f3 per sinistre total<\/a><\/h3>\t<\/header><!-- .entry-header -->\n\n\t<div class=\"entry-content post post-service\">\n\t\t<p>Han declarat el seu vehicle sinistre total? Li han passat una oferta per la p\u00e8rdua total clarament insuficient? Tenim la millor soluci\u00f3.<\/p>\n\t<\/div><!-- .entry-content -->\n\t\n<\/article><!-- #post-3181 -->\n<\/div>\n<\/div><\/div>\n<\/div><\/div>\n\n\n\n<div class=\"wp-block-group ag-section ag-section-icons\"><div class=\"wp-block-group__inner-container is-layout-flow wp-block-group-is-layout-flow\">\n<h2 class=\"ag-centered-title\">Com treballem?<\/h2>\n\n\n\n<div class=\"wp-block-group ag-container\"><div class=\"wp-block-group__inner-container is-layout-flow wp-block-group-is-layout-flow\">\n<div class=\"wp-block-columns is-layout-flex wp-container-core-columns-is-layout-9d6595d7 wp-block-columns-is-layout-flex\">\n<div class=\"wp-block-column is-layout-flow wp-block-column-is-layout-flow\" style=\"flex-basis:100%\">\n<div class=\"wp-block-columns is-layout-flex wp-container-core-columns-is-layout-9d6595d7 wp-block-columns-is-layout-flex\">\n<div class=\"wp-block-column icons-text__item is-layout-flow wp-block-column-is-layout-flow\">\n<figure class=\"wp-block-image size-large\"><img decoding=\"async\" src=\"https:\/\/accigest.com\/wp-content\/uploads\/2021\/06\/icon-abogados-accidentes-trafico.svg\" alt=\"Abogados en accidentes de tr\u00e1fico\" class=\"wp-image-5470\"\/><\/figure>\n\n\n\n<h3>Advocats especialistes en accident de tr\u00e0nsit<\/h3>\n<p>A Accigest som advocats especialitzats en accidents de tr\u00e0nsit. Les indemnitzacions pels danys i perjudicis soferts en accidents de tr\u00e0nsit es troben regulades mitjan\u00e7ant un sistema legal molt din\u00e0mic en el que cont\u00ednuament sorgeixen noves normatives aix\u00ed com noves interpretacions jurisprudencials. Aix\u00f2 fa que els advocats que es dediquen a aquesta mat\u00e8ria de l&#8217;ordenament jur\u00eddic hagin de ser especialistes en el Dret de la Circulaci\u00f3.<\/p>\n<\/div>\n\n\n\n<div class=\"wp-block-column icons-text__item is-layout-flow wp-block-column-is-layout-flow\">\n<figure class=\"wp-block-image size-large\"><img decoding=\"async\" src=\"https:\/\/accigest.com\/wp-content\/uploads\/2021\/06\/icon-maxima-indemnizacion-1.svg\" alt=\"\" class=\"wp-image-5985\"\/><\/figure>\n\n\n\n<h3>M\u00e0xima indemnitzaci\u00f3 en el menor temps<\/h3>\n<p>L&#8217;equip de Accigest treballar\u00e0 en tot moment per aconseguir la m\u00e0xima indemnitzaci\u00f3 possible i de la forma m\u00e9s r\u00e0pida possible. Per aix\u00f2 comptem amb un equip de professionals format per advocats especialistes en accidents de tr\u00e0nsit, metges especialitzats en la valoraci\u00f3 del dany corporal, experts reconstructors d&#8217;accidents i professionals especialistes en la gesti\u00f3 de reclamacions.<\/p>\n<\/div>\n<\/div>\n\n\n\n<div class=\"wp-block-columns is-layout-flex wp-container-core-columns-is-layout-9d6595d7 wp-block-columns-is-layout-flex\">\n<div class=\"wp-block-column icons-text__item is-layout-flow wp-block-column-is-layout-flow\">\n<figure class=\"wp-block-image size-large\"><img decoding=\"async\" src=\"https:\/\/accigest.com\/wp-content\/uploads\/2021\/06\/icon-consultas-gratuitas.svg\" alt=\"Consultas gratuitas\" class=\"wp-image-5464\"\/><\/figure>\n\n\n\n<h3>Consultes gratu\u00eftes sense comprom\u00eds<\/h3>\n<p>No dubti en consultar-nos, l&#8217;assessorarem de forma gratu\u00efta. Truqui&#8217;ns, escriu-nos un whatsapp o ompli un formulari web i l&#8217;informarem sobre la viabilitat de la seva reclamaci\u00f3 i de la indemnitzaci\u00f3 que li pugui correspondre.<\/p>\n<\/div>\n\n\n\n<div class=\"wp-block-column icons-text__item is-layout-flow wp-block-column-is-layout-flow\">\n<figure class=\"wp-block-image size-large\"><img decoding=\"async\" src=\"https:\/\/accigest.com\/wp-content\/uploads\/2021\/06\/icon-solo-cobramos-1.svg\" alt=\"S\u00f3lo cobramos si usted cobra\" class=\"wp-image-5983\"\/><\/figure>\n\n\n\n<h3>Nom\u00e9s cobrem quan vost\u00e8 cobri<\/h3>\n<p>Si ens confia la gesti\u00f3 de la seva reclamaci\u00f3 no li exigirem cap quantitat per avan\u00e7at. Durant tot el proc\u00e9s no volem causar-li cap despesa afegida. Un cop vost\u00e8 hagi estat indemnitzat ens reintegrar\u00e0 el percentatge que h\u00e0gim acordat. Si no aconseguim cap indemnitzaci\u00f3 no li cobrarem res per les gestions.<\/p>\n<\/div>\n<\/div>\n\n\n\n<div class=\"wp-block-columns is-layout-flex wp-container-core-columns-is-layout-9d6595d7 wp-block-columns-is-layout-flex\">\n<div class=\"wp-block-column icons-text__item is-layout-flow wp-block-column-is-layout-flow\">\n<figure class=\"wp-block-image size-large\"><img decoding=\"async\" src=\"https:\/\/accigest.com\/wp-content\/uploads\/2021\/06\/icon-visitas-a-dominiclio.svg\" alt=\"\" class=\"wp-image-5981\"\/><\/figure>\n\n\n\n<h3>Visites a domicili gratu\u00eftes<\/h3>\n<p>Si a causa de les lesions sofertes no pot despla\u00e7ar-se, si vost\u00e8 ho desitja, un professional de Accigest es despla\u00e7ar\u00e0 al seu domicili, sense cap cost per a vost\u00e8 i sense cap tipus de comprom\u00eds per part seva, per informar-lo sobre la seva reclamaci\u00f3.<\/p>\n<\/div>\n\n\n\n<div class=\"wp-block-column icons-text__item is-layout-flow wp-block-column-is-layout-flow\">\n<figure class=\"wp-block-image size-large\"><img decoding=\"async\" src=\"https:\/\/accigest.com\/wp-content\/uploads\/2021\/06\/icon-maxima-indemnizacion.svg\" alt=\"M\u00e1xima indemnizaci\u00f3n\" class=\"wp-image-5455\"\/><\/figure>\n\n\n\n<h3>Assessorament integral a tots els nostres clients<\/h3>\n<p>Oferim un assessorament integral a tots els nostres clients perjudicats per accidents de tr\u00e0nsit per exercitar els seus drets en la reclamaci\u00f3 de la corresponent indemnitzaci\u00f3. Vost\u00e8 ha de centrar-se \u00fanicament en la recuperaci\u00f3 de les seves lesions, no ha de preocupar-se de res m\u00e9s.<\/p>\n<\/div>\n<\/div>\n\n\n\n<div class=\"wp-block-columns is-layout-flex wp-container-core-columns-is-layout-9d6595d7 wp-block-columns-is-layout-flex\">\n<div class=\"wp-block-column icons-text__item is-layout-flow wp-block-column-is-layout-flow\">\n<figure class=\"wp-block-image size-large\"><img decoding=\"async\" src=\"https:\/\/accigest.com\/wp-content\/uploads\/2021\/06\/icon-seguimiento-expediente.svg\" alt=\"\" class=\"wp-image-5979\"\/><\/figure>\n\n\n\n<h3>Seguiment exhaustiu del seu expedient i informaci\u00f3 immediata<\/h3>\n<p>Un dels compromisos de Accigest \u00e9s tenir puntualment informat al seu client sobre l&#8217;estat en que es troba la seva reclamaci\u00f3.<\/p>\n<p>Amb aquesta finalitat contactarem amb vost\u00e8 de forma peri\u00f2dica, ja sigui per tel\u00e8fon, correu electr\u00f2nic, o WhatsApp.<\/p>\n<\/div>\n\n\n\n<div class=\"wp-block-column icons-text__item is-layout-flow wp-block-column-is-layout-flow\">\n<figure class=\"wp-block-image size-large\"><img decoding=\"async\" src=\"https:\/\/accigest.com\/wp-content\/uploads\/2021\/06\/icon-defensa-juridica.svg\" alt=\"\" class=\"wp-image-5977\"\/><\/figure>\n\n\n\n<h3>Defensa jur\u00eddica independent<\/h3>\n<p>Tot i que en determinats sup\u00f2sits la companyia d&#8217;assegurances del vehicle en que viatjava li cobreix la defensa jur\u00eddica, aquesta \u00e9s oferta pels seus propis professionals.<\/p>\n<p>Dit aix\u00f2, s\u00f3n \u00f2bvies els avantatges que representa que aquesta defensa jur\u00eddica sigui duta a terme per professionals independents (advocats, metges i perits), sense cap tipus de vinculaci\u00f3 amb les entitats asseguradores, tal com li ofereix Accigest.<\/p>\n<\/div>\n<\/div>\n<\/div>\n<\/div>\n<\/div><\/div>\n<\/div><\/div>\n","protected":false},"excerpt":{"rendered":"<p>Si ha patit un accident de tr\u00e0nsit, ja sigui amb cotxe, transport p\u00fablic, moto, bicicleta o com a vianant, t\u00e9 dret a cobrar una indemnitzaci\u00f3 de la companyia d\u2019 assegurances del vehicle responsable, per danys personals i materials. Amb aquesta finalitat Accigest els ofereix els seg\u00fcents serveis: Com treballem? Advocats especialistes en accident de tr\u00e0nsit&#8230;&nbsp;<a class=\"read-more\" href=\"https:\/\/accigest.com\/ca\/serveis\/sinistre-total-cotxe\/\">Llegir m\u00e9s<\/a><\/p>\n","protected":false},"author":1,"featured_media":0,"parent":0,"menu_order":0,"comment_status":"closed","ping_status":"closed","template":"page-services.php","meta":{"footnotes":""},"class_list":["post-2567","page","type-page","status-publish","hentry"],"yoast_head":"<!-- This site is optimized with the Yoast SEO plugin v27.4 - https:\/\/yoast.com\/product\/yoast-seo-wordpress\/ -->\n<title>Serveis de reclamaci\u00f3 per accident de tr\u00e0nsit, atropellament, etc - Accigest<\/title>\n<meta name=\"description\" content=\"Tots els serveis que ofereix Accigest en quant a indemnitzacions amb total confidencialitat i consultes gratu\u00eftes.\" \/>\n<meta name=\"robots\" content=\"index, follow, max-snippet:-1, max-image-preview:large, max-video-preview:-1\" \/>\n<link rel=\"canonical\" href=\"https:\/\/accigest.com\/ca\/serveis\/\" \/>\n<meta property=\"og:locale\" content=\"ca_ES\" \/>\n<meta property=\"og:type\" content=\"article\" \/>\n<meta property=\"og:title\" content=\"Serveis de reclamaci\u00f3 per accident de tr\u00e0nsit, atropellament, etc - Accigest\" \/>\n<meta property=\"og:description\" content=\"Tots els serveis que ofereix Accigest en quant a indemnitzacions amb total confidencialitat i consultes gratu\u00eftes.\" \/>\n<meta property=\"og:url\" content=\"https:\/\/accigest.com\/ca\/serveis\/\" \/>\n<meta property=\"og:site_name\" content=\"Accigest\" \/>\n<meta property=\"article:modified_time\" content=\"2023-09-20T17:46:22+00:00\" \/>\n<meta property=\"og:image\" content=\"https:\/\/accigest.com\/wp-content\/uploads\/2021\/06\/icon-abogados-accidentes-trafico.svg\" \/>\n<meta name=\"twitter:card\" content=\"summary_large_image\" \/>\n<meta name=\"twitter:label1\" content=\"Temps estimat de lectura\" \/>\n\t<meta name=\"twitter:data1\" content=\"4 minuts\" \/>\n<script type=\"application\/ld+json\" class=\"yoast-schema-graph\">{\"@context\":\"https:\\\/\\\/schema.org\",\"@graph\":[{\"@type\":\"WebPage\",\"@id\":\"https:\\\/\\\/accigest.com\\\/ca\\\/serveis\\\/\",\"url\":\"https:\\\/\\\/accigest.com\\\/ca\\\/serveis\\\/\",\"name\":\"Serveis de reclamaci\u00f3 per accident de tr\u00e0nsit, atropellament, etc - Accigest\",\"isPartOf\":{\"@id\":\"https:\\\/\\\/accigest.com\\\/ca\\\/#website\"},\"primaryImageOfPage\":{\"@id\":\"https:\\\/\\\/accigest.com\\\/ca\\\/serveis\\\/#primaryimage\"},\"image\":{\"@id\":\"https:\\\/\\\/accigest.com\\\/ca\\\/serveis\\\/#primaryimage\"},\"thumbnailUrl\":\"https:\\\/\\\/accigest.com\\\/wp-content\\\/uploads\\\/2021\\\/06\\\/icon-abogados-accidentes-trafico.svg\",\"datePublished\":\"2017-06-15T14:59:41+00:00\",\"dateModified\":\"2023-09-20T17:46:22+00:00\",\"description\":\"Tots els serveis que ofereix Accigest en quant a indemnitzacions amb total confidencialitat i consultes gratu\u00eftes.\",\"breadcrumb\":{\"@id\":\"https:\\\/\\\/accigest.com\\\/ca\\\/serveis\\\/#breadcrumb\"},\"inLanguage\":\"ca\",\"potentialAction\":[{\"@type\":\"ReadAction\",\"target\":[\"https:\\\/\\\/accigest.com\\\/ca\\\/serveis\\\/\"]}]},{\"@type\":\"ImageObject\",\"inLanguage\":\"ca\",\"@id\":\"https:\\\/\\\/accigest.com\\\/ca\\\/serveis\\\/#primaryimage\",\"url\":\"https:\\\/\\\/accigest.com\\\/wp-content\\\/uploads\\\/2021\\\/06\\\/icon-abogados-accidentes-trafico.svg\",\"contentUrl\":\"https:\\\/\\\/accigest.com\\\/wp-content\\\/uploads\\\/2021\\\/06\\\/icon-abogados-accidentes-trafico.svg\"},{\"@type\":\"BreadcrumbList\",\"@id\":\"https:\\\/\\\/accigest.com\\\/ca\\\/serveis\\\/#breadcrumb\",\"itemListElement\":[{\"@type\":\"ListItem\",\"position\":1,\"name\":\"Inici\",\"item\":\"https:\\\/\\\/accigest.com\\\/ca\\\/\"},{\"@type\":\"ListItem\",\"position\":2,\"name\":\"Serveis\",\"item\":\"https:\\\/\\\/accigest.com\\\/servicios\\\/\"},{\"@type\":\"ListItem\",\"position\":3,\"name\":\"Serveis\"}]},{\"@type\":\"WebSite\",\"@id\":\"https:\\\/\\\/accigest.com\\\/ca\\\/#website\",\"url\":\"https:\\\/\\\/accigest.com\\\/ca\\\/\",\"name\":\"Accigest\",\"description\":\"Especialistas en  indemnizaciones por  accidentes de tr\u00e1fico\",\"publisher\":{\"@id\":\"https:\\\/\\\/accigest.com\\\/ca\\\/#organization\"},\"potentialAction\":[{\"@type\":\"SearchAction\",\"target\":{\"@type\":\"EntryPoint\",\"urlTemplate\":\"https:\\\/\\\/accigest.com\\\/ca\\\/?s={search_term_string}\"},\"query-input\":{\"@type\":\"PropertyValueSpecification\",\"valueRequired\":true,\"valueName\":\"search_term_string\"}}],\"inLanguage\":\"ca\"},{\"@type\":\"Organization\",\"@id\":\"https:\\\/\\\/accigest.com\\\/ca\\\/#organization\",\"name\":\"Accigest Abogados de Accidentes Tr\u00e1fico\",\"url\":\"https:\\\/\\\/accigest.com\\\/ca\\\/\",\"logo\":{\"@type\":\"ImageObject\",\"inLanguage\":\"ca\",\"@id\":\"https:\\\/\\\/accigest.com\\\/ca\\\/#\\\/schema\\\/logo\\\/image\\\/\",\"url\":\"https:\\\/\\\/accigest.com\\\/wp-content\\\/uploads\\\/2021\\\/06\\\/logo-accigest.svg\",\"contentUrl\":\"https:\\\/\\\/accigest.com\\\/wp-content\\\/uploads\\\/2021\\\/06\\\/logo-accigest.svg\",\"width\":1,\"height\":1,\"caption\":\"Accigest Abogados de Accidentes Tr\u00e1fico\"},\"image\":{\"@id\":\"https:\\\/\\\/accigest.com\\\/ca\\\/#\\\/schema\\\/logo\\\/image\\\/\"}}]}<\/script>\n<!-- \/ Yoast SEO plugin. -->","yoast_head_json":{"title":"Serveis de reclamaci\u00f3 per accident de tr\u00e0nsit, atropellament, etc - Accigest","description":"Tots els serveis que ofereix Accigest en quant a indemnitzacions amb total confidencialitat i consultes gratu\u00eftes.","robots":{"index":"index","follow":"follow","max-snippet":"max-snippet:-1","max-image-preview":"max-image-preview:large","max-video-preview":"max-video-preview:-1"},"canonical":"https:\/\/accigest.com\/ca\/serveis\/","og_locale":"ca_ES","og_type":"article","og_title":"Serveis de reclamaci\u00f3 per accident de tr\u00e0nsit, atropellament, etc - Accigest","og_description":"Tots els serveis que ofereix Accigest en quant a indemnitzacions amb total confidencialitat i consultes gratu\u00eftes.","og_url":"https:\/\/accigest.com\/ca\/serveis\/","og_site_name":"Accigest","article_modified_time":"2023-09-20T17:46:22+00:00","og_image":[{"url":"https:\/\/accigest.com\/wp-content\/uploads\/2021\/06\/icon-abogados-accidentes-trafico.svg","type":"","width":"","height":""}],"twitter_card":"summary_large_image","twitter_misc":{"Temps estimat de lectura":"4 minuts"},"schema":{"@context":"https:\/\/schema.org","@graph":[{"@type":"WebPage","@id":"https:\/\/accigest.com\/ca\/serveis\/","url":"https:\/\/accigest.com\/ca\/serveis\/","name":"Serveis de reclamaci\u00f3 per accident de tr\u00e0nsit, atropellament, etc - Accigest","isPartOf":{"@id":"https:\/\/accigest.com\/ca\/#website"},"primaryImageOfPage":{"@id":"https:\/\/accigest.com\/ca\/serveis\/#primaryimage"},"image":{"@id":"https:\/\/accigest.com\/ca\/serveis\/#primaryimage"},"thumbnailUrl":"https:\/\/accigest.com\/wp-content\/uploads\/2021\/06\/icon-abogados-accidentes-trafico.svg","datePublished":"2017-06-15T14:59:41+00:00","dateModified":"2023-09-20T17:46:22+00:00","description":"Tots els serveis que ofereix Accigest en quant a indemnitzacions amb total confidencialitat i consultes gratu\u00eftes.","breadcrumb":{"@id":"https:\/\/accigest.com\/ca\/serveis\/#breadcrumb"},"inLanguage":"ca","potentialAction":[{"@type":"ReadAction","target":["https:\/\/accigest.com\/ca\/serveis\/"]}]},{"@type":"ImageObject","inLanguage":"ca","@id":"https:\/\/accigest.com\/ca\/serveis\/#primaryimage","url":"https:\/\/accigest.com\/wp-content\/uploads\/2021\/06\/icon-abogados-accidentes-trafico.svg","contentUrl":"https:\/\/accigest.com\/wp-content\/uploads\/2021\/06\/icon-abogados-accidentes-trafico.svg"},{"@type":"BreadcrumbList","@id":"https:\/\/accigest.com\/ca\/serveis\/#breadcrumb","itemListElement":[{"@type":"ListItem","position":1,"name":"Inici","item":"https:\/\/accigest.com\/ca\/"},{"@type":"ListItem","position":2,"name":"Serveis","item":"https:\/\/accigest.com\/servicios\/"},{"@type":"ListItem","position":3,"name":"Serveis"}]},{"@type":"WebSite","@id":"https:\/\/accigest.com\/ca\/#website","url":"https:\/\/accigest.com\/ca\/","name":"Accigest","description":"Especialistas en  indemnizaciones por  accidentes de tr\u00e1fico","publisher":{"@id":"https:\/\/accigest.com\/ca\/#organization"},"potentialAction":[{"@type":"SearchAction","target":{"@type":"EntryPoint","urlTemplate":"https:\/\/accigest.com\/ca\/?s={search_term_string}"},"query-input":{"@type":"PropertyValueSpecification","valueRequired":true,"valueName":"search_term_string"}}],"inLanguage":"ca"},{"@type":"Organization","@id":"https:\/\/accigest.com\/ca\/#organization","name":"Accigest Abogados de Accidentes Tr\u00e1fico","url":"https:\/\/accigest.com\/ca\/","logo":{"@type":"ImageObject","inLanguage":"ca","@id":"https:\/\/accigest.com\/ca\/#\/schema\/logo\/image\/","url":"https:\/\/accigest.com\/wp-content\/uploads\/2021\/06\/logo-accigest.svg","contentUrl":"https:\/\/accigest.com\/wp-content\/uploads\/2021\/06\/logo-accigest.svg","width":1,"height":1,"caption":"Accigest Abogados de Accidentes Tr\u00e1fico"},"image":{"@id":"https:\/\/accigest.com\/ca\/#\/schema\/logo\/image\/"}}]}},"_links":{"self":[{"href":"https:\/\/accigest.com\/ca\/wp-json\/wp\/v2\/pages\/2567","targetHints":{"allow":["GET"]}}],"collection":[{"href":"https:\/\/accigest.com\/ca\/wp-json\/wp\/v2\/pages"}],"about":[{"href":"https:\/\/accigest.com\/ca\/wp-json\/wp\/v2\/types\/page"}],"author":[{"embeddable":true,"href":"https:\/\/accigest.com\/ca\/wp-json\/wp\/v2\/users\/1"}],"replies":[{"embeddable":true,"href":"https:\/\/accigest.com\/ca\/wp-json\/wp\/v2\/comments?post=2567"}],"version-history":[{"count":10,"href":"https:\/\/accigest.com\/ca\/wp-json\/wp\/v2\/pages\/2567\/revisions"}],"predecessor-version":[{"id":8354,"href":"https:\/\/accigest.com\/ca\/wp-json\/wp\/v2\/pages\/2567\/revisions\/8354"}],"wp:attachment":[{"href":"https:\/\/accigest.com\/ca\/wp-json\/wp\/v2\/media?parent=2567"}],"curies":[{"name":"wp","href":"https:\/\/api.w.org\/{rel}","templated":true}]}}