{"id":2632,"date":"2016-06-30T07:41:37","date_gmt":"2016-06-30T05:41:37","guid":{"rendered":"https:\/\/accigest.staging3w.com\/indemnizacion-por-muerte-en-accidentes-de-trafico\/"},"modified":"2021-10-16T21:49:32","modified_gmt":"2021-10-16T19:49:32","slug":"indemnitzacio-per-mort-en-accidents-de-transit","status":"publish","type":"page","link":"https:\/\/accigest.com\/ca\/indemnitzacio-per-mort-en-accidents-de-transit\/","title":{"rendered":"Indemnitzaci\u00f3 per mort en accident de tr\u00e0nsit"},"content":{"rendered":"<p>A Accigest som <strong>advocats especialistes en la reclamaci\u00f3 d&#8217;indemnitzacions per mort en accidents de tr\u00e0nsit<\/strong>.<\/p>\n<p>Els perjudicats que tindran dret a rebre una indemnitzaci\u00f3 en cas de <strong>mort<\/strong> per accident de tr\u00e0nsit seran: <strong>el c\u00f2njuge vidu, els ascendents, els descendents, els germans i els cercles pr\u00f2xims<\/strong>.<\/p>\n<p>La indemnitzaci\u00f3 a la qual t\u00e9 dret cada perjudicat i que detallarem m\u00e9s endavant es dividir\u00e0 en:<\/p>\n<ul>\n<li>Perjudici personal b\u00e0sic<\/li>\n<li>Perjudicis personals particulars i excepcionals<\/li>\n<li>Perjudicis patrimonials (dany emergent i lucre cessant)<\/li>\n<\/ul>\n<p>A continuaci\u00f3 explicarem com es calcula una indemnitzaci\u00f3 per mort en accident de tr\u00e0nsit per part de cada un dels diferents perjudicats:<\/p>\n<div class=\"posts-container services-container\">\n<article data-align=\"center\" id=\"post-6707\" class=\"post-6707 page type-page status-publish has-post-thumbnail hentry\">\n\n\t\n\t<header class=\"entry-header post post-centered\">\n\t\t<h3 class=\"entry-title\"><a href=\"https:\/\/accigest.com\/ca\/indemnitzacio-per-mort-en-accident-de-transit-del-conjuge\/\" rel=\"bookmark\">Indemnitzaci\u00f3 per mort en accident de tr\u00e0nsit (marit o dona del mort\/a)<\/a><\/h3>\t<\/header><!-- .entry-header -->\n\n\t<div class=\"entry-content post post-service\">\n\t\tPerjudici personal b\u00e0sic del c\u00f2njuge vidu (TAULA 1A) \u2013 El c\u00f2njuge vidu no separat legalment (la separaci\u00f3 de fet i la presentaci\u00f3 de la demanda de nul\u00b7litat, divorci o separaci\u00f3 equival a la separaci\u00f3 legal) tindr\u00e0 dret a rebre un import fix fins als 15 anys de conviv\u00e8ncia que variar\u00e0&hellip;&nbsp;<a class=\"read-more\" href=\"https:\/\/accigest.com\/ca\/indemnitzacio-per-mort-en-accident-de-transit-del-conjuge\/\">Llegir m\u00e9s<\/a>\t<\/div><!-- .entry-content -->\n\t\n<\/article><!-- #post-6707 -->\n\n<article data-align=\"center\" id=\"post-2626\" class=\"post-2626 page type-page status-publish has-post-thumbnail hentry\">\n\n\t\n\t<header class=\"entry-header post post-centered\">\n\t\t<h3 class=\"entry-title\"><a href=\"https:\/\/accigest.com\/ca\/indemnitzacio-per-mort-en-accident-de-transit-afins\/\" rel=\"bookmark\">Indemnitzaci\u00f3 per mort en accident de tr\u00e0nsit (Els afins)<\/a><\/h3>\t<\/header><!-- .entry-header -->\n\n\t<div class=\"entry-content post post-service\">\n\t\tEls afins Abans de comen\u00e7ar cal aclarir que d\u2019acord amb el que estableix l\u2019Article 67, s\u00f3n\u00a0afins\u00a0els que, sense tenir la condici\u00f3 de c\u00f2njuge, ascendents, descendents o germans, haguessin conviscut familiarment amb el mort en l\u2019accident durant un m\u00ednim de 5 anys immediatament anteriors a la mort i fossin properes a&hellip;&nbsp;<a class=\"read-more\" href=\"https:\/\/accigest.com\/ca\/indemnitzacio-per-mort-en-accident-de-transit-afins\/\">Llegir m\u00e9s<\/a>\t<\/div><!-- .entry-content -->\n\t\n<\/article><!-- #post-2626 -->\n\n<article data-align=\"center\" id=\"post-2627\" class=\"post-2627 page type-page status-publish has-post-thumbnail hentry\">\n\n\t\n\t<header class=\"entry-header post post-centered\">\n\t\t<h3 class=\"entry-title\"><a href=\"https:\/\/accigest.com\/ca\/indemnitzacio-per-mort-en-accident-de-transit-germans\/\" rel=\"bookmark\">Indemnitzaci\u00f3 per mort en accident de tr\u00e0nsit (Els germans)<\/a><\/h3>\t<\/header><!-- .entry-header -->\n\n\t<div class=\"entry-content post post-service\">\n\t\tPerjudici personal b\u00e0sic dels germans (TAULA 1A) Taula 1A germans indemnitzaci\u00f3 mort en accident de tr\u00e0nsit Perjudicis particulars dels germans (TAULA 1B) Segons l\u2019Article 68 i com succeeix amb la resta dels perjudicats els perjudicis particulars dels germans no s\u00f3n excloents entre si i s\u00f3n acumulables. \u2013 Per discapacitat f\u00edsica,&hellip;&nbsp;<a class=\"read-more\" href=\"https:\/\/accigest.com\/ca\/indemnitzacio-per-mort-en-accident-de-transit-germans\/\">Llegir m\u00e9s<\/a>\t<\/div><!-- .entry-content -->\n\t\n<\/article><!-- #post-2627 -->\n\n<article data-align=\"center\" id=\"post-2629\" class=\"post-2629 page type-page status-publish has-post-thumbnail hentry\">\n\n\t\n\t<header class=\"entry-header post post-centered\">\n\t\t<h3 class=\"entry-title\"><a href=\"https:\/\/accigest.com\/ca\/indemnitzacio-per-mort-en-accident-de-transit-descendents\/\" rel=\"bookmark\">Indemnitzaci\u00f3 per mort en accident de tr\u00e0nsit (Els descendents)<\/a><\/h3>\t<\/header><!-- .entry-header -->\n\n\t<div class=\"entry-content post post-service\">\n\t\tEls descendents (Fills del mort\/a) Perjudici personal b\u00e0sic dels descendents (TAULA 1A) Taula 1A descendents indemnitzaci\u00f3 per mort en accident de tr\u00e0nsit Perjudicis particulars dels descendents (TAULA 1B) Segons l\u2019Article 68 i com succeeix amb la resta dels perjudicats els perjudicis particulars dels descendents s\u00f3n acumulables i no s\u00f3n excloents&hellip;&nbsp;<a class=\"read-more\" href=\"https:\/\/accigest.com\/ca\/indemnitzacio-per-mort-en-accident-de-transit-descendents\/\">Llegir m\u00e9s<\/a>\t<\/div><!-- .entry-content -->\n\t\n<\/article><!-- #post-2629 -->\n\n<article data-align=\"center\" id=\"post-2631\" class=\"post-2631 page type-page status-publish has-post-thumbnail hentry\">\n\n\t\n\t<header class=\"entry-header post post-centered\">\n\t\t<h3 class=\"entry-title\"><a href=\"https:\/\/accigest.com\/ca\/indemnitzacio-per-mort-en-accident-de-transit-ascendents\/\" rel=\"bookmark\">Indemnitzaci\u00f3 per mort en accident de tr\u00e0nsit (Els ascendents)<\/a><\/h3>\t<\/header><!-- .entry-header -->\n\n\t<div class=\"entry-content post post-service\">\n\t\tEls ascendents (pare o mare del mort\/a) Perjudici personal b\u00e0sic dels ascendents (TAULA 1A) \u2013 Segons l\u2019Article 64 cada progenitor tindr\u00e0 dret a rebre la quantitat de: 70.000 \u20ac si el fill mort tenia fins a 30 anys. 40.000 \u20ac si tenia m\u00e9s de 30 anys. En el sup\u00f2sit de&hellip;&nbsp;<a class=\"read-more\" href=\"https:\/\/accigest.com\/ca\/indemnitzacio-per-mort-en-accident-de-transit-ascendents\/\">Llegir m\u00e9s<\/a>\t<\/div><!-- .entry-content -->\n\t\n<\/article><!-- #post-2631 -->\n<\/div>\n","protected":false},"excerpt":{"rendered":"Els ascendents (pare o mare del mort\/a) Perjudici personal b\u00e0sic dels ascendents (TAULA 1A) \u2013 Segons l\u2019Article 64 cada progenitor tindr\u00e0 dret a rebre la quantitat de: 70.000 \u20ac si el fill mort tenia fins a 30 anys. 40.000 \u20ac si tenia m\u00e9s de 30 anys. En el sup\u00f2sit de&hellip;&nbsp;<a class=\"read-more\" href=\"https:\/\/accigest.com\/ca\/indemnitzacio-per-mort-en-accident-de-transit-ascendents\/\">Llegir m\u00e9s<\/a>","protected":false},"author":1,"featured_media":2303,"parent":0,"menu_order":0,"comment_status":"open","ping_status":"closed","template":"","meta":{"footnotes":""},"class_list":["post-2632","page","type-page","status-publish","has-post-thumbnail","hentry"],"yoast_head":"<!-- This site is optimized with the Yoast SEO plugin v27.4 - https:\/\/yoast.com\/product\/yoast-seo-wordpress\/ -->\n<title>Indemnitzaci\u00f3 per mort en accident de tr\u00e0nsit - Accigest<\/title>\n<meta name=\"description\" content=\"Expliquem els passos a seguir per reclamar una indmenitzaci\u00f3 per mort en un accident de tr\u00e0nsit. Des del punt de vista de cada perjudicat, conjugues vidus, pares, fills, germans i afins. Som advocats especialistes en aquest tipus de reclamacions.\" \/>\n<meta name=\"robots\" content=\"index, follow, max-snippet:-1, max-image-preview:large, max-video-preview:-1\" \/>\n<link rel=\"canonical\" href=\"https:\/\/accigest.com\/ca\/indemnitzacio-per-mort-en-accidents-de-transit\/\" \/>\n<meta property=\"og:locale\" content=\"ca_ES\" \/>\n<meta property=\"og:type\" content=\"article\" \/>\n<meta property=\"og:title\" content=\"Indemnitzaci\u00f3 per mort en accident de tr\u00e0nsit - Accigest\" \/>\n<meta property=\"og:description\" content=\"Expliquem els passos a seguir per reclamar una indmenitzaci\u00f3 per mort en un accident de tr\u00e0nsit. Des del punt de vista de cada perjudicat, conjugues vidus, pares, fills, germans i afins. Som advocats especialistes en aquest tipus de reclamacions.\" \/>\n<meta property=\"og:url\" content=\"https:\/\/accigest.com\/ca\/indemnitzacio-per-mort-en-accidents-de-transit\/\" \/>\n<meta property=\"og:site_name\" content=\"Accigest\" \/>\n<meta property=\"article:modified_time\" content=\"2021-10-16T19:49:32+00:00\" \/>\n<meta property=\"og:image\" content=\"https:\/\/accigest.com\/wp-content\/uploads\/2016\/06\/que-pasa-en-tu-cuerpo-cuando-sientes-tristeza.jpg\" \/>\n\t<meta property=\"og:image:width\" content=\"1260\" \/>\n\t<meta property=\"og:image:height\" content=\"840\" \/>\n\t<meta property=\"og:image:type\" content=\"image\/jpeg\" \/>\n<meta name=\"twitter:card\" content=\"summary_large_image\" \/>\n<meta name=\"twitter:label1\" content=\"Temps estimat de lectura\" \/>\n\t<meta name=\"twitter:data1\" content=\"1 minut\" \/>\n<script type=\"application\/ld+json\" class=\"yoast-schema-graph\">{\"@context\":\"https:\\\/\\\/schema.org\",\"@graph\":[{\"@type\":\"WebPage\",\"@id\":\"https:\\\/\\\/accigest.com\\\/ca\\\/indemnitzacio-per-mort-en-accidents-de-transit\\\/\",\"url\":\"https:\\\/\\\/accigest.com\\\/ca\\\/indemnitzacio-per-mort-en-accidents-de-transit\\\/\",\"name\":\"Indemnitzaci\u00f3 per mort en accident de tr\u00e0nsit - Accigest\",\"isPartOf\":{\"@id\":\"https:\\\/\\\/accigest.com\\\/ca\\\/#website\"},\"primaryImageOfPage\":{\"@id\":\"https:\\\/\\\/accigest.com\\\/ca\\\/indemnitzacio-per-mort-en-accidents-de-transit\\\/#primaryimage\"},\"image\":{\"@id\":\"https:\\\/\\\/accigest.com\\\/ca\\\/indemnitzacio-per-mort-en-accidents-de-transit\\\/#primaryimage\"},\"thumbnailUrl\":\"https:\\\/\\\/accigest.com\\\/wp-content\\\/uploads\\\/2016\\\/06\\\/que-pasa-en-tu-cuerpo-cuando-sientes-tristeza.jpg\",\"datePublished\":\"2016-06-30T05:41:37+00:00\",\"dateModified\":\"2021-10-16T19:49:32+00:00\",\"description\":\"Expliquem els passos a seguir per reclamar una indmenitzaci\u00f3 per mort en un accident de tr\u00e0nsit. Des del punt de vista de cada perjudicat, conjugues vidus, pares, fills, germans i afins. Som advocats especialistes en aquest tipus de reclamacions.\",\"breadcrumb\":{\"@id\":\"https:\\\/\\\/accigest.com\\\/ca\\\/indemnitzacio-per-mort-en-accidents-de-transit\\\/#breadcrumb\"},\"inLanguage\":\"ca\",\"potentialAction\":[{\"@type\":\"ReadAction\",\"target\":[\"https:\\\/\\\/accigest.com\\\/ca\\\/indemnitzacio-per-mort-en-accidents-de-transit\\\/\"]}]},{\"@type\":\"ImageObject\",\"inLanguage\":\"ca\",\"@id\":\"https:\\\/\\\/accigest.com\\\/ca\\\/indemnitzacio-per-mort-en-accidents-de-transit\\\/#primaryimage\",\"url\":\"https:\\\/\\\/accigest.com\\\/wp-content\\\/uploads\\\/2016\\\/06\\\/que-pasa-en-tu-cuerpo-cuando-sientes-tristeza.jpg\",\"contentUrl\":\"https:\\\/\\\/accigest.com\\\/wp-content\\\/uploads\\\/2016\\\/06\\\/que-pasa-en-tu-cuerpo-cuando-sientes-tristeza.jpg\",\"width\":1260,\"height\":840,\"caption\":\"que-pasa-en-tu-cuerpo-cuando-sientes-tristeza\"},{\"@type\":\"BreadcrumbList\",\"@id\":\"https:\\\/\\\/accigest.com\\\/ca\\\/indemnitzacio-per-mort-en-accidents-de-transit\\\/#breadcrumb\",\"itemListElement\":[{\"@type\":\"ListItem\",\"position\":1,\"name\":\"Inici\",\"item\":\"https:\\\/\\\/accigest.com\\\/ca\\\/\"},{\"@type\":\"ListItem\",\"position\":2,\"name\":\"Indemnitzaci\u00f3 per mort en accident de tr\u00e0nsit\"}]},{\"@type\":\"WebSite\",\"@id\":\"https:\\\/\\\/accigest.com\\\/ca\\\/#website\",\"url\":\"https:\\\/\\\/accigest.com\\\/ca\\\/\",\"name\":\"Accigest\",\"description\":\"Especialistas en  indemnizaciones por  accidentes de tr\u00e1fico\",\"publisher\":{\"@id\":\"https:\\\/\\\/accigest.com\\\/ca\\\/#organization\"},\"potentialAction\":[{\"@type\":\"SearchAction\",\"target\":{\"@type\":\"EntryPoint\",\"urlTemplate\":\"https:\\\/\\\/accigest.com\\\/ca\\\/?s={search_term_string}\"},\"query-input\":{\"@type\":\"PropertyValueSpecification\",\"valueRequired\":true,\"valueName\":\"search_term_string\"}}],\"inLanguage\":\"ca\"},{\"@type\":\"Organization\",\"@id\":\"https:\\\/\\\/accigest.com\\\/ca\\\/#organization\",\"name\":\"Accigest Abogados de Accidentes Tr\u00e1fico\",\"url\":\"https:\\\/\\\/accigest.com\\\/ca\\\/\",\"logo\":{\"@type\":\"ImageObject\",\"inLanguage\":\"ca\",\"@id\":\"https:\\\/\\\/accigest.com\\\/ca\\\/#\\\/schema\\\/logo\\\/image\\\/\",\"url\":\"https:\\\/\\\/accigest.com\\\/wp-content\\\/uploads\\\/2021\\\/06\\\/logo-accigest.svg\",\"contentUrl\":\"https:\\\/\\\/accigest.com\\\/wp-content\\\/uploads\\\/2021\\\/06\\\/logo-accigest.svg\",\"width\":1,\"height\":1,\"caption\":\"Accigest Abogados de Accidentes Tr\u00e1fico\"},\"image\":{\"@id\":\"https:\\\/\\\/accigest.com\\\/ca\\\/#\\\/schema\\\/logo\\\/image\\\/\"}}]}<\/script>\n<!-- \/ Yoast SEO plugin. -->","yoast_head_json":{"title":"Indemnitzaci\u00f3 per mort en accident de tr\u00e0nsit - Accigest","description":"Expliquem els passos a seguir per reclamar una indmenitzaci\u00f3 per mort en un accident de tr\u00e0nsit. Des del punt de vista de cada perjudicat, conjugues vidus, pares, fills, germans i afins. Som advocats especialistes en aquest tipus de reclamacions.","robots":{"index":"index","follow":"follow","max-snippet":"max-snippet:-1","max-image-preview":"max-image-preview:large","max-video-preview":"max-video-preview:-1"},"canonical":"https:\/\/accigest.com\/ca\/indemnitzacio-per-mort-en-accidents-de-transit\/","og_locale":"ca_ES","og_type":"article","og_title":"Indemnitzaci\u00f3 per mort en accident de tr\u00e0nsit - Accigest","og_description":"Expliquem els passos a seguir per reclamar una indmenitzaci\u00f3 per mort en un accident de tr\u00e0nsit. Des del punt de vista de cada perjudicat, conjugues vidus, pares, fills, germans i afins. Som advocats especialistes en aquest tipus de reclamacions.","og_url":"https:\/\/accigest.com\/ca\/indemnitzacio-per-mort-en-accidents-de-transit\/","og_site_name":"Accigest","article_modified_time":"2021-10-16T19:49:32+00:00","og_image":[{"width":1260,"height":840,"url":"https:\/\/accigest.com\/wp-content\/uploads\/2016\/06\/que-pasa-en-tu-cuerpo-cuando-sientes-tristeza.jpg","type":"image\/jpeg"}],"twitter_card":"summary_large_image","twitter_misc":{"Temps estimat de lectura":"1 minut"},"schema":{"@context":"https:\/\/schema.org","@graph":[{"@type":"WebPage","@id":"https:\/\/accigest.com\/ca\/indemnitzacio-per-mort-en-accidents-de-transit\/","url":"https:\/\/accigest.com\/ca\/indemnitzacio-per-mort-en-accidents-de-transit\/","name":"Indemnitzaci\u00f3 per mort en accident de tr\u00e0nsit - Accigest","isPartOf":{"@id":"https:\/\/accigest.com\/ca\/#website"},"primaryImageOfPage":{"@id":"https:\/\/accigest.com\/ca\/indemnitzacio-per-mort-en-accidents-de-transit\/#primaryimage"},"image":{"@id":"https:\/\/accigest.com\/ca\/indemnitzacio-per-mort-en-accidents-de-transit\/#primaryimage"},"thumbnailUrl":"https:\/\/accigest.com\/wp-content\/uploads\/2016\/06\/que-pasa-en-tu-cuerpo-cuando-sientes-tristeza.jpg","datePublished":"2016-06-30T05:41:37+00:00","dateModified":"2021-10-16T19:49:32+00:00","description":"Expliquem els passos a seguir per reclamar una indmenitzaci\u00f3 per mort en un accident de tr\u00e0nsit. Des del punt de vista de cada perjudicat, conjugues vidus, pares, fills, germans i afins. Som advocats especialistes en aquest tipus de reclamacions.","breadcrumb":{"@id":"https:\/\/accigest.com\/ca\/indemnitzacio-per-mort-en-accidents-de-transit\/#breadcrumb"},"inLanguage":"ca","potentialAction":[{"@type":"ReadAction","target":["https:\/\/accigest.com\/ca\/indemnitzacio-per-mort-en-accidents-de-transit\/"]}]},{"@type":"ImageObject","inLanguage":"ca","@id":"https:\/\/accigest.com\/ca\/indemnitzacio-per-mort-en-accidents-de-transit\/#primaryimage","url":"https:\/\/accigest.com\/wp-content\/uploads\/2016\/06\/que-pasa-en-tu-cuerpo-cuando-sientes-tristeza.jpg","contentUrl":"https:\/\/accigest.com\/wp-content\/uploads\/2016\/06\/que-pasa-en-tu-cuerpo-cuando-sientes-tristeza.jpg","width":1260,"height":840,"caption":"que-pasa-en-tu-cuerpo-cuando-sientes-tristeza"},{"@type":"BreadcrumbList","@id":"https:\/\/accigest.com\/ca\/indemnitzacio-per-mort-en-accidents-de-transit\/#breadcrumb","itemListElement":[{"@type":"ListItem","position":1,"name":"Inici","item":"https:\/\/accigest.com\/ca\/"},{"@type":"ListItem","position":2,"name":"Indemnitzaci\u00f3 per mort en accident de tr\u00e0nsit"}]},{"@type":"WebSite","@id":"https:\/\/accigest.com\/ca\/#website","url":"https:\/\/accigest.com\/ca\/","name":"Accigest","description":"Especialistas en  indemnizaciones por  accidentes de tr\u00e1fico","publisher":{"@id":"https:\/\/accigest.com\/ca\/#organization"},"potentialAction":[{"@type":"SearchAction","target":{"@type":"EntryPoint","urlTemplate":"https:\/\/accigest.com\/ca\/?s={search_term_string}"},"query-input":{"@type":"PropertyValueSpecification","valueRequired":true,"valueName":"search_term_string"}}],"inLanguage":"ca"},{"@type":"Organization","@id":"https:\/\/accigest.com\/ca\/#organization","name":"Accigest Abogados de Accidentes Tr\u00e1fico","url":"https:\/\/accigest.com\/ca\/","logo":{"@type":"ImageObject","inLanguage":"ca","@id":"https:\/\/accigest.com\/ca\/#\/schema\/logo\/image\/","url":"https:\/\/accigest.com\/wp-content\/uploads\/2021\/06\/logo-accigest.svg","contentUrl":"https:\/\/accigest.com\/wp-content\/uploads\/2021\/06\/logo-accigest.svg","width":1,"height":1,"caption":"Accigest Abogados de Accidentes Tr\u00e1fico"},"image":{"@id":"https:\/\/accigest.com\/ca\/#\/schema\/logo\/image\/"}}]}},"_links":{"self":[{"href":"https:\/\/accigest.com\/ca\/wp-json\/wp\/v2\/pages\/2632","targetHints":{"allow":["GET"]}}],"collection":[{"href":"https:\/\/accigest.com\/ca\/wp-json\/wp\/v2\/pages"}],"about":[{"href":"https:\/\/accigest.com\/ca\/wp-json\/wp\/v2\/types\/page"}],"author":[{"embeddable":true,"href":"https:\/\/accigest.com\/ca\/wp-json\/wp\/v2\/users\/1"}],"replies":[{"embeddable":true,"href":"https:\/\/accigest.com\/ca\/wp-json\/wp\/v2\/comments?post=2632"}],"version-history":[{"count":8,"href":"https:\/\/accigest.com\/ca\/wp-json\/wp\/v2\/pages\/2632\/revisions"}],"predecessor-version":[{"id":7384,"href":"https:\/\/accigest.com\/ca\/wp-json\/wp\/v2\/pages\/2632\/revisions\/7384"}],"wp:featuredmedia":[{"embeddable":true,"href":"https:\/\/accigest.com\/ca\/wp-json\/wp\/v2\/media\/2303"}],"wp:attachment":[{"href":"https:\/\/accigest.com\/ca\/wp-json\/wp\/v2\/media?parent=2632"}],"curies":[{"name":"wp","href":"https:\/\/api.w.org\/{rel}","templated":true}]}}