{"id":2697,"date":"2017-10-27T07:21:22","date_gmt":"2017-10-27T07:21:22","guid":{"rendered":"https:\/\/accigest.staging3w.com\/aviso-legal\/"},"modified":"2025-04-24T23:27:07","modified_gmt":"2025-04-24T21:27:07","slug":"avis-legal","status":"publish","type":"page","link":"https:\/\/accigest.com\/ca\/avis-legal\/","title":{"rendered":"Av\u00eds Legal"},"content":{"rendered":"<p class=\"\" data-start=\"40\" data-end=\"269\"><strong data-start=\"40\" data-end=\"269\">En compliment amb el deure d&#8217;informaci\u00f3 recollit a l&#8217;article 10 de la Llei 34\/2002, de 11 de juliol, de Serveis de la Societat de la Informaci\u00f3 i del Comer\u00e7 Electr\u00f2nic (LSSICE), el propietari de la web li informa del seg\u00fcent:<\/strong><\/p>\n<p class=\"\" data-start=\"271\" data-end=\"339\">Denominaci\u00f3 social: <strong data-start=\"291\" data-end=\"339\">ACCIGEST INDEMNITZACIONS PER ACCIDENTS, S.L.<\/strong><\/p>\n<p class=\"\" data-start=\"341\" data-end=\"359\">NIF: <strong data-start=\"346\" data-end=\"359\">B66855321<\/strong><\/p>\n<p class=\"\" data-start=\"361\" data-end=\"436\">Domicili: <strong data-start=\"371\" data-end=\"436\">Carretera Montcada 185, Local 2, 08221 &#8211; Terrassa (Barcelona)<\/strong><\/p>\n<p class=\"\" data-start=\"438\" data-end=\"693\">Amb els l\u00edmits establerts per la llei, <strong data-start=\"477\" data-end=\"525\">ACCIGEST INDEMNITZACIONS PER ACCIDENTS, S.L.<\/strong> no assumeix cap responsabilitat derivada de la falta de veracitat, integritat, actualitzaci\u00f3 i precisi\u00f3 de les dades o informacions que contenen les seves p\u00e0gines web.<\/p>\n<p class=\"\" data-start=\"695\" data-end=\"941\">Els continguts i la informaci\u00f3 no vinculen <strong data-start=\"738\" data-end=\"786\">ACCIGEST INDEMNITZACIONS PER ACCIDENTS, S.L.<\/strong> ni constitueixen opinions, consells o assessorament legal de cap tipus, ja que es tracta \u00fanicament d&#8217;un servei ofert amb car\u00e0cter informatiu i divulgatiu.<\/p>\n<p class=\"\" data-start=\"943\" data-end=\"1295\">Les p\u00e0gines d&#8217;Internet d&#8217;<strong data-start=\"968\" data-end=\"1016\">ACCIGEST INDEMNITZACIONS PER ACCIDENTS, S.L.<\/strong> poden contenir enlla\u00e7os (links) a altres p\u00e0gines de tercers que <strong data-start=\"1081\" data-end=\"1129\">ACCIGEST INDEMNITZACIONS PER ACCIDENTS, S.L.<\/strong> no pot controlar. Per tant, <strong data-start=\"1158\" data-end=\"1206\">ACCIGEST INDEMNITZACIONS PER ACCIDENTS, S.L.<\/strong> no pot assumir responsabilitats pel contingut que pugui apar\u00e8ixer en p\u00e0gines de tercers.<\/p>\n<p class=\"\" data-start=\"1297\" data-end=\"1714\">Els textos, imatges, sons, animacions, programari i la resta de continguts inclosos en aquest lloc web s\u00f3n propietat exclusiva d&#8217;<strong data-start=\"1426\" data-end=\"1474\">ACCIGEST INDEMNITZACIONS PER ACCIDENTS, S.L.<\/strong> o dels seus llicenciants. Qualsevol acte de transmissi\u00f3, distribuci\u00f3, cessi\u00f3, reproducci\u00f3, emmagatzematge o comunicaci\u00f3 p\u00fablica total o parcial haur\u00e0 de comptar amb el consentiment expr\u00e9s d&#8217;<strong data-start=\"1665\" data-end=\"1713\">ACCIGEST INDEMNITZACIONS PER ACCIDENTS, S.L.<\/strong>.<\/p>\n<p class=\"\" data-start=\"1716\" data-end=\"2467\">Aix\u00ed mateix, per accedir a alguns dels serveis que <strong data-start=\"1767\" data-end=\"1815\">ACCIGEST INDEMNITZACIONS PER ACCIDENTS, S.L.<\/strong> ofereix a trav\u00e9s del lloc web, haur\u00e0 de proporcionar algunes dades de car\u00e0cter personal. En compliment del que disposa el Reglament (UE) 2016\/679 del Parlament Europeu i del Consell, de 27 d&#8217;abril de 2016, relatiu a la protecci\u00f3 de les persones f\u00edsiques pel que fa al tractament de dades personals i a la lliure circulaci\u00f3 d&#8217;aquests, li informem que, mitjan\u00e7ant la cumplimentaci\u00f3 d&#8217;aquests formularis, les seves dades personals quedaran incorporades i seran tractades als fitxers d&#8217;<strong data-start=\"2298\" data-end=\"2346\">ACCIGEST INDEMNITZACIONS PER ACCIDENTS, S.L.<\/strong> amb la finalitat de poder-li prestar i oferir els nostres serveis aix\u00ed com per informar-li de les millores del lloc web.<\/p>\n<p class=\"\" data-start=\"2469\" data-end=\"2814\">Li informem tamb\u00e9 que tindr\u00e0 la possibilitat en tot moment d&#8217;exercir els drets d&#8217;acc\u00e9s, rectificaci\u00f3, cancel\u00b7laci\u00f3, oposici\u00f3, limitaci\u00f3 i portabilitat de les seves dades de car\u00e0cter personal, de manera gratu\u00efta mitjan\u00e7ant correu electr\u00f2nic a: <strong data-start=\"2712\" data-end=\"2733\"><a class=\"cursor-pointer\" rel=\"noopener\" data-start=\"2714\" data-end=\"2731\">info@accigest.com<\/a><\/strong> o a l&#8217;adre\u00e7a: <strong data-start=\"2748\" data-end=\"2813\">Carretera Montcada 185, Local 2, 08221 &#8211; Terrassa (Barcelona)<\/strong>.<\/p>\n<p class=\"\" data-start=\"2816\" data-end=\"2832\"><strong data-start=\"2816\" data-end=\"2832\">REV: <\/strong>20.3009<\/p>\n","protected":false},"excerpt":{"rendered":"En compliment amb el deure d'informaci\u00f3 recollit a l'article 10 de la Llei 34\/2002, de 11 de juliol, de Serveis de la Societat de la Informaci\u00f3 i del Comer\u00e7 Electr\u00f2nic (LSSICE), el propietari de la web li informa del seg\u00fcent: Denominaci\u00f3 social: ACCIGEST INDEMNITZACIONS PER ACCIDENTS, S.L. NIF: B66855321 Domicili:&hellip;&nbsp;<a class=\"read-more\" href=\"https:\/\/accigest.com\/ca\/avis-legal\/\">Llegir m\u00e9s<\/a>","protected":false},"author":1,"featured_media":0,"parent":0,"menu_order":0,"comment_status":"closed","ping_status":"closed","template":"","meta":{"footnotes":""},"class_list":["post-2697","page","type-page","status-publish","hentry"],"yoast_head":"<!-- This site is optimized with the Yoast SEO plugin v27.4 - https:\/\/yoast.com\/product\/yoast-seo-wordpress\/ -->\n<title>Av\u00eds Legal - Accigest<\/title>\n<meta name=\"description\" content=\"L&#039;av\u00eds legal i tota la pol\u00edtica de privacitat que exposa l&#039;empresa d&#039;advocats d&#039;accidents de tr\u00e0nsit, Accigest.\" \/>\n<meta name=\"robots\" content=\"noindex, follow\" \/>\n<meta property=\"og:locale\" content=\"ca_ES\" \/>\n<meta property=\"og:type\" content=\"article\" \/>\n<meta property=\"og:title\" content=\"Av\u00eds Legal - Accigest\" \/>\n<meta property=\"og:description\" content=\"L&#039;av\u00eds legal i tota la pol\u00edtica de privacitat que exposa l&#039;empresa d&#039;advocats d&#039;accidents de tr\u00e0nsit, Accigest.\" \/>\n<meta property=\"og:url\" content=\"https:\/\/accigest.com\/ca\/avis-legal\/\" \/>\n<meta property=\"og:site_name\" content=\"Accigest\" \/>\n<meta property=\"article:modified_time\" content=\"2025-04-24T21:27:07+00:00\" \/>\n<meta name=\"twitter:card\" content=\"summary_large_image\" \/>\n<meta name=\"twitter:label1\" content=\"Temps estimat de lectura\" \/>\n\t<meta name=\"twitter:data1\" content=\"3 minuts\" \/>\n<script type=\"application\/ld+json\" class=\"yoast-schema-graph\">{\"@context\":\"https:\\\/\\\/schema.org\",\"@graph\":[{\"@type\":\"WebPage\",\"@id\":\"https:\\\/\\\/accigest.com\\\/ca\\\/avis-legal\\\/\",\"url\":\"https:\\\/\\\/accigest.com\\\/ca\\\/avis-legal\\\/\",\"name\":\"Av\u00eds Legal - Accigest\",\"isPartOf\":{\"@id\":\"https:\\\/\\\/accigest.com\\\/ca\\\/#website\"},\"datePublished\":\"2017-10-27T07:21:22+00:00\",\"dateModified\":\"2025-04-24T21:27:07+00:00\",\"description\":\"L'av\u00eds legal i tota la pol\u00edtica de privacitat que exposa l'empresa d'advocats d'accidents de tr\u00e0nsit, Accigest.\",\"breadcrumb\":{\"@id\":\"https:\\\/\\\/accigest.com\\\/ca\\\/avis-legal\\\/#breadcrumb\"},\"inLanguage\":\"ca\",\"potentialAction\":[{\"@type\":\"ReadAction\",\"target\":[\"https:\\\/\\\/accigest.com\\\/ca\\\/avis-legal\\\/\"]}]},{\"@type\":\"BreadcrumbList\",\"@id\":\"https:\\\/\\\/accigest.com\\\/ca\\\/avis-legal\\\/#breadcrumb\",\"itemListElement\":[{\"@type\":\"ListItem\",\"position\":1,\"name\":\"Inici\",\"item\":\"https:\\\/\\\/accigest.com\\\/ca\\\/\"},{\"@type\":\"ListItem\",\"position\":2,\"name\":\"Av\u00eds Legal\"}]},{\"@type\":\"WebSite\",\"@id\":\"https:\\\/\\\/accigest.com\\\/ca\\\/#website\",\"url\":\"https:\\\/\\\/accigest.com\\\/ca\\\/\",\"name\":\"Accigest\",\"description\":\"Especialistas en  indemnizaciones por  accidentes de tr\u00e1fico\",\"publisher\":{\"@id\":\"https:\\\/\\\/accigest.com\\\/ca\\\/#organization\"},\"potentialAction\":[{\"@type\":\"SearchAction\",\"target\":{\"@type\":\"EntryPoint\",\"urlTemplate\":\"https:\\\/\\\/accigest.com\\\/ca\\\/?s={search_term_string}\"},\"query-input\":{\"@type\":\"PropertyValueSpecification\",\"valueRequired\":true,\"valueName\":\"search_term_string\"}}],\"inLanguage\":\"ca\"},{\"@type\":\"Organization\",\"@id\":\"https:\\\/\\\/accigest.com\\\/ca\\\/#organization\",\"name\":\"Accigest Abogados de Accidentes Tr\u00e1fico\",\"url\":\"https:\\\/\\\/accigest.com\\\/ca\\\/\",\"logo\":{\"@type\":\"ImageObject\",\"inLanguage\":\"ca\",\"@id\":\"https:\\\/\\\/accigest.com\\\/ca\\\/#\\\/schema\\\/logo\\\/image\\\/\",\"url\":\"https:\\\/\\\/accigest.com\\\/wp-content\\\/uploads\\\/2021\\\/06\\\/logo-accigest.svg\",\"contentUrl\":\"https:\\\/\\\/accigest.com\\\/wp-content\\\/uploads\\\/2021\\\/06\\\/logo-accigest.svg\",\"width\":1,\"height\":1,\"caption\":\"Accigest Abogados de Accidentes Tr\u00e1fico\"},\"image\":{\"@id\":\"https:\\\/\\\/accigest.com\\\/ca\\\/#\\\/schema\\\/logo\\\/image\\\/\"}}]}<\/script>\n<!-- \/ Yoast SEO plugin. -->","yoast_head_json":{"title":"Av\u00eds Legal - Accigest","description":"L'av\u00eds legal i tota la pol\u00edtica de privacitat que exposa l'empresa d'advocats d'accidents de tr\u00e0nsit, Accigest.","robots":{"index":"noindex","follow":"follow"},"og_locale":"ca_ES","og_type":"article","og_title":"Av\u00eds Legal - Accigest","og_description":"L'av\u00eds legal i tota la pol\u00edtica de privacitat que exposa l'empresa d'advocats d'accidents de tr\u00e0nsit, Accigest.","og_url":"https:\/\/accigest.com\/ca\/avis-legal\/","og_site_name":"Accigest","article_modified_time":"2025-04-24T21:27:07+00:00","twitter_card":"summary_large_image","twitter_misc":{"Temps estimat de lectura":"3 minuts"},"schema":{"@context":"https:\/\/schema.org","@graph":[{"@type":"WebPage","@id":"https:\/\/accigest.com\/ca\/avis-legal\/","url":"https:\/\/accigest.com\/ca\/avis-legal\/","name":"Av\u00eds Legal - Accigest","isPartOf":{"@id":"https:\/\/accigest.com\/ca\/#website"},"datePublished":"2017-10-27T07:21:22+00:00","dateModified":"2025-04-24T21:27:07+00:00","description":"L'av\u00eds legal i tota la pol\u00edtica de privacitat que exposa l'empresa d'advocats d'accidents de tr\u00e0nsit, Accigest.","breadcrumb":{"@id":"https:\/\/accigest.com\/ca\/avis-legal\/#breadcrumb"},"inLanguage":"ca","potentialAction":[{"@type":"ReadAction","target":["https:\/\/accigest.com\/ca\/avis-legal\/"]}]},{"@type":"BreadcrumbList","@id":"https:\/\/accigest.com\/ca\/avis-legal\/#breadcrumb","itemListElement":[{"@type":"ListItem","position":1,"name":"Inici","item":"https:\/\/accigest.com\/ca\/"},{"@type":"ListItem","position":2,"name":"Av\u00eds Legal"}]},{"@type":"WebSite","@id":"https:\/\/accigest.com\/ca\/#website","url":"https:\/\/accigest.com\/ca\/","name":"Accigest","description":"Especialistas en  indemnizaciones por  accidentes de tr\u00e1fico","publisher":{"@id":"https:\/\/accigest.com\/ca\/#organization"},"potentialAction":[{"@type":"SearchAction","target":{"@type":"EntryPoint","urlTemplate":"https:\/\/accigest.com\/ca\/?s={search_term_string}"},"query-input":{"@type":"PropertyValueSpecification","valueRequired":true,"valueName":"search_term_string"}}],"inLanguage":"ca"},{"@type":"Organization","@id":"https:\/\/accigest.com\/ca\/#organization","name":"Accigest Abogados de Accidentes Tr\u00e1fico","url":"https:\/\/accigest.com\/ca\/","logo":{"@type":"ImageObject","inLanguage":"ca","@id":"https:\/\/accigest.com\/ca\/#\/schema\/logo\/image\/","url":"https:\/\/accigest.com\/wp-content\/uploads\/2021\/06\/logo-accigest.svg","contentUrl":"https:\/\/accigest.com\/wp-content\/uploads\/2021\/06\/logo-accigest.svg","width":1,"height":1,"caption":"Accigest Abogados de Accidentes Tr\u00e1fico"},"image":{"@id":"https:\/\/accigest.com\/ca\/#\/schema\/logo\/image\/"}}]}},"_links":{"self":[{"href":"https:\/\/accigest.com\/ca\/wp-json\/wp\/v2\/pages\/2697","targetHints":{"allow":["GET"]}}],"collection":[{"href":"https:\/\/accigest.com\/ca\/wp-json\/wp\/v2\/pages"}],"about":[{"href":"https:\/\/accigest.com\/ca\/wp-json\/wp\/v2\/types\/page"}],"author":[{"embeddable":true,"href":"https:\/\/accigest.com\/ca\/wp-json\/wp\/v2\/users\/1"}],"replies":[{"embeddable":true,"href":"https:\/\/accigest.com\/ca\/wp-json\/wp\/v2\/comments?post=2697"}],"version-history":[{"count":5,"href":"https:\/\/accigest.com\/ca\/wp-json\/wp\/v2\/pages\/2697\/revisions"}],"predecessor-version":[{"id":8892,"href":"https:\/\/accigest.com\/ca\/wp-json\/wp\/v2\/pages\/2697\/revisions\/8892"}],"wp:attachment":[{"href":"https:\/\/accigest.com\/ca\/wp-json\/wp\/v2\/media?parent=2697"}],"curies":[{"name":"wp","href":"https:\/\/api.w.org\/{rel}","templated":true}]}}