{"id":3357,"date":"2018-02-23T12:31:12","date_gmt":"2018-02-23T12:31:12","guid":{"rendered":"https:\/\/accigest.staging3w.com\/?page_id=3357"},"modified":"2022-03-28T21:12:51","modified_gmt":"2022-03-28T19:12:51","slug":"advocats-especialitzats-en-accidents-de-transit-a-granollers","status":"publish","type":"page","link":"https:\/\/accigest.com\/ca\/advocats-especialitzats-en-accidents-de-transit-a-granollers\/","title":{"rendered":"Advocats especialitzats en accidents de tr\u00e0nsit a Granollers"},"content":{"rendered":"<h2>\u00bfEst\u00e0 buscant un advocat per un accident de tr\u00e0nsit a Granollers?<\/h2>\n<p>Si ha patit un accident de tr\u00e0nsit i desitja contractar un advocat particular, extern a les companyies asseguradores, vost\u00e8 ha de saber que en&nbsp;Accigest&nbsp;comptem amb metges experts en la valoraci\u00f3 del dany corporal, <strong>advocats especialitzats en el dret de la circulaci\u00f3 i gestors especialistes en la negociaci\u00f3 d&#8217;indemnitzacions,<\/strong> que vetllaran pels seus interessos a fi de rescabalar els danys i perjudicis ocasionats.<\/p>\n\n\n<div class=\"wp-block-columns ag-section ag-section-icons is-layout-flex wp-container-core-columns-is-layout-9d6595d7 wp-block-columns-is-layout-flex\">\n<div class=\"wp-block-column icons-text__item is-layout-flow wp-block-column-is-layout-flow\">\n<div class=\"wp-block-group\"><div class=\"wp-block-group__inner-container is-layout-flow wp-block-group-is-layout-flow\">\n<figure class=\"wp-block-image size-large\"><img decoding=\"async\" src=\"https:\/\/accigest.com\/wp-content\/uploads\/2021\/06\/icon-visitas-a-dominiclio.svg\" alt=\"\" class=\"wp-image-5981\"\/><\/figure>\n\n\n\n<p>Visites a domicili gratu\u00eftes<\/p>\n<\/div><\/div>\n\n\n\n<p><\/p>\n<\/div>\n\n\n\n<div class=\"wp-block-column icons-text__item is-layout-flow wp-block-column-is-layout-flow\">\n<div class=\"wp-block-group\"><div class=\"wp-block-group__inner-container is-layout-flow wp-block-group-is-layout-flow\">\n<figure class=\"wp-block-image size-large\"><img decoding=\"async\" src=\"https:\/\/accigest.com\/wp-content\/uploads\/2021\/06\/icon-solo-cobramos-1.svg\" alt=\"S\u00f3lo cobramos si usted cobra\" class=\"wp-image-5983\"\/><\/figure>\n\n\n\n<p>Nom\u00e9s cobrem quan vost\u00e8 cobri<\/p>\n<\/div><\/div>\n<\/div>\n<\/div>\n\n\n<h2>\u00bfPer qu\u00e8 contactar amb Accigest?<\/h2>\n<p>En contractar una p\u00f2lissa d&#8217;asseguran\u00e7a d&#8217;autom\u00f2bil amb qualsevol companyia asseguradora es posa a la disposici\u00f3 de l&#8217;assegurat la cobertura de \u201cdefensa jur\u00eddica\u201d, per la qual cosa podr\u00e0 encarregar la seva reclamaci\u00f3&nbsp;indemnitzat\u00f2ria&nbsp;a un advocat de confian\u00e7a de Granollers, ali\u00e8 a les asseguradores, les quals determinen la indemnitzaci\u00f3 del client en base als seus propis criteris, suposant el risc de cobrar una indemnitzaci\u00f3 insuficient per a l&#8217;abast dels danys ocasionats en l&#8217;accident.<\/p>\n<p>El nostre \u00fanic i exclusiu objectiu \u00e9s aconseguir la m\u00e0xima compensaci\u00f3 econ\u00f2mica a les persones que desgraciadament pateixen un accident de tr\u00e0nsit o un atropellament, per la qual cosa donem prioritat total als interessos dels nostres clients. Li proporcionarem una gesti\u00f3 integral des del moment de l&#8217;accident fins que cobri la seva indemnitzaci\u00f3.<\/p>\n<p>Ha de saber que treballem totalment a comissi\u00f3, no cobrem res per avan\u00e7at, per la qual cosa no haur\u00e0 de desemborsar cap quantitat de diners fins a haver obtingut la seva indemnitzaci\u00f3.<\/p>\n<h2>Especialistes en Accidents a Granollers<\/h2>\n<p>No dubti a fer-nos una consulta ara,<strong> trucant o emplenant el formulari de contacte<\/strong> i els nostres advocats especialistes de Granollers li assessoraran sense cap tipus de comprom\u00eds sobre el funcionament de&nbsp;Accigest&nbsp;i els passos a seguir per obtenir la corresponent indemnitzaci\u00f3.<\/p>","protected":false},"excerpt":{"rendered":"\u00bfEst\u00e0 buscant un advocat per un accident de tr\u00e0nsit a Granollers? Si ha patit un accident de tr\u00e0nsit i desitja contractar un advocat particular, extern a les companyies asseguradores, vost\u00e8 ha de saber que en&nbsp;Accigest&nbsp;comptem amb metges experts en la valoraci\u00f3 del dany corporal, advocats especialitzats en el dret de&hellip;&nbsp;<a class=\"read-more\" href=\"https:\/\/accigest.com\/ca\/advocats-especialitzats-en-accidents-de-transit-a-granollers\/\">Llegir m\u00e9s<\/a>","protected":false},"author":2,"featured_media":0,"parent":0,"menu_order":0,"comment_status":"closed","ping_status":"closed","template":"","meta":{"footnotes":""},"class_list":["post-3357","page","type-page","status-publish","hentry"],"yoast_head":"<!-- This site is optimized with the Yoast SEO plugin v27.1.1 - https:\/\/yoast.com\/product\/yoast-seo-wordpress\/ -->\n<title>Advocats especialitzats en accidents de tr\u00e0nsit a Granollers | Accigest<\/title>\n<meta name=\"description\" content=\"Accigest disposa dels millors advocats especialistes en accidents de tr\u00e0nsit per a un assessorament personalitzat, relacionat amb qualsevol tema per col\u00b7lisi\u00f3 o atropellament a Granollers. Contacta&#039;ns sense comprom\u00eds \u260e 630 202 144\" \/>\n<meta name=\"robots\" content=\"index, follow, max-snippet:-1, max-image-preview:large, max-video-preview:-1\" \/>\n<link rel=\"canonical\" href=\"https:\/\/accigest.com\/ca\/advocats-especialitzats-en-accidents-de-transit-a-granollers\/\" \/>\n<meta property=\"og:locale\" content=\"ca_ES\" \/>\n<meta property=\"og:type\" content=\"article\" \/>\n<meta property=\"og:title\" content=\"Advocats especialitzats en accidents de tr\u00e0nsit a Granollers | Accigest\" \/>\n<meta property=\"og:description\" content=\"Accigest disposa dels millors advocats especialistes en accidents de tr\u00e0nsit per a un assessorament personalitzat, relacionat amb qualsevol tema per col\u00b7lisi\u00f3 o atropellament a Granollers. Contacta&#039;ns sense comprom\u00eds \u260e 630 202 144\" \/>\n<meta property=\"og:url\" content=\"https:\/\/accigest.com\/ca\/advocats-especialitzats-en-accidents-de-transit-a-granollers\/\" \/>\n<meta property=\"og:site_name\" content=\"Accigest\" \/>\n<meta property=\"article:modified_time\" content=\"2022-03-28T19:12:51+00:00\" \/>\n<meta name=\"twitter:card\" content=\"summary_large_image\" \/>\n<meta name=\"twitter:label1\" content=\"Temps estimat de lectura\" \/>\n\t<meta name=\"twitter:data1\" content=\"2 minuts\" \/>\n<script type=\"application\/ld+json\" class=\"yoast-schema-graph\">{\"@context\":\"https:\/\/schema.org\",\"@graph\":[{\"@type\":\"WebPage\",\"@id\":\"https:\/\/accigest.com\/ca\/advocats-especialitzats-en-accidents-de-transit-a-granollers\/\",\"url\":\"https:\/\/accigest.com\/ca\/advocats-especialitzats-en-accidents-de-transit-a-granollers\/\",\"name\":\"Advocats especialitzats en accidents de tr\u00e0nsit a Granollers | Accigest\",\"isPartOf\":{\"@id\":\"https:\/\/accigest.com\/ca\/#website\"},\"datePublished\":\"2018-02-23T12:31:12+00:00\",\"dateModified\":\"2022-03-28T19:12:51+00:00\",\"description\":\"Accigest disposa dels millors advocats especialistes en accidents de tr\u00e0nsit per a un assessorament personalitzat, relacionat amb qualsevol tema per col\u00b7lisi\u00f3 o atropellament a Granollers. Contacta'ns sense comprom\u00eds \u260e 630 202 144\",\"breadcrumb\":{\"@id\":\"https:\/\/accigest.com\/ca\/advocats-especialitzats-en-accidents-de-transit-a-granollers\/#breadcrumb\"},\"inLanguage\":\"ca\",\"potentialAction\":[{\"@type\":\"ReadAction\",\"target\":[\"https:\/\/accigest.com\/ca\/advocats-especialitzats-en-accidents-de-transit-a-granollers\/\"]}]},{\"@type\":\"BreadcrumbList\",\"@id\":\"https:\/\/accigest.com\/ca\/advocats-especialitzats-en-accidents-de-transit-a-granollers\/#breadcrumb\",\"itemListElement\":[{\"@type\":\"ListItem\",\"position\":1,\"name\":\"Inici\",\"item\":\"https:\/\/accigest.com\/ca\/\"},{\"@type\":\"ListItem\",\"position\":2,\"name\":\"Advocats especialitzats en accidents de tr\u00e0nsit a Granollers\"}]},{\"@type\":\"WebSite\",\"@id\":\"https:\/\/accigest.com\/ca\/#website\",\"url\":\"https:\/\/accigest.com\/ca\/\",\"name\":\"Accigest\",\"description\":\"Especialistas en  indemnizaciones por  accidentes de tr\u00e1fico\",\"publisher\":{\"@id\":\"https:\/\/accigest.com\/ca\/#organization\"},\"potentialAction\":[{\"@type\":\"SearchAction\",\"target\":{\"@type\":\"EntryPoint\",\"urlTemplate\":\"https:\/\/accigest.com\/ca\/?s={search_term_string}\"},\"query-input\":{\"@type\":\"PropertyValueSpecification\",\"valueRequired\":true,\"valueName\":\"search_term_string\"}}],\"inLanguage\":\"ca\"},{\"@type\":\"Organization\",\"@id\":\"https:\/\/accigest.com\/ca\/#organization\",\"name\":\"Accigest Abogados de Accidentes Tr\u00e1fico\",\"url\":\"https:\/\/accigest.com\/ca\/\",\"logo\":{\"@type\":\"ImageObject\",\"inLanguage\":\"ca\",\"@id\":\"https:\/\/accigest.com\/ca\/#\/schema\/logo\/image\/\",\"url\":\"https:\/\/accigest.com\/wp-content\/uploads\/2021\/06\/logo-accigest.svg\",\"contentUrl\":\"https:\/\/accigest.com\/wp-content\/uploads\/2021\/06\/logo-accigest.svg\",\"width\":1,\"height\":1,\"caption\":\"Accigest Abogados de Accidentes Tr\u00e1fico\"},\"image\":{\"@id\":\"https:\/\/accigest.com\/ca\/#\/schema\/logo\/image\/\"}}]}<\/script>\n<!-- \/ Yoast SEO plugin. -->","yoast_head_json":{"title":"Advocats especialitzats en accidents de tr\u00e0nsit a Granollers | Accigest","description":"Accigest disposa dels millors advocats especialistes en accidents de tr\u00e0nsit per a un assessorament personalitzat, relacionat amb qualsevol tema per col\u00b7lisi\u00f3 o atropellament a Granollers. Contacta'ns sense comprom\u00eds \u260e 630 202 144","robots":{"index":"index","follow":"follow","max-snippet":"max-snippet:-1","max-image-preview":"max-image-preview:large","max-video-preview":"max-video-preview:-1"},"canonical":"https:\/\/accigest.com\/ca\/advocats-especialitzats-en-accidents-de-transit-a-granollers\/","og_locale":"ca_ES","og_type":"article","og_title":"Advocats especialitzats en accidents de tr\u00e0nsit a Granollers | Accigest","og_description":"Accigest disposa dels millors advocats especialistes en accidents de tr\u00e0nsit per a un assessorament personalitzat, relacionat amb qualsevol tema per col\u00b7lisi\u00f3 o atropellament a Granollers. Contacta'ns sense comprom\u00eds \u260e 630 202 144","og_url":"https:\/\/accigest.com\/ca\/advocats-especialitzats-en-accidents-de-transit-a-granollers\/","og_site_name":"Accigest","article_modified_time":"2022-03-28T19:12:51+00:00","twitter_card":"summary_large_image","twitter_misc":{"Temps estimat de lectura":"2 minuts"},"schema":{"@context":"https:\/\/schema.org","@graph":[{"@type":"WebPage","@id":"https:\/\/accigest.com\/ca\/advocats-especialitzats-en-accidents-de-transit-a-granollers\/","url":"https:\/\/accigest.com\/ca\/advocats-especialitzats-en-accidents-de-transit-a-granollers\/","name":"Advocats especialitzats en accidents de tr\u00e0nsit a Granollers | Accigest","isPartOf":{"@id":"https:\/\/accigest.com\/ca\/#website"},"datePublished":"2018-02-23T12:31:12+00:00","dateModified":"2022-03-28T19:12:51+00:00","description":"Accigest disposa dels millors advocats especialistes en accidents de tr\u00e0nsit per a un assessorament personalitzat, relacionat amb qualsevol tema per col\u00b7lisi\u00f3 o atropellament a Granollers. Contacta'ns sense comprom\u00eds \u260e 630 202 144","breadcrumb":{"@id":"https:\/\/accigest.com\/ca\/advocats-especialitzats-en-accidents-de-transit-a-granollers\/#breadcrumb"},"inLanguage":"ca","potentialAction":[{"@type":"ReadAction","target":["https:\/\/accigest.com\/ca\/advocats-especialitzats-en-accidents-de-transit-a-granollers\/"]}]},{"@type":"BreadcrumbList","@id":"https:\/\/accigest.com\/ca\/advocats-especialitzats-en-accidents-de-transit-a-granollers\/#breadcrumb","itemListElement":[{"@type":"ListItem","position":1,"name":"Inici","item":"https:\/\/accigest.com\/ca\/"},{"@type":"ListItem","position":2,"name":"Advocats especialitzats en accidents de tr\u00e0nsit a Granollers"}]},{"@type":"WebSite","@id":"https:\/\/accigest.com\/ca\/#website","url":"https:\/\/accigest.com\/ca\/","name":"Accigest","description":"Especialistas en  indemnizaciones por  accidentes de tr\u00e1fico","publisher":{"@id":"https:\/\/accigest.com\/ca\/#organization"},"potentialAction":[{"@type":"SearchAction","target":{"@type":"EntryPoint","urlTemplate":"https:\/\/accigest.com\/ca\/?s={search_term_string}"},"query-input":{"@type":"PropertyValueSpecification","valueRequired":true,"valueName":"search_term_string"}}],"inLanguage":"ca"},{"@type":"Organization","@id":"https:\/\/accigest.com\/ca\/#organization","name":"Accigest Abogados de Accidentes Tr\u00e1fico","url":"https:\/\/accigest.com\/ca\/","logo":{"@type":"ImageObject","inLanguage":"ca","@id":"https:\/\/accigest.com\/ca\/#\/schema\/logo\/image\/","url":"https:\/\/accigest.com\/wp-content\/uploads\/2021\/06\/logo-accigest.svg","contentUrl":"https:\/\/accigest.com\/wp-content\/uploads\/2021\/06\/logo-accigest.svg","width":1,"height":1,"caption":"Accigest Abogados de Accidentes Tr\u00e1fico"},"image":{"@id":"https:\/\/accigest.com\/ca\/#\/schema\/logo\/image\/"}}]}},"_links":{"self":[{"href":"https:\/\/accigest.com\/ca\/wp-json\/wp\/v2\/pages\/3357","targetHints":{"allow":["GET"]}}],"collection":[{"href":"https:\/\/accigest.com\/ca\/wp-json\/wp\/v2\/pages"}],"about":[{"href":"https:\/\/accigest.com\/ca\/wp-json\/wp\/v2\/types\/page"}],"author":[{"embeddable":true,"href":"https:\/\/accigest.com\/ca\/wp-json\/wp\/v2\/users\/2"}],"replies":[{"embeddable":true,"href":"https:\/\/accigest.com\/ca\/wp-json\/wp\/v2\/comments?post=3357"}],"version-history":[{"count":6,"href":"https:\/\/accigest.com\/ca\/wp-json\/wp\/v2\/pages\/3357\/revisions"}],"predecessor-version":[{"id":7782,"href":"https:\/\/accigest.com\/ca\/wp-json\/wp\/v2\/pages\/3357\/revisions\/7782"}],"wp:attachment":[{"href":"https:\/\/accigest.com\/ca\/wp-json\/wp\/v2\/media?parent=3357"}],"curies":[{"name":"wp","href":"https:\/\/api.w.org\/{rel}","templated":true}]}}