{"id":3358,"date":"2018-02-23T12:40:50","date_gmt":"2018-02-23T12:40:50","guid":{"rendered":"https:\/\/accigest.staging3w.com\/?page_id=3358"},"modified":"2022-03-28T21:16:33","modified_gmt":"2022-03-28T19:16:33","slug":"advocats-especialitzats-en-accidents-de-transit-a-hospitalet-llobregat","status":"publish","type":"page","link":"https:\/\/accigest.com\/ca\/advocats-especialitzats-en-accidents-de-transit-a-hospitalet-llobregat\/","title":{"rendered":"Advocats especialitzats en accidents de tr\u00e0nsit a Hospitalet de Llobregat"},"content":{"rendered":"<h2>\u00bfEst\u00e0 buscant un advocat per un accident de tr\u00e0nsit a Hospitalet de Llobregat?<\/h2>\n<p>Si ha patit un accident de tr\u00e0nsit, vost\u00e8 ha de saber que t\u00e9 dret a una indemnitzaci\u00f3 sempre que la responsabilitat del mateix recaigui total o parcialment en el conductor del vehicle contrari. En el cas de viatjar com a ocupant, tindr\u00e0 dret a ser indemnitzat sense importar si anava en el vehicle responsable o no.<\/p>\n<p>Tamb\u00e9 ens dediquem a rescabalar a les v\u00edctimes d&#8217;atropellaments, ja sigui en condici\u00f3 de vianant o de ciclista, pels danys i perjudicis ocasionats.<\/p>\n\n\n<div class=\"wp-block-columns ag-section ag-section-icons is-layout-flex wp-container-core-columns-is-layout-9d6595d7 wp-block-columns-is-layout-flex\">\n<div class=\"wp-block-column icons-text__item is-layout-flow wp-block-column-is-layout-flow\">\n<div class=\"wp-block-group\"><div class=\"wp-block-group__inner-container is-layout-flow wp-block-group-is-layout-flow\">\n<figure class=\"wp-block-image size-large\"><img decoding=\"async\" src=\"https:\/\/accigest.com\/wp-content\/uploads\/2021\/06\/icon-visitas-a-dominiclio.svg\" alt=\"\" class=\"wp-image-5981\"\/><\/figure>\n\n\n\n<p>Visites a domicili gratu\u00eftes<\/p>\n<\/div><\/div>\n<\/div>\n\n\n\n<div class=\"wp-block-column icons-text__item is-layout-flow wp-block-column-is-layout-flow\">\n<div class=\"wp-block-group\"><div class=\"wp-block-group__inner-container is-layout-flow wp-block-group-is-layout-flow\">\n<figure class=\"wp-block-image size-large\"><img decoding=\"async\" src=\"https:\/\/accigest.com\/wp-content\/uploads\/2021\/06\/icon-solo-cobramos-1.svg\" alt=\"S\u00f3lo cobramos si usted cobra\" class=\"wp-image-5983\"\/><\/figure>\n\n\n\n<p>Nom\u00e9s cobrem quan vost\u00e8 cobri<\/p>\n<\/div><\/div>\n<\/div>\n<\/div>\n\n\n<h2>Especialistes en Accidents a L&#8217;Hospitalet de Llobregat<\/h2>\n<p>En aquest cas, no dubti a contactar ara amb un dels nostres <strong>advocats especialistes en accidents de tr\u00e0nsit de l&#8217;Hospitalet de Llobregat trucant<\/strong>&nbsp;o emplenant el nostre formulari i li assessorarem de forma gratu\u00efta i immediata. Estudiarem el seu cas i rebr\u00e0 una atenci\u00f3 personalitzada, sent el nostre \u00fanic i exclusiu inter\u00e8s obtenir la major compensaci\u00f3 econ\u00f2mica pels danys i perjudicis ocasionats.<\/p>\n<p>Aquesta indemnitzaci\u00f3 es compon per dies molt greus, dies greus, dies moderats, dies b\u00e0sics, seq\u00fceles, danys materials i despeses derivades de l&#8217;accident.<\/p>\n<h2>\u00bfPer qu\u00e8 contactar amb Accigest?<\/h2>\n<p><strong>L&#8217;equip de&nbsp;Accigest&nbsp;compta amb una \u00e0mplia experi\u00e8ncia en la reclamaci\u00f3 d&#8217;indemnitzacions,<\/strong> tant per danys materials com per lesions f\u00edsiques, que ens ha perm\u00e8s con\u00e8ixer les veritables necessitats del client, sense que el mateix hagi de preocupar-se de res, tenint en compte que \u00e9s possible que encara es trobi convalescent de l&#8217;accident.<\/p>\n<p>El nostre objectiu \u00e9s oferir a cada lesionat una gesti\u00f3 integral des del moment de l&#8217;accident fins que cobri la seva indemnitzaci\u00f3, independentment de la fase en la qual es trobi.<\/p>\n<p>Vetllem per la tranquil\u00b7litat dels nostres clients, per la qual cosa li informarem en tot moment com est\u00e0 avan\u00e7ant el cas i no pagaria res fins a obtenir la corresponent indemnitzaci\u00f3. Treballem completament a comissi\u00f3 centrant-nos en els interessos de les persones.<\/p>","protected":false},"excerpt":{"rendered":"\u00bfEst\u00e0 buscant un advocat per un accident de tr\u00e0nsit a Hospitalet de Llobregat? Si ha patit un accident de tr\u00e0nsit, vost\u00e8 ha de saber que t\u00e9 dret a una indemnitzaci\u00f3 sempre que la responsabilitat del mateix recaigui total o parcialment en el conductor del vehicle contrari. En el cas de&hellip;&nbsp;<a class=\"read-more\" href=\"https:\/\/accigest.com\/ca\/advocats-especialitzats-en-accidents-de-transit-a-hospitalet-llobregat\/\">Llegir m\u00e9s<\/a>","protected":false},"author":2,"featured_media":0,"parent":0,"menu_order":0,"comment_status":"closed","ping_status":"closed","template":"","meta":{"footnotes":""},"class_list":["post-3358","page","type-page","status-publish","hentry"],"yoast_head":"<!-- This site is optimized with the Yoast SEO plugin v27.1.1 - https:\/\/yoast.com\/product\/yoast-seo-wordpress\/ -->\n<title>Advocats en accidents de tr\u00e0nsit a Hospitalet de Llobregat | Accigest<\/title>\n<meta name=\"description\" content=\"Accigest disposa dels millors advocats especialistes en accidents de tr\u00e0nsit per a un assessorament, relacionat amb qualsevol tema per col\u00b7lisi\u00f3 o atropellament a Hospitalet de Llobregat. Contacta&#039;ns sense comprom\u00eds \u260e 630 202 144\" \/>\n<meta name=\"robots\" content=\"index, follow, max-snippet:-1, max-image-preview:large, max-video-preview:-1\" \/>\n<link rel=\"canonical\" href=\"https:\/\/accigest.com\/ca\/advocats-especialitzats-en-accidents-de-transit-a-hospitalet-llobregat\/\" \/>\n<meta property=\"og:locale\" content=\"ca_ES\" \/>\n<meta property=\"og:type\" content=\"article\" \/>\n<meta property=\"og:title\" content=\"Advocats en accidents de tr\u00e0nsit a Hospitalet de Llobregat | Accigest\" \/>\n<meta property=\"og:description\" content=\"Accigest disposa dels millors advocats especialistes en accidents de tr\u00e0nsit per a un assessorament, relacionat amb qualsevol tema per col\u00b7lisi\u00f3 o atropellament a Hospitalet de Llobregat. Contacta&#039;ns sense comprom\u00eds \u260e 630 202 144\" \/>\n<meta property=\"og:url\" content=\"https:\/\/accigest.com\/ca\/advocats-especialitzats-en-accidents-de-transit-a-hospitalet-llobregat\/\" \/>\n<meta property=\"og:site_name\" content=\"Accigest\" \/>\n<meta property=\"article:modified_time\" content=\"2022-03-28T19:16:33+00:00\" \/>\n<meta name=\"twitter:card\" content=\"summary_large_image\" \/>\n<meta name=\"twitter:label1\" content=\"Temps estimat de lectura\" \/>\n\t<meta name=\"twitter:data1\" content=\"2 minuts\" \/>\n<script type=\"application\/ld+json\" class=\"yoast-schema-graph\">{\"@context\":\"https:\/\/schema.org\",\"@graph\":[{\"@type\":\"WebPage\",\"@id\":\"https:\/\/accigest.com\/ca\/advocats-especialitzats-en-accidents-de-transit-a-hospitalet-llobregat\/\",\"url\":\"https:\/\/accigest.com\/ca\/advocats-especialitzats-en-accidents-de-transit-a-hospitalet-llobregat\/\",\"name\":\"Advocats en accidents de tr\u00e0nsit a Hospitalet de Llobregat | Accigest\",\"isPartOf\":{\"@id\":\"https:\/\/accigest.com\/ca\/#website\"},\"datePublished\":\"2018-02-23T12:40:50+00:00\",\"dateModified\":\"2022-03-28T19:16:33+00:00\",\"description\":\"Accigest disposa dels millors advocats especialistes en accidents de tr\u00e0nsit per a un assessorament, relacionat amb qualsevol tema per col\u00b7lisi\u00f3 o atropellament a Hospitalet de Llobregat. Contacta'ns sense comprom\u00eds \u260e 630 202 144\",\"breadcrumb\":{\"@id\":\"https:\/\/accigest.com\/ca\/advocats-especialitzats-en-accidents-de-transit-a-hospitalet-llobregat\/#breadcrumb\"},\"inLanguage\":\"ca\",\"potentialAction\":[{\"@type\":\"ReadAction\",\"target\":[\"https:\/\/accigest.com\/ca\/advocats-especialitzats-en-accidents-de-transit-a-hospitalet-llobregat\/\"]}]},{\"@type\":\"BreadcrumbList\",\"@id\":\"https:\/\/accigest.com\/ca\/advocats-especialitzats-en-accidents-de-transit-a-hospitalet-llobregat\/#breadcrumb\",\"itemListElement\":[{\"@type\":\"ListItem\",\"position\":1,\"name\":\"Inici\",\"item\":\"https:\/\/accigest.com\/ca\/\"},{\"@type\":\"ListItem\",\"position\":2,\"name\":\"Advocats especialitzats en accidents de tr\u00e0nsit a Hospitalet de Llobregat\"}]},{\"@type\":\"WebSite\",\"@id\":\"https:\/\/accigest.com\/ca\/#website\",\"url\":\"https:\/\/accigest.com\/ca\/\",\"name\":\"Accigest\",\"description\":\"Especialistas en  indemnizaciones por  accidentes de tr\u00e1fico\",\"publisher\":{\"@id\":\"https:\/\/accigest.com\/ca\/#organization\"},\"potentialAction\":[{\"@type\":\"SearchAction\",\"target\":{\"@type\":\"EntryPoint\",\"urlTemplate\":\"https:\/\/accigest.com\/ca\/?s={search_term_string}\"},\"query-input\":{\"@type\":\"PropertyValueSpecification\",\"valueRequired\":true,\"valueName\":\"search_term_string\"}}],\"inLanguage\":\"ca\"},{\"@type\":\"Organization\",\"@id\":\"https:\/\/accigest.com\/ca\/#organization\",\"name\":\"Accigest Abogados de Accidentes Tr\u00e1fico\",\"url\":\"https:\/\/accigest.com\/ca\/\",\"logo\":{\"@type\":\"ImageObject\",\"inLanguage\":\"ca\",\"@id\":\"https:\/\/accigest.com\/ca\/#\/schema\/logo\/image\/\",\"url\":\"https:\/\/accigest.com\/wp-content\/uploads\/2021\/06\/logo-accigest.svg\",\"contentUrl\":\"https:\/\/accigest.com\/wp-content\/uploads\/2021\/06\/logo-accigest.svg\",\"width\":1,\"height\":1,\"caption\":\"Accigest Abogados de Accidentes Tr\u00e1fico\"},\"image\":{\"@id\":\"https:\/\/accigest.com\/ca\/#\/schema\/logo\/image\/\"}}]}<\/script>\n<!-- \/ Yoast SEO plugin. -->","yoast_head_json":{"title":"Advocats en accidents de tr\u00e0nsit a Hospitalet de Llobregat | Accigest","description":"Accigest disposa dels millors advocats especialistes en accidents de tr\u00e0nsit per a un assessorament, relacionat amb qualsevol tema per col\u00b7lisi\u00f3 o atropellament a Hospitalet de Llobregat. Contacta'ns sense comprom\u00eds \u260e 630 202 144","robots":{"index":"index","follow":"follow","max-snippet":"max-snippet:-1","max-image-preview":"max-image-preview:large","max-video-preview":"max-video-preview:-1"},"canonical":"https:\/\/accigest.com\/ca\/advocats-especialitzats-en-accidents-de-transit-a-hospitalet-llobregat\/","og_locale":"ca_ES","og_type":"article","og_title":"Advocats en accidents de tr\u00e0nsit a Hospitalet de Llobregat | Accigest","og_description":"Accigest disposa dels millors advocats especialistes en accidents de tr\u00e0nsit per a un assessorament, relacionat amb qualsevol tema per col\u00b7lisi\u00f3 o atropellament a Hospitalet de Llobregat. Contacta'ns sense comprom\u00eds \u260e 630 202 144","og_url":"https:\/\/accigest.com\/ca\/advocats-especialitzats-en-accidents-de-transit-a-hospitalet-llobregat\/","og_site_name":"Accigest","article_modified_time":"2022-03-28T19:16:33+00:00","twitter_card":"summary_large_image","twitter_misc":{"Temps estimat de lectura":"2 minuts"},"schema":{"@context":"https:\/\/schema.org","@graph":[{"@type":"WebPage","@id":"https:\/\/accigest.com\/ca\/advocats-especialitzats-en-accidents-de-transit-a-hospitalet-llobregat\/","url":"https:\/\/accigest.com\/ca\/advocats-especialitzats-en-accidents-de-transit-a-hospitalet-llobregat\/","name":"Advocats en accidents de tr\u00e0nsit a Hospitalet de Llobregat | Accigest","isPartOf":{"@id":"https:\/\/accigest.com\/ca\/#website"},"datePublished":"2018-02-23T12:40:50+00:00","dateModified":"2022-03-28T19:16:33+00:00","description":"Accigest disposa dels millors advocats especialistes en accidents de tr\u00e0nsit per a un assessorament, relacionat amb qualsevol tema per col\u00b7lisi\u00f3 o atropellament a Hospitalet de Llobregat. Contacta'ns sense comprom\u00eds \u260e 630 202 144","breadcrumb":{"@id":"https:\/\/accigest.com\/ca\/advocats-especialitzats-en-accidents-de-transit-a-hospitalet-llobregat\/#breadcrumb"},"inLanguage":"ca","potentialAction":[{"@type":"ReadAction","target":["https:\/\/accigest.com\/ca\/advocats-especialitzats-en-accidents-de-transit-a-hospitalet-llobregat\/"]}]},{"@type":"BreadcrumbList","@id":"https:\/\/accigest.com\/ca\/advocats-especialitzats-en-accidents-de-transit-a-hospitalet-llobregat\/#breadcrumb","itemListElement":[{"@type":"ListItem","position":1,"name":"Inici","item":"https:\/\/accigest.com\/ca\/"},{"@type":"ListItem","position":2,"name":"Advocats especialitzats en accidents de tr\u00e0nsit a Hospitalet de Llobregat"}]},{"@type":"WebSite","@id":"https:\/\/accigest.com\/ca\/#website","url":"https:\/\/accigest.com\/ca\/","name":"Accigest","description":"Especialistas en  indemnizaciones por  accidentes de tr\u00e1fico","publisher":{"@id":"https:\/\/accigest.com\/ca\/#organization"},"potentialAction":[{"@type":"SearchAction","target":{"@type":"EntryPoint","urlTemplate":"https:\/\/accigest.com\/ca\/?s={search_term_string}"},"query-input":{"@type":"PropertyValueSpecification","valueRequired":true,"valueName":"search_term_string"}}],"inLanguage":"ca"},{"@type":"Organization","@id":"https:\/\/accigest.com\/ca\/#organization","name":"Accigest Abogados de Accidentes Tr\u00e1fico","url":"https:\/\/accigest.com\/ca\/","logo":{"@type":"ImageObject","inLanguage":"ca","@id":"https:\/\/accigest.com\/ca\/#\/schema\/logo\/image\/","url":"https:\/\/accigest.com\/wp-content\/uploads\/2021\/06\/logo-accigest.svg","contentUrl":"https:\/\/accigest.com\/wp-content\/uploads\/2021\/06\/logo-accigest.svg","width":1,"height":1,"caption":"Accigest Abogados de Accidentes Tr\u00e1fico"},"image":{"@id":"https:\/\/accigest.com\/ca\/#\/schema\/logo\/image\/"}}]}},"_links":{"self":[{"href":"https:\/\/accigest.com\/ca\/wp-json\/wp\/v2\/pages\/3358","targetHints":{"allow":["GET"]}}],"collection":[{"href":"https:\/\/accigest.com\/ca\/wp-json\/wp\/v2\/pages"}],"about":[{"href":"https:\/\/accigest.com\/ca\/wp-json\/wp\/v2\/types\/page"}],"author":[{"embeddable":true,"href":"https:\/\/accigest.com\/ca\/wp-json\/wp\/v2\/users\/2"}],"replies":[{"embeddable":true,"href":"https:\/\/accigest.com\/ca\/wp-json\/wp\/v2\/comments?post=3358"}],"version-history":[{"count":6,"href":"https:\/\/accigest.com\/ca\/wp-json\/wp\/v2\/pages\/3358\/revisions"}],"predecessor-version":[{"id":7786,"href":"https:\/\/accigest.com\/ca\/wp-json\/wp\/v2\/pages\/3358\/revisions\/7786"}],"wp:attachment":[{"href":"https:\/\/accigest.com\/ca\/wp-json\/wp\/v2\/media?parent=3358"}],"curies":[{"name":"wp","href":"https:\/\/api.w.org\/{rel}","templated":true}]}}