{"id":3359,"date":"2018-02-23T12:49:10","date_gmt":"2018-02-23T12:49:10","guid":{"rendered":"https:\/\/accigest.staging3w.com\/?page_id=3359"},"modified":"2022-03-28T21:21:03","modified_gmt":"2022-03-28T19:21:03","slug":"advocats-especialitzats-en-accidents-de-transit-a-manresa","status":"publish","type":"page","link":"https:\/\/accigest.com\/ca\/advocats-especialitzats-en-accidents-de-transit-a-manresa\/","title":{"rendered":"Advocats especialitzats en accidents de tr\u00e0nsit a Manresa"},"content":{"rendered":"<p><span style=\"color: inherit; font-size: 1.95em; font-weight: 600;\">\u00bfEst\u00e0 buscant un advocat per un accident de tr\u00e0nsit a Manresa?<\/span><\/p>\n<p>Si ha resultat perjudicat en un accident de tr\u00e0nsit i dubta entre encarregar el seu cas a l&#8217;advocat que li assigni la seva companyia asseguradora o a un despatx d&#8217;advocats extern, ha de saber que en&nbsp;Accigest&nbsp;comptem amb professionals experts en la mat\u00e8ria, amb \u00e0mplia experi\u00e8ncia en la reclamaci\u00f3 d&#8217;indemnitzacions per accidents de circulaci\u00f3.<\/p>\n<p>Tamb\u00e9 tindran dret a ser indemnitzats els vianants que resultin atropellats, els ciclistes (sempre que no recaigui sobre el mateix la culpa exclusiva de l&#8217;accident) i els ocupants\/passatgers del vehicle, fins i tot si viatjaven en el vehicle responsable.<\/p>\n\n\n<div class=\"wp-block-columns ag-section ag-section-icons is-layout-flex wp-container-core-columns-is-layout-9d6595d7 wp-block-columns-is-layout-flex\">\n<div class=\"wp-block-column icons-text__item is-layout-flow wp-block-column-is-layout-flow\">\n<div class=\"wp-block-group\"><div class=\"wp-block-group__inner-container is-layout-flow wp-block-group-is-layout-flow\">\n<figure class=\"wp-block-image size-large\"><img decoding=\"async\" src=\"https:\/\/accigest.com\/wp-content\/uploads\/2021\/06\/icon-visitas-a-dominiclio.svg\" alt=\"\" class=\"wp-image-5981\"\/><\/figure>\n\n\n\n<p>Visites a domicili gratu\u00eftes<\/p>\n<\/div><\/div>\n<\/div>\n\n\n\n<div class=\"wp-block-column icons-text__item is-layout-flow wp-block-column-is-layout-flow\">\n<div class=\"wp-block-group\"><div class=\"wp-block-group__inner-container is-layout-flow wp-block-group-is-layout-flow\">\n<figure class=\"wp-block-image size-large\"><img decoding=\"async\" src=\"https:\/\/accigest.com\/wp-content\/uploads\/2021\/06\/icon-solo-cobramos-1.svg\" alt=\"S\u00f3lo cobramos si usted cobra\" class=\"wp-image-5983\"\/><\/figure>\n\n\n\n<p>Nom\u00e9s cobrem quan vost\u00e8 cobri<\/p>\n<\/div><\/div>\n<\/div>\n<\/div>\n\n\n<h2>\u00bfPer qu\u00e8 contactar amb Accigest?<\/h2>\n<p>La nostra feina va molt m\u00e9s all\u00e0 del mer assessorament, estem totalment vinculats amb la persona que ha passat una experi\u00e8ncia traum\u00e0tica, acompanyant-li en tot el proc\u00e9s de reclamaci\u00f3. Per tant, oferim un servei personalitzat, sense intermediaris, que no nom\u00e9s inclou la gesti\u00f3 particular del cas sin\u00f3 tamb\u00e9 el seguiment del mateix des del primer moment perqu\u00e8 la seva reclamaci\u00f3 sigui un \u00e8xit i aconsegueixi la m\u00e0xima compensaci\u00f3 econ\u00f2mica.<\/p>\n<h2>Especialistes en Accidents a Manresa<\/h2>\n<p>Els primers dies s\u00f3n claus per donar els primers passos de manera encertada pel que no dubti a contactar ara amb un dels nostres advocats de Manresa, <strong>trucant o emplenant el formulari de contacte<\/strong> i li assessorarem de forma gratu\u00efta i immediata.<\/p>\n<p>Vetllem per la tranquil\u00b7litat dels nostres clients, perqu\u00e8 \u00fanicament hagin d&#8217;ocupar-se de la seva recuperaci\u00f3 i no li cobrarem cap quantitat per endavant, sin\u00f3 nom\u00e9s un percentatge sobre la suma que s&#8217;obtingui, que vost\u00e8 haur\u00e0 d&#8217;abonar amb posterioritat al cobrament de la seva indemnitzaci\u00f3.<\/p>","protected":false},"excerpt":{"rendered":"\u00bfEst\u00e0 buscant un advocat per un accident de tr\u00e0nsit a Manresa? Si ha resultat perjudicat en un accident de tr\u00e0nsit i dubta entre encarregar el seu cas a l'advocat que li assigni la seva companyia asseguradora o a un despatx d'advocats extern, ha de saber que en&nbsp;Accigest&nbsp;comptem amb professionals experts&hellip;&nbsp;<a class=\"read-more\" href=\"https:\/\/accigest.com\/ca\/advocats-especialitzats-en-accidents-de-transit-a-manresa\/\">Llegir m\u00e9s<\/a>","protected":false},"author":2,"featured_media":0,"parent":0,"menu_order":0,"comment_status":"closed","ping_status":"closed","template":"","meta":{"footnotes":""},"class_list":["post-3359","page","type-page","status-publish","hentry"],"yoast_head":"<!-- This site is optimized with the Yoast SEO plugin v27.4 - https:\/\/yoast.com\/product\/yoast-seo-wordpress\/ -->\n<title>Advocats especialitzats en accidents de tr\u00e0nsit a Manresa - Accigest<\/title>\n<meta name=\"description\" content=\"Accigest disposa dels millors advocats especialistes en accidents de tr\u00e0nsit per a un assessorament personalitzat, relacionat amb qualsevol tema per col\u00b7lisi\u00f3 o atropellament a Manresa. Contacta&#039;ns sense comprom\u00eds \u260e 630 202 144\" \/>\n<meta name=\"robots\" content=\"index, follow, max-snippet:-1, max-image-preview:large, max-video-preview:-1\" \/>\n<link rel=\"canonical\" href=\"https:\/\/accigest.com\/ca\/advocats-especialitzats-en-accidents-de-transit-a-manresa\/\" \/>\n<meta property=\"og:locale\" content=\"ca_ES\" \/>\n<meta property=\"og:type\" content=\"article\" \/>\n<meta property=\"og:title\" content=\"Advocats especialitzats en accidents de tr\u00e0nsit a Manresa - Accigest\" \/>\n<meta property=\"og:description\" content=\"Accigest disposa dels millors advocats especialistes en accidents de tr\u00e0nsit per a un assessorament personalitzat, relacionat amb qualsevol tema per col\u00b7lisi\u00f3 o atropellament a Manresa. Contacta&#039;ns sense comprom\u00eds \u260e 630 202 144\" \/>\n<meta property=\"og:url\" content=\"https:\/\/accigest.com\/ca\/advocats-especialitzats-en-accidents-de-transit-a-manresa\/\" \/>\n<meta property=\"og:site_name\" content=\"Accigest\" \/>\n<meta property=\"article:modified_time\" content=\"2022-03-28T19:21:03+00:00\" \/>\n<meta name=\"twitter:card\" content=\"summary_large_image\" \/>\n<meta name=\"twitter:label1\" content=\"Temps estimat de lectura\" \/>\n\t<meta name=\"twitter:data1\" content=\"2 minuts\" \/>\n<script type=\"application\/ld+json\" class=\"yoast-schema-graph\">{\"@context\":\"https:\\\/\\\/schema.org\",\"@graph\":[{\"@type\":\"WebPage\",\"@id\":\"https:\\\/\\\/accigest.com\\\/ca\\\/advocats-especialitzats-en-accidents-de-transit-a-manresa\\\/\",\"url\":\"https:\\\/\\\/accigest.com\\\/ca\\\/advocats-especialitzats-en-accidents-de-transit-a-manresa\\\/\",\"name\":\"Advocats especialitzats en accidents de tr\u00e0nsit a Manresa - Accigest\",\"isPartOf\":{\"@id\":\"https:\\\/\\\/accigest.com\\\/ca\\\/#website\"},\"datePublished\":\"2018-02-23T12:49:10+00:00\",\"dateModified\":\"2022-03-28T19:21:03+00:00\",\"description\":\"Accigest disposa dels millors advocats especialistes en accidents de tr\u00e0nsit per a un assessorament personalitzat, relacionat amb qualsevol tema per col\u00b7lisi\u00f3 o atropellament a Manresa. Contacta'ns sense comprom\u00eds \u260e 630 202 144\",\"breadcrumb\":{\"@id\":\"https:\\\/\\\/accigest.com\\\/ca\\\/advocats-especialitzats-en-accidents-de-transit-a-manresa\\\/#breadcrumb\"},\"inLanguage\":\"ca\",\"potentialAction\":[{\"@type\":\"ReadAction\",\"target\":[\"https:\\\/\\\/accigest.com\\\/ca\\\/advocats-especialitzats-en-accidents-de-transit-a-manresa\\\/\"]}]},{\"@type\":\"BreadcrumbList\",\"@id\":\"https:\\\/\\\/accigest.com\\\/ca\\\/advocats-especialitzats-en-accidents-de-transit-a-manresa\\\/#breadcrumb\",\"itemListElement\":[{\"@type\":\"ListItem\",\"position\":1,\"name\":\"Inici\",\"item\":\"https:\\\/\\\/accigest.com\\\/ca\\\/\"},{\"@type\":\"ListItem\",\"position\":2,\"name\":\"Advocats especialitzats en accidents de tr\u00e0nsit a Manresa\"}]},{\"@type\":\"WebSite\",\"@id\":\"https:\\\/\\\/accigest.com\\\/ca\\\/#website\",\"url\":\"https:\\\/\\\/accigest.com\\\/ca\\\/\",\"name\":\"Accigest\",\"description\":\"Especialistas en  indemnizaciones por  accidentes de tr\u00e1fico\",\"publisher\":{\"@id\":\"https:\\\/\\\/accigest.com\\\/ca\\\/#organization\"},\"potentialAction\":[{\"@type\":\"SearchAction\",\"target\":{\"@type\":\"EntryPoint\",\"urlTemplate\":\"https:\\\/\\\/accigest.com\\\/ca\\\/?s={search_term_string}\"},\"query-input\":{\"@type\":\"PropertyValueSpecification\",\"valueRequired\":true,\"valueName\":\"search_term_string\"}}],\"inLanguage\":\"ca\"},{\"@type\":\"Organization\",\"@id\":\"https:\\\/\\\/accigest.com\\\/ca\\\/#organization\",\"name\":\"Accigest Abogados de Accidentes Tr\u00e1fico\",\"url\":\"https:\\\/\\\/accigest.com\\\/ca\\\/\",\"logo\":{\"@type\":\"ImageObject\",\"inLanguage\":\"ca\",\"@id\":\"https:\\\/\\\/accigest.com\\\/ca\\\/#\\\/schema\\\/logo\\\/image\\\/\",\"url\":\"https:\\\/\\\/accigest.com\\\/wp-content\\\/uploads\\\/2021\\\/06\\\/logo-accigest.svg\",\"contentUrl\":\"https:\\\/\\\/accigest.com\\\/wp-content\\\/uploads\\\/2021\\\/06\\\/logo-accigest.svg\",\"width\":1,\"height\":1,\"caption\":\"Accigest Abogados de Accidentes Tr\u00e1fico\"},\"image\":{\"@id\":\"https:\\\/\\\/accigest.com\\\/ca\\\/#\\\/schema\\\/logo\\\/image\\\/\"}}]}<\/script>\n<!-- \/ Yoast SEO plugin. -->","yoast_head_json":{"title":"Advocats especialitzats en accidents de tr\u00e0nsit a Manresa - Accigest","description":"Accigest disposa dels millors advocats especialistes en accidents de tr\u00e0nsit per a un assessorament personalitzat, relacionat amb qualsevol tema per col\u00b7lisi\u00f3 o atropellament a Manresa. Contacta'ns sense comprom\u00eds \u260e 630 202 144","robots":{"index":"index","follow":"follow","max-snippet":"max-snippet:-1","max-image-preview":"max-image-preview:large","max-video-preview":"max-video-preview:-1"},"canonical":"https:\/\/accigest.com\/ca\/advocats-especialitzats-en-accidents-de-transit-a-manresa\/","og_locale":"ca_ES","og_type":"article","og_title":"Advocats especialitzats en accidents de tr\u00e0nsit a Manresa - Accigest","og_description":"Accigest disposa dels millors advocats especialistes en accidents de tr\u00e0nsit per a un assessorament personalitzat, relacionat amb qualsevol tema per col\u00b7lisi\u00f3 o atropellament a Manresa. Contacta'ns sense comprom\u00eds \u260e 630 202 144","og_url":"https:\/\/accigest.com\/ca\/advocats-especialitzats-en-accidents-de-transit-a-manresa\/","og_site_name":"Accigest","article_modified_time":"2022-03-28T19:21:03+00:00","twitter_card":"summary_large_image","twitter_misc":{"Temps estimat de lectura":"2 minuts"},"schema":{"@context":"https:\/\/schema.org","@graph":[{"@type":"WebPage","@id":"https:\/\/accigest.com\/ca\/advocats-especialitzats-en-accidents-de-transit-a-manresa\/","url":"https:\/\/accigest.com\/ca\/advocats-especialitzats-en-accidents-de-transit-a-manresa\/","name":"Advocats especialitzats en accidents de tr\u00e0nsit a Manresa - Accigest","isPartOf":{"@id":"https:\/\/accigest.com\/ca\/#website"},"datePublished":"2018-02-23T12:49:10+00:00","dateModified":"2022-03-28T19:21:03+00:00","description":"Accigest disposa dels millors advocats especialistes en accidents de tr\u00e0nsit per a un assessorament personalitzat, relacionat amb qualsevol tema per col\u00b7lisi\u00f3 o atropellament a Manresa. Contacta'ns sense comprom\u00eds \u260e 630 202 144","breadcrumb":{"@id":"https:\/\/accigest.com\/ca\/advocats-especialitzats-en-accidents-de-transit-a-manresa\/#breadcrumb"},"inLanguage":"ca","potentialAction":[{"@type":"ReadAction","target":["https:\/\/accigest.com\/ca\/advocats-especialitzats-en-accidents-de-transit-a-manresa\/"]}]},{"@type":"BreadcrumbList","@id":"https:\/\/accigest.com\/ca\/advocats-especialitzats-en-accidents-de-transit-a-manresa\/#breadcrumb","itemListElement":[{"@type":"ListItem","position":1,"name":"Inici","item":"https:\/\/accigest.com\/ca\/"},{"@type":"ListItem","position":2,"name":"Advocats especialitzats en accidents de tr\u00e0nsit a Manresa"}]},{"@type":"WebSite","@id":"https:\/\/accigest.com\/ca\/#website","url":"https:\/\/accigest.com\/ca\/","name":"Accigest","description":"Especialistas en  indemnizaciones por  accidentes de tr\u00e1fico","publisher":{"@id":"https:\/\/accigest.com\/ca\/#organization"},"potentialAction":[{"@type":"SearchAction","target":{"@type":"EntryPoint","urlTemplate":"https:\/\/accigest.com\/ca\/?s={search_term_string}"},"query-input":{"@type":"PropertyValueSpecification","valueRequired":true,"valueName":"search_term_string"}}],"inLanguage":"ca"},{"@type":"Organization","@id":"https:\/\/accigest.com\/ca\/#organization","name":"Accigest Abogados de Accidentes Tr\u00e1fico","url":"https:\/\/accigest.com\/ca\/","logo":{"@type":"ImageObject","inLanguage":"ca","@id":"https:\/\/accigest.com\/ca\/#\/schema\/logo\/image\/","url":"https:\/\/accigest.com\/wp-content\/uploads\/2021\/06\/logo-accigest.svg","contentUrl":"https:\/\/accigest.com\/wp-content\/uploads\/2021\/06\/logo-accigest.svg","width":1,"height":1,"caption":"Accigest Abogados de Accidentes Tr\u00e1fico"},"image":{"@id":"https:\/\/accigest.com\/ca\/#\/schema\/logo\/image\/"}}]}},"_links":{"self":[{"href":"https:\/\/accigest.com\/ca\/wp-json\/wp\/v2\/pages\/3359","targetHints":{"allow":["GET"]}}],"collection":[{"href":"https:\/\/accigest.com\/ca\/wp-json\/wp\/v2\/pages"}],"about":[{"href":"https:\/\/accigest.com\/ca\/wp-json\/wp\/v2\/types\/page"}],"author":[{"embeddable":true,"href":"https:\/\/accigest.com\/ca\/wp-json\/wp\/v2\/users\/2"}],"replies":[{"embeddable":true,"href":"https:\/\/accigest.com\/ca\/wp-json\/wp\/v2\/comments?post=3359"}],"version-history":[{"count":5,"href":"https:\/\/accigest.com\/ca\/wp-json\/wp\/v2\/pages\/3359\/revisions"}],"predecessor-version":[{"id":7343,"href":"https:\/\/accigest.com\/ca\/wp-json\/wp\/v2\/pages\/3359\/revisions\/7343"}],"wp:attachment":[{"href":"https:\/\/accigest.com\/ca\/wp-json\/wp\/v2\/media?parent=3359"}],"curies":[{"name":"wp","href":"https:\/\/api.w.org\/{rel}","templated":true}]}}