{"id":3360,"date":"2018-02-23T12:54:17","date_gmt":"2018-02-23T12:54:17","guid":{"rendered":"https:\/\/accigest.staging3w.com\/?page_id=3360"},"modified":"2022-03-28T00:29:23","modified_gmt":"2022-03-27T22:29:23","slug":"advocats-especialitzats-en-accidents-de-transit-a-martorell","status":"publish","type":"page","link":"https:\/\/accigest.com\/ca\/advocats-especialitzats-en-accidents-de-transit-a-martorell\/","title":{"rendered":"Advocats especialitzats en accidents de tr\u00e0nsit a Martorell"},"content":{"rendered":"<h2>\u00bfEst\u00e0 buscant un advocat per un accident de tr\u00e0nsit a Martorell?<\/h2>\n<p>Si ha patit un accident de tr\u00e0nsit i la responsabilitat del mateix recau en el conductor del vehicle contrari ha de saber que t\u00e9 dret a una indemnitzaci\u00f3 pels danys i perjudicis ocasionats. En el cas dels ocupants o passatgers, tindran dret a ser indemnitzats en tot cas sense importar si viatjaven en el vehicle responsable de l&#8217;accident o no.<\/p>\n<p>Aix\u00ed mateix, si ha patit lesions a conseq\u00fc\u00e8ncia d&#8217;un atropellament, ja sigui com a vianant o com a ciclista (sempre que no recaigui en vost\u00e8 la culpa exclusiva de l&#8217;accident), no dubti a contactar amb els <strong>nostres advocats especialistes en accidents de tr\u00e0nsit de Martorell i li assessorarem de forma gratu\u00efta i immediata.<\/strong><\/p>\n\n\n<div class=\"wp-block-columns ag-section ag-section-icons is-layout-flex wp-container-core-columns-is-layout-9d6595d7 wp-block-columns-is-layout-flex\">\n<div class=\"wp-block-column icons-text__item is-layout-flow wp-block-column-is-layout-flow\">\n<div class=\"wp-block-group\"><div class=\"wp-block-group__inner-container is-layout-flow wp-block-group-is-layout-flow\">\n<figure class=\"wp-block-image size-large\"><img decoding=\"async\" src=\"https:\/\/accigest.com\/wp-content\/uploads\/2021\/06\/icon-visitas-a-dominiclio.svg\" alt=\"\" class=\"wp-image-5981\"\/><\/figure>\n\n\n\n<p>Visites a domicili gratu\u00eftes<\/p>\n<\/div><\/div>\n<\/div>\n\n\n\n<div class=\"wp-block-column icons-text__item is-layout-flow wp-block-column-is-layout-flow\">\n<div class=\"wp-block-group\"><div class=\"wp-block-group__inner-container is-layout-flow wp-block-group-is-layout-flow\">\n<figure class=\"wp-block-image size-large\"><img decoding=\"async\" src=\"https:\/\/accigest.com\/wp-content\/uploads\/2021\/06\/icon-solo-cobramos-1.svg\" alt=\"S\u00f3lo cobramos si usted cobra\" class=\"wp-image-5983\"\/><\/figure>\n\n\n\n<p>Nom\u00e9s cobrem quan vost\u00e8 cobri<\/p>\n<\/div><\/div>\n<\/div>\n<\/div>\n\n\n<h2>\u00bfPer qu\u00e8 treballar amb Accigest?<\/h2>\n<p>L&#8217;equip de&nbsp;Accigest&nbsp;compta amb metges experts en la valoraci\u00f3 del dany corporal, advocats especialitzats en el dret de la circulaci\u00f3 i gestors especialistes en la negociaci\u00f3 d&#8217;indemnitzacions que s&#8217;encarregaran d&#8217;estudiar el seu cas de forma independent i de tramitar i&nbsp;transar&nbsp;la seva reclamaci\u00f3&nbsp;indemnitzat\u00f2ria&nbsp;de forma diligent i professional sense que vost\u00e8 hagi de preocupar-se de res, m\u00e9s que de rebre l&#8217;import que li correspongui pels danys materials i\/o lesions f\u00edsiques ocasionades.<\/p>\n<p>La nostra prioritat \u00e9s oferir un servei d&#8217;atenci\u00f3 integral a les v\u00edctimes d&#8217;un accident de tr\u00e0nsit i acompanyar-les durant tot el procediment de reclamaci\u00f3.<\/p>\n<p>Treballem a comissi\u00f3, sense cobrar res per avan\u00e7at als nostres clients, per la qual cosa no haur\u00e0 de pagar pels serveis prestats fins a haver obtingut la seva total indemnitzaci\u00f3.<\/p>\n<h2>Especialistes en Accidents a Martorell<\/h2>\n<p><strong>Truqui&#8217;ns o empleni el formulari de contacte<\/strong> i els nostres advocats experts de Martorell li resoldran els seus dubtes sobre els passos a realitzar amb prou feines succeeixi l&#8217;incident.<\/p>","protected":false},"excerpt":{"rendered":"\u00bfEst\u00e0 buscant un advocat per un accident de tr\u00e0nsit a Martorell? Si ha patit un accident de tr\u00e0nsit i la responsabilitat del mateix recau en el conductor del vehicle contrari ha de saber que t\u00e9 dret a una indemnitzaci\u00f3 pels danys i perjudicis ocasionats. En el cas dels ocupants o&hellip;&nbsp;<a class=\"read-more\" href=\"https:\/\/accigest.com\/ca\/advocats-especialitzats-en-accidents-de-transit-a-martorell\/\">Llegir m\u00e9s<\/a>","protected":false},"author":2,"featured_media":0,"parent":0,"menu_order":0,"comment_status":"closed","ping_status":"closed","template":"","meta":{"footnotes":""},"class_list":["post-3360","page","type-page","status-publish","hentry"],"yoast_head":"<!-- This site is optimized with the Yoast SEO plugin v27.1.1 - https:\/\/yoast.com\/product\/yoast-seo-wordpress\/ -->\n<title>Advocats especialitzats en accidents de tr\u00e0nsit a Martorell - Accigest<\/title>\n<meta name=\"description\" content=\"Accigest disposa dels millors advocats especialistes en accidents de tr\u00e0nsit per a un assessorament personalitzat, relacionat amb qualsevol tema per col\u00b7lisi\u00f3 o atropellament a Martorell. Contacta&#039;ns sense comprom\u00eds \u260e 630 202 144\" \/>\n<meta name=\"robots\" content=\"index, follow, max-snippet:-1, max-image-preview:large, max-video-preview:-1\" \/>\n<link rel=\"canonical\" href=\"https:\/\/accigest.com\/ca\/advocats-especialitzats-en-accidents-de-transit-a-martorell\/\" \/>\n<meta property=\"og:locale\" content=\"ca_ES\" \/>\n<meta property=\"og:type\" content=\"article\" \/>\n<meta property=\"og:title\" content=\"Advocats especialitzats en accidents de tr\u00e0nsit a Martorell - Accigest\" \/>\n<meta property=\"og:description\" content=\"Accigest disposa dels millors advocats especialistes en accidents de tr\u00e0nsit per a un assessorament personalitzat, relacionat amb qualsevol tema per col\u00b7lisi\u00f3 o atropellament a Martorell. Contacta&#039;ns sense comprom\u00eds \u260e 630 202 144\" \/>\n<meta property=\"og:url\" content=\"https:\/\/accigest.com\/ca\/advocats-especialitzats-en-accidents-de-transit-a-martorell\/\" \/>\n<meta property=\"og:site_name\" content=\"Accigest\" \/>\n<meta property=\"article:modified_time\" content=\"2022-03-27T22:29:23+00:00\" \/>\n<meta name=\"twitter:card\" content=\"summary_large_image\" \/>\n<meta name=\"twitter:label1\" content=\"Temps estimat de lectura\" \/>\n\t<meta name=\"twitter:data1\" content=\"2 minuts\" \/>\n<script type=\"application\/ld+json\" class=\"yoast-schema-graph\">{\"@context\":\"https:\/\/schema.org\",\"@graph\":[{\"@type\":\"WebPage\",\"@id\":\"https:\/\/accigest.com\/ca\/advocats-especialitzats-en-accidents-de-transit-a-martorell\/\",\"url\":\"https:\/\/accigest.com\/ca\/advocats-especialitzats-en-accidents-de-transit-a-martorell\/\",\"name\":\"Advocats especialitzats en accidents de tr\u00e0nsit a Martorell - Accigest\",\"isPartOf\":{\"@id\":\"https:\/\/accigest.com\/ca\/#website\"},\"datePublished\":\"2018-02-23T12:54:17+00:00\",\"dateModified\":\"2022-03-27T22:29:23+00:00\",\"description\":\"Accigest disposa dels millors advocats especialistes en accidents de tr\u00e0nsit per a un assessorament personalitzat, relacionat amb qualsevol tema per col\u00b7lisi\u00f3 o atropellament a Martorell. Contacta'ns sense comprom\u00eds \u260e 630 202 144\",\"breadcrumb\":{\"@id\":\"https:\/\/accigest.com\/ca\/advocats-especialitzats-en-accidents-de-transit-a-martorell\/#breadcrumb\"},\"inLanguage\":\"ca\",\"potentialAction\":[{\"@type\":\"ReadAction\",\"target\":[\"https:\/\/accigest.com\/ca\/advocats-especialitzats-en-accidents-de-transit-a-martorell\/\"]}]},{\"@type\":\"BreadcrumbList\",\"@id\":\"https:\/\/accigest.com\/ca\/advocats-especialitzats-en-accidents-de-transit-a-martorell\/#breadcrumb\",\"itemListElement\":[{\"@type\":\"ListItem\",\"position\":1,\"name\":\"Inici\",\"item\":\"https:\/\/accigest.com\/ca\/\"},{\"@type\":\"ListItem\",\"position\":2,\"name\":\"Advocats especialitzats en accidents de tr\u00e0nsit a Martorell\"}]},{\"@type\":\"WebSite\",\"@id\":\"https:\/\/accigest.com\/ca\/#website\",\"url\":\"https:\/\/accigest.com\/ca\/\",\"name\":\"Accigest\",\"description\":\"Especialistas en  indemnizaciones por  accidentes de tr\u00e1fico\",\"publisher\":{\"@id\":\"https:\/\/accigest.com\/ca\/#organization\"},\"potentialAction\":[{\"@type\":\"SearchAction\",\"target\":{\"@type\":\"EntryPoint\",\"urlTemplate\":\"https:\/\/accigest.com\/ca\/?s={search_term_string}\"},\"query-input\":{\"@type\":\"PropertyValueSpecification\",\"valueRequired\":true,\"valueName\":\"search_term_string\"}}],\"inLanguage\":\"ca\"},{\"@type\":\"Organization\",\"@id\":\"https:\/\/accigest.com\/ca\/#organization\",\"name\":\"Accigest Abogados de Accidentes Tr\u00e1fico\",\"url\":\"https:\/\/accigest.com\/ca\/\",\"logo\":{\"@type\":\"ImageObject\",\"inLanguage\":\"ca\",\"@id\":\"https:\/\/accigest.com\/ca\/#\/schema\/logo\/image\/\",\"url\":\"https:\/\/accigest.com\/wp-content\/uploads\/2021\/06\/logo-accigest.svg\",\"contentUrl\":\"https:\/\/accigest.com\/wp-content\/uploads\/2021\/06\/logo-accigest.svg\",\"width\":1,\"height\":1,\"caption\":\"Accigest Abogados de Accidentes Tr\u00e1fico\"},\"image\":{\"@id\":\"https:\/\/accigest.com\/ca\/#\/schema\/logo\/image\/\"}}]}<\/script>\n<!-- \/ Yoast SEO plugin. -->","yoast_head_json":{"title":"Advocats especialitzats en accidents de tr\u00e0nsit a Martorell - Accigest","description":"Accigest disposa dels millors advocats especialistes en accidents de tr\u00e0nsit per a un assessorament personalitzat, relacionat amb qualsevol tema per col\u00b7lisi\u00f3 o atropellament a Martorell. Contacta'ns sense comprom\u00eds \u260e 630 202 144","robots":{"index":"index","follow":"follow","max-snippet":"max-snippet:-1","max-image-preview":"max-image-preview:large","max-video-preview":"max-video-preview:-1"},"canonical":"https:\/\/accigest.com\/ca\/advocats-especialitzats-en-accidents-de-transit-a-martorell\/","og_locale":"ca_ES","og_type":"article","og_title":"Advocats especialitzats en accidents de tr\u00e0nsit a Martorell - Accigest","og_description":"Accigest disposa dels millors advocats especialistes en accidents de tr\u00e0nsit per a un assessorament personalitzat, relacionat amb qualsevol tema per col\u00b7lisi\u00f3 o atropellament a Martorell. Contacta'ns sense comprom\u00eds \u260e 630 202 144","og_url":"https:\/\/accigest.com\/ca\/advocats-especialitzats-en-accidents-de-transit-a-martorell\/","og_site_name":"Accigest","article_modified_time":"2022-03-27T22:29:23+00:00","twitter_card":"summary_large_image","twitter_misc":{"Temps estimat de lectura":"2 minuts"},"schema":{"@context":"https:\/\/schema.org","@graph":[{"@type":"WebPage","@id":"https:\/\/accigest.com\/ca\/advocats-especialitzats-en-accidents-de-transit-a-martorell\/","url":"https:\/\/accigest.com\/ca\/advocats-especialitzats-en-accidents-de-transit-a-martorell\/","name":"Advocats especialitzats en accidents de tr\u00e0nsit a Martorell - Accigest","isPartOf":{"@id":"https:\/\/accigest.com\/ca\/#website"},"datePublished":"2018-02-23T12:54:17+00:00","dateModified":"2022-03-27T22:29:23+00:00","description":"Accigest disposa dels millors advocats especialistes en accidents de tr\u00e0nsit per a un assessorament personalitzat, relacionat amb qualsevol tema per col\u00b7lisi\u00f3 o atropellament a Martorell. Contacta'ns sense comprom\u00eds \u260e 630 202 144","breadcrumb":{"@id":"https:\/\/accigest.com\/ca\/advocats-especialitzats-en-accidents-de-transit-a-martorell\/#breadcrumb"},"inLanguage":"ca","potentialAction":[{"@type":"ReadAction","target":["https:\/\/accigest.com\/ca\/advocats-especialitzats-en-accidents-de-transit-a-martorell\/"]}]},{"@type":"BreadcrumbList","@id":"https:\/\/accigest.com\/ca\/advocats-especialitzats-en-accidents-de-transit-a-martorell\/#breadcrumb","itemListElement":[{"@type":"ListItem","position":1,"name":"Inici","item":"https:\/\/accigest.com\/ca\/"},{"@type":"ListItem","position":2,"name":"Advocats especialitzats en accidents de tr\u00e0nsit a Martorell"}]},{"@type":"WebSite","@id":"https:\/\/accigest.com\/ca\/#website","url":"https:\/\/accigest.com\/ca\/","name":"Accigest","description":"Especialistas en  indemnizaciones por  accidentes de tr\u00e1fico","publisher":{"@id":"https:\/\/accigest.com\/ca\/#organization"},"potentialAction":[{"@type":"SearchAction","target":{"@type":"EntryPoint","urlTemplate":"https:\/\/accigest.com\/ca\/?s={search_term_string}"},"query-input":{"@type":"PropertyValueSpecification","valueRequired":true,"valueName":"search_term_string"}}],"inLanguage":"ca"},{"@type":"Organization","@id":"https:\/\/accigest.com\/ca\/#organization","name":"Accigest Abogados de Accidentes Tr\u00e1fico","url":"https:\/\/accigest.com\/ca\/","logo":{"@type":"ImageObject","inLanguage":"ca","@id":"https:\/\/accigest.com\/ca\/#\/schema\/logo\/image\/","url":"https:\/\/accigest.com\/wp-content\/uploads\/2021\/06\/logo-accigest.svg","contentUrl":"https:\/\/accigest.com\/wp-content\/uploads\/2021\/06\/logo-accigest.svg","width":1,"height":1,"caption":"Accigest Abogados de Accidentes Tr\u00e1fico"},"image":{"@id":"https:\/\/accigest.com\/ca\/#\/schema\/logo\/image\/"}}]}},"_links":{"self":[{"href":"https:\/\/accigest.com\/ca\/wp-json\/wp\/v2\/pages\/3360","targetHints":{"allow":["GET"]}}],"collection":[{"href":"https:\/\/accigest.com\/ca\/wp-json\/wp\/v2\/pages"}],"about":[{"href":"https:\/\/accigest.com\/ca\/wp-json\/wp\/v2\/types\/page"}],"author":[{"embeddable":true,"href":"https:\/\/accigest.com\/ca\/wp-json\/wp\/v2\/users\/2"}],"replies":[{"embeddable":true,"href":"https:\/\/accigest.com\/ca\/wp-json\/wp\/v2\/comments?post=3360"}],"version-history":[{"count":6,"href":"https:\/\/accigest.com\/ca\/wp-json\/wp\/v2\/pages\/3360\/revisions"}],"predecessor-version":[{"id":7800,"href":"https:\/\/accigest.com\/ca\/wp-json\/wp\/v2\/pages\/3360\/revisions\/7800"}],"wp:attachment":[{"href":"https:\/\/accigest.com\/ca\/wp-json\/wp\/v2\/media?parent=3360"}],"curies":[{"name":"wp","href":"https:\/\/api.w.org\/{rel}","templated":true}]}}