{"id":3361,"date":"2018-02-23T13:00:43","date_gmt":"2018-02-23T13:00:43","guid":{"rendered":"https:\/\/accigest.staging3w.com\/?page_id=3361"},"modified":"2022-03-28T16:51:26","modified_gmt":"2022-03-28T14:51:26","slug":"advocats-especialitzats-en-accidents-de-transit-a-mataro","status":"publish","type":"page","link":"https:\/\/accigest.com\/ca\/advocats-especialitzats-en-accidents-de-transit-a-mataro\/","title":{"rendered":"Advocats especialitzats en accidents de tr\u00e0nsit a Matar\u00f3"},"content":{"rendered":"<h2>\u00bfEst\u00e0 buscant un advocat per un accident de tr\u00e0nsit a Matar\u00f3?<\/h2>\n<p>Les p\u00f2lisses d&#8217;asseguran\u00e7a d&#8217;autom\u00f2bil de les companyies asseguradores inclouen la cobertura de \u201cdefensa jur\u00eddica\u201d, per la qual cosa tot assegurat que resulti perjudicat en un accident de tr\u00e0nsit podr\u00e0 decidir si encarregar la reclamaci\u00f3&nbsp;indemnitzat\u00f2ria&nbsp;a l&#8217;advocat que li assigni la seva companyia o contractar un advocat particular, ali\u00e8 a les entitats asseguradores.<\/p>\n<p>Aix\u00ed mateix, si ha patit un atropellament, ja sigui en condici\u00f3 de vianant o de ciclista, ha de saber que t\u00e9 dret a reclamar una indemnitzaci\u00f3 a la companyia del vehicle responsable pels danys i perjudicis ocasionats.<\/p>\n<p>A Matar\u00f3 comptem amb <strong>advocats especialitzats en el dret de la circulaci\u00f3 i gestors experts en la negociaci\u00f3 d&#8217;indemnitzacions<\/strong> que s&#8217;encarregaran d&#8217;estudiar el seu cas i aconseguir la m\u00e0xima compensaci\u00f3 econ\u00f2mica, doncs en&nbsp;Accigest&nbsp;els interessos dels nostres clients s\u00f3n la nostra \u00fanica prioritat.<\/p>\n\n\n<div class=\"wp-block-columns ag-section ag-section-icons is-layout-flex wp-container-core-columns-is-layout-9d6595d7 wp-block-columns-is-layout-flex\">\n<div class=\"wp-block-column icons-text__item is-layout-flow wp-block-column-is-layout-flow\">\n<div class=\"wp-block-group\"><div class=\"wp-block-group__inner-container is-layout-flow wp-block-group-is-layout-flow\">\n<figure class=\"wp-block-image size-large\"><img decoding=\"async\" src=\"https:\/\/accigest.com\/wp-content\/uploads\/2021\/06\/icon-visitas-a-dominiclio.svg\" alt=\"\" class=\"wp-image-5981\"\/><\/figure>\n\n\n\n<p>Visites a domicili gratu\u00eftes<\/p>\n<\/div><\/div>\n<\/div>\n\n\n\n<div class=\"wp-block-column icons-text__item is-layout-flow wp-block-column-is-layout-flow\">\n<div class=\"wp-block-group\"><div class=\"wp-block-group__inner-container is-layout-flow wp-block-group-is-layout-flow\">\n<figure class=\"wp-block-image size-large\"><img decoding=\"async\" src=\"https:\/\/accigest.com\/wp-content\/uploads\/2021\/06\/icon-solo-cobramos-1.svg\" alt=\"S\u00f3lo cobramos si usted cobra\" class=\"wp-image-5983\"\/><\/figure>\n\n\n\n<p>Nom\u00e9s cobrem quan vost\u00e8 cobri<\/p>\n<\/div><\/div>\n<\/div>\n<\/div>\n\n\n<h2>De quins avantatges i beneficis disposar\u00e0 al contractar Accigest?<\/h2>\n<p>Entre els avantatges que gaudir\u00e0 en contractar-nos, es destaquen les seg\u00fcents:<\/p>\n<ul>\n<li>Ens comprometem a mantenir informat al client de l&#8217;avan\u00e7 de la seva reclamaci\u00f3 tant per correu electr\u00f2nic com per tel\u00e8fon, i fins i tot mitjan\u00e7ant&nbsp;Whatsapp.<\/li>\n<li>Redu\u00efm el temps de gesti\u00f3 perqu\u00e8 percebi al m\u00e9s aviat possible la indemnitzaci\u00f3 que li correspongui pels danys i perjudicis ocasionats.<\/li>\n<li>Realitzem el seguiment de les lesions de la v\u00edctima.<\/li>\n<li>Nom\u00e9s cobrem si vost\u00e8 cobra, per la qual cosa no haur\u00e0 de pagar res per avan\u00e7at.<\/li>\n<li>Li proporcionarem una gesti\u00f3 integral des del moment de l&#8217;accident fins que cobri la seva indemnitzaci\u00f3, independentment de la fase en la qual es trobi.<\/li>\n<li>Si encara es troba convalescent de l&#8217;accident, podem realitzar-li una visita a domicili totalment gratu\u00efta per assessorar-li i resoldre tots els seus dubtes.<\/li>\n<\/ul>\n<h2>Especialistes en Accidents a Matar\u00f3<\/h2>\n<p><strong>No dubti a contactar amb nosaltres per tel\u00e8fon o emplenant el nostre formulari de contacte<\/strong> i li informarem sense cap comprom\u00eds.<\/p>","protected":false},"excerpt":{"rendered":"\u00bfEst\u00e0 buscant un advocat per un accident de tr\u00e0nsit a Matar\u00f3? Les p\u00f2lisses d'asseguran\u00e7a d'autom\u00f2bil de les companyies asseguradores inclouen la cobertura de \u201cdefensa jur\u00eddica\u201d, per la qual cosa tot assegurat que resulti perjudicat en un accident de tr\u00e0nsit podr\u00e0 decidir si encarregar la reclamaci\u00f3&nbsp;indemnitzat\u00f2ria&nbsp;a l'advocat que li assigni la&hellip;&nbsp;<a class=\"read-more\" href=\"https:\/\/accigest.com\/ca\/advocats-especialitzats-en-accidents-de-transit-a-mataro\/\">Llegir m\u00e9s<\/a>","protected":false},"author":2,"featured_media":0,"parent":0,"menu_order":0,"comment_status":"closed","ping_status":"closed","template":"","meta":{"footnotes":""},"class_list":["post-3361","page","type-page","status-publish","hentry"],"yoast_head":"<!-- This site is optimized with the Yoast SEO plugin v27.1.1 - https:\/\/yoast.com\/product\/yoast-seo-wordpress\/ -->\n<title>Advocats especialitzats en accidents de tr\u00e0nsit a Matar\u00f3 | Accigest<\/title>\n<meta name=\"description\" content=\"Accigest disposa dels millors advocats especialistes en accidents de tr\u00e0nsit per a un assessorament personalitzat, relacionat amb qualsevol tema per col\u00b7lisi\u00f3 o atropellament a Matar\u00f3. Contacta&#039;ns sense comprom\u00eds \u260e 630 202 144\" \/>\n<meta name=\"robots\" content=\"index, follow, max-snippet:-1, max-image-preview:large, max-video-preview:-1\" \/>\n<link rel=\"canonical\" href=\"https:\/\/accigest.com\/ca\/advocats-especialitzats-en-accidents-de-transit-a-mataro\/\" \/>\n<meta property=\"og:locale\" content=\"ca_ES\" \/>\n<meta property=\"og:type\" content=\"article\" \/>\n<meta property=\"og:title\" content=\"Advocats especialitzats en accidents de tr\u00e0nsit a Matar\u00f3 | Accigest\" \/>\n<meta property=\"og:description\" content=\"Accigest disposa dels millors advocats especialistes en accidents de tr\u00e0nsit per a un assessorament personalitzat, relacionat amb qualsevol tema per col\u00b7lisi\u00f3 o atropellament a Matar\u00f3. Contacta&#039;ns sense comprom\u00eds \u260e 630 202 144\" \/>\n<meta property=\"og:url\" content=\"https:\/\/accigest.com\/ca\/advocats-especialitzats-en-accidents-de-transit-a-mataro\/\" \/>\n<meta property=\"og:site_name\" content=\"Accigest\" \/>\n<meta property=\"article:modified_time\" content=\"2022-03-28T14:51:26+00:00\" \/>\n<meta name=\"twitter:card\" content=\"summary_large_image\" \/>\n<meta name=\"twitter:label1\" content=\"Temps estimat de lectura\" \/>\n\t<meta name=\"twitter:data1\" content=\"2 minuts\" \/>\n<script type=\"application\/ld+json\" class=\"yoast-schema-graph\">{\"@context\":\"https:\/\/schema.org\",\"@graph\":[{\"@type\":\"WebPage\",\"@id\":\"https:\/\/accigest.com\/ca\/advocats-especialitzats-en-accidents-de-transit-a-mataro\/\",\"url\":\"https:\/\/accigest.com\/ca\/advocats-especialitzats-en-accidents-de-transit-a-mataro\/\",\"name\":\"Advocats especialitzats en accidents de tr\u00e0nsit a Matar\u00f3 | Accigest\",\"isPartOf\":{\"@id\":\"https:\/\/accigest.com\/ca\/#website\"},\"datePublished\":\"2018-02-23T13:00:43+00:00\",\"dateModified\":\"2022-03-28T14:51:26+00:00\",\"description\":\"Accigest disposa dels millors advocats especialistes en accidents de tr\u00e0nsit per a un assessorament personalitzat, relacionat amb qualsevol tema per col\u00b7lisi\u00f3 o atropellament a Matar\u00f3. Contacta'ns sense comprom\u00eds \u260e 630 202 144\",\"breadcrumb\":{\"@id\":\"https:\/\/accigest.com\/ca\/advocats-especialitzats-en-accidents-de-transit-a-mataro\/#breadcrumb\"},\"inLanguage\":\"ca\",\"potentialAction\":[{\"@type\":\"ReadAction\",\"target\":[\"https:\/\/accigest.com\/ca\/advocats-especialitzats-en-accidents-de-transit-a-mataro\/\"]}]},{\"@type\":\"BreadcrumbList\",\"@id\":\"https:\/\/accigest.com\/ca\/advocats-especialitzats-en-accidents-de-transit-a-mataro\/#breadcrumb\",\"itemListElement\":[{\"@type\":\"ListItem\",\"position\":1,\"name\":\"Inici\",\"item\":\"https:\/\/accigest.com\/ca\/\"},{\"@type\":\"ListItem\",\"position\":2,\"name\":\"Advocats especialitzats en accidents de tr\u00e0nsit a Matar\u00f3\"}]},{\"@type\":\"WebSite\",\"@id\":\"https:\/\/accigest.com\/ca\/#website\",\"url\":\"https:\/\/accigest.com\/ca\/\",\"name\":\"Accigest\",\"description\":\"Especialistas en  indemnizaciones por  accidentes de tr\u00e1fico\",\"publisher\":{\"@id\":\"https:\/\/accigest.com\/ca\/#organization\"},\"potentialAction\":[{\"@type\":\"SearchAction\",\"target\":{\"@type\":\"EntryPoint\",\"urlTemplate\":\"https:\/\/accigest.com\/ca\/?s={search_term_string}\"},\"query-input\":{\"@type\":\"PropertyValueSpecification\",\"valueRequired\":true,\"valueName\":\"search_term_string\"}}],\"inLanguage\":\"ca\"},{\"@type\":\"Organization\",\"@id\":\"https:\/\/accigest.com\/ca\/#organization\",\"name\":\"Accigest Abogados de Accidentes Tr\u00e1fico\",\"url\":\"https:\/\/accigest.com\/ca\/\",\"logo\":{\"@type\":\"ImageObject\",\"inLanguage\":\"ca\",\"@id\":\"https:\/\/accigest.com\/ca\/#\/schema\/logo\/image\/\",\"url\":\"https:\/\/accigest.com\/wp-content\/uploads\/2021\/06\/logo-accigest.svg\",\"contentUrl\":\"https:\/\/accigest.com\/wp-content\/uploads\/2021\/06\/logo-accigest.svg\",\"width\":1,\"height\":1,\"caption\":\"Accigest Abogados de Accidentes Tr\u00e1fico\"},\"image\":{\"@id\":\"https:\/\/accigest.com\/ca\/#\/schema\/logo\/image\/\"}}]}<\/script>\n<!-- \/ Yoast SEO plugin. -->","yoast_head_json":{"title":"Advocats especialitzats en accidents de tr\u00e0nsit a Matar\u00f3 | Accigest","description":"Accigest disposa dels millors advocats especialistes en accidents de tr\u00e0nsit per a un assessorament personalitzat, relacionat amb qualsevol tema per col\u00b7lisi\u00f3 o atropellament a Matar\u00f3. Contacta'ns sense comprom\u00eds \u260e 630 202 144","robots":{"index":"index","follow":"follow","max-snippet":"max-snippet:-1","max-image-preview":"max-image-preview:large","max-video-preview":"max-video-preview:-1"},"canonical":"https:\/\/accigest.com\/ca\/advocats-especialitzats-en-accidents-de-transit-a-mataro\/","og_locale":"ca_ES","og_type":"article","og_title":"Advocats especialitzats en accidents de tr\u00e0nsit a Matar\u00f3 | Accigest","og_description":"Accigest disposa dels millors advocats especialistes en accidents de tr\u00e0nsit per a un assessorament personalitzat, relacionat amb qualsevol tema per col\u00b7lisi\u00f3 o atropellament a Matar\u00f3. Contacta'ns sense comprom\u00eds \u260e 630 202 144","og_url":"https:\/\/accigest.com\/ca\/advocats-especialitzats-en-accidents-de-transit-a-mataro\/","og_site_name":"Accigest","article_modified_time":"2022-03-28T14:51:26+00:00","twitter_card":"summary_large_image","twitter_misc":{"Temps estimat de lectura":"2 minuts"},"schema":{"@context":"https:\/\/schema.org","@graph":[{"@type":"WebPage","@id":"https:\/\/accigest.com\/ca\/advocats-especialitzats-en-accidents-de-transit-a-mataro\/","url":"https:\/\/accigest.com\/ca\/advocats-especialitzats-en-accidents-de-transit-a-mataro\/","name":"Advocats especialitzats en accidents de tr\u00e0nsit a Matar\u00f3 | Accigest","isPartOf":{"@id":"https:\/\/accigest.com\/ca\/#website"},"datePublished":"2018-02-23T13:00:43+00:00","dateModified":"2022-03-28T14:51:26+00:00","description":"Accigest disposa dels millors advocats especialistes en accidents de tr\u00e0nsit per a un assessorament personalitzat, relacionat amb qualsevol tema per col\u00b7lisi\u00f3 o atropellament a Matar\u00f3. Contacta'ns sense comprom\u00eds \u260e 630 202 144","breadcrumb":{"@id":"https:\/\/accigest.com\/ca\/advocats-especialitzats-en-accidents-de-transit-a-mataro\/#breadcrumb"},"inLanguage":"ca","potentialAction":[{"@type":"ReadAction","target":["https:\/\/accigest.com\/ca\/advocats-especialitzats-en-accidents-de-transit-a-mataro\/"]}]},{"@type":"BreadcrumbList","@id":"https:\/\/accigest.com\/ca\/advocats-especialitzats-en-accidents-de-transit-a-mataro\/#breadcrumb","itemListElement":[{"@type":"ListItem","position":1,"name":"Inici","item":"https:\/\/accigest.com\/ca\/"},{"@type":"ListItem","position":2,"name":"Advocats especialitzats en accidents de tr\u00e0nsit a Matar\u00f3"}]},{"@type":"WebSite","@id":"https:\/\/accigest.com\/ca\/#website","url":"https:\/\/accigest.com\/ca\/","name":"Accigest","description":"Especialistas en  indemnizaciones por  accidentes de tr\u00e1fico","publisher":{"@id":"https:\/\/accigest.com\/ca\/#organization"},"potentialAction":[{"@type":"SearchAction","target":{"@type":"EntryPoint","urlTemplate":"https:\/\/accigest.com\/ca\/?s={search_term_string}"},"query-input":{"@type":"PropertyValueSpecification","valueRequired":true,"valueName":"search_term_string"}}],"inLanguage":"ca"},{"@type":"Organization","@id":"https:\/\/accigest.com\/ca\/#organization","name":"Accigest Abogados de Accidentes Tr\u00e1fico","url":"https:\/\/accigest.com\/ca\/","logo":{"@type":"ImageObject","inLanguage":"ca","@id":"https:\/\/accigest.com\/ca\/#\/schema\/logo\/image\/","url":"https:\/\/accigest.com\/wp-content\/uploads\/2021\/06\/logo-accigest.svg","contentUrl":"https:\/\/accigest.com\/wp-content\/uploads\/2021\/06\/logo-accigest.svg","width":1,"height":1,"caption":"Accigest Abogados de Accidentes Tr\u00e1fico"},"image":{"@id":"https:\/\/accigest.com\/ca\/#\/schema\/logo\/image\/"}}]}},"_links":{"self":[{"href":"https:\/\/accigest.com\/ca\/wp-json\/wp\/v2\/pages\/3361","targetHints":{"allow":["GET"]}}],"collection":[{"href":"https:\/\/accigest.com\/ca\/wp-json\/wp\/v2\/pages"}],"about":[{"href":"https:\/\/accigest.com\/ca\/wp-json\/wp\/v2\/types\/page"}],"author":[{"embeddable":true,"href":"https:\/\/accigest.com\/ca\/wp-json\/wp\/v2\/users\/2"}],"replies":[{"embeddable":true,"href":"https:\/\/accigest.com\/ca\/wp-json\/wp\/v2\/comments?post=3361"}],"version-history":[{"count":6,"href":"https:\/\/accigest.com\/ca\/wp-json\/wp\/v2\/pages\/3361\/revisions"}],"predecessor-version":[{"id":7804,"href":"https:\/\/accigest.com\/ca\/wp-json\/wp\/v2\/pages\/3361\/revisions\/7804"}],"wp:attachment":[{"href":"https:\/\/accigest.com\/ca\/wp-json\/wp\/v2\/media?parent=3361"}],"curies":[{"name":"wp","href":"https:\/\/api.w.org\/{rel}","templated":true}]}}