{"id":3362,"date":"2018-02-24T10:01:01","date_gmt":"2018-02-24T10:01:01","guid":{"rendered":"https:\/\/accigest.staging3w.com\/?page_id=3362"},"modified":"2022-03-28T17:15:50","modified_gmt":"2022-03-28T15:15:50","slug":"advocats-especialitzats-en-accidents-de-transit-a-mollet-del-valles","status":"publish","type":"page","link":"https:\/\/accigest.com\/ca\/advocats-especialitzats-en-accidents-de-transit-a-mollet-del-valles\/","title":{"rendered":"Advocats especialitzats en accidents de tr\u00e0nsit a Mollet del Vall\u00e8s"},"content":{"rendered":"<h2>Est\u00e0 buscant un advocat per un accident de tr\u00e0nsit a Mollet del Vall\u00e8s?<\/h2>\n<p>Les persones lesionades en un accident de tr\u00e0nsit sempre tindran dret a indemnitzaci\u00f3, tret que concorri en l&#8217;accident la \u201cculpa exclusiva de la v\u00edctima\u201d.<\/p>\n<p>Per tant, haur\u00e0 de ser indemnitzat:<\/p>\n<ul>\n<li>El conductor no culpable (inclusivament ciclistes).<\/li>\n<li>Els passatgers\/ocupants del vehicle.<\/li>\n<li>Els vianants.<\/li>\n<\/ul>\n<p>De vegades sorgeixen dubtes sobre qu\u00e8 ha de fer-se per tramitar la indemnitzaci\u00f3, si confiar en l&#8217;asseguradora pr\u00f2pia perqu\u00e8 gestioni la reclamaci\u00f3 de l&#8217;accident a trav\u00e9s dels seus advocats o b\u00e9 derivar-ho a un despatx particular amb advocats externs.<\/p>\n<p>B\u00e9, li informem que en&nbsp;Accigest&nbsp;oferim un assessorament professional per defensar els seus drets i ajudar-li a <strong>reclamar la seva indemnitzaci\u00f3, perqu\u00e8 \u00fanicament hagi d&#8217;ocupar-se de la seva recuperaci\u00f3,<\/strong> evitant-li mol\u00e8sties.<\/p>\n\n\n<div class=\"wp-block-columns ag-section ag-section-icons is-layout-flex wp-container-core-columns-is-layout-9d6595d7 wp-block-columns-is-layout-flex\">\n<div class=\"wp-block-column icons-text__item is-layout-flow wp-block-column-is-layout-flow\">\n<div class=\"wp-block-group\"><div class=\"wp-block-group__inner-container is-layout-flow wp-block-group-is-layout-flow\">\n<figure class=\"wp-block-image size-large\"><img decoding=\"async\" src=\"https:\/\/accigest.com\/wp-content\/uploads\/2021\/06\/icon-visitas-a-dominiclio.svg\" alt=\"\" class=\"wp-image-5981\"\/><\/figure>\n\n\n\n<p>Visites a domicili gratu\u00eftes<\/p>\n<\/div><\/div>\n<\/div>\n\n\n\n<div class=\"wp-block-column icons-text__item is-layout-flow wp-block-column-is-layout-flow\">\n<div class=\"wp-block-group\"><div class=\"wp-block-group__inner-container is-layout-flow wp-block-group-is-layout-flow\">\n<figure class=\"wp-block-image size-large\"><img decoding=\"async\" src=\"https:\/\/accigest.com\/wp-content\/uploads\/2021\/06\/icon-solo-cobramos-1.svg\" alt=\"S\u00f3lo cobramos si usted cobra\" class=\"wp-image-5983\"\/><\/figure>\n\n\n\n<p>Nom\u00e9s cobrem quan vost\u00e8 cobri<\/p>\n<\/div><\/div>\n<\/div>\n<\/div>\n\n\n<h2>Per qu\u00e8 contactar amb Accigest?<\/h2>\n<p>El nostre objectiu \u00e9s assessorar al client des del principi i de la forma m\u00e9s propera possible fins a obtenir la seva <strong>completa indemnitzaci\u00f3 pels danys i perjudicis ocasionats<\/strong>, en el menor lapse de temps, i nom\u00e9s cobrem una vegada que vost\u00e8 ja hagi rebut la seva indemnitzaci\u00f3.<\/p>\n<p>Per a aix\u00f2, <strong>posem a la seva disposici\u00f3 advocats especialitzats en el dret de la circulaci\u00f3,<\/strong> metges experts en la valoraci\u00f3 del dany corporal i gestors especialistes en la negociaci\u00f3 d&#8217;indemnitzacions que li proporcionessin una gesti\u00f3 integral de la seva reclamaci\u00f3.<\/p>\n<h2>Especialistes en Accidents a Mollet del Vall\u00e8s<\/h2>\n<p>Les consultes s\u00f3n gratu\u00eftes i sense comprom\u00eds, per la qual cosa no <strong>dubti a contactar amb un dels nostres advocats especialistes en accidents de tr\u00e0nsit de Mollet del Vall\u00e8s, trucant-nos <\/strong>o emplenant el formulari que posem a la seva disposici\u00f3. Si prefereix tractar el tema en persona i es troba convalescent de l&#8217;accident, li informem que realitzem visites a domicili sense cost algun per poder assessorar-li i resoldre tots els seus dubtes.<\/p>","protected":false},"excerpt":{"rendered":"Est\u00e0 buscant un advocat per un accident de tr\u00e0nsit a Mollet del Vall\u00e8s? Les persones lesionades en un accident de tr\u00e0nsit sempre tindran dret a indemnitzaci\u00f3, tret que concorri en l'accident la \u201cculpa exclusiva de la v\u00edctima\u201d. Per tant, haur\u00e0 de ser indemnitzat: El conductor no culpable (inclusivament ciclistes). Els&hellip;&nbsp;<a class=\"read-more\" href=\"https:\/\/accigest.com\/ca\/advocats-especialitzats-en-accidents-de-transit-a-mollet-del-valles\/\">Llegir m\u00e9s<\/a>","protected":false},"author":2,"featured_media":0,"parent":0,"menu_order":0,"comment_status":"closed","ping_status":"closed","template":"","meta":{"footnotes":""},"class_list":["post-3362","page","type-page","status-publish","hentry"],"yoast_head":"<!-- This site is optimized with the Yoast SEO plugin v27.4 - https:\/\/yoast.com\/product\/yoast-seo-wordpress\/ -->\n<title>Advocats en accidents de tr\u00e0nsit a Mollet del Vall\u00e8s - Accigest<\/title>\n<meta name=\"description\" content=\"Accigest disposa dels millors advocats especialistes en accidents de tr\u00e0nsit per a un assessorament, relacionat amb qualsevol tema per col\u00b7lisi\u00f3 o atropellament a Mollet del Vall\u00e8s. Contacta&#039;ns sense comprom\u00eds \u260e 630 202 144\" \/>\n<meta name=\"robots\" content=\"index, follow, max-snippet:-1, max-image-preview:large, max-video-preview:-1\" \/>\n<link rel=\"canonical\" href=\"https:\/\/accigest.com\/ca\/advocats-especialitzats-en-accidents-de-transit-a-mollet-del-valles\/\" \/>\n<meta property=\"og:locale\" content=\"ca_ES\" \/>\n<meta property=\"og:type\" content=\"article\" \/>\n<meta property=\"og:title\" content=\"Advocats en accidents de tr\u00e0nsit a Mollet del Vall\u00e8s - Accigest\" \/>\n<meta property=\"og:description\" content=\"Accigest disposa dels millors advocats especialistes en accidents de tr\u00e0nsit per a un assessorament, relacionat amb qualsevol tema per col\u00b7lisi\u00f3 o atropellament a Mollet del Vall\u00e8s. Contacta&#039;ns sense comprom\u00eds \u260e 630 202 144\" \/>\n<meta property=\"og:url\" content=\"https:\/\/accigest.com\/ca\/advocats-especialitzats-en-accidents-de-transit-a-mollet-del-valles\/\" \/>\n<meta property=\"og:site_name\" content=\"Accigest\" \/>\n<meta property=\"article:modified_time\" content=\"2022-03-28T15:15:50+00:00\" \/>\n<meta name=\"twitter:card\" content=\"summary_large_image\" \/>\n<meta name=\"twitter:label1\" content=\"Temps estimat de lectura\" \/>\n\t<meta name=\"twitter:data1\" content=\"2 minuts\" \/>\n<script type=\"application\/ld+json\" class=\"yoast-schema-graph\">{\"@context\":\"https:\\\/\\\/schema.org\",\"@graph\":[{\"@type\":\"WebPage\",\"@id\":\"https:\\\/\\\/accigest.com\\\/ca\\\/advocats-especialitzats-en-accidents-de-transit-a-mollet-del-valles\\\/\",\"url\":\"https:\\\/\\\/accigest.com\\\/ca\\\/advocats-especialitzats-en-accidents-de-transit-a-mollet-del-valles\\\/\",\"name\":\"Advocats en accidents de tr\u00e0nsit a Mollet del Vall\u00e8s - Accigest\",\"isPartOf\":{\"@id\":\"https:\\\/\\\/accigest.com\\\/ca\\\/#website\"},\"datePublished\":\"2018-02-24T10:01:01+00:00\",\"dateModified\":\"2022-03-28T15:15:50+00:00\",\"description\":\"Accigest disposa dels millors advocats especialistes en accidents de tr\u00e0nsit per a un assessorament, relacionat amb qualsevol tema per col\u00b7lisi\u00f3 o atropellament a Mollet del Vall\u00e8s. Contacta'ns sense comprom\u00eds \u260e 630 202 144\",\"breadcrumb\":{\"@id\":\"https:\\\/\\\/accigest.com\\\/ca\\\/advocats-especialitzats-en-accidents-de-transit-a-mollet-del-valles\\\/#breadcrumb\"},\"inLanguage\":\"ca\",\"potentialAction\":[{\"@type\":\"ReadAction\",\"target\":[\"https:\\\/\\\/accigest.com\\\/ca\\\/advocats-especialitzats-en-accidents-de-transit-a-mollet-del-valles\\\/\"]}]},{\"@type\":\"BreadcrumbList\",\"@id\":\"https:\\\/\\\/accigest.com\\\/ca\\\/advocats-especialitzats-en-accidents-de-transit-a-mollet-del-valles\\\/#breadcrumb\",\"itemListElement\":[{\"@type\":\"ListItem\",\"position\":1,\"name\":\"Inici\",\"item\":\"https:\\\/\\\/accigest.com\\\/ca\\\/\"},{\"@type\":\"ListItem\",\"position\":2,\"name\":\"Advocats especialitzats en accidents de tr\u00e0nsit a Mollet del Vall\u00e8s\"}]},{\"@type\":\"WebSite\",\"@id\":\"https:\\\/\\\/accigest.com\\\/ca\\\/#website\",\"url\":\"https:\\\/\\\/accigest.com\\\/ca\\\/\",\"name\":\"Accigest\",\"description\":\"Especialistas en  indemnizaciones por  accidentes de tr\u00e1fico\",\"publisher\":{\"@id\":\"https:\\\/\\\/accigest.com\\\/ca\\\/#organization\"},\"potentialAction\":[{\"@type\":\"SearchAction\",\"target\":{\"@type\":\"EntryPoint\",\"urlTemplate\":\"https:\\\/\\\/accigest.com\\\/ca\\\/?s={search_term_string}\"},\"query-input\":{\"@type\":\"PropertyValueSpecification\",\"valueRequired\":true,\"valueName\":\"search_term_string\"}}],\"inLanguage\":\"ca\"},{\"@type\":\"Organization\",\"@id\":\"https:\\\/\\\/accigest.com\\\/ca\\\/#organization\",\"name\":\"Accigest Abogados de Accidentes Tr\u00e1fico\",\"url\":\"https:\\\/\\\/accigest.com\\\/ca\\\/\",\"logo\":{\"@type\":\"ImageObject\",\"inLanguage\":\"ca\",\"@id\":\"https:\\\/\\\/accigest.com\\\/ca\\\/#\\\/schema\\\/logo\\\/image\\\/\",\"url\":\"https:\\\/\\\/accigest.com\\\/wp-content\\\/uploads\\\/2021\\\/06\\\/logo-accigest.svg\",\"contentUrl\":\"https:\\\/\\\/accigest.com\\\/wp-content\\\/uploads\\\/2021\\\/06\\\/logo-accigest.svg\",\"width\":1,\"height\":1,\"caption\":\"Accigest Abogados de Accidentes Tr\u00e1fico\"},\"image\":{\"@id\":\"https:\\\/\\\/accigest.com\\\/ca\\\/#\\\/schema\\\/logo\\\/image\\\/\"}}]}<\/script>\n<!-- \/ Yoast SEO plugin. -->","yoast_head_json":{"title":"Advocats en accidents de tr\u00e0nsit a Mollet del Vall\u00e8s - Accigest","description":"Accigest disposa dels millors advocats especialistes en accidents de tr\u00e0nsit per a un assessorament, relacionat amb qualsevol tema per col\u00b7lisi\u00f3 o atropellament a Mollet del Vall\u00e8s. Contacta'ns sense comprom\u00eds \u260e 630 202 144","robots":{"index":"index","follow":"follow","max-snippet":"max-snippet:-1","max-image-preview":"max-image-preview:large","max-video-preview":"max-video-preview:-1"},"canonical":"https:\/\/accigest.com\/ca\/advocats-especialitzats-en-accidents-de-transit-a-mollet-del-valles\/","og_locale":"ca_ES","og_type":"article","og_title":"Advocats en accidents de tr\u00e0nsit a Mollet del Vall\u00e8s - Accigest","og_description":"Accigest disposa dels millors advocats especialistes en accidents de tr\u00e0nsit per a un assessorament, relacionat amb qualsevol tema per col\u00b7lisi\u00f3 o atropellament a Mollet del Vall\u00e8s. Contacta'ns sense comprom\u00eds \u260e 630 202 144","og_url":"https:\/\/accigest.com\/ca\/advocats-especialitzats-en-accidents-de-transit-a-mollet-del-valles\/","og_site_name":"Accigest","article_modified_time":"2022-03-28T15:15:50+00:00","twitter_card":"summary_large_image","twitter_misc":{"Temps estimat de lectura":"2 minuts"},"schema":{"@context":"https:\/\/schema.org","@graph":[{"@type":"WebPage","@id":"https:\/\/accigest.com\/ca\/advocats-especialitzats-en-accidents-de-transit-a-mollet-del-valles\/","url":"https:\/\/accigest.com\/ca\/advocats-especialitzats-en-accidents-de-transit-a-mollet-del-valles\/","name":"Advocats en accidents de tr\u00e0nsit a Mollet del Vall\u00e8s - Accigest","isPartOf":{"@id":"https:\/\/accigest.com\/ca\/#website"},"datePublished":"2018-02-24T10:01:01+00:00","dateModified":"2022-03-28T15:15:50+00:00","description":"Accigest disposa dels millors advocats especialistes en accidents de tr\u00e0nsit per a un assessorament, relacionat amb qualsevol tema per col\u00b7lisi\u00f3 o atropellament a Mollet del Vall\u00e8s. Contacta'ns sense comprom\u00eds \u260e 630 202 144","breadcrumb":{"@id":"https:\/\/accigest.com\/ca\/advocats-especialitzats-en-accidents-de-transit-a-mollet-del-valles\/#breadcrumb"},"inLanguage":"ca","potentialAction":[{"@type":"ReadAction","target":["https:\/\/accigest.com\/ca\/advocats-especialitzats-en-accidents-de-transit-a-mollet-del-valles\/"]}]},{"@type":"BreadcrumbList","@id":"https:\/\/accigest.com\/ca\/advocats-especialitzats-en-accidents-de-transit-a-mollet-del-valles\/#breadcrumb","itemListElement":[{"@type":"ListItem","position":1,"name":"Inici","item":"https:\/\/accigest.com\/ca\/"},{"@type":"ListItem","position":2,"name":"Advocats especialitzats en accidents de tr\u00e0nsit a Mollet del Vall\u00e8s"}]},{"@type":"WebSite","@id":"https:\/\/accigest.com\/ca\/#website","url":"https:\/\/accigest.com\/ca\/","name":"Accigest","description":"Especialistas en  indemnizaciones por  accidentes de tr\u00e1fico","publisher":{"@id":"https:\/\/accigest.com\/ca\/#organization"},"potentialAction":[{"@type":"SearchAction","target":{"@type":"EntryPoint","urlTemplate":"https:\/\/accigest.com\/ca\/?s={search_term_string}"},"query-input":{"@type":"PropertyValueSpecification","valueRequired":true,"valueName":"search_term_string"}}],"inLanguage":"ca"},{"@type":"Organization","@id":"https:\/\/accigest.com\/ca\/#organization","name":"Accigest Abogados de Accidentes Tr\u00e1fico","url":"https:\/\/accigest.com\/ca\/","logo":{"@type":"ImageObject","inLanguage":"ca","@id":"https:\/\/accigest.com\/ca\/#\/schema\/logo\/image\/","url":"https:\/\/accigest.com\/wp-content\/uploads\/2021\/06\/logo-accigest.svg","contentUrl":"https:\/\/accigest.com\/wp-content\/uploads\/2021\/06\/logo-accigest.svg","width":1,"height":1,"caption":"Accigest Abogados de Accidentes Tr\u00e1fico"},"image":{"@id":"https:\/\/accigest.com\/ca\/#\/schema\/logo\/image\/"}}]}},"_links":{"self":[{"href":"https:\/\/accigest.com\/ca\/wp-json\/wp\/v2\/pages\/3362","targetHints":{"allow":["GET"]}}],"collection":[{"href":"https:\/\/accigest.com\/ca\/wp-json\/wp\/v2\/pages"}],"about":[{"href":"https:\/\/accigest.com\/ca\/wp-json\/wp\/v2\/types\/page"}],"author":[{"embeddable":true,"href":"https:\/\/accigest.com\/ca\/wp-json\/wp\/v2\/users\/2"}],"replies":[{"embeddable":true,"href":"https:\/\/accigest.com\/ca\/wp-json\/wp\/v2\/comments?post=3362"}],"version-history":[{"count":6,"href":"https:\/\/accigest.com\/ca\/wp-json\/wp\/v2\/pages\/3362\/revisions"}],"predecessor-version":[{"id":7349,"href":"https:\/\/accigest.com\/ca\/wp-json\/wp\/v2\/pages\/3362\/revisions\/7349"}],"wp:attachment":[{"href":"https:\/\/accigest.com\/ca\/wp-json\/wp\/v2\/media?parent=3362"}],"curies":[{"name":"wp","href":"https:\/\/api.w.org\/{rel}","templated":true}]}}