{"id":3364,"date":"2018-02-24T10:16:25","date_gmt":"2018-02-24T10:16:25","guid":{"rendered":"https:\/\/accigest.staging3w.com\/?page_id=3364"},"modified":"2022-03-28T17:39:00","modified_gmt":"2022-03-28T15:39:00","slug":"advocats-especialitzats-en-accidents-de-transit-a-sabadell","status":"publish","type":"page","link":"https:\/\/accigest.com\/ca\/advocats-especialitzats-en-accidents-de-transit-a-sabadell\/","title":{"rendered":"Advocats especialitzats en accidents de tr\u00e0nsit a Sabadell"},"content":{"rendered":"<h2>Est\u00e0 buscant un advocat per un accident de tr\u00e0nsit a Sabadell?<\/h2>\n<p>Els advocats especialistes en accidents de tr\u00e0nsit de Accigest a Sabadell compten amb una dilatada experi\u00e8ncia en la reclamaci\u00f3 d&#8217;indemnitzacions per accidents.<\/p>\n\n\n<div class=\"wp-block-columns ag-section ag-section-icons is-layout-flex wp-container-core-columns-is-layout-9d6595d7 wp-block-columns-is-layout-flex\">\n<div class=\"wp-block-column icons-text__item is-layout-flow wp-block-column-is-layout-flow\">\n<div class=\"wp-block-group\"><div class=\"wp-block-group__inner-container is-layout-flow wp-block-group-is-layout-flow\">\n<figure class=\"wp-block-image size-large\"><img decoding=\"async\" src=\"https:\/\/accigest.com\/wp-content\/uploads\/2021\/06\/icon-visitas-a-dominiclio.svg\" alt=\"\" class=\"wp-image-5981\"\/><\/figure>\n\n\n\n<p>Visites a domicili gratu\u00eftes<\/p>\n<\/div><\/div>\n<\/div>\n\n\n\n<div class=\"wp-block-column icons-text__item is-layout-flow wp-block-column-is-layout-flow\">\n<div class=\"wp-block-group\"><div class=\"wp-block-group__inner-container is-layout-flow wp-block-group-is-layout-flow\">\n<figure class=\"wp-block-image size-large\"><img decoding=\"async\" src=\"https:\/\/accigest.com\/wp-content\/uploads\/2021\/06\/icon-solo-cobramos-1.svg\" alt=\"S\u00f3lo cobramos si usted cobra\" class=\"wp-image-5983\"\/><\/figure>\n\n\n\n<p>Nom\u00e9s cobrem quan vost\u00e8 cobri<\/p>\n<\/div><\/div>\n<\/div>\n<\/div>\n\n\n<h2>Per qu\u00e8 contactar amb Accigest?<\/h2>\n<p>Ha de saber que vost\u00e8 t\u00e9 dret a rebre una indemnitzaci\u00f3 en els seg\u00fcents casos:<\/p>\n<ul>\n<li>Si ha patit lesions a causa d&#8217;un accident de tr\u00e0nsit i la responsabilitat del mateix recau totalment o en part sobre el conductor del vehicle contrari.<\/li>\n<li>Si ha patit lesions mentre viatjava d&#8217;ocupant en el vehicle totalment o en part responsable de l&#8217;accident.<\/li>\n<li>Si ha patit un atropellament com a vianant.<\/li>\n<li>Si ha patit lesions mentre circulava amb bicicleta i la responsabilitat de l&#8217;accident recau totalment o en part sobre el conductor del vehicle contrari.<\/li>\n<\/ul>\n<p>En aquest sentit, cal destacar que en contractar una p\u00f2lissa d&#8217;asseguran\u00e7a d&#8217;autom\u00f2bil amb qualsevol companyia asseguradora es posa a disposici\u00f3 de l&#8217;assegurat la cobertura coneguda com a \u201cdefensa jur\u00eddica\u201d, la qual permet designar lliurement a un advocat de confian\u00e7a en cas de patit un accident de circulaci\u00f3.<\/p>\n<p>Per tant, vost\u00e8 t\u00e9 dret a encarregar la seva reclamaci\u00f3 a l&#8217;advocat que li assigni l&#8217;entitat asseguradora, o b\u00e9 optar per un advocat particular extern a les companyies.<\/p>\n<h2>Especialistes en Accidents a Sabadell<\/h2>\n<p>L&#8217;objectiu dels nostres especialistes \u00e9s <strong>aconseguir la completa compensaci\u00f3 econ\u00f2mica, en el menor lapse possible,<\/strong> a les persones que desgraciadament pateixen un accident de tr\u00e0nsit o un atropellament i veuen truncades les seves vides d&#8217;un dia per a un altre.<\/p>\n<p>Ens encarreguem de negociar, tramitar i transar les reclamacions indemnitzat\u00f2ries de forma diligent i professional sense que el client hagi de preocupar-se de res, m\u00e9s que de rebre l&#8217;import que li correspongui, sent el nostre \u00fanic i exclusiu inter\u00e8s obtenir la major indemnitzaci\u00f3 per a la v\u00edctima de l&#8217;accident i rescabalar els danys i perjudicis que li han estat ocasionats.<\/p>\n<p>Aquesta indemnitzaci\u00f3 es compon per dies molt greus, dies greus, dies moderats, dies b\u00e0sics, seq\u00fceles, danys materials i despeses derivades de l&#8217;accident.<\/p>\n<p>Recordi que si el vehicle contrari no t\u00e9 asseguran\u00e7a o es va donar a la fuga sense poder ser localitzat, ser\u00e0 el Consorci de Compensaci\u00f3 d\u2019Assegurances qui hagi d&#8217;indemnitzar-li.<\/p>\n<p>Contacti ara amb un dels nostres advocats especialistes en accidents de tr\u00e0nsit de Sabadell, <strong>trucant-nos o emplenant el formulari de contacte<\/strong> i li assessorarem de forma gratu\u00efta i immediata.<\/p>\n<p>En contractar els nostres serveis, rebr\u00e0 una atenci\u00f3 personalitzada i un assessorament integral per part del nostre equip format per metges especialistes en la valoraci\u00f3 del dany corporal, per advocats especialitzats en el dret de la circulaci\u00f3 i per experts gestors de reclamacions amb la finalitat d&#8217;obtenir la m\u00e0xima indemnitzaci\u00f3.<\/p>\n<p>Si t\u00e9 dificultats per despla\u00e7ar-se fins a la nostra oficina, <strong>podem realitzar-li una visita a domicili sense cap tipus de comprom\u00eds<\/strong> per informar-li del nostre funcionament i assessorar-li respecte a la quantitat que li correspondria reclamar.<\/p>\n<p>En cas de triar als nostres professionals per tramitar la seva reclamaci\u00f3, vost\u00e8 no pagaria res fins a obtenir la corresponent indemnitzaci\u00f3, per la qual cosa treballem completament a comissi\u00f3 centrant-nos en els interessos de les persones.<\/p>","protected":false},"excerpt":{"rendered":"Est\u00e0 buscant un advocat per un accident de tr\u00e0nsit a Sabadell? Els advocats especialistes en accidents de tr\u00e0nsit de Accigest a Sabadell compten amb una dilatada experi\u00e8ncia en la reclamaci\u00f3 d'indemnitzacions per accidents. Per qu\u00e8 contactar amb Accigest? Ha de saber que vost\u00e8 t\u00e9 dret a rebre una indemnitzaci\u00f3 en&hellip;&nbsp;<a class=\"read-more\" href=\"https:\/\/accigest.com\/ca\/advocats-especialitzats-en-accidents-de-transit-a-sabadell\/\">Llegir m\u00e9s<\/a>","protected":false},"author":2,"featured_media":0,"parent":0,"menu_order":0,"comment_status":"closed","ping_status":"closed","template":"","meta":{"footnotes":""},"class_list":["post-3364","page","type-page","status-publish","hentry"],"yoast_head":"<!-- This site is optimized with the Yoast SEO plugin v27.1.1 - https:\/\/yoast.com\/product\/yoast-seo-wordpress\/ -->\n<title>Advocats especialitzats en accidents de tr\u00e0nsit a Sabadell - Accigest<\/title>\n<meta name=\"description\" content=\"Accigest disposa dels millors advocats especialistes en accidents de tr\u00e0nsit per a un assessorament, relacionat amb qualsevol tema per col\u00b7lisi\u00f3 o atropellament a Sabadell. Contacta&#039;ns sense comprom\u00eds \u260e 630 202 144\" \/>\n<meta name=\"robots\" content=\"index, follow, max-snippet:-1, max-image-preview:large, max-video-preview:-1\" \/>\n<link rel=\"canonical\" href=\"https:\/\/accigest.com\/ca\/advocats-especialitzats-en-accidents-de-transit-a-sabadell\/\" \/>\n<meta property=\"og:locale\" content=\"ca_ES\" \/>\n<meta property=\"og:type\" content=\"article\" \/>\n<meta property=\"og:title\" content=\"Advocats especialitzats en accidents de tr\u00e0nsit a Sabadell - Accigest\" \/>\n<meta property=\"og:description\" content=\"Accigest disposa dels millors advocats especialistes en accidents de tr\u00e0nsit per a un assessorament, relacionat amb qualsevol tema per col\u00b7lisi\u00f3 o atropellament a Sabadell. Contacta&#039;ns sense comprom\u00eds \u260e 630 202 144\" \/>\n<meta property=\"og:url\" content=\"https:\/\/accigest.com\/ca\/advocats-especialitzats-en-accidents-de-transit-a-sabadell\/\" \/>\n<meta property=\"og:site_name\" content=\"Accigest\" \/>\n<meta property=\"article:modified_time\" content=\"2022-03-28T15:39:00+00:00\" \/>\n<meta name=\"twitter:card\" content=\"summary_large_image\" \/>\n<meta name=\"twitter:label1\" content=\"Temps estimat de lectura\" \/>\n\t<meta name=\"twitter:data1\" content=\"3 minuts\" \/>\n<script type=\"application\/ld+json\" class=\"yoast-schema-graph\">{\"@context\":\"https:\/\/schema.org\",\"@graph\":[{\"@type\":\"WebPage\",\"@id\":\"https:\/\/accigest.com\/ca\/advocats-especialitzats-en-accidents-de-transit-a-sabadell\/\",\"url\":\"https:\/\/accigest.com\/ca\/advocats-especialitzats-en-accidents-de-transit-a-sabadell\/\",\"name\":\"Advocats especialitzats en accidents de tr\u00e0nsit a Sabadell - Accigest\",\"isPartOf\":{\"@id\":\"https:\/\/accigest.com\/ca\/#website\"},\"datePublished\":\"2018-02-24T10:16:25+00:00\",\"dateModified\":\"2022-03-28T15:39:00+00:00\",\"description\":\"Accigest disposa dels millors advocats especialistes en accidents de tr\u00e0nsit per a un assessorament, relacionat amb qualsevol tema per col\u00b7lisi\u00f3 o atropellament a Sabadell. Contacta'ns sense comprom\u00eds \u260e 630 202 144\",\"breadcrumb\":{\"@id\":\"https:\/\/accigest.com\/ca\/advocats-especialitzats-en-accidents-de-transit-a-sabadell\/#breadcrumb\"},\"inLanguage\":\"ca\",\"potentialAction\":[{\"@type\":\"ReadAction\",\"target\":[\"https:\/\/accigest.com\/ca\/advocats-especialitzats-en-accidents-de-transit-a-sabadell\/\"]}]},{\"@type\":\"BreadcrumbList\",\"@id\":\"https:\/\/accigest.com\/ca\/advocats-especialitzats-en-accidents-de-transit-a-sabadell\/#breadcrumb\",\"itemListElement\":[{\"@type\":\"ListItem\",\"position\":1,\"name\":\"Inici\",\"item\":\"https:\/\/accigest.com\/ca\/\"},{\"@type\":\"ListItem\",\"position\":2,\"name\":\"Advocats especialitzats en accidents de tr\u00e0nsit a Sabadell\"}]},{\"@type\":\"WebSite\",\"@id\":\"https:\/\/accigest.com\/ca\/#website\",\"url\":\"https:\/\/accigest.com\/ca\/\",\"name\":\"Accigest\",\"description\":\"Especialistas en  indemnizaciones por  accidentes de tr\u00e1fico\",\"publisher\":{\"@id\":\"https:\/\/accigest.com\/ca\/#organization\"},\"potentialAction\":[{\"@type\":\"SearchAction\",\"target\":{\"@type\":\"EntryPoint\",\"urlTemplate\":\"https:\/\/accigest.com\/ca\/?s={search_term_string}\"},\"query-input\":{\"@type\":\"PropertyValueSpecification\",\"valueRequired\":true,\"valueName\":\"search_term_string\"}}],\"inLanguage\":\"ca\"},{\"@type\":\"Organization\",\"@id\":\"https:\/\/accigest.com\/ca\/#organization\",\"name\":\"Accigest Abogados de Accidentes Tr\u00e1fico\",\"url\":\"https:\/\/accigest.com\/ca\/\",\"logo\":{\"@type\":\"ImageObject\",\"inLanguage\":\"ca\",\"@id\":\"https:\/\/accigest.com\/ca\/#\/schema\/logo\/image\/\",\"url\":\"https:\/\/accigest.com\/wp-content\/uploads\/2021\/06\/logo-accigest.svg\",\"contentUrl\":\"https:\/\/accigest.com\/wp-content\/uploads\/2021\/06\/logo-accigest.svg\",\"width\":1,\"height\":1,\"caption\":\"Accigest Abogados de Accidentes Tr\u00e1fico\"},\"image\":{\"@id\":\"https:\/\/accigest.com\/ca\/#\/schema\/logo\/image\/\"}}]}<\/script>\n<!-- \/ Yoast SEO plugin. -->","yoast_head_json":{"title":"Advocats especialitzats en accidents de tr\u00e0nsit a Sabadell - Accigest","description":"Accigest disposa dels millors advocats especialistes en accidents de tr\u00e0nsit per a un assessorament, relacionat amb qualsevol tema per col\u00b7lisi\u00f3 o atropellament a Sabadell. Contacta'ns sense comprom\u00eds \u260e 630 202 144","robots":{"index":"index","follow":"follow","max-snippet":"max-snippet:-1","max-image-preview":"max-image-preview:large","max-video-preview":"max-video-preview:-1"},"canonical":"https:\/\/accigest.com\/ca\/advocats-especialitzats-en-accidents-de-transit-a-sabadell\/","og_locale":"ca_ES","og_type":"article","og_title":"Advocats especialitzats en accidents de tr\u00e0nsit a Sabadell - Accigest","og_description":"Accigest disposa dels millors advocats especialistes en accidents de tr\u00e0nsit per a un assessorament, relacionat amb qualsevol tema per col\u00b7lisi\u00f3 o atropellament a Sabadell. Contacta'ns sense comprom\u00eds \u260e 630 202 144","og_url":"https:\/\/accigest.com\/ca\/advocats-especialitzats-en-accidents-de-transit-a-sabadell\/","og_site_name":"Accigest","article_modified_time":"2022-03-28T15:39:00+00:00","twitter_card":"summary_large_image","twitter_misc":{"Temps estimat de lectura":"3 minuts"},"schema":{"@context":"https:\/\/schema.org","@graph":[{"@type":"WebPage","@id":"https:\/\/accigest.com\/ca\/advocats-especialitzats-en-accidents-de-transit-a-sabadell\/","url":"https:\/\/accigest.com\/ca\/advocats-especialitzats-en-accidents-de-transit-a-sabadell\/","name":"Advocats especialitzats en accidents de tr\u00e0nsit a Sabadell - Accigest","isPartOf":{"@id":"https:\/\/accigest.com\/ca\/#website"},"datePublished":"2018-02-24T10:16:25+00:00","dateModified":"2022-03-28T15:39:00+00:00","description":"Accigest disposa dels millors advocats especialistes en accidents de tr\u00e0nsit per a un assessorament, relacionat amb qualsevol tema per col\u00b7lisi\u00f3 o atropellament a Sabadell. Contacta'ns sense comprom\u00eds \u260e 630 202 144","breadcrumb":{"@id":"https:\/\/accigest.com\/ca\/advocats-especialitzats-en-accidents-de-transit-a-sabadell\/#breadcrumb"},"inLanguage":"ca","potentialAction":[{"@type":"ReadAction","target":["https:\/\/accigest.com\/ca\/advocats-especialitzats-en-accidents-de-transit-a-sabadell\/"]}]},{"@type":"BreadcrumbList","@id":"https:\/\/accigest.com\/ca\/advocats-especialitzats-en-accidents-de-transit-a-sabadell\/#breadcrumb","itemListElement":[{"@type":"ListItem","position":1,"name":"Inici","item":"https:\/\/accigest.com\/ca\/"},{"@type":"ListItem","position":2,"name":"Advocats especialitzats en accidents de tr\u00e0nsit a Sabadell"}]},{"@type":"WebSite","@id":"https:\/\/accigest.com\/ca\/#website","url":"https:\/\/accigest.com\/ca\/","name":"Accigest","description":"Especialistas en  indemnizaciones por  accidentes de tr\u00e1fico","publisher":{"@id":"https:\/\/accigest.com\/ca\/#organization"},"potentialAction":[{"@type":"SearchAction","target":{"@type":"EntryPoint","urlTemplate":"https:\/\/accigest.com\/ca\/?s={search_term_string}"},"query-input":{"@type":"PropertyValueSpecification","valueRequired":true,"valueName":"search_term_string"}}],"inLanguage":"ca"},{"@type":"Organization","@id":"https:\/\/accigest.com\/ca\/#organization","name":"Accigest Abogados de Accidentes Tr\u00e1fico","url":"https:\/\/accigest.com\/ca\/","logo":{"@type":"ImageObject","inLanguage":"ca","@id":"https:\/\/accigest.com\/ca\/#\/schema\/logo\/image\/","url":"https:\/\/accigest.com\/wp-content\/uploads\/2021\/06\/logo-accigest.svg","contentUrl":"https:\/\/accigest.com\/wp-content\/uploads\/2021\/06\/logo-accigest.svg","width":1,"height":1,"caption":"Accigest Abogados de Accidentes Tr\u00e1fico"},"image":{"@id":"https:\/\/accigest.com\/ca\/#\/schema\/logo\/image\/"}}]}},"_links":{"self":[{"href":"https:\/\/accigest.com\/ca\/wp-json\/wp\/v2\/pages\/3364","targetHints":{"allow":["GET"]}}],"collection":[{"href":"https:\/\/accigest.com\/ca\/wp-json\/wp\/v2\/pages"}],"about":[{"href":"https:\/\/accigest.com\/ca\/wp-json\/wp\/v2\/types\/page"}],"author":[{"embeddable":true,"href":"https:\/\/accigest.com\/ca\/wp-json\/wp\/v2\/users\/2"}],"replies":[{"embeddable":true,"href":"https:\/\/accigest.com\/ca\/wp-json\/wp\/v2\/comments?post=3364"}],"version-history":[{"count":5,"href":"https:\/\/accigest.com\/ca\/wp-json\/wp\/v2\/pages\/3364\/revisions"}],"predecessor-version":[{"id":7355,"href":"https:\/\/accigest.com\/ca\/wp-json\/wp\/v2\/pages\/3364\/revisions\/7355"}],"wp:attachment":[{"href":"https:\/\/accigest.com\/ca\/wp-json\/wp\/v2\/media?parent=3364"}],"curies":[{"name":"wp","href":"https:\/\/api.w.org\/{rel}","templated":true}]}}