{"id":3365,"date":"2018-02-24T10:23:33","date_gmt":"2018-02-24T10:23:33","guid":{"rendered":"https:\/\/accigest.staging3w.com\/?page_id=3365"},"modified":"2022-03-28T18:01:55","modified_gmt":"2022-03-28T16:01:55","slug":"advocats-especialitzats-en-accidents-de-transit-a-sant-cugat-del-valles","status":"publish","type":"page","link":"https:\/\/accigest.com\/ca\/advocats-especialitzats-en-accidents-de-transit-a-sant-cugat-del-valles\/","title":{"rendered":"Advocats especialitzats en accidents de tr\u00e0nsit a Sant Cugat del Vall\u00e8s"},"content":{"rendered":"<h2>Est\u00e0 buscant un advocat per un accident de tr\u00e0nsit a Sant Cugat del Vall\u00e8s?<\/h2>\n<p>Si vost\u00e8 ha patit un accident de tr\u00e0nsit i es troba convalescent per les lesions ocasionades, no dubti a fer-nos una consulta ara, <strong>trucant-nos o emplenant el formulari de contacte<\/strong> i li assessorem sense cap tipus de comprom\u00eds sobre el funcionament de&nbsp;Accigest&nbsp;i els passos a seguir per obtenir la corresponent indemnitzaci\u00f3.<\/p>\n<p>Tindr\u00e0 dret a ser indemnitzat:<\/p>\n<ul>\n<li>Si viatjava de conductor i la responsabilitat de l&#8217;accident de tr\u00e0nsit recau totalment o en part sobre el conductor del vehicle contrari.<\/li>\n<li>Si viatjava d&#8217;ocupant, ja sigui en el vehicle responsable de l&#8217;accident o en el del perjudicat.<\/li>\n<li>Si ha patit un atropellament com a vianant.<\/li>\n<li>Si ha patit un atropellament mentre circulava amb bicicleta i la responsabilitat de l&#8217;accident recau totalment o en part sobre el conductor del vehicle contrari.<\/li>\n<\/ul>\n<p>Aquesta indemnitzaci\u00f3 es compon per dies molt greus, dies greus, dies moderats, dies b\u00e0sics, seq\u00fceles, danys materials i despeses derivades de l&#8217;accident.<\/p>\n\n\n<div class=\"wp-block-columns ag-section ag-section-icons is-layout-flex wp-container-core-columns-is-layout-9d6595d7 wp-block-columns-is-layout-flex\">\n<div class=\"wp-block-column icons-text__item is-layout-flow wp-block-column-is-layout-flow\">\n<div class=\"wp-block-group\"><div class=\"wp-block-group__inner-container is-layout-flow wp-block-group-is-layout-flow\">\n<figure class=\"wp-block-image size-large\"><img decoding=\"async\" src=\"https:\/\/accigest.com\/wp-content\/uploads\/2021\/06\/icon-visitas-a-dominiclio.svg\" alt=\"\" class=\"wp-image-5981\"\/><\/figure>\n\n\n\n<p>Visites a domicili gratu\u00eftes<\/p>\n<\/div><\/div>\n<\/div>\n\n\n\n<div class=\"wp-block-column icons-text__item is-layout-flow wp-block-column-is-layout-flow\">\n<div class=\"wp-block-group\"><div class=\"wp-block-group__inner-container is-layout-flow wp-block-group-is-layout-flow\">\n<figure class=\"wp-block-image size-large\"><img decoding=\"async\" src=\"https:\/\/accigest.com\/wp-content\/uploads\/2021\/06\/icon-solo-cobramos-1.svg\" alt=\"S\u00f3lo cobramos si usted cobra\" class=\"wp-image-5983\"\/><\/figure>\n\n\n\n<p>Nom\u00e9s cobrem quan vost\u00e8 cobri<\/p>\n<\/div><\/div>\n<\/div>\n<\/div>\n\n\n<h2>Especialistes en Accidents a Sant Cugat del Vall\u00e8s<\/h2>\n<p>Els nostres <strong>advocats especialistes en accidents de tr\u00e0nsit de Sant Cugat del Vall\u00e8s compten amb una dilatada experi\u00e8ncia en la reclamaci\u00f3 d&#8217;indemnitzacions<\/strong> per accidents i s\u00f3n professionals totalment externs a les companyies asseguradores, per la qual cosa l&#8217;objectivitat est\u00e0 garantida, sent la base del nostre treball vetllar pels interessos dels nostres clients.<\/p>\n<h2>Per qu\u00e8 treballar amb Accigest?<\/h2>\n<p>Analitzarem el seu cas de forma totalment independent a fi de buscar la soluci\u00f3 m\u00e9s favorable i una vegada finalitzi el tractament m\u00e8dic procedirem a quantificar el per\u00edode de convalesc\u00e8ncia i valorar les possibles seq\u00fceles que li hagin provocat l&#8217;accident.<\/p>\n<p>Ha de saber que treballem totalment a comissi\u00f3, no cobrem provisi\u00f3 de fons, per la qual cosa no haur\u00e0 de desemborsar cap quantitat de diners fins a obtenir la seva indemnitzaci\u00f3.<\/p>","protected":false},"excerpt":{"rendered":"Est\u00e0 buscant un advocat per un accident de tr\u00e0nsit a Sant Cugat del Vall\u00e8s? Si vost\u00e8 ha patit un accident de tr\u00e0nsit i es troba convalescent per les lesions ocasionades, no dubti a fer-nos una consulta ara, trucant-nos o emplenant el formulari de contacte i li assessorem sense cap tipus&hellip;&nbsp;<a class=\"read-more\" href=\"https:\/\/accigest.com\/ca\/advocats-especialitzats-en-accidents-de-transit-a-sant-cugat-del-valles\/\">Llegir m\u00e9s<\/a>","protected":false},"author":2,"featured_media":0,"parent":0,"menu_order":0,"comment_status":"closed","ping_status":"closed","template":"","meta":{"footnotes":""},"class_list":["post-3365","page","type-page","status-publish","hentry"],"yoast_head":"<!-- This site is optimized with the Yoast SEO plugin v27.1.1 - https:\/\/yoast.com\/product\/yoast-seo-wordpress\/ -->\n<title>Advocats en accidents de tr\u00e0nsit a Sant Cugat del Vall\u00e8s - Accigest<\/title>\n<meta name=\"description\" content=\"Accigest disposa dels millors advocats especialistes en accidents de tr\u00e0nsit per a un assessorament, relacionat amb qualsevol tema per col\u00b7lisi\u00f3 o atropellament a Sant Cugat del Vall\u00e8s. Contacta&#039;ns sense comprom\u00eds \u260e 630 202 144\" \/>\n<meta name=\"robots\" content=\"index, follow, max-snippet:-1, max-image-preview:large, max-video-preview:-1\" \/>\n<link rel=\"canonical\" href=\"https:\/\/accigest.com\/ca\/advocats-especialitzats-en-accidents-de-transit-a-sant-cugat-del-valles\/\" \/>\n<meta property=\"og:locale\" content=\"ca_ES\" \/>\n<meta property=\"og:type\" content=\"article\" \/>\n<meta property=\"og:title\" content=\"Advocats en accidents de tr\u00e0nsit a Sant Cugat del Vall\u00e8s - Accigest\" \/>\n<meta property=\"og:description\" content=\"Accigest disposa dels millors advocats especialistes en accidents de tr\u00e0nsit per a un assessorament, relacionat amb qualsevol tema per col\u00b7lisi\u00f3 o atropellament a Sant Cugat del Vall\u00e8s. Contacta&#039;ns sense comprom\u00eds \u260e 630 202 144\" \/>\n<meta property=\"og:url\" content=\"https:\/\/accigest.com\/ca\/advocats-especialitzats-en-accidents-de-transit-a-sant-cugat-del-valles\/\" \/>\n<meta property=\"og:site_name\" content=\"Accigest\" \/>\n<meta property=\"article:modified_time\" content=\"2022-03-28T16:01:55+00:00\" \/>\n<meta name=\"twitter:card\" content=\"summary_large_image\" \/>\n<meta name=\"twitter:label1\" content=\"Temps estimat de lectura\" \/>\n\t<meta name=\"twitter:data1\" content=\"2 minuts\" \/>\n<script type=\"application\/ld+json\" class=\"yoast-schema-graph\">{\"@context\":\"https:\/\/schema.org\",\"@graph\":[{\"@type\":\"WebPage\",\"@id\":\"https:\/\/accigest.com\/ca\/advocats-especialitzats-en-accidents-de-transit-a-sant-cugat-del-valles\/\",\"url\":\"https:\/\/accigest.com\/ca\/advocats-especialitzats-en-accidents-de-transit-a-sant-cugat-del-valles\/\",\"name\":\"Advocats en accidents de tr\u00e0nsit a Sant Cugat del Vall\u00e8s - Accigest\",\"isPartOf\":{\"@id\":\"https:\/\/accigest.com\/ca\/#website\"},\"datePublished\":\"2018-02-24T10:23:33+00:00\",\"dateModified\":\"2022-03-28T16:01:55+00:00\",\"description\":\"Accigest disposa dels millors advocats especialistes en accidents de tr\u00e0nsit per a un assessorament, relacionat amb qualsevol tema per col\u00b7lisi\u00f3 o atropellament a Sant Cugat del Vall\u00e8s. Contacta'ns sense comprom\u00eds \u260e 630 202 144\",\"breadcrumb\":{\"@id\":\"https:\/\/accigest.com\/ca\/advocats-especialitzats-en-accidents-de-transit-a-sant-cugat-del-valles\/#breadcrumb\"},\"inLanguage\":\"ca\",\"potentialAction\":[{\"@type\":\"ReadAction\",\"target\":[\"https:\/\/accigest.com\/ca\/advocats-especialitzats-en-accidents-de-transit-a-sant-cugat-del-valles\/\"]}]},{\"@type\":\"BreadcrumbList\",\"@id\":\"https:\/\/accigest.com\/ca\/advocats-especialitzats-en-accidents-de-transit-a-sant-cugat-del-valles\/#breadcrumb\",\"itemListElement\":[{\"@type\":\"ListItem\",\"position\":1,\"name\":\"Inici\",\"item\":\"https:\/\/accigest.com\/ca\/\"},{\"@type\":\"ListItem\",\"position\":2,\"name\":\"Advocats especialitzats en accidents de tr\u00e0nsit a Sant Cugat del Vall\u00e8s\"}]},{\"@type\":\"WebSite\",\"@id\":\"https:\/\/accigest.com\/ca\/#website\",\"url\":\"https:\/\/accigest.com\/ca\/\",\"name\":\"Accigest\",\"description\":\"Especialistas en  indemnizaciones por  accidentes de tr\u00e1fico\",\"publisher\":{\"@id\":\"https:\/\/accigest.com\/ca\/#organization\"},\"potentialAction\":[{\"@type\":\"SearchAction\",\"target\":{\"@type\":\"EntryPoint\",\"urlTemplate\":\"https:\/\/accigest.com\/ca\/?s={search_term_string}\"},\"query-input\":{\"@type\":\"PropertyValueSpecification\",\"valueRequired\":true,\"valueName\":\"search_term_string\"}}],\"inLanguage\":\"ca\"},{\"@type\":\"Organization\",\"@id\":\"https:\/\/accigest.com\/ca\/#organization\",\"name\":\"Accigest Abogados de Accidentes Tr\u00e1fico\",\"url\":\"https:\/\/accigest.com\/ca\/\",\"logo\":{\"@type\":\"ImageObject\",\"inLanguage\":\"ca\",\"@id\":\"https:\/\/accigest.com\/ca\/#\/schema\/logo\/image\/\",\"url\":\"https:\/\/accigest.com\/wp-content\/uploads\/2021\/06\/logo-accigest.svg\",\"contentUrl\":\"https:\/\/accigest.com\/wp-content\/uploads\/2021\/06\/logo-accigest.svg\",\"width\":1,\"height\":1,\"caption\":\"Accigest Abogados de Accidentes Tr\u00e1fico\"},\"image\":{\"@id\":\"https:\/\/accigest.com\/ca\/#\/schema\/logo\/image\/\"}}]}<\/script>\n<!-- \/ Yoast SEO plugin. -->","yoast_head_json":{"title":"Advocats en accidents de tr\u00e0nsit a Sant Cugat del Vall\u00e8s - Accigest","description":"Accigest disposa dels millors advocats especialistes en accidents de tr\u00e0nsit per a un assessorament, relacionat amb qualsevol tema per col\u00b7lisi\u00f3 o atropellament a Sant Cugat del Vall\u00e8s. Contacta'ns sense comprom\u00eds \u260e 630 202 144","robots":{"index":"index","follow":"follow","max-snippet":"max-snippet:-1","max-image-preview":"max-image-preview:large","max-video-preview":"max-video-preview:-1"},"canonical":"https:\/\/accigest.com\/ca\/advocats-especialitzats-en-accidents-de-transit-a-sant-cugat-del-valles\/","og_locale":"ca_ES","og_type":"article","og_title":"Advocats en accidents de tr\u00e0nsit a Sant Cugat del Vall\u00e8s - Accigest","og_description":"Accigest disposa dels millors advocats especialistes en accidents de tr\u00e0nsit per a un assessorament, relacionat amb qualsevol tema per col\u00b7lisi\u00f3 o atropellament a Sant Cugat del Vall\u00e8s. Contacta'ns sense comprom\u00eds \u260e 630 202 144","og_url":"https:\/\/accigest.com\/ca\/advocats-especialitzats-en-accidents-de-transit-a-sant-cugat-del-valles\/","og_site_name":"Accigest","article_modified_time":"2022-03-28T16:01:55+00:00","twitter_card":"summary_large_image","twitter_misc":{"Temps estimat de lectura":"2 minuts"},"schema":{"@context":"https:\/\/schema.org","@graph":[{"@type":"WebPage","@id":"https:\/\/accigest.com\/ca\/advocats-especialitzats-en-accidents-de-transit-a-sant-cugat-del-valles\/","url":"https:\/\/accigest.com\/ca\/advocats-especialitzats-en-accidents-de-transit-a-sant-cugat-del-valles\/","name":"Advocats en accidents de tr\u00e0nsit a Sant Cugat del Vall\u00e8s - Accigest","isPartOf":{"@id":"https:\/\/accigest.com\/ca\/#website"},"datePublished":"2018-02-24T10:23:33+00:00","dateModified":"2022-03-28T16:01:55+00:00","description":"Accigest disposa dels millors advocats especialistes en accidents de tr\u00e0nsit per a un assessorament, relacionat amb qualsevol tema per col\u00b7lisi\u00f3 o atropellament a Sant Cugat del Vall\u00e8s. Contacta'ns sense comprom\u00eds \u260e 630 202 144","breadcrumb":{"@id":"https:\/\/accigest.com\/ca\/advocats-especialitzats-en-accidents-de-transit-a-sant-cugat-del-valles\/#breadcrumb"},"inLanguage":"ca","potentialAction":[{"@type":"ReadAction","target":["https:\/\/accigest.com\/ca\/advocats-especialitzats-en-accidents-de-transit-a-sant-cugat-del-valles\/"]}]},{"@type":"BreadcrumbList","@id":"https:\/\/accigest.com\/ca\/advocats-especialitzats-en-accidents-de-transit-a-sant-cugat-del-valles\/#breadcrumb","itemListElement":[{"@type":"ListItem","position":1,"name":"Inici","item":"https:\/\/accigest.com\/ca\/"},{"@type":"ListItem","position":2,"name":"Advocats especialitzats en accidents de tr\u00e0nsit a Sant Cugat del Vall\u00e8s"}]},{"@type":"WebSite","@id":"https:\/\/accigest.com\/ca\/#website","url":"https:\/\/accigest.com\/ca\/","name":"Accigest","description":"Especialistas en  indemnizaciones por  accidentes de tr\u00e1fico","publisher":{"@id":"https:\/\/accigest.com\/ca\/#organization"},"potentialAction":[{"@type":"SearchAction","target":{"@type":"EntryPoint","urlTemplate":"https:\/\/accigest.com\/ca\/?s={search_term_string}"},"query-input":{"@type":"PropertyValueSpecification","valueRequired":true,"valueName":"search_term_string"}}],"inLanguage":"ca"},{"@type":"Organization","@id":"https:\/\/accigest.com\/ca\/#organization","name":"Accigest Abogados de Accidentes Tr\u00e1fico","url":"https:\/\/accigest.com\/ca\/","logo":{"@type":"ImageObject","inLanguage":"ca","@id":"https:\/\/accigest.com\/ca\/#\/schema\/logo\/image\/","url":"https:\/\/accigest.com\/wp-content\/uploads\/2021\/06\/logo-accigest.svg","contentUrl":"https:\/\/accigest.com\/wp-content\/uploads\/2021\/06\/logo-accigest.svg","width":1,"height":1,"caption":"Accigest Abogados de Accidentes Tr\u00e1fico"},"image":{"@id":"https:\/\/accigest.com\/ca\/#\/schema\/logo\/image\/"}}]}},"_links":{"self":[{"href":"https:\/\/accigest.com\/ca\/wp-json\/wp\/v2\/pages\/3365","targetHints":{"allow":["GET"]}}],"collection":[{"href":"https:\/\/accigest.com\/ca\/wp-json\/wp\/v2\/pages"}],"about":[{"href":"https:\/\/accigest.com\/ca\/wp-json\/wp\/v2\/types\/page"}],"author":[{"embeddable":true,"href":"https:\/\/accigest.com\/ca\/wp-json\/wp\/v2\/users\/2"}],"replies":[{"embeddable":true,"href":"https:\/\/accigest.com\/ca\/wp-json\/wp\/v2\/comments?post=3365"}],"version-history":[{"count":5,"href":"https:\/\/accigest.com\/ca\/wp-json\/wp\/v2\/pages\/3365\/revisions"}],"predecessor-version":[{"id":7361,"href":"https:\/\/accigest.com\/ca\/wp-json\/wp\/v2\/pages\/3365\/revisions\/7361"}],"wp:attachment":[{"href":"https:\/\/accigest.com\/ca\/wp-json\/wp\/v2\/media?parent=3365"}],"curies":[{"name":"wp","href":"https:\/\/api.w.org\/{rel}","templated":true}]}}