{"id":3366,"date":"2018-02-24T10:29:42","date_gmt":"2018-02-24T10:29:42","guid":{"rendered":"https:\/\/accigest.staging3w.com\/?page_id=3366"},"modified":"2022-03-28T18:41:26","modified_gmt":"2022-03-28T16:41:26","slug":"advocats-especialitzats-en-accidents-de-transit-a-terrassa","status":"publish","type":"page","link":"https:\/\/accigest.com\/ca\/advocats-especialitzats-en-accidents-de-transit-a-terrassa\/","title":{"rendered":"Advocats especialitzats en accidents de tr\u00e0nsit a Terrassa"},"content":{"rendered":"<h2>Est\u00e0 buscant un advocat per un accident de tr\u00e0nsit a Terrassa?<\/h2>\n<p>A Accigest Terrassa <strong>ens dediquem exclusivament a la reclamaci\u00f3 d&#8217;indemnitzacions derivades d&#8217;accidents de tr\u00e0nsit<\/strong> de tota \u00edndole: cotxe, moto, bicicleta, vianants\u2026 Tota persona que resulti lesionada en un accident tindr\u00e0 dret a rebre una indemnitzaci\u00f3, tret que tingui la culpa exclusiva del sinistre.<\/p>\n<p>Les p\u00f2lisses d&#8217;asseguran\u00e7a d&#8217;autom\u00f2bil de les companyies asseguradores inclouen la cobertura de \u201cdefensa jur\u00eddica\u201d, per la qual cosa tot assegurat que resulti perjudicat en un accident de tr\u00e0nsit podr\u00e0 decidir si encarregar la reclamaci\u00f3 indemnitzat\u00f2ria a l&#8217;advocat que li assigni la seva companyia o contractar un advocat independent i extern a les entitats asseguradores.<\/p>\n\n\n<div class=\"wp-block-columns ag-section ag-section-icons is-layout-flex wp-container-core-columns-is-layout-9d6595d7 wp-block-columns-is-layout-flex\">\n<div class=\"wp-block-column icons-text__item is-layout-flow wp-block-column-is-layout-flow\">\n<div class=\"wp-block-group\"><div class=\"wp-block-group__inner-container is-layout-flow wp-block-group-is-layout-flow\">\n<figure class=\"wp-block-image size-large\"><img decoding=\"async\" src=\"https:\/\/accigest.com\/wp-content\/uploads\/2021\/06\/icon-visitas-a-dominiclio.svg\" alt=\"\" class=\"wp-image-5981\"\/><\/figure>\n\n\n\n<p>Visites a domicili gratu\u00eftes<\/p>\n<\/div><\/div>\n<\/div>\n\n\n\n<div class=\"wp-block-column icons-text__item is-layout-flow wp-block-column-is-layout-flow\">\n<div class=\"wp-block-group\"><div class=\"wp-block-group__inner-container is-layout-flow wp-block-group-is-layout-flow\">\n<figure class=\"wp-block-image size-large\"><img decoding=\"async\" src=\"https:\/\/accigest.com\/wp-content\/uploads\/2021\/06\/icon-solo-cobramos-1.svg\" alt=\"S\u00f3lo cobramos si usted cobra\" class=\"wp-image-5983\"\/><\/figure>\n\n\n\n<p>Nom\u00e9s cobrem quan vost\u00e8 cobri<\/p>\n<\/div><\/div>\n<\/div>\n<\/div>\n\n\n<h2>Els millors especialistes en Accidents a Terrassa<\/h2>\n<p>Si vost\u00e8 ha patit un accident ha de saber que el nostre equip ofereix assessorament, sense cap tipus de comprom\u00eds, per la qual cosa no dubti a<strong> trucar-nos o empleni el formulari de consulta i li respondrem de forma immediata.<\/strong> Si ho desitja, tamb\u00e9 pot acudir a la nostra oficina situada en Carretera Montcada n\u00ba 185, local 2 de Terrassa (Barcelona), sense necessitat de concertar cita pr\u00e8via.<\/p>\n<p>Els nostres clients tenen a la seva disposici\u00f3 un equip multidisciplinari de professionals que avalen un assessorament complet: <strong>metges experts en la valoraci\u00f3 del dany, advocats especialitzats en accidents de tr\u00e0nsit, gestors especialistes en la negociaci\u00f3 d&#8217;indemnitzacions, etc.<\/strong><\/p>\n<p>Les indemnitzacions pels danys i perjudicis patits en accidents de tr\u00e0nsit es regulen mitjan\u00e7ant un sistema legal molt din\u00e0mic, en el qual sorgeixen tant noves normatives com a noves interpretacions jurisprudencials. Aix\u00f2 suposa que els lletrats que es dediquen a aquesta mat\u00e8ria de l&#8217;ordenament jur\u00eddic hagin de ser especialistes en el Dret de la Circulaci\u00f3.<\/p>\n<h2>Per qu\u00e8 contactar amb Accigest?<\/h2>\n<p>A Terrassa, comptem amb experts amb una \u00e0mplia experi\u00e8ncia en el sector que els ha perm\u00e8s con\u00e8ixer de primera m\u00e0 els passos exactes a seguir perqu\u00e8 les v\u00edctimes d&#8217;accidents de tr\u00e0nsit puguin ser degudament indemnitzades de la manera m\u00e9s r\u00e0pida possible, ja sigui per les lesions patides o per qualsevol altre tipus de perjudici (danys materials, lucre cessant, etc).<\/p>\n<p>A fi d&#8217;evitar-lis les mol\u00e8sties d&#8217;un proc\u00e9s judicial, Accigest esgota sempre la via amistosa, i \u00fanicament quan d&#8217;aquestes gestions extrajudicials no s&#8217;obtingui la m\u00e0xima indemnitzaci\u00f3 que els nostres experts considerin oportuna, seria quan acudir\u00edem a la via judicial, <strong>comprometent-nos a mantenir informat al client de principi a fi, acompanyant-li durant tot el proc\u00e9s de reclamaci\u00f3.<\/strong><\/p>\n<h2>Treballem a comissi\u00f3 a Terrassa<\/h2>\n<p>Treballem completament a comissi\u00f3, centrant-nos en els interessos de les persones, per la qual cosa si ens confia la gesti\u00f3 de la seva reclamaci\u00f3 <strong>no li exigirem cap quantitat per avan\u00e7at.<\/strong> Una vegada vost\u00e8 hagi estat indemnitzat ser\u00e0 quan haur\u00e0 de reintegrar-nos el percentatge acordat.<\/p>\n<p>A m\u00e9s, <strong>si presenta dificultats per venir fins a la nostra oficina de Terrassa, un professional d&#8217;Accigest es despla\u00e7ar\u00e0 al seu domicili, sense cap cost<\/strong> per a vost\u00e8 i sense comprom\u00eds per la seva banda, per informar-li sobre la viabilitat de la seva reclamaci\u00f3 i de la indemnitzaci\u00f3 que li pugui correspondre.<\/p>","protected":false},"excerpt":{"rendered":"Est\u00e0 buscant un advocat per un accident de tr\u00e0nsit a Terrassa? A Accigest Terrassa ens dediquem exclusivament a la reclamaci\u00f3 d'indemnitzacions derivades d'accidents de tr\u00e0nsit de tota \u00edndole: cotxe, moto, bicicleta, vianants\u2026 Tota persona que resulti lesionada en un accident tindr\u00e0 dret a rebre una indemnitzaci\u00f3, tret que tingui la&hellip;&nbsp;<a class=\"read-more\" href=\"https:\/\/accigest.com\/ca\/advocats-especialitzats-en-accidents-de-transit-a-terrassa\/\">Llegir m\u00e9s<\/a>","protected":false},"author":2,"featured_media":0,"parent":0,"menu_order":0,"comment_status":"closed","ping_status":"closed","template":"","meta":{"footnotes":""},"class_list":["post-3366","page","type-page","status-publish","hentry"],"yoast_head":"<!-- This site is optimized with the Yoast SEO plugin v27.4 - https:\/\/yoast.com\/product\/yoast-seo-wordpress\/ -->\n<title>Advocats especialitzats en accidents de tr\u00e0nsit a Terrassa - Accigest<\/title>\n<meta name=\"description\" content=\"Contacta&#039;ns i t&#039;oferirem assessorament personalitzat per a qualsevol accident de tr\u00e0nsit a Terrassa.\" \/>\n<meta name=\"robots\" content=\"index, follow, max-snippet:-1, max-image-preview:large, max-video-preview:-1\" \/>\n<link rel=\"canonical\" href=\"https:\/\/accigest.com\/ca\/advocats-especialitzats-en-accidents-de-transit-a-terrassa\/\" \/>\n<meta property=\"og:locale\" content=\"ca_ES\" \/>\n<meta property=\"og:type\" content=\"article\" \/>\n<meta property=\"og:title\" content=\"Advocats especialitzats en accidents de tr\u00e0nsit a Terrassa - Accigest\" \/>\n<meta property=\"og:description\" content=\"Contacta&#039;ns i t&#039;oferirem assessorament personalitzat per a qualsevol accident de tr\u00e0nsit a Terrassa.\" \/>\n<meta property=\"og:url\" content=\"https:\/\/accigest.com\/ca\/advocats-especialitzats-en-accidents-de-transit-a-terrassa\/\" \/>\n<meta property=\"og:site_name\" content=\"Accigest\" \/>\n<meta property=\"article:modified_time\" content=\"2022-03-28T16:41:26+00:00\" \/>\n<meta name=\"twitter:card\" content=\"summary_large_image\" \/>\n<meta name=\"twitter:label1\" content=\"Temps estimat de lectura\" \/>\n\t<meta name=\"twitter:data1\" content=\"3 minuts\" \/>\n<script type=\"application\/ld+json\" class=\"yoast-schema-graph\">{\"@context\":\"https:\\\/\\\/schema.org\",\"@graph\":[{\"@type\":\"WebPage\",\"@id\":\"https:\\\/\\\/accigest.com\\\/ca\\\/advocats-especialitzats-en-accidents-de-transit-a-terrassa\\\/\",\"url\":\"https:\\\/\\\/accigest.com\\\/ca\\\/advocats-especialitzats-en-accidents-de-transit-a-terrassa\\\/\",\"name\":\"Advocats especialitzats en accidents de tr\u00e0nsit a Terrassa - Accigest\",\"isPartOf\":{\"@id\":\"https:\\\/\\\/accigest.com\\\/ca\\\/#website\"},\"datePublished\":\"2018-02-24T10:29:42+00:00\",\"dateModified\":\"2022-03-28T16:41:26+00:00\",\"description\":\"Contacta'ns i t'oferirem assessorament personalitzat per a qualsevol accident de tr\u00e0nsit a Terrassa.\",\"breadcrumb\":{\"@id\":\"https:\\\/\\\/accigest.com\\\/ca\\\/advocats-especialitzats-en-accidents-de-transit-a-terrassa\\\/#breadcrumb\"},\"inLanguage\":\"ca\",\"potentialAction\":[{\"@type\":\"ReadAction\",\"target\":[\"https:\\\/\\\/accigest.com\\\/ca\\\/advocats-especialitzats-en-accidents-de-transit-a-terrassa\\\/\"]}]},{\"@type\":\"BreadcrumbList\",\"@id\":\"https:\\\/\\\/accigest.com\\\/ca\\\/advocats-especialitzats-en-accidents-de-transit-a-terrassa\\\/#breadcrumb\",\"itemListElement\":[{\"@type\":\"ListItem\",\"position\":1,\"name\":\"Inici\",\"item\":\"https:\\\/\\\/accigest.com\\\/ca\\\/\"},{\"@type\":\"ListItem\",\"position\":2,\"name\":\"Advocats especialitzats en accidents de tr\u00e0nsit a Terrassa\"}]},{\"@type\":\"WebSite\",\"@id\":\"https:\\\/\\\/accigest.com\\\/ca\\\/#website\",\"url\":\"https:\\\/\\\/accigest.com\\\/ca\\\/\",\"name\":\"Accigest\",\"description\":\"Especialistas en  indemnizaciones por  accidentes de tr\u00e1fico\",\"publisher\":{\"@id\":\"https:\\\/\\\/accigest.com\\\/ca\\\/#organization\"},\"potentialAction\":[{\"@type\":\"SearchAction\",\"target\":{\"@type\":\"EntryPoint\",\"urlTemplate\":\"https:\\\/\\\/accigest.com\\\/ca\\\/?s={search_term_string}\"},\"query-input\":{\"@type\":\"PropertyValueSpecification\",\"valueRequired\":true,\"valueName\":\"search_term_string\"}}],\"inLanguage\":\"ca\"},{\"@type\":\"Organization\",\"@id\":\"https:\\\/\\\/accigest.com\\\/ca\\\/#organization\",\"name\":\"Accigest Abogados de Accidentes Tr\u00e1fico\",\"url\":\"https:\\\/\\\/accigest.com\\\/ca\\\/\",\"logo\":{\"@type\":\"ImageObject\",\"inLanguage\":\"ca\",\"@id\":\"https:\\\/\\\/accigest.com\\\/ca\\\/#\\\/schema\\\/logo\\\/image\\\/\",\"url\":\"https:\\\/\\\/accigest.com\\\/wp-content\\\/uploads\\\/2021\\\/06\\\/logo-accigest.svg\",\"contentUrl\":\"https:\\\/\\\/accigest.com\\\/wp-content\\\/uploads\\\/2021\\\/06\\\/logo-accigest.svg\",\"width\":1,\"height\":1,\"caption\":\"Accigest Abogados de Accidentes Tr\u00e1fico\"},\"image\":{\"@id\":\"https:\\\/\\\/accigest.com\\\/ca\\\/#\\\/schema\\\/logo\\\/image\\\/\"}}]}<\/script>\n<!-- \/ Yoast SEO plugin. -->","yoast_head_json":{"title":"Advocats especialitzats en accidents de tr\u00e0nsit a Terrassa - Accigest","description":"Contacta'ns i t'oferirem assessorament personalitzat per a qualsevol accident de tr\u00e0nsit a Terrassa.","robots":{"index":"index","follow":"follow","max-snippet":"max-snippet:-1","max-image-preview":"max-image-preview:large","max-video-preview":"max-video-preview:-1"},"canonical":"https:\/\/accigest.com\/ca\/advocats-especialitzats-en-accidents-de-transit-a-terrassa\/","og_locale":"ca_ES","og_type":"article","og_title":"Advocats especialitzats en accidents de tr\u00e0nsit a Terrassa - Accigest","og_description":"Contacta'ns i t'oferirem assessorament personalitzat per a qualsevol accident de tr\u00e0nsit a Terrassa.","og_url":"https:\/\/accigest.com\/ca\/advocats-especialitzats-en-accidents-de-transit-a-terrassa\/","og_site_name":"Accigest","article_modified_time":"2022-03-28T16:41:26+00:00","twitter_card":"summary_large_image","twitter_misc":{"Temps estimat de lectura":"3 minuts"},"schema":{"@context":"https:\/\/schema.org","@graph":[{"@type":"WebPage","@id":"https:\/\/accigest.com\/ca\/advocats-especialitzats-en-accidents-de-transit-a-terrassa\/","url":"https:\/\/accigest.com\/ca\/advocats-especialitzats-en-accidents-de-transit-a-terrassa\/","name":"Advocats especialitzats en accidents de tr\u00e0nsit a Terrassa - Accigest","isPartOf":{"@id":"https:\/\/accigest.com\/ca\/#website"},"datePublished":"2018-02-24T10:29:42+00:00","dateModified":"2022-03-28T16:41:26+00:00","description":"Contacta'ns i t'oferirem assessorament personalitzat per a qualsevol accident de tr\u00e0nsit a Terrassa.","breadcrumb":{"@id":"https:\/\/accigest.com\/ca\/advocats-especialitzats-en-accidents-de-transit-a-terrassa\/#breadcrumb"},"inLanguage":"ca","potentialAction":[{"@type":"ReadAction","target":["https:\/\/accigest.com\/ca\/advocats-especialitzats-en-accidents-de-transit-a-terrassa\/"]}]},{"@type":"BreadcrumbList","@id":"https:\/\/accigest.com\/ca\/advocats-especialitzats-en-accidents-de-transit-a-terrassa\/#breadcrumb","itemListElement":[{"@type":"ListItem","position":1,"name":"Inici","item":"https:\/\/accigest.com\/ca\/"},{"@type":"ListItem","position":2,"name":"Advocats especialitzats en accidents de tr\u00e0nsit a Terrassa"}]},{"@type":"WebSite","@id":"https:\/\/accigest.com\/ca\/#website","url":"https:\/\/accigest.com\/ca\/","name":"Accigest","description":"Especialistas en  indemnizaciones por  accidentes de tr\u00e1fico","publisher":{"@id":"https:\/\/accigest.com\/ca\/#organization"},"potentialAction":[{"@type":"SearchAction","target":{"@type":"EntryPoint","urlTemplate":"https:\/\/accigest.com\/ca\/?s={search_term_string}"},"query-input":{"@type":"PropertyValueSpecification","valueRequired":true,"valueName":"search_term_string"}}],"inLanguage":"ca"},{"@type":"Organization","@id":"https:\/\/accigest.com\/ca\/#organization","name":"Accigest Abogados de Accidentes Tr\u00e1fico","url":"https:\/\/accigest.com\/ca\/","logo":{"@type":"ImageObject","inLanguage":"ca","@id":"https:\/\/accigest.com\/ca\/#\/schema\/logo\/image\/","url":"https:\/\/accigest.com\/wp-content\/uploads\/2021\/06\/logo-accigest.svg","contentUrl":"https:\/\/accigest.com\/wp-content\/uploads\/2021\/06\/logo-accigest.svg","width":1,"height":1,"caption":"Accigest Abogados de Accidentes Tr\u00e1fico"},"image":{"@id":"https:\/\/accigest.com\/ca\/#\/schema\/logo\/image\/"}}]}},"_links":{"self":[{"href":"https:\/\/accigest.com\/ca\/wp-json\/wp\/v2\/pages\/3366","targetHints":{"allow":["GET"]}}],"collection":[{"href":"https:\/\/accigest.com\/ca\/wp-json\/wp\/v2\/pages"}],"about":[{"href":"https:\/\/accigest.com\/ca\/wp-json\/wp\/v2\/types\/page"}],"author":[{"embeddable":true,"href":"https:\/\/accigest.com\/ca\/wp-json\/wp\/v2\/users\/2"}],"replies":[{"embeddable":true,"href":"https:\/\/accigest.com\/ca\/wp-json\/wp\/v2\/comments?post=3366"}],"version-history":[{"count":7,"href":"https:\/\/accigest.com\/ca\/wp-json\/wp\/v2\/pages\/3366\/revisions"}],"predecessor-version":[{"id":7854,"href":"https:\/\/accigest.com\/ca\/wp-json\/wp\/v2\/pages\/3366\/revisions\/7854"}],"wp:attachment":[{"href":"https:\/\/accigest.com\/ca\/wp-json\/wp\/v2\/media?parent=3366"}],"curies":[{"name":"wp","href":"https:\/\/api.w.org\/{rel}","templated":true}]}}