{"id":3991,"date":"2018-10-21T09:58:16","date_gmt":"2018-10-21T09:58:16","guid":{"rendered":"https:\/\/accigest.staging3w.com\/?page_id=3991"},"modified":"2021-07-02T16:34:39","modified_gmt":"2021-07-02T14:34:39","slug":"cliniques-unespa","status":"publish","type":"page","link":"https:\/\/accigest.com\/ca\/cliniques-unespa\/","title":{"rendered":"Buscador de cl\u00edniques UNESPA"},"content":{"rendered":"<p>Si has patit lesions derivades d\u2019un accident de tr\u00e0nsit pots utilitzar el nostre <strong>Buscador de Cl\u00edniques adherides al Conveni UNESPA<\/strong>.<\/p>\n<p>Seleccionant primer la teva prov\u00edncia i despr\u00e9s la teva localitat podr\u00e0s veure les diferents cl\u00edniques a les quals pots anar.<\/p>\n<p>Al tractar-se de cl\u00edniques adherides al Conveni d\u2019Assist\u00e8ncia Sanitaria derivada d\u2019accidents de tr\u00e0nsit (Conveni UNESPA) <strong>vost\u00e8 no haur\u00e0 d\u2019assumir cap cost sanitari<\/strong>. Ser\u00e0 el propi centre qui demanar\u00e0 autoritzaci\u00f3 a la companyia asseguradora.<\/p>\n<p>Per tramitar l\u2019autoritzaci\u00f3, a la cl\u00ednica li sol\u00b7licitaran lo seg\u00fcent:<\/p>\n<ul>\n<li>Dades personals<\/li>\n<li>Dades de l\u2019accident (data i lloc)<\/li>\n<li>Dades dels vehicles implicats (matr\u00edcules y companyies asseguradores)<\/li>\n<li>Informe d\u2019assist\u00e8ncia a Urg\u00e8ncies<\/li>\n<\/ul>\n<p>Despr\u00e9s d\u2019un accident de tr\u00e0nsit apart d\u2019optar per anar a una cl\u00ednica adherida a UNESPA tamb\u00e9 pot anar a un:<\/p>\n<ul>\n<li><strong>Centre Sanitari P\u00fablic:<\/strong>\u00a0Degut a l\u2019habitual col\u00b7lapse de la sanitat p\u00fablica normalment no \u00e9s una bona opci\u00f3 doncs el tractament es prolonga massa en el temps i com a conseq\u00fc\u00e8ncia aquest acaba resultant inefica\u00e7.<\/li>\n<li><strong>Centre Sanitari ofert per la companyia asseguradora:\u00a0<\/strong>La companyia asseguradora del vehicle en el que viatjaves, o b\u00e9 la del vehicle responsable de l\u2019accident, poden oferir-te la possibilitat d\u2019anar a alguns centres que tinguin concertats i en els que t\u2019oferiran el corresponent tractament m\u00e8dic. En aquest cas el cost sanitari anir\u00e0 a c\u00e0rrec de l\u2019entitat que et derivi a aquests centres.<\/li>\n<li><strong>Centre Sanitari privat de la teva elecci\u00f3:<\/strong>\u00a0El lesionat tamb\u00e9 pot anar a seguir el tractament al centre sanitari que ell cregui oport\u00fa. El cost sanitari haur\u00e0 de ser assumit en un principi pel propi lesionat i posteriorment procedir a la seva reclamaci\u00f3 a la companyia asseguradora del vehicle responsable de l\u2019accident. En el caso de que el lesionat fos tamb\u00e9 el responsable de l\u2019accident, i per tant no proced\u00eds la reclamaci\u00f3 mencionada, tindria que estar a lo disposat al contracte de l\u2019Asseguran\u00e7a d\u2019Autom\u00f2bils, per aix\u00ed analitzar la viabilitat de la proced\u00e8ncia o no del reemborsament de l\u2019import avan\u00e7at.<\/li>\n<\/ul>\n<p>Si vols aprofundir m\u00e9s sobre l\u2019<strong>Assist\u00e8ncia sanit\u00e0ria a lesionats en accident de tr\u00e0nsit<\/strong> pots clicar al seg\u00fcent <a href=\"https:\/\/accigest.com\/ca\/assistencia-sanitaria-lesionats-accident-transit\/\" target=\"_blank\" rel=\"noopener noreferrer\">enlla\u00e7<\/a>.<\/p>\n<p>* Nota important: Aquest buscador pot contenir errors, Accigest no es fa responsable dels mateixos ni de l\u2019\u00fas que en facin els usuaris.<\/p>\n<div class=\"accigest-clinics-wrapper\">\n    <script>\n        var placeholder = 'Seleccioni una poblaci\u00f3';\n        var logo_info = 'https:\/\/accigest.com\/wp-content\/plugins\/accigest-clinics\/public\/img\/info.png';\n        var logo_close = 'https:\/\/accigest.com\/wp-content\/plugins\/accigest-clinics\/public\/img\/close.png';\n        var nif_centre = 'CIF\/NIF';\n        var province = 'Prov\u00edncia';\n        var city = 'Poblaci\u00f3';\n        var cp = 'Codi postal';\n        var address = 'Adre\u00e7a';\n        var phone = 'Tel\u00e8fon';\n    <\/script>\n    <div class=\"accigest-clinics__title\">Cl\u00edniques adherides a UNESPA<\/div>\n    <div class=\"accigest-clinics__selects\">\n        <div class=\"accigest-clinics__provinces\">\n            <select name=\"provinces\" id=\"accigest-clinics-provinces\">\n                <option value=\"\">Seleccioni una prov\u00edncia<\/option>\n                                    <option value=\"A CORU\u00d1A\">A CORUNA<\/option>                    <option value=\"ALBACETE\">ALBACETE<\/option>                    <option value=\"ALICANTE\">ALICANTE<\/option>                    <option value=\"ALMERIA\">ALMERIA<\/option>                    <option value=\"ARABA\">ARABA<\/option>                    <option value=\"ASTURIAS\">ASTURIAS<\/option>                    <option value=\"BADAJOZ\">BADAJOZ<\/option>                    <option value=\"BARCELONA\">BARCELONA<\/option>                    <option value=\"BIZCAYA\">BIZCAYA<\/option>                    <option value=\"BURGOS\">BURGOS<\/option>                    <option value=\"C\u00c1CERES\">CACERES<\/option>                    <option value=\"C\u00c1DIZ\">CADIZ<\/option>                    <option value=\"CANTABRIA\">CANTABRIA<\/option>                    <option value=\"CASTELL\u00d3N\">CASTELLON<\/option>                    <option value=\"CEUTA\">CEUTA<\/option>                    <option value=\"CIUDAD REAL\">CIUDAD REAL<\/option>                    <option value=\"C\u00d3RDOBA\">CORDOBA<\/option>                    <option value=\"CUENCA\">CUENCA<\/option>                    <option value=\"GIP\u00daZCOA\">GIPUZCOA<\/option>                    <option value=\"GIRONA\">GIRONA<\/option>                    <option value=\"GRANADA\">GRANADA<\/option>                    <option value=\"GUADALAJARA\">GUADALAJARA<\/option>                    <option value=\"HUELVA\">HUELVA<\/option>                    <option value=\"HUESCA\">HUESCA<\/option>                    <option value=\"ILLES BALEARS (EIVISSA)\">ILLES BALEARS (EIVISSA)<\/option>                    <option value=\"ILLES BALEARS (MALLORCA)\">ILLES BALEARS (MALLORCA)<\/option>                    <option value=\"ILLES BALEARS (MENORCA)\">ILLES BALEARS (MENORCA)<\/option>                    <option value=\"JA\u00c9N\">JAEN<\/option>                    <option value=\"LA RIOJA\">LA RIOJA<\/option>                    <option value=\"LAS PALMAS (FUERTEVENTURA)\">LAS PALMAS (FUERTEVENTURA)<\/option>                    <option value=\"LAS PALMAS (GRAN CANARIA)\">LAS PALMAS (GRAN CANARIA)<\/option>                    <option value=\"LAS PALMAS (LANZAROTE)\">LAS PALMAS (LANZAROTE)<\/option>                    <option value=\"LE\u00d3N\">LEON<\/option>                    <option value=\"LLEIDA\">LLEIDA<\/option>                    <option value=\"LUGO\">LUGO<\/option>                    <option value=\"MADRID\">MADRID<\/option>                    <option value=\"M\u00c1LAGA\">MALAGA<\/option>                    <option value=\"MELILLA\">MELILLA<\/option>                    <option value=\"MURCIA\">MURCIA<\/option>                    <option value=\"NAVARRA\">NAVARRA<\/option>                    <option value=\"OURENSE\">OURENSE<\/option>                    <option value=\"OVIEDO\">OVIEDO<\/option>                    <option value=\"PALENCIA\">PALENCIA<\/option>                    <option value=\"PONTEVEDRA\">PONTEVEDRA<\/option>                    <option value=\"SALAMANCA\">SALAMANCA<\/option>                    <option value=\"SANTA CRUZ DE TENERIFE (LA PALMA)\">SANTA CRUZ DE TENERIFE (LA PALMA)<\/option>                    <option value=\"SANTA CRUZ DE TENERIFE (TENERIFE)\">SANTA CRUZ DE TENERIFE (TENERIFE)<\/option>                    <option value=\"SEGOVIA\">SEGOVIA<\/option>                    <option value=\"SEVILLA\">SEVILLA<\/option>                    <option value=\"TARRAGONA\">TARRAGONA<\/option>                    <option value=\"TERUEL\">TERUEL<\/option>                    <option value=\"TOLEDO\">TOLEDO<\/option>                    <option value=\"VAL\u00c8NCIA\">VALENCIA<\/option>                    <option value=\"VALLADOLID\">VALLADOLID<\/option>                    <option value=\"VIZCAYA\">VIZCAYA<\/option>                    <option value=\"ZAMORA\">ZAMORA<\/option>                    <option value=\"ZARAGOZA\">ZARAGOZA<\/option>            <\/select>\n        <\/div>\n        <div class=\"accigest-clinics__cities\">\n            <select name=\"cities\" id=\"accigest-clinics-cities\"><\/select>\n        <\/div>\n    <\/div>\n    <div class=\"accigest-clinics__list\"><\/div>\n    <div class=\"accigest-clinics__nav\"><\/div>\n<\/div>\n","protected":false},"excerpt":{"rendered":"Si has patit lesions derivades d\u2019un accident de tr\u00e0nsit pots utilitzar el nostre Buscador de Cl\u00edniques adherides al Conveni UNESPA. Seleccionant primer la teva prov\u00edncia i despr\u00e9s la teva localitat podr\u00e0s veure les diferents cl\u00edniques a les quals pots anar. Al tractar-se de cl\u00edniques adherides al Conveni d\u2019Assist\u00e8ncia Sanitaria derivada&hellip;&nbsp;<a class=\"read-more\" href=\"https:\/\/accigest.com\/ca\/cliniques-unespa\/\">Llegir m\u00e9s<\/a>","protected":false},"author":2,"featured_media":0,"parent":0,"menu_order":0,"comment_status":"closed","ping_status":"closed","template":"","meta":{"footnotes":""},"class_list":["post-3991","page","type-page","status-publish","hentry"],"yoast_head":"<!-- This site is optimized with the Yoast SEO plugin v27.1.1 - https:\/\/yoast.com\/product\/yoast-seo-wordpress\/ -->\n<title>Buscador de cl\u00edniques UNESPA - Accigest<\/title>\n<meta name=\"description\" content=\"Si has patit un accident de tr\u00e0nsit pots utilitzar el nostre cercador de cl\u00edniques UNESPA. Troba la cl\u00ednica m\u00e9s propera. Accigest, especialistes en indemnitzacions per accidents de tr\u00e0nsit.\" \/>\n<meta name=\"robots\" content=\"index, follow, max-snippet:-1, max-image-preview:large, max-video-preview:-1\" \/>\n<link rel=\"canonical\" href=\"https:\/\/accigest.com\/ca\/cliniques-unespa\/\" \/>\n<meta property=\"og:locale\" content=\"ca_ES\" \/>\n<meta property=\"og:type\" content=\"article\" \/>\n<meta property=\"og:title\" content=\"Buscador de cl\u00edniques UNESPA - Accigest\" \/>\n<meta property=\"og:description\" content=\"Si has patit un accident de tr\u00e0nsit pots utilitzar el nostre cercador de cl\u00edniques UNESPA. Troba la cl\u00ednica m\u00e9s propera. Accigest, especialistes en indemnitzacions per accidents de tr\u00e0nsit.\" \/>\n<meta property=\"og:url\" content=\"https:\/\/accigest.com\/ca\/cliniques-unespa\/\" \/>\n<meta property=\"og:site_name\" content=\"Accigest\" \/>\n<meta property=\"article:modified_time\" content=\"2021-07-02T14:34:39+00:00\" \/>\n<meta name=\"twitter:card\" content=\"summary_large_image\" \/>\n<meta name=\"twitter:label1\" content=\"Temps estimat de lectura\" \/>\n\t<meta name=\"twitter:data1\" content=\"2 minuts\" \/>\n<script type=\"application\/ld+json\" class=\"yoast-schema-graph\">{\"@context\":\"https:\/\/schema.org\",\"@graph\":[{\"@type\":\"WebPage\",\"@id\":\"https:\/\/accigest.com\/ca\/cliniques-unespa\/\",\"url\":\"https:\/\/accigest.com\/ca\/cliniques-unespa\/\",\"name\":\"Buscador de cl\u00edniques UNESPA - Accigest\",\"isPartOf\":{\"@id\":\"https:\/\/accigest.com\/ca\/#website\"},\"datePublished\":\"2018-10-21T09:58:16+00:00\",\"dateModified\":\"2021-07-02T14:34:39+00:00\",\"description\":\"Si has patit un accident de tr\u00e0nsit pots utilitzar el nostre cercador de cl\u00edniques UNESPA. Troba la cl\u00ednica m\u00e9s propera. Accigest, especialistes en indemnitzacions per accidents de tr\u00e0nsit.\",\"breadcrumb\":{\"@id\":\"https:\/\/accigest.com\/ca\/cliniques-unespa\/#breadcrumb\"},\"inLanguage\":\"ca\",\"potentialAction\":[{\"@type\":\"ReadAction\",\"target\":[\"https:\/\/accigest.com\/ca\/cliniques-unespa\/\"]}]},{\"@type\":\"BreadcrumbList\",\"@id\":\"https:\/\/accigest.com\/ca\/cliniques-unespa\/#breadcrumb\",\"itemListElement\":[{\"@type\":\"ListItem\",\"position\":1,\"name\":\"Inici\",\"item\":\"https:\/\/accigest.com\/ca\/\"},{\"@type\":\"ListItem\",\"position\":2,\"name\":\"Buscador de cl\u00edniques UNESPA\"}]},{\"@type\":\"WebSite\",\"@id\":\"https:\/\/accigest.com\/ca\/#website\",\"url\":\"https:\/\/accigest.com\/ca\/\",\"name\":\"Accigest\",\"description\":\"Especialistas en  indemnizaciones por  accidentes de tr\u00e1fico\",\"publisher\":{\"@id\":\"https:\/\/accigest.com\/ca\/#organization\"},\"potentialAction\":[{\"@type\":\"SearchAction\",\"target\":{\"@type\":\"EntryPoint\",\"urlTemplate\":\"https:\/\/accigest.com\/ca\/?s={search_term_string}\"},\"query-input\":{\"@type\":\"PropertyValueSpecification\",\"valueRequired\":true,\"valueName\":\"search_term_string\"}}],\"inLanguage\":\"ca\"},{\"@type\":\"Organization\",\"@id\":\"https:\/\/accigest.com\/ca\/#organization\",\"name\":\"Accigest Abogados de Accidentes Tr\u00e1fico\",\"url\":\"https:\/\/accigest.com\/ca\/\",\"logo\":{\"@type\":\"ImageObject\",\"inLanguage\":\"ca\",\"@id\":\"https:\/\/accigest.com\/ca\/#\/schema\/logo\/image\/\",\"url\":\"https:\/\/accigest.com\/wp-content\/uploads\/2021\/06\/logo-accigest.svg\",\"contentUrl\":\"https:\/\/accigest.com\/wp-content\/uploads\/2021\/06\/logo-accigest.svg\",\"width\":1,\"height\":1,\"caption\":\"Accigest Abogados de Accidentes Tr\u00e1fico\"},\"image\":{\"@id\":\"https:\/\/accigest.com\/ca\/#\/schema\/logo\/image\/\"}}]}<\/script>\n<!-- \/ Yoast SEO plugin. -->","yoast_head_json":{"title":"Buscador de cl\u00edniques UNESPA - Accigest","description":"Si has patit un accident de tr\u00e0nsit pots utilitzar el nostre cercador de cl\u00edniques UNESPA. Troba la cl\u00ednica m\u00e9s propera. Accigest, especialistes en indemnitzacions per accidents de tr\u00e0nsit.","robots":{"index":"index","follow":"follow","max-snippet":"max-snippet:-1","max-image-preview":"max-image-preview:large","max-video-preview":"max-video-preview:-1"},"canonical":"https:\/\/accigest.com\/ca\/cliniques-unespa\/","og_locale":"ca_ES","og_type":"article","og_title":"Buscador de cl\u00edniques UNESPA - Accigest","og_description":"Si has patit un accident de tr\u00e0nsit pots utilitzar el nostre cercador de cl\u00edniques UNESPA. Troba la cl\u00ednica m\u00e9s propera. Accigest, especialistes en indemnitzacions per accidents de tr\u00e0nsit.","og_url":"https:\/\/accigest.com\/ca\/cliniques-unespa\/","og_site_name":"Accigest","article_modified_time":"2021-07-02T14:34:39+00:00","twitter_card":"summary_large_image","twitter_misc":{"Temps estimat de lectura":"2 minuts"},"schema":{"@context":"https:\/\/schema.org","@graph":[{"@type":"WebPage","@id":"https:\/\/accigest.com\/ca\/cliniques-unespa\/","url":"https:\/\/accigest.com\/ca\/cliniques-unespa\/","name":"Buscador de cl\u00edniques UNESPA - Accigest","isPartOf":{"@id":"https:\/\/accigest.com\/ca\/#website"},"datePublished":"2018-10-21T09:58:16+00:00","dateModified":"2021-07-02T14:34:39+00:00","description":"Si has patit un accident de tr\u00e0nsit pots utilitzar el nostre cercador de cl\u00edniques UNESPA. Troba la cl\u00ednica m\u00e9s propera. Accigest, especialistes en indemnitzacions per accidents de tr\u00e0nsit.","breadcrumb":{"@id":"https:\/\/accigest.com\/ca\/cliniques-unespa\/#breadcrumb"},"inLanguage":"ca","potentialAction":[{"@type":"ReadAction","target":["https:\/\/accigest.com\/ca\/cliniques-unespa\/"]}]},{"@type":"BreadcrumbList","@id":"https:\/\/accigest.com\/ca\/cliniques-unespa\/#breadcrumb","itemListElement":[{"@type":"ListItem","position":1,"name":"Inici","item":"https:\/\/accigest.com\/ca\/"},{"@type":"ListItem","position":2,"name":"Buscador de cl\u00edniques UNESPA"}]},{"@type":"WebSite","@id":"https:\/\/accigest.com\/ca\/#website","url":"https:\/\/accigest.com\/ca\/","name":"Accigest","description":"Especialistas en  indemnizaciones por  accidentes de tr\u00e1fico","publisher":{"@id":"https:\/\/accigest.com\/ca\/#organization"},"potentialAction":[{"@type":"SearchAction","target":{"@type":"EntryPoint","urlTemplate":"https:\/\/accigest.com\/ca\/?s={search_term_string}"},"query-input":{"@type":"PropertyValueSpecification","valueRequired":true,"valueName":"search_term_string"}}],"inLanguage":"ca"},{"@type":"Organization","@id":"https:\/\/accigest.com\/ca\/#organization","name":"Accigest Abogados de Accidentes Tr\u00e1fico","url":"https:\/\/accigest.com\/ca\/","logo":{"@type":"ImageObject","inLanguage":"ca","@id":"https:\/\/accigest.com\/ca\/#\/schema\/logo\/image\/","url":"https:\/\/accigest.com\/wp-content\/uploads\/2021\/06\/logo-accigest.svg","contentUrl":"https:\/\/accigest.com\/wp-content\/uploads\/2021\/06\/logo-accigest.svg","width":1,"height":1,"caption":"Accigest Abogados de Accidentes Tr\u00e1fico"},"image":{"@id":"https:\/\/accigest.com\/ca\/#\/schema\/logo\/image\/"}}]}},"_links":{"self":[{"href":"https:\/\/accigest.com\/ca\/wp-json\/wp\/v2\/pages\/3991","targetHints":{"allow":["GET"]}}],"collection":[{"href":"https:\/\/accigest.com\/ca\/wp-json\/wp\/v2\/pages"}],"about":[{"href":"https:\/\/accigest.com\/ca\/wp-json\/wp\/v2\/types\/page"}],"author":[{"embeddable":true,"href":"https:\/\/accigest.com\/ca\/wp-json\/wp\/v2\/users\/2"}],"replies":[{"embeddable":true,"href":"https:\/\/accigest.com\/ca\/wp-json\/wp\/v2\/comments?post=3991"}],"version-history":[{"count":5,"href":"https:\/\/accigest.com\/ca\/wp-json\/wp\/v2\/pages\/3991\/revisions"}],"predecessor-version":[{"id":6661,"href":"https:\/\/accigest.com\/ca\/wp-json\/wp\/v2\/pages\/3991\/revisions\/6661"}],"wp:attachment":[{"href":"https:\/\/accigest.com\/ca\/wp-json\/wp\/v2\/media?parent=3991"}],"curies":[{"name":"wp","href":"https:\/\/api.w.org\/{rel}","templated":true}]}}