{"id":4060,"date":"2018-11-21T12:27:15","date_gmt":"2018-11-21T12:27:15","guid":{"rendered":"https:\/\/accigest.staging3w.com\/?page_id=4060"},"modified":"2022-03-28T17:45:27","modified_gmt":"2022-03-28T15:45:27","slug":"advocats-accident-transit-sant-adria-del-besos","status":"publish","type":"page","link":"https:\/\/accigest.com\/ca\/advocats-accident-transit-sant-adria-del-besos\/","title":{"rendered":"Advocats especialistes en accidents de tr\u00e0nsit a Sant Adri\u00e0 del Bes\u00f2s"},"content":{"rendered":"<h2>Est\u00e0 buscant un advocat per un accident de tr\u00e0nsit a Sant Adri\u00e0 de Bes\u00f2s?<\/h2>\n<p>Ha patit un accident i no sap qu\u00e8 fer? Despr\u00e9s d&#8217;un accident \u00e9s molt normal estar conf\u00fas i no saber b\u00e9 que fer. Contacta amb ACCIGEST, <strong>trucant-nos<\/strong> o emplenant el <a href=\"https:\/\/accigest.com\/ca\/contacte\/\" rel=\"nofollow\">formulari de contacte<\/a>. El nostre equip format per advocats especialitzats en accidents de tr\u00e0nsit, metges experts en la valoraci\u00f3 del dany corporal i gestors especialistes en la negociaci\u00f3 d&#8217;indemnitzacions li proporcionaran <strong>una gesti\u00f3 integral de principi a fi<\/strong>, acompanyant-lo durant tot el proc\u00e9s de reclamaci\u00f3.<\/p>\n<p>Ha de saber que vost\u00e8 t\u00e9 dret a ser indemnitzat:<\/p>\n<ul>\n<li>Si vost\u00e8 era el conductor i la responsabilitat de l&#8217;accident de tr\u00e0nsit va ser del conductor del vehicle contrari.<\/li>\n<li>Si viatjava d&#8217;ocupant, ja sigui en el vehicle responsable de l&#8217;accident o al del perjudicat.<\/li>\n<li>Si ha sofert un atropellament com a vianant.<\/li>\n<li>Si ha patit un atropellament mentre circulava en bicicleta i la responsabilitat de l&#8217;accident recau totalment o en part sobre el conductor del vehicle contrari.<\/li>\n<\/ul>\n<p>Aquesta indemnitzaci\u00f3 es compon per: dies molt greus, dies greus, dies moderats, dies b\u00e0sics, seq\u00fceles, danys materials i despeses meritades de l&#8217;accident.<\/p>\n\n\n<div class=\"wp-block-columns ag-section ag-section-icons is-layout-flex wp-container-core-columns-is-layout-9d6595d7 wp-block-columns-is-layout-flex\">\n<div class=\"wp-block-column icons-text__item is-layout-flow wp-block-column-is-layout-flow\">\n<div class=\"wp-block-group\"><div class=\"wp-block-group__inner-container is-layout-flow wp-block-group-is-layout-flow\">\n<figure class=\"wp-block-image size-large\"><img decoding=\"async\" src=\"https:\/\/accigest.com\/wp-content\/uploads\/2021\/06\/icon-visitas-a-dominiclio.svg\" alt=\"\" class=\"wp-image-5981\"\/><\/figure>\n\n\n\n<p>Visites a domicili gratu\u00eftes<\/p>\n<\/div><\/div>\n<\/div>\n\n\n\n<div class=\"wp-block-column icons-text__item is-layout-flow wp-block-column-is-layout-flow\">\n<div class=\"wp-block-group\"><div class=\"wp-block-group__inner-container is-layout-flow wp-block-group-is-layout-flow\">\n<figure class=\"wp-block-image size-large\"><img decoding=\"async\" src=\"https:\/\/accigest.com\/wp-content\/uploads\/2021\/06\/icon-solo-cobramos-1.svg\" alt=\"S\u00f3lo cobramos si usted cobra\" class=\"wp-image-5983\"\/><\/figure>\n\n\n\n<p>Nom\u00e9s cobrem quan vost\u00e8 cobri<\/p>\n<\/div><\/div>\n<\/div>\n<\/div>\n\n\n<h2>Advocats especialistes en Accidents a Sant Adri\u00e0 de Bes\u00f2s<\/h2>\n<p>Els nostres advocats especialistes en accidents de tr\u00e0nsit de Sant Adri\u00e0 de Bes\u00f2s compten amb una \u00e0mplia experi\u00e8ncia en la reclamaci\u00f3 d&#8217;indemnitzacions per accidents i s\u00f3n professionals totalment externs a les companyies asseguradores, de manera que l&#8217;objectivitat est\u00e0 garantida, sent la base del nostre treball vetllar pels interessos dels nostres clients.<\/p>\n<h2>Per qu\u00e8 contactar amb Accigest?<\/h2>\n<p>Estudiarem el seu cas de forma personalitzada amb el prop\u00f2sit de buscar l&#8217;acord m\u00e9s benefici\u00f3s. Un cop finalitzi el tractament m\u00e8dic procedirem a quantificar el per\u00edode de convalesc\u00e8ncia i a valorar les possibles seq\u00fceles que li hagi provocat l&#8217;accident.<br><strong>Ha de saber que treballem totalment a comissi\u00f3, no cobrem provisi\u00f3 de fons per anticipat<\/strong>, de manera que no haur\u00e0 d&#8217;abonar cap quantitat de diners fins a obtenir la seva compensaci\u00f3.<\/p>","protected":false},"excerpt":{"rendered":"Est\u00e0 buscant un advocat per un accident de tr\u00e0nsit a Sant Adri\u00e0 de Bes\u00f2s? Ha patit un accident i no sap qu\u00e8 fer? Despr\u00e9s d'un accident \u00e9s molt normal estar conf\u00fas i no saber b\u00e9 que fer. Contacta amb ACCIGEST, trucant-nos o emplenant el formulari de contacte. El nostre equip&hellip;&nbsp;<a class=\"read-more\" href=\"https:\/\/accigest.com\/ca\/advocats-accident-transit-sant-adria-del-besos\/\">Llegir m\u00e9s<\/a>","protected":false},"author":1,"featured_media":0,"parent":0,"menu_order":0,"comment_status":"closed","ping_status":"closed","template":"","meta":{"footnotes":""},"class_list":["post-4060","page","type-page","status-publish","hentry"],"yoast_head":"<!-- This site is optimized with the Yoast SEO plugin v27.1.1 - https:\/\/yoast.com\/product\/yoast-seo-wordpress\/ -->\n<title>Advocats especialistes en accidents de tr\u00e0nsit a Sant Adri\u00e0 del Bes\u00f2s - Accigest<\/title>\n<meta name=\"description\" content=\"A Accigest dipsosem dels millors advocats de Sant Adri\u00e0 del Bes\u00f2s especialitzats en accidents de tr\u00e0nsit. Entra ara per sabr-ne m\u00e9s! \u260e 630 202 144\" \/>\n<meta name=\"robots\" content=\"index, follow, max-snippet:-1, max-image-preview:large, max-video-preview:-1\" \/>\n<link rel=\"canonical\" href=\"https:\/\/accigest.com\/ca\/advocats-accident-transit-sant-adria-del-besos\/\" \/>\n<meta property=\"og:locale\" content=\"ca_ES\" \/>\n<meta property=\"og:type\" content=\"article\" \/>\n<meta property=\"og:title\" content=\"Advocats especialistes en accidents de tr\u00e0nsit a Sant Adri\u00e0 del Bes\u00f2s - Accigest\" \/>\n<meta property=\"og:description\" content=\"A Accigest dipsosem dels millors advocats de Sant Adri\u00e0 del Bes\u00f2s especialitzats en accidents de tr\u00e0nsit. Entra ara per sabr-ne m\u00e9s! \u260e 630 202 144\" \/>\n<meta property=\"og:url\" content=\"https:\/\/accigest.com\/ca\/advocats-accident-transit-sant-adria-del-besos\/\" \/>\n<meta property=\"og:site_name\" content=\"Accigest\" \/>\n<meta property=\"article:modified_time\" content=\"2022-03-28T15:45:27+00:00\" \/>\n<meta name=\"twitter:card\" content=\"summary_large_image\" \/>\n<meta name=\"twitter:label1\" content=\"Temps estimat de lectura\" \/>\n\t<meta name=\"twitter:data1\" content=\"2 minuts\" \/>\n<script type=\"application\/ld+json\" class=\"yoast-schema-graph\">{\"@context\":\"https:\/\/schema.org\",\"@graph\":[{\"@type\":\"WebPage\",\"@id\":\"https:\/\/accigest.com\/ca\/advocats-accident-transit-sant-adria-del-besos\/\",\"url\":\"https:\/\/accigest.com\/ca\/advocats-accident-transit-sant-adria-del-besos\/\",\"name\":\"Advocats especialistes en accidents de tr\u00e0nsit a Sant Adri\u00e0 del Bes\u00f2s - Accigest\",\"isPartOf\":{\"@id\":\"https:\/\/accigest.com\/ca\/#website\"},\"datePublished\":\"2018-11-21T12:27:15+00:00\",\"dateModified\":\"2022-03-28T15:45:27+00:00\",\"description\":\"A Accigest dipsosem dels millors advocats de Sant Adri\u00e0 del Bes\u00f2s especialitzats en accidents de tr\u00e0nsit. Entra ara per sabr-ne m\u00e9s! \u260e 630 202 144\",\"breadcrumb\":{\"@id\":\"https:\/\/accigest.com\/ca\/advocats-accident-transit-sant-adria-del-besos\/#breadcrumb\"},\"inLanguage\":\"ca\",\"potentialAction\":[{\"@type\":\"ReadAction\",\"target\":[\"https:\/\/accigest.com\/ca\/advocats-accident-transit-sant-adria-del-besos\/\"]}]},{\"@type\":\"BreadcrumbList\",\"@id\":\"https:\/\/accigest.com\/ca\/advocats-accident-transit-sant-adria-del-besos\/#breadcrumb\",\"itemListElement\":[{\"@type\":\"ListItem\",\"position\":1,\"name\":\"Inici\",\"item\":\"https:\/\/accigest.com\/ca\/\"},{\"@type\":\"ListItem\",\"position\":2,\"name\":\"Advocats especialistes en accidents de tr\u00e0nsit a Sant Adri\u00e0 del Bes\u00f2s\"}]},{\"@type\":\"WebSite\",\"@id\":\"https:\/\/accigest.com\/ca\/#website\",\"url\":\"https:\/\/accigest.com\/ca\/\",\"name\":\"Accigest\",\"description\":\"Especialistas en  indemnizaciones por  accidentes de tr\u00e1fico\",\"publisher\":{\"@id\":\"https:\/\/accigest.com\/ca\/#organization\"},\"potentialAction\":[{\"@type\":\"SearchAction\",\"target\":{\"@type\":\"EntryPoint\",\"urlTemplate\":\"https:\/\/accigest.com\/ca\/?s={search_term_string}\"},\"query-input\":{\"@type\":\"PropertyValueSpecification\",\"valueRequired\":true,\"valueName\":\"search_term_string\"}}],\"inLanguage\":\"ca\"},{\"@type\":\"Organization\",\"@id\":\"https:\/\/accigest.com\/ca\/#organization\",\"name\":\"Accigest Abogados de Accidentes Tr\u00e1fico\",\"url\":\"https:\/\/accigest.com\/ca\/\",\"logo\":{\"@type\":\"ImageObject\",\"inLanguage\":\"ca\",\"@id\":\"https:\/\/accigest.com\/ca\/#\/schema\/logo\/image\/\",\"url\":\"https:\/\/accigest.com\/wp-content\/uploads\/2021\/06\/logo-accigest.svg\",\"contentUrl\":\"https:\/\/accigest.com\/wp-content\/uploads\/2021\/06\/logo-accigest.svg\",\"width\":1,\"height\":1,\"caption\":\"Accigest Abogados de Accidentes Tr\u00e1fico\"},\"image\":{\"@id\":\"https:\/\/accigest.com\/ca\/#\/schema\/logo\/image\/\"}}]}<\/script>\n<!-- \/ Yoast SEO plugin. -->","yoast_head_json":{"title":"Advocats especialistes en accidents de tr\u00e0nsit a Sant Adri\u00e0 del Bes\u00f2s - Accigest","description":"A Accigest dipsosem dels millors advocats de Sant Adri\u00e0 del Bes\u00f2s especialitzats en accidents de tr\u00e0nsit. Entra ara per sabr-ne m\u00e9s! \u260e 630 202 144","robots":{"index":"index","follow":"follow","max-snippet":"max-snippet:-1","max-image-preview":"max-image-preview:large","max-video-preview":"max-video-preview:-1"},"canonical":"https:\/\/accigest.com\/ca\/advocats-accident-transit-sant-adria-del-besos\/","og_locale":"ca_ES","og_type":"article","og_title":"Advocats especialistes en accidents de tr\u00e0nsit a Sant Adri\u00e0 del Bes\u00f2s - Accigest","og_description":"A Accigest dipsosem dels millors advocats de Sant Adri\u00e0 del Bes\u00f2s especialitzats en accidents de tr\u00e0nsit. Entra ara per sabr-ne m\u00e9s! \u260e 630 202 144","og_url":"https:\/\/accigest.com\/ca\/advocats-accident-transit-sant-adria-del-besos\/","og_site_name":"Accigest","article_modified_time":"2022-03-28T15:45:27+00:00","twitter_card":"summary_large_image","twitter_misc":{"Temps estimat de lectura":"2 minuts"},"schema":{"@context":"https:\/\/schema.org","@graph":[{"@type":"WebPage","@id":"https:\/\/accigest.com\/ca\/advocats-accident-transit-sant-adria-del-besos\/","url":"https:\/\/accigest.com\/ca\/advocats-accident-transit-sant-adria-del-besos\/","name":"Advocats especialistes en accidents de tr\u00e0nsit a Sant Adri\u00e0 del Bes\u00f2s - Accigest","isPartOf":{"@id":"https:\/\/accigest.com\/ca\/#website"},"datePublished":"2018-11-21T12:27:15+00:00","dateModified":"2022-03-28T15:45:27+00:00","description":"A Accigest dipsosem dels millors advocats de Sant Adri\u00e0 del Bes\u00f2s especialitzats en accidents de tr\u00e0nsit. Entra ara per sabr-ne m\u00e9s! \u260e 630 202 144","breadcrumb":{"@id":"https:\/\/accigest.com\/ca\/advocats-accident-transit-sant-adria-del-besos\/#breadcrumb"},"inLanguage":"ca","potentialAction":[{"@type":"ReadAction","target":["https:\/\/accigest.com\/ca\/advocats-accident-transit-sant-adria-del-besos\/"]}]},{"@type":"BreadcrumbList","@id":"https:\/\/accigest.com\/ca\/advocats-accident-transit-sant-adria-del-besos\/#breadcrumb","itemListElement":[{"@type":"ListItem","position":1,"name":"Inici","item":"https:\/\/accigest.com\/ca\/"},{"@type":"ListItem","position":2,"name":"Advocats especialistes en accidents de tr\u00e0nsit a Sant Adri\u00e0 del Bes\u00f2s"}]},{"@type":"WebSite","@id":"https:\/\/accigest.com\/ca\/#website","url":"https:\/\/accigest.com\/ca\/","name":"Accigest","description":"Especialistas en  indemnizaciones por  accidentes de tr\u00e1fico","publisher":{"@id":"https:\/\/accigest.com\/ca\/#organization"},"potentialAction":[{"@type":"SearchAction","target":{"@type":"EntryPoint","urlTemplate":"https:\/\/accigest.com\/ca\/?s={search_term_string}"},"query-input":{"@type":"PropertyValueSpecification","valueRequired":true,"valueName":"search_term_string"}}],"inLanguage":"ca"},{"@type":"Organization","@id":"https:\/\/accigest.com\/ca\/#organization","name":"Accigest Abogados de Accidentes Tr\u00e1fico","url":"https:\/\/accigest.com\/ca\/","logo":{"@type":"ImageObject","inLanguage":"ca","@id":"https:\/\/accigest.com\/ca\/#\/schema\/logo\/image\/","url":"https:\/\/accigest.com\/wp-content\/uploads\/2021\/06\/logo-accigest.svg","contentUrl":"https:\/\/accigest.com\/wp-content\/uploads\/2021\/06\/logo-accigest.svg","width":1,"height":1,"caption":"Accigest Abogados de Accidentes Tr\u00e1fico"},"image":{"@id":"https:\/\/accigest.com\/ca\/#\/schema\/logo\/image\/"}}]}},"_links":{"self":[{"href":"https:\/\/accigest.com\/ca\/wp-json\/wp\/v2\/pages\/4060","targetHints":{"allow":["GET"]}}],"collection":[{"href":"https:\/\/accigest.com\/ca\/wp-json\/wp\/v2\/pages"}],"about":[{"href":"https:\/\/accigest.com\/ca\/wp-json\/wp\/v2\/types\/page"}],"author":[{"embeddable":true,"href":"https:\/\/accigest.com\/ca\/wp-json\/wp\/v2\/users\/1"}],"replies":[{"embeddable":true,"href":"https:\/\/accigest.com\/ca\/wp-json\/wp\/v2\/comments?post=4060"}],"version-history":[{"count":6,"href":"https:\/\/accigest.com\/ca\/wp-json\/wp\/v2\/pages\/4060\/revisions"}],"predecessor-version":[{"id":7827,"href":"https:\/\/accigest.com\/ca\/wp-json\/wp\/v2\/pages\/4060\/revisions\/7827"}],"wp:attachment":[{"href":"https:\/\/accigest.com\/ca\/wp-json\/wp\/v2\/media?parent=4060"}],"curies":[{"name":"wp","href":"https:\/\/api.w.org\/{rel}","templated":true}]}}