{"id":4116,"date":"2019-01-19T11:21:34","date_gmt":"2019-01-19T11:21:34","guid":{"rendered":"https:\/\/accigest.staging3w.com\/?page_id=4116"},"modified":"2021-07-19T23:51:20","modified_gmt":"2021-07-19T21:51:20","slug":"opinions-dels-nostres-clients","status":"publish","type":"page","link":"https:\/\/accigest.com\/ca\/opinions-dels-nostres-clients\/","title":{"rendered":"Opinions dels nostres Clients"},"content":{"rendered":"\n<div class=\"wp-block-group ag-section ag-section--bg-1\"><div class=\"wp-block-group__inner-container is-layout-flow wp-block-group-is-layout-flow\">\n<div class=\"wp-block-group ag-container\"><div class=\"wp-block-group__inner-container is-layout-flow wp-block-group-is-layout-flow\">\n<h2 class=\"ag-centered-title\">Valorem i apreciem a cada un dels nostres clients<\/h2>\n<p style=\"text-align: center;\"><a class=\"\" href=\"https:\/\/www.google.com\/search?hl=es-ES&amp;gl=es&amp;q=Accigest+Abogados+de+Accidentes+Tr%C3%A1fico,+local+2+185,+Carretera+de+Montcada,+08221+Terrassa,+Barcelona&amp;ludocid=9135852274714532567&amp;lsig=AB86z5WxxkMWsfV3MAO-wduoAyJU#lrd=0x12a492f231020ee3:0x7ec9113d72cddad7,3\" rel=\"nofollow\" data-wplink-edit=\"true\">Deixi&#8217;ns el seu testimoni<\/a>.<\/p>\n\n\n<div class=\"wprevpro-shortcode-wrapper\"><div class=\"wprevpro wprev-no-slider revnotsameheight\" id=\"wprev-slider-2\"><div class=\"wprevpro_t6_outer_div w3_wprs-row wprevprodiv\">\r\n<div class=\" wprevpro_t6_DIV_1 w3_wprs-col l4 outerrevdiv\">\r\n<div class=\"wpproslider_t6_DIV_1a\">\r\n\t<div class=\"indrevdiv wpproslider_t6_DIV_2 wprev_preview_bg1_T6 wprev_preview_bradius_T6\">\r\n\t<div class=\"wpproslider_t6_DIV_2_top\">\r\n\t\t<div class=\"wpproslider_t6_DIV_3L\" ><img decoding=\"async\" loading=\"lazy\" src=\"https:\/\/accigest.com\/wp-content\/uploads\/wprevslider\/cache\/1776286611_filotorrico_454_60.png\" alt=\"Filo Torrico Avatar\" class=\"wpproslider_t6_IMG_2 wprevpro_avatarimg\" \/><\/div>\r\n\t\t<div class=\"wpproslider_t6_DIV_3\">\r\n\t\t\t<div class=\"t6displayname wpproslider_t6_STRONG_5 wprev_preview_tcolor2_T6\">Filo Torrico<\/div>\r\n\t\t\t<div class=\"wpproslider_t6_star_DIV\"><span class=\"wprevpro_star_imgs_T6\"><span class=\"starloc1 wprevpro_star_imgs wprevpro_star_imgsloc1\"><span class=\"svgicons svg-wprsp-star\"><\/span><span class=\"svgicons svg-wprsp-star\"><\/span><span class=\"svgicons svg-wprsp-star\"><\/span><span class=\"svgicons svg-wprsp-star\"><\/span><span class=\"svgicons svg-wprsp-star\"><\/span><\/span><\/span><\/div>\r\n\t\t\t<div class=\"wpproslider_t6_SPAN_6 wprev_preview_tcolor2_T6\"><span class=\"wprev_showdate_T6\">15\/04\/2026<\/span><\/div>\r\n\t\t<\/div>\r\n\t<\/div>\r\n\t<div class=\" wpproslider_t6_DIV_4\">\r\n\t\t\t<div class=\"indrevtxt wpproslider_t6_P_4 wprev_preview_tcolor1_T6\">\t\t\t\tExcelente atenci\u00f3n.<br>\nRelaci\u00f3n humana que genera confianza, en  la explicaci\u00f3n de como va ser el proceso con una informaci\u00f3n clara y detallada. Respuestas inmediatas  a posibles dudas.<br>\nComunicaci\u00f3n fluida e Informaci\u00f3n actualizada en cada paso.<br>\nMuy agradecida por la gesti\u00f3n y el resultado.\t\t\t<\/div>\r\n\t\t\t\t\t<\/div>\r\n\r\n\t<div class=\"wpproslider_t6_DIV_3_logo\"><\/div>\r\n\t<\/div>\r\n\t\r\n<\/div>\r\n\t\r\n<\/div>\r\n<div class=\" wprevpro_t6_DIV_1 w3_wprs-col l4 outerrevdiv\">\r\n<div class=\"wpproslider_t6_DIV_1a\">\r\n\t<div class=\"indrevdiv wpproslider_t6_DIV_2 wprev_preview_bg1_T6 wprev_preview_bradius_T6\">\r\n\t<div class=\"wpproslider_t6_DIV_2_top\">\r\n\t\t<div class=\"wpproslider_t6_DIV_3L\" ><img decoding=\"async\" loading=\"lazy\" src=\"https:\/\/accigest.com\/wp-content\/uploads\/wprevslider\/cache\/1775993507_rogeraranguren_451_60.png\" alt=\"Roger Aranguren Avatar\" class=\"wpproslider_t6_IMG_2 wprevpro_avatarimg\" \/><\/div>\r\n\t\t<div class=\"wpproslider_t6_DIV_3\">\r\n\t\t\t<div class=\"t6displayname wpproslider_t6_STRONG_5 wprev_preview_tcolor2_T6\">Roger Aranguren<\/div>\r\n\t\t\t<div class=\"wpproslider_t6_star_DIV\"><span class=\"wprevpro_star_imgs_T6\"><span class=\"starloc1 wprevpro_star_imgs wprevpro_star_imgsloc1\"><span class=\"svgicons svg-wprsp-star\"><\/span><span class=\"svgicons svg-wprsp-star\"><\/span><span class=\"svgicons svg-wprsp-star\"><\/span><span class=\"svgicons svg-wprsp-star\"><\/span><span class=\"svgicons svg-wprsp-star\"><\/span><\/span><\/span><\/div>\r\n\t\t\t<div class=\"wpproslider_t6_SPAN_6 wprev_preview_tcolor2_T6\"><span class=\"wprev_showdate_T6\">12\/04\/2026<\/span><\/div>\r\n\t\t<\/div>\r\n\t<\/div>\r\n\t<div class=\" wpproslider_t6_DIV_4\">\r\n\t\t\t<div class=\"indrevtxt wpproslider_t6_P_4 wprev_preview_tcolor1_T6\">\t\t\t\tExcelente Atenci\u00f3n, pendientes en todo momento, vamos unos profesionales. Los Felicito y recomiendo, son Excelentes \ud83d\udcaf\ud83d\udcaf\ud83d\udcaf\t\t\t<\/div>\r\n\t\t\t\t\t<\/div>\r\n\r\n\t<div class=\"wpproslider_t6_DIV_3_logo\"><\/div>\r\n\t<\/div>\r\n\t\r\n<\/div>\r\n\t\r\n<\/div>\r\n<div class=\" wprevpro_t6_DIV_1 w3_wprs-col l4 outerrevdiv\">\r\n<div class=\"wpproslider_t6_DIV_1a\">\r\n\t<div class=\"indrevdiv wpproslider_t6_DIV_2 wprev_preview_bg1_T6 wprev_preview_bradius_T6\">\r\n\t<div class=\"wpproslider_t6_DIV_2_top\">\r\n\t\t<div class=\"wpproslider_t6_DIV_3L\" ><img decoding=\"async\" loading=\"lazy\" src=\"https:\/\/accigest.com\/wp-content\/uploads\/wprevslider\/cache\/1775853672_jessliz_452_60.png\" alt=\"Jes\u00fas Liz Avatar\" class=\"wpproslider_t6_IMG_2 wprevpro_avatarimg\" \/><\/div>\r\n\t\t<div class=\"wpproslider_t6_DIV_3\">\r\n\t\t\t<div class=\"t6displayname wpproslider_t6_STRONG_5 wprev_preview_tcolor2_T6\">Jes\u00fas Liz<\/div>\r\n\t\t\t<div class=\"wpproslider_t6_star_DIV\"><span class=\"wprevpro_star_imgs_T6\"><span class=\"starloc1 wprevpro_star_imgs wprevpro_star_imgsloc1\"><span class=\"svgicons svg-wprsp-star\"><\/span><span class=\"svgicons svg-wprsp-star\"><\/span><span class=\"svgicons svg-wprsp-star\"><\/span><span class=\"svgicons svg-wprsp-star\"><\/span><span class=\"svgicons svg-wprsp-star\"><\/span><\/span><\/span><\/div>\r\n\t\t\t<div class=\"wpproslider_t6_SPAN_6 wprev_preview_tcolor2_T6\"><span class=\"wprev_showdate_T6\">10\/04\/2026<\/span><\/div>\r\n\t\t<\/div>\r\n\t<\/div>\r\n\t<div class=\" wpproslider_t6_DIV_4\">\r\n\t\t\t<div class=\"indrevtxt wpproslider_t6_P_4 wprev_preview_tcolor1_T6\">\t\t\t\tEl trato es espectacular. Montse, abogada, ha gestionado todo perfectamente, parece que hemos ganado el juicio, en dos d\u00edas se confirmar\u00e1. Ya le dije que gan\u00e1semos o no s\u00f3lo por los servicios repetir\u00eda de por vida. Muchas gracias, de todo coraz\u00f3n!\t\t\t<\/div>\r\n\t\t\t\t\t<\/div>\r\n\r\n\t<div class=\"wpproslider_t6_DIV_3_logo\"><\/div>\r\n\t<\/div>\r\n\t\r\n<\/div>\r\n\t\r\n<\/div>\r\n<\/div>\r\n<div class=\"wprevpro_t6_outer_div w3_wprs-row wprevprodiv\">\r\n<div class=\" wprevpro_t6_DIV_1 w3_wprs-col l4 outerrevdiv\">\r\n<div class=\"wpproslider_t6_DIV_1a\">\r\n\t<div class=\"indrevdiv wpproslider_t6_DIV_2 wprev_preview_bg1_T6 wprev_preview_bradius_T6\">\r\n\t<div class=\"wpproslider_t6_DIV_2_top\">\r\n\t\t<div class=\"wpproslider_t6_DIV_3L\" ><img decoding=\"async\" loading=\"lazy\" src=\"https:\/\/accigest.com\/wp-content\/uploads\/wprevslider\/cache\/1775830026_maryalorente_453_60.png\" alt=\"Marya Lorente Avatar\" class=\"wpproslider_t6_IMG_2 wprevpro_avatarimg\" \/><\/div>\r\n\t\t<div class=\"wpproslider_t6_DIV_3\">\r\n\t\t\t<div class=\"t6displayname wpproslider_t6_STRONG_5 wprev_preview_tcolor2_T6\">Marya Lorente<\/div>\r\n\t\t\t<div class=\"wpproslider_t6_star_DIV\"><span class=\"wprevpro_star_imgs_T6\"><span class=\"starloc1 wprevpro_star_imgs wprevpro_star_imgsloc1\"><span class=\"svgicons svg-wprsp-star\"><\/span><span class=\"svgicons svg-wprsp-star\"><\/span><span class=\"svgicons svg-wprsp-star\"><\/span><span class=\"svgicons svg-wprsp-star\"><\/span><span class=\"svgicons svg-wprsp-star\"><\/span><\/span><\/span><\/div>\r\n\t\t\t<div class=\"wpproslider_t6_SPAN_6 wprev_preview_tcolor2_T6\"><span class=\"wprev_showdate_T6\">10\/04\/2026<\/span><\/div>\r\n\t\t<\/div>\r\n\t<\/div>\r\n\t<div class=\" wpproslider_t6_DIV_4\">\r\n\t\t\t<div class=\"indrevtxt wpproslider_t6_P_4 wprev_preview_tcolor1_T6\">\t\t\t\tMi experiencia con Accigest fue excelente desde el primer d\u00eda que entr\u00e9 para informarme en su oficina de Terrassa, Claudia me asesor\u00f3 de maravilla y decid\u00ed confiar en ella para que llevase mi caso y m\u00e1s contenta no he podido quedar, los recomiendo 100x100\t\t\t<\/div>\r\n\t\t\t\t\t<\/div>\r\n\r\n\t<div class=\"wpproslider_t6_DIV_3_logo\"><\/div>\r\n\t<\/div>\r\n\t\r\n<\/div>\r\n\t\r\n<\/div>\r\n<div class=\" wprevpro_t6_DIV_1 w3_wprs-col l4 outerrevdiv\">\r\n<div class=\"wpproslider_t6_DIV_1a\">\r\n\t<div class=\"indrevdiv wpproslider_t6_DIV_2 wprev_preview_bg1_T6 wprev_preview_bradius_T6\">\r\n\t<div class=\"wpproslider_t6_DIV_2_top\">\r\n\t\t<div class=\"wpproslider_t6_DIV_3L\" ><img decoding=\"async\" loading=\"lazy\" src=\"https:\/\/accigest.com\/wp-content\/uploads\/wprevslider\/cache\/1775824341_josebermejo_447_60.png\" alt=\"jose bermejo Avatar\" class=\"wpproslider_t6_IMG_2 wprevpro_avatarimg\" \/><\/div>\r\n\t\t<div class=\"wpproslider_t6_DIV_3\">\r\n\t\t\t<div class=\"t6displayname wpproslider_t6_STRONG_5 wprev_preview_tcolor2_T6\">jose bermejo<\/div>\r\n\t\t\t<div class=\"wpproslider_t6_star_DIV\"><span class=\"wprevpro_star_imgs_T6\"><span class=\"starloc1 wprevpro_star_imgs wprevpro_star_imgsloc1\"><span class=\"svgicons svg-wprsp-star\"><\/span><span class=\"svgicons svg-wprsp-star\"><\/span><span class=\"svgicons svg-wprsp-star\"><\/span><span class=\"svgicons svg-wprsp-star\"><\/span><span class=\"svgicons svg-wprsp-star\"><\/span><\/span><\/span><\/div>\r\n\t\t\t<div class=\"wpproslider_t6_SPAN_6 wprev_preview_tcolor2_T6\"><span class=\"wprev_showdate_T6\">10\/04\/2026<\/span><\/div>\r\n\t\t<\/div>\r\n\t<\/div>\r\n\t<div class=\" wpproslider_t6_DIV_4\">\r\n\t\t\t<div class=\"indrevtxt wpproslider_t6_P_4 wprev_preview_tcolor1_T6\">\t\t\t\t\t\t\t<\/div>\r\n\t\t\t\t\t<\/div>\r\n\r\n\t<div class=\"wpproslider_t6_DIV_3_logo\"><\/div>\r\n\t<\/div>\r\n\t\r\n<\/div>\r\n\t\r\n<\/div>\r\n<div class=\" wprevpro_t6_DIV_1 w3_wprs-col l4 outerrevdiv\">\r\n<div class=\"wpproslider_t6_DIV_1a\">\r\n\t<div class=\"indrevdiv wpproslider_t6_DIV_2 wprev_preview_bg1_T6 wprev_preview_bradius_T6\">\r\n\t<div class=\"wpproslider_t6_DIV_2_top\">\r\n\t\t<div class=\"wpproslider_t6_DIV_3L\" ><img decoding=\"async\" loading=\"lazy\" src=\"https:\/\/accigest.com\/wp-content\/uploads\/wprevslider\/cache\/1775823709_jvicentebenavent_448_60.png\" alt=\"jvicente benavent Avatar\" class=\"wpproslider_t6_IMG_2 wprevpro_avatarimg\" \/><\/div>\r\n\t\t<div class=\"wpproslider_t6_DIV_3\">\r\n\t\t\t<div class=\"t6displayname wpproslider_t6_STRONG_5 wprev_preview_tcolor2_T6\">jvicente benavent<\/div>\r\n\t\t\t<div class=\"wpproslider_t6_star_DIV\"><span class=\"wprevpro_star_imgs_T6\"><span class=\"starloc1 wprevpro_star_imgs wprevpro_star_imgsloc1\"><span class=\"svgicons svg-wprsp-star\"><\/span><span class=\"svgicons svg-wprsp-star\"><\/span><span class=\"svgicons svg-wprsp-star\"><\/span><span class=\"svgicons svg-wprsp-star\"><\/span><span class=\"svgicons svg-wprsp-star\"><\/span><\/span><\/span><\/div>\r\n\t\t\t<div class=\"wpproslider_t6_SPAN_6 wprev_preview_tcolor2_T6\"><span class=\"wprev_showdate_T6\">10\/04\/2026<\/span><\/div>\r\n\t\t<\/div>\r\n\t<\/div>\r\n\t<div class=\" wpproslider_t6_DIV_4\">\r\n\t\t\t<div class=\"indrevtxt wpproslider_t6_P_4 wprev_preview_tcolor1_T6\">\t\t\t\tRapidez Atencion asesoramiento.Bien informados y guiados en todo momento\t\t\t<\/div>\r\n\t\t\t\t\t<\/div>\r\n\r\n\t<div class=\"wpproslider_t6_DIV_3_logo\"><\/div>\r\n\t<\/div>\r\n\t\r\n<\/div>\r\n\t\r\n<\/div>\r\n<\/div>\r\n<div  class=\"wprevpro_load_more_div\" ><button data-notinstring=\"454,451,452,453,447,448\" data-onemobil=\"no\" data-revsameheight=\"no\"  data-callnum=\"1\" data-ismasonry=\"no\" data-slideshow=\"\" data-tid=\"2\" data-nrows=\"2\" data-perrow=\"3\" data-cpostid=\"4116\" data-shortcodepageid=\"\" data-shortcodelang=\"\" data-shortcodetag=\"\" class=\"wprevpro_load_more_btn brnprevclass \" id=\"wprev_load_more_btn_2\" >Carregar m\u00e9s<\/button><img decoding=\"async\" loading=\"lazy\" src=\"https:\/\/accigest.com\/wp-content\/plugins\/wp-review-slider-pro-premium\/public\/partials\/imgs\/loading_ripple.gif\" class=\"wprploadmore_loading_image \" alt=\"Button to load more customer reviews\" style=\"display:none;\"><\/div><\/div><\/div>\n<\/div><\/div>\n<\/div><\/div>\n","protected":false},"excerpt":{"rendered":"Valorem i apreciem a cada un dels nostres clients Deixi'ns el seu testimoni.&nbsp;<a class=\"read-more\" href=\"https:\/\/accigest.com\/ca\/opinions-dels-nostres-clients\/\">Llegir m\u00e9s<\/a>","protected":false},"author":2,"featured_media":0,"parent":0,"menu_order":0,"comment_status":"closed","ping_status":"closed","template":"page-wide.php","meta":{"footnotes":""},"class_list":["post-4116","page","type-page","status-publish","hentry"],"yoast_head":"<!-- This site is optimized with the Yoast SEO plugin v27.4 - https:\/\/yoast.com\/product\/yoast-seo-wordpress\/ -->\n<title>Opinions dels nostres Clients - Accigest<\/title>\n<meta name=\"description\" content=\"Les valoraci\u00f3ns dels nostres clients, si t&#039;hem prestat els nostres serveis, d\u00e9ixa&#039;ns la teva opini\u00f3.\" \/>\n<meta name=\"robots\" content=\"index, follow, max-snippet:-1, max-image-preview:large, max-video-preview:-1\" \/>\n<link rel=\"canonical\" href=\"https:\/\/accigest.com\/ca\/opinions-dels-nostres-clients\/\" \/>\n<meta property=\"og:locale\" content=\"ca_ES\" \/>\n<meta property=\"og:type\" content=\"article\" \/>\n<meta property=\"og:title\" content=\"Opinions dels nostres Clients - Accigest\" \/>\n<meta property=\"og:description\" content=\"Les valoraci\u00f3ns dels nostres clients, si t&#039;hem prestat els nostres serveis, d\u00e9ixa&#039;ns la teva opini\u00f3.\" \/>\n<meta property=\"og:url\" content=\"https:\/\/accigest.com\/ca\/opinions-dels-nostres-clients\/\" \/>\n<meta property=\"og:site_name\" content=\"Accigest\" \/>\n<meta property=\"article:modified_time\" content=\"2021-07-19T21:51:20+00:00\" \/>\n<meta name=\"twitter:card\" content=\"summary_large_image\" \/>\n<meta name=\"twitter:label1\" content=\"Temps estimat de lectura\" \/>\n\t<meta name=\"twitter:data1\" content=\"1 minut\" \/>\n<script type=\"application\/ld+json\" class=\"yoast-schema-graph\">{\"@context\":\"https:\\\/\\\/schema.org\",\"@graph\":[{\"@type\":\"WebPage\",\"@id\":\"https:\\\/\\\/accigest.com\\\/ca\\\/opinions-dels-nostres-clients\\\/\",\"url\":\"https:\\\/\\\/accigest.com\\\/ca\\\/opinions-dels-nostres-clients\\\/\",\"name\":\"Opinions dels nostres Clients - Accigest\",\"isPartOf\":{\"@id\":\"https:\\\/\\\/accigest.com\\\/ca\\\/#website\"},\"datePublished\":\"2019-01-19T11:21:34+00:00\",\"dateModified\":\"2021-07-19T21:51:20+00:00\",\"description\":\"Les valoraci\u00f3ns dels nostres clients, si t'hem prestat els nostres serveis, d\u00e9ixa'ns la teva opini\u00f3.\",\"breadcrumb\":{\"@id\":\"https:\\\/\\\/accigest.com\\\/ca\\\/opinions-dels-nostres-clients\\\/#breadcrumb\"},\"inLanguage\":\"ca\",\"potentialAction\":[{\"@type\":\"ReadAction\",\"target\":[\"https:\\\/\\\/accigest.com\\\/ca\\\/opinions-dels-nostres-clients\\\/\"]}]},{\"@type\":\"BreadcrumbList\",\"@id\":\"https:\\\/\\\/accigest.com\\\/ca\\\/opinions-dels-nostres-clients\\\/#breadcrumb\",\"itemListElement\":[{\"@type\":\"ListItem\",\"position\":1,\"name\":\"Inici\",\"item\":\"https:\\\/\\\/accigest.com\\\/ca\\\/\"},{\"@type\":\"ListItem\",\"position\":2,\"name\":\"Opinions dels nostres Clients\"}]},{\"@type\":\"WebSite\",\"@id\":\"https:\\\/\\\/accigest.com\\\/ca\\\/#website\",\"url\":\"https:\\\/\\\/accigest.com\\\/ca\\\/\",\"name\":\"Accigest\",\"description\":\"Especialistas en  indemnizaciones por  accidentes de tr\u00e1fico\",\"publisher\":{\"@id\":\"https:\\\/\\\/accigest.com\\\/ca\\\/#organization\"},\"potentialAction\":[{\"@type\":\"SearchAction\",\"target\":{\"@type\":\"EntryPoint\",\"urlTemplate\":\"https:\\\/\\\/accigest.com\\\/ca\\\/?s={search_term_string}\"},\"query-input\":{\"@type\":\"PropertyValueSpecification\",\"valueRequired\":true,\"valueName\":\"search_term_string\"}}],\"inLanguage\":\"ca\"},{\"@type\":\"Organization\",\"@id\":\"https:\\\/\\\/accigest.com\\\/ca\\\/#organization\",\"name\":\"Accigest Abogados de Accidentes Tr\u00e1fico\",\"url\":\"https:\\\/\\\/accigest.com\\\/ca\\\/\",\"logo\":{\"@type\":\"ImageObject\",\"inLanguage\":\"ca\",\"@id\":\"https:\\\/\\\/accigest.com\\\/ca\\\/#\\\/schema\\\/logo\\\/image\\\/\",\"url\":\"https:\\\/\\\/accigest.com\\\/wp-content\\\/uploads\\\/2021\\\/06\\\/logo-accigest.svg\",\"contentUrl\":\"https:\\\/\\\/accigest.com\\\/wp-content\\\/uploads\\\/2021\\\/06\\\/logo-accigest.svg\",\"width\":1,\"height\":1,\"caption\":\"Accigest Abogados de Accidentes Tr\u00e1fico\"},\"image\":{\"@id\":\"https:\\\/\\\/accigest.com\\\/ca\\\/#\\\/schema\\\/logo\\\/image\\\/\"}}]}<\/script>\n<!-- \/ Yoast SEO plugin. -->","yoast_head_json":{"title":"Opinions dels nostres Clients - Accigest","description":"Les valoraci\u00f3ns dels nostres clients, si t'hem prestat els nostres serveis, d\u00e9ixa'ns la teva opini\u00f3.","robots":{"index":"index","follow":"follow","max-snippet":"max-snippet:-1","max-image-preview":"max-image-preview:large","max-video-preview":"max-video-preview:-1"},"canonical":"https:\/\/accigest.com\/ca\/opinions-dels-nostres-clients\/","og_locale":"ca_ES","og_type":"article","og_title":"Opinions dels nostres Clients - Accigest","og_description":"Les valoraci\u00f3ns dels nostres clients, si t'hem prestat els nostres serveis, d\u00e9ixa'ns la teva opini\u00f3.","og_url":"https:\/\/accigest.com\/ca\/opinions-dels-nostres-clients\/","og_site_name":"Accigest","article_modified_time":"2021-07-19T21:51:20+00:00","twitter_card":"summary_large_image","twitter_misc":{"Temps estimat de lectura":"1 minut"},"schema":{"@context":"https:\/\/schema.org","@graph":[{"@type":"WebPage","@id":"https:\/\/accigest.com\/ca\/opinions-dels-nostres-clients\/","url":"https:\/\/accigest.com\/ca\/opinions-dels-nostres-clients\/","name":"Opinions dels nostres Clients - Accigest","isPartOf":{"@id":"https:\/\/accigest.com\/ca\/#website"},"datePublished":"2019-01-19T11:21:34+00:00","dateModified":"2021-07-19T21:51:20+00:00","description":"Les valoraci\u00f3ns dels nostres clients, si t'hem prestat els nostres serveis, d\u00e9ixa'ns la teva opini\u00f3.","breadcrumb":{"@id":"https:\/\/accigest.com\/ca\/opinions-dels-nostres-clients\/#breadcrumb"},"inLanguage":"ca","potentialAction":[{"@type":"ReadAction","target":["https:\/\/accigest.com\/ca\/opinions-dels-nostres-clients\/"]}]},{"@type":"BreadcrumbList","@id":"https:\/\/accigest.com\/ca\/opinions-dels-nostres-clients\/#breadcrumb","itemListElement":[{"@type":"ListItem","position":1,"name":"Inici","item":"https:\/\/accigest.com\/ca\/"},{"@type":"ListItem","position":2,"name":"Opinions dels nostres Clients"}]},{"@type":"WebSite","@id":"https:\/\/accigest.com\/ca\/#website","url":"https:\/\/accigest.com\/ca\/","name":"Accigest","description":"Especialistas en  indemnizaciones por  accidentes de tr\u00e1fico","publisher":{"@id":"https:\/\/accigest.com\/ca\/#organization"},"potentialAction":[{"@type":"SearchAction","target":{"@type":"EntryPoint","urlTemplate":"https:\/\/accigest.com\/ca\/?s={search_term_string}"},"query-input":{"@type":"PropertyValueSpecification","valueRequired":true,"valueName":"search_term_string"}}],"inLanguage":"ca"},{"@type":"Organization","@id":"https:\/\/accigest.com\/ca\/#organization","name":"Accigest Abogados de Accidentes Tr\u00e1fico","url":"https:\/\/accigest.com\/ca\/","logo":{"@type":"ImageObject","inLanguage":"ca","@id":"https:\/\/accigest.com\/ca\/#\/schema\/logo\/image\/","url":"https:\/\/accigest.com\/wp-content\/uploads\/2021\/06\/logo-accigest.svg","contentUrl":"https:\/\/accigest.com\/wp-content\/uploads\/2021\/06\/logo-accigest.svg","width":1,"height":1,"caption":"Accigest Abogados de Accidentes Tr\u00e1fico"},"image":{"@id":"https:\/\/accigest.com\/ca\/#\/schema\/logo\/image\/"}}]}},"_links":{"self":[{"href":"https:\/\/accigest.com\/ca\/wp-json\/wp\/v2\/pages\/4116","targetHints":{"allow":["GET"]}}],"collection":[{"href":"https:\/\/accigest.com\/ca\/wp-json\/wp\/v2\/pages"}],"about":[{"href":"https:\/\/accigest.com\/ca\/wp-json\/wp\/v2\/types\/page"}],"author":[{"embeddable":true,"href":"https:\/\/accigest.com\/ca\/wp-json\/wp\/v2\/users\/2"}],"replies":[{"embeddable":true,"href":"https:\/\/accigest.com\/ca\/wp-json\/wp\/v2\/comments?post=4116"}],"version-history":[{"count":11,"href":"https:\/\/accigest.com\/ca\/wp-json\/wp\/v2\/pages\/4116\/revisions"}],"predecessor-version":[{"id":6994,"href":"https:\/\/accigest.com\/ca\/wp-json\/wp\/v2\/pages\/4116\/revisions\/6994"}],"wp:attachment":[{"href":"https:\/\/accigest.com\/ca\/wp-json\/wp\/v2\/media?parent=4116"}],"curies":[{"name":"wp","href":"https:\/\/api.w.org\/{rel}","templated":true}]}}