{"id":4320,"date":"2019-09-11T16:37:58","date_gmt":"2019-09-11T14:37:58","guid":{"rendered":"https:\/\/accigest.staging3w.com\/?page_id=4320"},"modified":"2023-09-20T19:25:58","modified_gmt":"2023-09-20T17:25:58","slug":"calculadora-dies","status":"publish","type":"page","link":"https:\/\/accigest.com\/ca\/calculadora-dies\/","title":{"rendered":"Calculadora dies"},"content":{"rendered":"<p>Perqu\u00e8 els lesionats en accidents de tr\u00e0nsit pugueu realitzar el c\u00e0lcul dels dies del per\u00edode curatiu posem a la vostra disposici\u00f3 una calculadora de dies entre dates. La suma contindr\u00e0 tant el primer dia com l&#8217;\u00faltim indicat.<\/p>\n<p>Tamb\u00e9 hem implementat aquesta eina a la nostra <a href=\"https:\/\/accigest.com\/ca\/calculadora-indemnitzacio-accident\/\" target=\"_blank\" rel=\"noopener noreferrer\"><strong>calculadora d&#8217;indemnitzacions<\/strong><\/a> perqu\u00e8 sigui molt m\u00e9s c\u00f2mode realitzar els c\u00e0lculs de cada tipus de dia.<\/p>\n<div id=\"days-calculator\">\n    <script>\n        var errorMessageDatesErronies = 'Dates err\u00f2nies';\n        var errorMessageOmplirCamps = 'Indicar dates';\n    <\/script>\n    <div class=\"days-calculator__wrapper\">\n        <fieldset>\n            <label>Des de<\/label>\n            <input type=\"text\" class=\"cal-days-datepicker\" name=\"date_from\" placeholder=\"dd\/mm\/aaaa\" >\n        <\/fieldset>\n        <div class=\"days-calculator-field-separator\"><\/div>\n        <fieldset>\n            <label>Fins<\/label>\n            <input type=\"text\" class=\"cal-days-datepicker\" name=\"date_to\" placeholder=\"dd\/mm\/aaaa\" >\n        <\/fieldset>\n\n        <button id=\"days-calendar-button\" class=\"ag-btn  ag-btn__content--primary\">Calcular<\/button>\n\n        <div id=\"days-calculator-result\"><\/div> \n    <\/div>\n\n<\/div>\n","protected":false},"excerpt":{"rendered":"<p>Aquesta calculadora de dies entre dates li permetr\u00e0 saber el n\u00famero de dies transcorreguts entre la data de l&#8217;accident i la data de l&#8217;alta.<\/p>\n","protected":false},"author":2,"featured_media":6578,"parent":0,"menu_order":0,"comment_status":"closed","ping_status":"closed","template":"","meta":{"footnotes":""},"class_list":["post-4320","page","type-page","status-publish","has-post-thumbnail","hentry"],"yoast_head":"<!-- This site is optimized with the Yoast SEO plugin v27.1.1 - https:\/\/yoast.com\/product\/yoast-seo-wordpress\/ -->\n<title>Calculadora de dies. Calcula la difer\u00e8ncia de dies entre dates - Accigest<\/title>\n<meta name=\"description\" content=\"Si vols calcular el n\u00famero de dies que hi ha entre dues dates entra i utilitza la nostra calculadora de dies. El c\u00e0lcul dels dies tindr\u00e0 en compte tant el primer com l&#039;\u00faltim dia.\" \/>\n<meta name=\"robots\" content=\"index, follow, max-snippet:-1, max-image-preview:large, max-video-preview:-1\" \/>\n<link rel=\"canonical\" href=\"https:\/\/accigest.com\/ca\/calculadora-dies\/\" \/>\n<meta property=\"og:locale\" content=\"ca_ES\" \/>\n<meta property=\"og:type\" content=\"article\" \/>\n<meta property=\"og:title\" content=\"Calculadora de dies. Calcula la difer\u00e8ncia de dies entre dates - Accigest\" \/>\n<meta property=\"og:description\" content=\"Si vols calcular el n\u00famero de dies que hi ha entre dues dates entra i utilitza la nostra calculadora de dies. El c\u00e0lcul dels dies tindr\u00e0 en compte tant el primer com l&#039;\u00faltim dia.\" \/>\n<meta property=\"og:url\" content=\"https:\/\/accigest.com\/ca\/calculadora-dies\/\" \/>\n<meta property=\"og:site_name\" content=\"Accigest\" \/>\n<meta property=\"article:modified_time\" content=\"2023-09-20T17:25:58+00:00\" \/>\n<meta property=\"og:image\" content=\"https:\/\/accigest.com\/wp-content\/uploads\/2021\/07\/calculadora-diferencia-dias.jpg\" \/>\n\t<meta property=\"og:image:width\" content=\"1000\" \/>\n\t<meta property=\"og:image:height\" content=\"667\" \/>\n\t<meta property=\"og:image:type\" content=\"image\/jpeg\" \/>\n<meta name=\"twitter:card\" content=\"summary_large_image\" \/>\n<meta name=\"twitter:label1\" content=\"Temps estimat de lectura\" \/>\n\t<meta name=\"twitter:data1\" content=\"1 minut\" \/>\n<script type=\"application\/ld+json\" class=\"yoast-schema-graph\">{\"@context\":\"https:\/\/schema.org\",\"@graph\":[{\"@type\":\"WebPage\",\"@id\":\"https:\/\/accigest.com\/ca\/calculadora-dies\/\",\"url\":\"https:\/\/accigest.com\/ca\/calculadora-dies\/\",\"name\":\"Calculadora de dies. Calcula la difer\u00e8ncia de dies entre dates - Accigest\",\"isPartOf\":{\"@id\":\"https:\/\/accigest.com\/ca\/#website\"},\"primaryImageOfPage\":{\"@id\":\"https:\/\/accigest.com\/ca\/calculadora-dies\/#primaryimage\"},\"image\":{\"@id\":\"https:\/\/accigest.com\/ca\/calculadora-dies\/#primaryimage\"},\"thumbnailUrl\":\"https:\/\/accigest.com\/wp-content\/uploads\/2021\/07\/calculadora-diferencia-dias.jpg\",\"datePublished\":\"2019-09-11T14:37:58+00:00\",\"dateModified\":\"2023-09-20T17:25:58+00:00\",\"description\":\"Si vols calcular el n\u00famero de dies que hi ha entre dues dates entra i utilitza la nostra calculadora de dies. El c\u00e0lcul dels dies tindr\u00e0 en compte tant el primer com l'\u00faltim dia.\",\"breadcrumb\":{\"@id\":\"https:\/\/accigest.com\/ca\/calculadora-dies\/#breadcrumb\"},\"inLanguage\":\"ca\",\"potentialAction\":[{\"@type\":\"ReadAction\",\"target\":[\"https:\/\/accigest.com\/ca\/calculadora-dies\/\"]}]},{\"@type\":\"ImageObject\",\"inLanguage\":\"ca\",\"@id\":\"https:\/\/accigest.com\/ca\/calculadora-dies\/#primaryimage\",\"url\":\"https:\/\/accigest.com\/wp-content\/uploads\/2021\/07\/calculadora-diferencia-dias.jpg\",\"contentUrl\":\"https:\/\/accigest.com\/wp-content\/uploads\/2021\/07\/calculadora-diferencia-dias.jpg\",\"width\":1000,\"height\":667,\"caption\":\"Calculadora diferencia de d\u00edas\"},{\"@type\":\"BreadcrumbList\",\"@id\":\"https:\/\/accigest.com\/ca\/calculadora-dies\/#breadcrumb\",\"itemListElement\":[{\"@type\":\"ListItem\",\"position\":1,\"name\":\"Inici\",\"item\":\"https:\/\/accigest.com\/ca\/\"},{\"@type\":\"ListItem\",\"position\":2,\"name\":\"Calculadora dies\"}]},{\"@type\":\"WebSite\",\"@id\":\"https:\/\/accigest.com\/ca\/#website\",\"url\":\"https:\/\/accigest.com\/ca\/\",\"name\":\"Accigest\",\"description\":\"Especialistas en  indemnizaciones por  accidentes de tr\u00e1fico\",\"publisher\":{\"@id\":\"https:\/\/accigest.com\/ca\/#organization\"},\"potentialAction\":[{\"@type\":\"SearchAction\",\"target\":{\"@type\":\"EntryPoint\",\"urlTemplate\":\"https:\/\/accigest.com\/ca\/?s={search_term_string}\"},\"query-input\":{\"@type\":\"PropertyValueSpecification\",\"valueRequired\":true,\"valueName\":\"search_term_string\"}}],\"inLanguage\":\"ca\"},{\"@type\":\"Organization\",\"@id\":\"https:\/\/accigest.com\/ca\/#organization\",\"name\":\"Accigest Abogados de Accidentes Tr\u00e1fico\",\"url\":\"https:\/\/accigest.com\/ca\/\",\"logo\":{\"@type\":\"ImageObject\",\"inLanguage\":\"ca\",\"@id\":\"https:\/\/accigest.com\/ca\/#\/schema\/logo\/image\/\",\"url\":\"https:\/\/accigest.com\/wp-content\/uploads\/2021\/06\/logo-accigest.svg\",\"contentUrl\":\"https:\/\/accigest.com\/wp-content\/uploads\/2021\/06\/logo-accigest.svg\",\"width\":1,\"height\":1,\"caption\":\"Accigest Abogados de Accidentes Tr\u00e1fico\"},\"image\":{\"@id\":\"https:\/\/accigest.com\/ca\/#\/schema\/logo\/image\/\"}}]}<\/script>\n<!-- \/ Yoast SEO plugin. -->","yoast_head_json":{"title":"Calculadora de dies. Calcula la difer\u00e8ncia de dies entre dates - Accigest","description":"Si vols calcular el n\u00famero de dies que hi ha entre dues dates entra i utilitza la nostra calculadora de dies. El c\u00e0lcul dels dies tindr\u00e0 en compte tant el primer com l'\u00faltim dia.","robots":{"index":"index","follow":"follow","max-snippet":"max-snippet:-1","max-image-preview":"max-image-preview:large","max-video-preview":"max-video-preview:-1"},"canonical":"https:\/\/accigest.com\/ca\/calculadora-dies\/","og_locale":"ca_ES","og_type":"article","og_title":"Calculadora de dies. Calcula la difer\u00e8ncia de dies entre dates - Accigest","og_description":"Si vols calcular el n\u00famero de dies que hi ha entre dues dates entra i utilitza la nostra calculadora de dies. El c\u00e0lcul dels dies tindr\u00e0 en compte tant el primer com l'\u00faltim dia.","og_url":"https:\/\/accigest.com\/ca\/calculadora-dies\/","og_site_name":"Accigest","article_modified_time":"2023-09-20T17:25:58+00:00","og_image":[{"width":1000,"height":667,"url":"https:\/\/accigest.com\/wp-content\/uploads\/2021\/07\/calculadora-diferencia-dias.jpg","type":"image\/jpeg"}],"twitter_card":"summary_large_image","twitter_misc":{"Temps estimat de lectura":"1 minut"},"schema":{"@context":"https:\/\/schema.org","@graph":[{"@type":"WebPage","@id":"https:\/\/accigest.com\/ca\/calculadora-dies\/","url":"https:\/\/accigest.com\/ca\/calculadora-dies\/","name":"Calculadora de dies. Calcula la difer\u00e8ncia de dies entre dates - Accigest","isPartOf":{"@id":"https:\/\/accigest.com\/ca\/#website"},"primaryImageOfPage":{"@id":"https:\/\/accigest.com\/ca\/calculadora-dies\/#primaryimage"},"image":{"@id":"https:\/\/accigest.com\/ca\/calculadora-dies\/#primaryimage"},"thumbnailUrl":"https:\/\/accigest.com\/wp-content\/uploads\/2021\/07\/calculadora-diferencia-dias.jpg","datePublished":"2019-09-11T14:37:58+00:00","dateModified":"2023-09-20T17:25:58+00:00","description":"Si vols calcular el n\u00famero de dies que hi ha entre dues dates entra i utilitza la nostra calculadora de dies. El c\u00e0lcul dels dies tindr\u00e0 en compte tant el primer com l'\u00faltim dia.","breadcrumb":{"@id":"https:\/\/accigest.com\/ca\/calculadora-dies\/#breadcrumb"},"inLanguage":"ca","potentialAction":[{"@type":"ReadAction","target":["https:\/\/accigest.com\/ca\/calculadora-dies\/"]}]},{"@type":"ImageObject","inLanguage":"ca","@id":"https:\/\/accigest.com\/ca\/calculadora-dies\/#primaryimage","url":"https:\/\/accigest.com\/wp-content\/uploads\/2021\/07\/calculadora-diferencia-dias.jpg","contentUrl":"https:\/\/accigest.com\/wp-content\/uploads\/2021\/07\/calculadora-diferencia-dias.jpg","width":1000,"height":667,"caption":"Calculadora diferencia de d\u00edas"},{"@type":"BreadcrumbList","@id":"https:\/\/accigest.com\/ca\/calculadora-dies\/#breadcrumb","itemListElement":[{"@type":"ListItem","position":1,"name":"Inici","item":"https:\/\/accigest.com\/ca\/"},{"@type":"ListItem","position":2,"name":"Calculadora dies"}]},{"@type":"WebSite","@id":"https:\/\/accigest.com\/ca\/#website","url":"https:\/\/accigest.com\/ca\/","name":"Accigest","description":"Especialistas en  indemnizaciones por  accidentes de tr\u00e1fico","publisher":{"@id":"https:\/\/accigest.com\/ca\/#organization"},"potentialAction":[{"@type":"SearchAction","target":{"@type":"EntryPoint","urlTemplate":"https:\/\/accigest.com\/ca\/?s={search_term_string}"},"query-input":{"@type":"PropertyValueSpecification","valueRequired":true,"valueName":"search_term_string"}}],"inLanguage":"ca"},{"@type":"Organization","@id":"https:\/\/accigest.com\/ca\/#organization","name":"Accigest Abogados de Accidentes Tr\u00e1fico","url":"https:\/\/accigest.com\/ca\/","logo":{"@type":"ImageObject","inLanguage":"ca","@id":"https:\/\/accigest.com\/ca\/#\/schema\/logo\/image\/","url":"https:\/\/accigest.com\/wp-content\/uploads\/2021\/06\/logo-accigest.svg","contentUrl":"https:\/\/accigest.com\/wp-content\/uploads\/2021\/06\/logo-accigest.svg","width":1,"height":1,"caption":"Accigest Abogados de Accidentes Tr\u00e1fico"},"image":{"@id":"https:\/\/accigest.com\/ca\/#\/schema\/logo\/image\/"}}]}},"_links":{"self":[{"href":"https:\/\/accigest.com\/ca\/wp-json\/wp\/v2\/pages\/4320","targetHints":{"allow":["GET"]}}],"collection":[{"href":"https:\/\/accigest.com\/ca\/wp-json\/wp\/v2\/pages"}],"about":[{"href":"https:\/\/accigest.com\/ca\/wp-json\/wp\/v2\/types\/page"}],"author":[{"embeddable":true,"href":"https:\/\/accigest.com\/ca\/wp-json\/wp\/v2\/users\/2"}],"replies":[{"embeddable":true,"href":"https:\/\/accigest.com\/ca\/wp-json\/wp\/v2\/comments?post=4320"}],"version-history":[{"count":4,"href":"https:\/\/accigest.com\/ca\/wp-json\/wp\/v2\/pages\/4320\/revisions"}],"predecessor-version":[{"id":6781,"href":"https:\/\/accigest.com\/ca\/wp-json\/wp\/v2\/pages\/4320\/revisions\/6781"}],"wp:featuredmedia":[{"embeddable":true,"href":"https:\/\/accigest.com\/ca\/wp-json\/wp\/v2\/media\/6578"}],"wp:attachment":[{"href":"https:\/\/accigest.com\/ca\/wp-json\/wp\/v2\/media?parent=4320"}],"curies":[{"name":"wp","href":"https:\/\/api.w.org\/{rel}","templated":true}]}}