{"id":4362,"date":"2019-12-14T18:59:34","date_gmt":"2019-12-14T17:59:34","guid":{"rendered":"https:\/\/accigest.staging3w.com\/?page_id=4362"},"modified":"2021-07-10T16:12:05","modified_gmt":"2021-07-10T14:12:05","slug":"calculadora-dinteressos-judicials","status":"publish","type":"page","link":"https:\/\/accigest.com\/ca\/calculadora-dinteressos-judicials\/","title":{"rendered":"Calculadora d&#8217;interessos judicials"},"content":{"rendered":"<script>\n    var lit_data = 'Data';\n    var lit_import = 'Import';\n    var lit_delete = 'Esborrar';\n    var capitalKo = 'El capital no \u00e9s correcte';\n    var startDate1pKo = 'Introduir la data inicial del 1r per\u00edode';\n    var startDate2pKo = 'Introduir la data inicial del 2n per\u00edode';\n    var endDate1pKo = 'Introduir la data final del 1r per\u00edode';\n    var endDate2pKo = 'Introduir la data final del 2n per\u00edode';\n    var pactado1pKo = 'L\\'inter\u00e8s pactat del 1r per\u00edode no \u00e9s correcte';\n    var pactado2pKo = 'L\\'inter\u00e8s pactat del 2n per\u00edode no \u00e9s correcte';\n<\/script>\n\n    <form class=\"int-calc-form\" name=\"int-calc-data\" id=\"int-calc-data\" method=\"POST\">\n        <!-- <div class=\"int-calc int-calc__section-title--h1\">C\u00e0lcul interessos judicials<\/div> -->\n        <div class=\"int-calc__app\">\n            <div>\n\n                <div class=\"int-calc__capital-block col-6 col\">\n                    \n                    <div class=\"int-calc__section-title--h2\">Capital inicial<\/div>\n                    <input type=\"number\" class=\"form-control\" step=\"any\" min=\"0\" name=\"capital\" placeholder=\"Capital inicial\">\n                    <span class=\"second-period__wrapper form-check\"><input class=\"form-check-input\" type=\"checkbox\" name=\"second_period\"> <label class=\"form-check-label\">Segon per\u00edode<\/label><\/span>\n                    <br><br>\n                    <div class=\"first-period period\"> \n                        <div class=\"int-calc__section-title--h2\">Primer per\u00edode de liquidaci\u00f3<\/div>  \n                        <div class=\"int-calc__calendar\"><input type=\"text\" name=\"date-start-1p\"  class=\"datepicker date\" placeholder=\"Des de\" readonly><\/div>\n                        <div class=\"int-calc__calendar\"><input type=\"text\" name=\"date-end-1p\"  class=\"datepicker date\" placeholder=\"Fins\" readonly><\/div>\n                        <div class=\"int-calc__type-title\"><label>Tipus d'inter\u00e8s<\/label><\/div>\n                        <div class=\"select-wrapper\">\n                            <select name=\"interes-type-1p\" class=\"int-cal-field-interest-type form-select\">\n                                <option value=\"legal\">Inter\u00e8s legal<\/option>\n                                <option value=\"mora\">Inter\u00e8s Mora Assegurador<\/option>\n                                <option value=\"judicial\">Inter\u00e8s Judicial<\/option>\n                                <option value=\"pactado\">Inter\u00e8s Pactat<\/option>\n                            <\/select>\n                        <\/div> \n                        <input class=\"hide\" type=\"number\" step=\"any\" min=\"0\" name=\"interes-pactado-1p\" placeholder=\"%\">\n                    <\/div>\n        \n                    <div class=\"second-period period hide\">   \n                        <div class=\"int-calc__section-title--h2\">Segon per\u00edode de liquidaci\u00f3<\/div>  \n                        <div class=\"int-calc__calendar\"><input type=\"text\" name=\"date-start-2p\"  class=\"datepicker date\" placeholder=\"Des de\" readonly><\/div>\n                        <div class=\"int-calc__calendar\"><input type=\"text\" name=\"date-end-2p\"  class=\"datepicker date\" placeholder=\"Fins\" readonly><\/div>\n                        <div class=\"int-calc__type-title\"><label>Tipus d'inter\u00e8s<\/label><\/div>\n                        <div class=\"select-wrapper\">\n                            <select name=\"interes-type-2p\" class=\"int-cal-field-interest-type form-select\">\n                                <option value=\"legal\">Inter\u00e8s legal<\/option>\n                                <option value=\"mora\">Inter\u00e8s Mora Assegurador<\/option>\n                                <option value=\"judicial\">Inter\u00e8s Judicial<\/option>\n                                <option value=\"pactado\">Inter\u00e8s Pactat<\/option>\n                            <\/select>\n                        <\/div>\n                        <input class=\"hide\" type=\"number\" step=\"any\" min=\"0\" name=\"interes-pactado-2p\" placeholder=\"%\">\n                    <\/div>\n        \n                <\/div>\n            \n                <div class=\"int-calc__payments-block col-4 col\">\n                    <div class=\"int-calc__section-title--h2\">Pagaments<\/div>\n                    \n                    <div class=\"\">\n                        <div class=\"int-calc__calendar\"><input type=\"text\" name=\"payment_date\" class=\"datepicker date payment_date\" placeholder=\"Data pagament\" readonly><\/div>\n                        <input type=\"number\" class=\"form-control\" name=\"payment_import\" step=\"any\" min=\"0\" placeholder=\"Import\">\n                        <div class=\"int-calc__insert-button\"><a href=\"javascript: void(0);\" class=\"payment_insert btn btn-outline-secondary btn-sm\">Inserir <svg xmlns=\"http:\/\/www.w3.org\/2000\/svg\" width=\"16\" height=\"16\" fill=\"currentColor\" class=\"bi bi-chevron-right\" viewBox=\"0 0 16 16\"><path fill-rule=\"evenodd\" d=\"M4.646 1.646a.5.5 0 0 1 .708 0l6 6a.5.5 0 0 1 0 .708l-6 6a.5.5 0 0 1-.708-.708L10.293 8 4.646 2.354a.5.5 0 0 1 0-.708z\"\/><\/svg><\/a><\/div>\n                    <\/div>\n        \n                    <div class=\"pagos-list\"><\/div>\n                    <input type=\"hidden\" name=\"payments\">\n                <\/div>\n\n                <div class=\"int-calc__actions int-calc__actions-1\">\n                    <div id=\"int-calc__message-calculator\"><\/div>\n                    <fieldset>\n                        <button type=\"submit\" name=\"submit\" class=\"int-calc__calc-button int-calc__calc-button--calculate ag-btn  ag-btn__content--primary\">Calcular<\/button>\n                        <button type=\"reset\" class=\"int-calc__calc-button int-calc__calc-button--reset ag-btn  ag-btn__content--primary-transparent\">Netejar<\/button>\n                    <\/fieldset>\n                <\/div>\n            <\/div>\n            \n        <\/div>\n\n    <\/form>\n\n<h2>Tipus d&#8217;interessos aplicables a accidents de tr\u00e0nsit<\/h2>\n\n<table id=\"tablepress-2\" class=\"tablepress tablepress-id-2 full-width\">\n<thead>\n<tr class=\"row-1\">\n\t<th class=\"column-1\">Per\u00edodes<\/th><th class=\"column-2\">Legal<\/th><th class=\"column-3\">Mora Assegurador<br \/>\n(els dos primers anys)<\/th><th class=\"column-4\">Mora Assegurador<br \/>\n(a partir dels dos primers anys)<\/th><th class=\"column-5\">Judicial<\/th>\n<\/tr>\n<\/thead>\n<tbody class=\"row-striping row-hover\">\n<tr class=\"row-2\">\n\t<td class=\"column-1\"><b>2005<\/b><\/td><td class=\"column-2\">4,00<\/td><td class=\"column-3\">6,00<\/td><td class=\"column-4\">20,00<\/td><td class=\"column-5\">6,00<\/td>\n<\/tr>\n<tr class=\"row-3\">\n\t<td class=\"column-1\"><b>2006<\/b><\/td><td class=\"column-2\">4,00<\/td><td class=\"column-3\">6,00<\/td><td class=\"column-4\">20,00<\/td><td class=\"column-5\">6,00<\/td>\n<\/tr>\n<tr class=\"row-4\">\n\t<td class=\"column-1\"><b>2007<\/b><\/td><td class=\"column-2\">5,00<\/td><td class=\"column-3\">7,50<br \/>\n<\/td><td class=\"column-4\">20,00<\/td><td class=\"column-5\">7,00<\/td>\n<\/tr>\n<tr class=\"row-5\">\n\t<td class=\"column-1\"><b>2008<\/b><\/td><td class=\"column-2\">5,50<\/td><td class=\"column-3\">8,25<\/td><td class=\"column-4\">20,00<\/td><td class=\"column-5\">7,50<\/td>\n<\/tr>\n<tr class=\"row-6\">\n\t<td class=\"column-1\"><b>2009<\/b><br \/>\n(fins 31\/03\/09)<\/td><td class=\"column-2\">5,50<\/td><td class=\"column-3\">8,25<\/td><td class=\"column-4\">20,00<\/td><td class=\"column-5\">7,50<\/td>\n<\/tr>\n<tr class=\"row-7\">\n\t<td class=\"column-1\"><b>2009<\/b><br \/>\n(des de 01\/04\/09)<\/td><td class=\"column-2\">4,00<\/td><td class=\"column-3\">6,00<\/td><td class=\"column-4\">20,00<\/td><td class=\"column-5\">6,00<\/td>\n<\/tr>\n<tr class=\"row-8\">\n\t<td class=\"column-1\"><b>2010<\/b><\/td><td class=\"column-2\">4,00<\/td><td class=\"column-3\">6,00<\/td><td class=\"column-4\">20,00<\/td><td class=\"column-5\">6,00<\/td>\n<\/tr>\n<tr class=\"row-9\">\n\t<td class=\"column-1\"><b>2011<\/b><\/td><td class=\"column-2\">4,00<\/td><td class=\"column-3\">6,00<\/td><td class=\"column-4\">20,00<\/td><td class=\"column-5\">6,00<\/td>\n<\/tr>\n<tr class=\"row-10\">\n\t<td class=\"column-1\"><b>2012<\/b><\/td><td class=\"column-2\">4,00<\/td><td class=\"column-3\">6,00<\/td><td class=\"column-4\">20,00<\/td><td class=\"column-5\">6,00<\/td>\n<\/tr>\n<tr class=\"row-11\">\n\t<td class=\"column-1\"><b>2013<\/b><\/td><td class=\"column-2\">4,00<\/td><td class=\"column-3\">6,00<\/td><td class=\"column-4\">20,00<\/td><td class=\"column-5\">6,00<\/td>\n<\/tr>\n<tr class=\"row-12\">\n\t<td class=\"column-1\"><b>2014<\/b><\/td><td class=\"column-2\">4,00<\/td><td class=\"column-3\">6,00<\/td><td class=\"column-4\">20,00<\/td><td class=\"column-5\">6,00<\/td>\n<\/tr>\n<tr class=\"row-13\">\n\t<td class=\"column-1\"><b>2015<\/b><\/td><td class=\"column-2\">3,50<\/td><td class=\"column-3\">5,25<\/td><td class=\"column-4\">20,00<\/td><td class=\"column-5\">5,50<\/td>\n<\/tr>\n<tr class=\"row-14\">\n\t<td class=\"column-1\"><b>2016<\/b><\/td><td class=\"column-2\">3,00<\/td><td class=\"column-3\">4,50<\/td><td class=\"column-4\">20,00<\/td><td class=\"column-5\">5,00<\/td>\n<\/tr>\n<tr class=\"row-15\">\n\t<td class=\"column-1\"><b>2017<\/b><\/td><td class=\"column-2\">3,00<\/td><td class=\"column-3\">4,50<\/td><td class=\"column-4\">20,00<\/td><td class=\"column-5\">5,00<\/td>\n<\/tr>\n<tr class=\"row-16\">\n\t<td class=\"column-1\"><b>2018<\/b><\/td><td class=\"column-2\">3,00<\/td><td class=\"column-3\">4,50<\/td><td class=\"column-4\">20,00<\/td><td class=\"column-5\">5,00<\/td>\n<\/tr>\n<tr class=\"row-17\">\n\t<td class=\"column-1\"><b>2019<\/b><\/td><td class=\"column-2\">3,00<\/td><td class=\"column-3\">4,50<\/td><td class=\"column-4\">20,00<\/td><td class=\"column-5\">5,00<\/td>\n<\/tr>\n<tr class=\"row-18\">\n\t<td class=\"column-1\"><b>2020<\/b><\/td><td class=\"column-2\">3,00<\/td><td class=\"column-3\">4,50<\/td><td class=\"column-4\">20,00<\/td><td class=\"column-5\">5,00<\/td>\n<\/tr>\n<tr class=\"row-19\">\n\t<td class=\"column-1\"><b>2021<\/b><\/td><td class=\"column-2\">3,00<\/td><td class=\"column-3\">4,50<\/td><td class=\"column-4\">20,00<\/td><td class=\"column-5\">5,00<\/td>\n<\/tr>\n<tr class=\"row-20\">\n\t<td class=\"column-1\"><b>2022<\/b><\/td><td class=\"column-2\">3,00<\/td><td class=\"column-3\">4,50<\/td><td class=\"column-4\">20,00<\/td><td class=\"column-5\">5,00<\/td>\n<\/tr>\n<tr class=\"row-21\">\n\t<td class=\"column-1\"><b>2023<\/b><\/td><td class=\"column-2\">3,25<\/td><td class=\"column-3\">4,875<\/td><td class=\"column-4\">20,00<\/td><td class=\"column-5\">5,25<\/td>\n<\/tr>\n<tr class=\"row-22\">\n\t<td class=\"column-1\"><b>2024<\/b><\/td><td class=\"column-2\">3,25<\/td><td class=\"column-3\">4,875<\/td><td class=\"column-4\">20,00<\/td><td class=\"column-5\">5,25<\/td>\n<\/tr>\n<tr class=\"row-23\">\n\t<td class=\"column-1\"><b>2025<\/b><\/td><td class=\"column-2\">3,25<\/td><td class=\"column-3\">4,875<\/td><td class=\"column-4\">20,00<\/td><td class=\"column-5\">5,25<\/td>\n<\/tr>\n<tr class=\"row-24\">\n\t<td class=\"column-1\"><b>2026<\/b><\/td><td class=\"column-2\">3,25<\/td><td class=\"column-3\">4,875<\/td><td class=\"column-4\">20,00<\/td><td class=\"column-5\">5,25<\/td>\n<\/tr>\n<\/tbody>\n<\/table>\n<!-- #tablepress-2 from cache -->\n<h3>Inter\u00e8s legal<\/h3>\n<p>Ens referim com a inter\u00e8s legal a aquell tipus d&#8217;inter\u00e8s que s&#8217;aplica com a indemnitzaci\u00f3 de danys i perjudicis quan el deutor incorre en mora (es retarda en el compliment de la seva obligaci\u00f3) i no hi ha acord previ respecte al mateix entre deutor i creditor.<\/p>\n<p style=\"text-decoration: underline;\">Art\u00edculo 1108 C\u00f3digo Civil:<\/p>\n<blockquote><p><em>\u201cSi la obligaci\u00f3n consistiere en el pago de una cantidad de dinero, y el deudor incurriere en mora, la indemnizaci\u00f3n de da\u00f1os y perjuicios, no habiendo pacto en contrario, consistir\u00e1 en el pago de los intereses convenidos, y a falta de convenio, en el inter\u00e9s legal\u201d.<\/em><\/p><\/blockquote>\n<p>L&#8217;inter\u00e8s legal del diner es fixa anualment a trav\u00e9s de la Llei de Pressupostos Generals de l&#8217;Estat tenint en compte la conjuntura i expectatives econ\u00f2miques.<\/p>\n<h3>Inter\u00e8s Mora Assegurador<\/h3>\n<p style=\"text-decoration: underline;\">Art\u00edculo 20.4\u00ba Ley Contrato Seguro:<\/p>\n<blockquote><p><em>\u201cLa indemnizaci\u00f3n por mora se impondr\u00e1 de oficio por el \u00f3rgano judicial y consistir\u00e1 en el pago de un inter\u00e9s anual igual al del inter\u00e9s legal del dinero vigente en el momento en que se devengue, incrementado en el 50 por 100; estos intereses se considerar\u00e1n producidos por d\u00edas, sin necesidad de reclamaci\u00f3n judicial. No obstante, transcurridos dos a\u00f1os desde la producci\u00f3n del siniestro, el inter\u00e9s anual no podr\u00e1 ser inferior al 20 por 100\u201d.<\/em><\/p><\/blockquote>\n<h3>Inter\u00e8s judicial<\/h3>\n<p style=\"text-decoration: underline;\">Art\u00edculo 576.1\u00ba Ley Enjuiciamiento Civil:<\/p>\n<blockquote><p><em>\u201cDesde que fuere dictada en primera instancia, toda sentencia o resoluci\u00f3n que condene al pago de una cantidad de dinero l\u00edquida determinar\u00e1, en favor del acreedor, el devengo de un inter\u00e9s anual igual al del inter\u00e9s legal del dinero incrementado en dos puntos o el que corresponda por pacto de las partes o por disposici\u00f3n especial de la ley\u201d.<\/em><\/p><\/blockquote>\n","protected":false},"excerpt":{"rendered":"<p>Si ha patit un accident aquesta calculadora li permetr\u00e0 realitzar el c\u00e0lcul dels interessos judicials que li corresponguin.<\/p>\n","protected":false},"author":2,"featured_media":6575,"parent":0,"menu_order":0,"comment_status":"closed","ping_status":"closed","template":"","meta":{"footnotes":""},"class_list":["post-4362","page","type-page","status-publish","has-post-thumbnail","hentry"],"yoast_head":"<!-- This site is optimized with the Yoast SEO plugin v27.1.1 - https:\/\/yoast.com\/product\/yoast-seo-wordpress\/ -->\n<title>Calculadora d&#039;interessos judicials - Accigest<\/title>\n<meta name=\"description\" content=\"Si vols calcular els interessos judicials entra i aconsegueix a trav\u00e9s de la nostra calculadora un pdf amb el c\u00e0lcul dels interessos judiciales de mora.\" \/>\n<meta name=\"robots\" content=\"index, follow, max-snippet:-1, max-image-preview:large, max-video-preview:-1\" \/>\n<link rel=\"canonical\" href=\"https:\/\/accigest.com\/ca\/calculadora-dinteressos-judicials\/\" \/>\n<meta property=\"og:locale\" content=\"ca_ES\" \/>\n<meta property=\"og:type\" content=\"article\" \/>\n<meta property=\"og:title\" content=\"Calculadora d&#039;interessos judicials - Accigest\" \/>\n<meta property=\"og:description\" content=\"Si vols calcular els interessos judicials entra i aconsegueix a trav\u00e9s de la nostra calculadora un pdf amb el c\u00e0lcul dels interessos judiciales de mora.\" \/>\n<meta property=\"og:url\" content=\"https:\/\/accigest.com\/ca\/calculadora-dinteressos-judicials\/\" \/>\n<meta property=\"og:site_name\" content=\"Accigest\" \/>\n<meta property=\"article:modified_time\" content=\"2021-07-10T14:12:05+00:00\" \/>\n<meta property=\"og:image\" content=\"https:\/\/accigest.com\/wp-content\/uploads\/2021\/07\/calculadora-intereses-judiciales.jpg\" \/>\n\t<meta property=\"og:image:width\" content=\"1000\" \/>\n\t<meta property=\"og:image:height\" content=\"750\" \/>\n\t<meta property=\"og:image:type\" content=\"image\/jpeg\" \/>\n<meta name=\"twitter:card\" content=\"summary_large_image\" \/>\n<meta name=\"twitter:label1\" content=\"Temps estimat de lectura\" \/>\n\t<meta name=\"twitter:data1\" content=\"2 minuts\" \/>\n<script type=\"application\/ld+json\" class=\"yoast-schema-graph\">{\"@context\":\"https:\/\/schema.org\",\"@graph\":[{\"@type\":\"WebPage\",\"@id\":\"https:\/\/accigest.com\/ca\/calculadora-dinteressos-judicials\/\",\"url\":\"https:\/\/accigest.com\/ca\/calculadora-dinteressos-judicials\/\",\"name\":\"Calculadora d'interessos judicials - Accigest\",\"isPartOf\":{\"@id\":\"https:\/\/accigest.com\/ca\/#website\"},\"primaryImageOfPage\":{\"@id\":\"https:\/\/accigest.com\/ca\/calculadora-dinteressos-judicials\/#primaryimage\"},\"image\":{\"@id\":\"https:\/\/accigest.com\/ca\/calculadora-dinteressos-judicials\/#primaryimage\"},\"thumbnailUrl\":\"https:\/\/accigest.com\/wp-content\/uploads\/2021\/07\/calculadora-intereses-judiciales.jpg\",\"datePublished\":\"2019-12-14T17:59:34+00:00\",\"dateModified\":\"2021-07-10T14:12:05+00:00\",\"description\":\"Si vols calcular els interessos judicials entra i aconsegueix a trav\u00e9s de la nostra calculadora un pdf amb el c\u00e0lcul dels interessos judiciales de mora.\",\"breadcrumb\":{\"@id\":\"https:\/\/accigest.com\/ca\/calculadora-dinteressos-judicials\/#breadcrumb\"},\"inLanguage\":\"ca\",\"potentialAction\":[{\"@type\":\"ReadAction\",\"target\":[\"https:\/\/accigest.com\/ca\/calculadora-dinteressos-judicials\/\"]}]},{\"@type\":\"ImageObject\",\"inLanguage\":\"ca\",\"@id\":\"https:\/\/accigest.com\/ca\/calculadora-dinteressos-judicials\/#primaryimage\",\"url\":\"https:\/\/accigest.com\/wp-content\/uploads\/2021\/07\/calculadora-intereses-judiciales.jpg\",\"contentUrl\":\"https:\/\/accigest.com\/wp-content\/uploads\/2021\/07\/calculadora-intereses-judiciales.jpg\",\"width\":1000,\"height\":750,\"caption\":\"Calculadora de intereses judiciales\"},{\"@type\":\"BreadcrumbList\",\"@id\":\"https:\/\/accigest.com\/ca\/calculadora-dinteressos-judicials\/#breadcrumb\",\"itemListElement\":[{\"@type\":\"ListItem\",\"position\":1,\"name\":\"Inici\",\"item\":\"https:\/\/accigest.com\/ca\/\"},{\"@type\":\"ListItem\",\"position\":2,\"name\":\"Calculadora d&#8217;interessos judicials\"}]},{\"@type\":\"WebSite\",\"@id\":\"https:\/\/accigest.com\/ca\/#website\",\"url\":\"https:\/\/accigest.com\/ca\/\",\"name\":\"Accigest\",\"description\":\"Especialistas en  indemnizaciones por  accidentes de tr\u00e1fico\",\"publisher\":{\"@id\":\"https:\/\/accigest.com\/ca\/#organization\"},\"potentialAction\":[{\"@type\":\"SearchAction\",\"target\":{\"@type\":\"EntryPoint\",\"urlTemplate\":\"https:\/\/accigest.com\/ca\/?s={search_term_string}\"},\"query-input\":{\"@type\":\"PropertyValueSpecification\",\"valueRequired\":true,\"valueName\":\"search_term_string\"}}],\"inLanguage\":\"ca\"},{\"@type\":\"Organization\",\"@id\":\"https:\/\/accigest.com\/ca\/#organization\",\"name\":\"Accigest Abogados de Accidentes Tr\u00e1fico\",\"url\":\"https:\/\/accigest.com\/ca\/\",\"logo\":{\"@type\":\"ImageObject\",\"inLanguage\":\"ca\",\"@id\":\"https:\/\/accigest.com\/ca\/#\/schema\/logo\/image\/\",\"url\":\"https:\/\/accigest.com\/wp-content\/uploads\/2021\/06\/logo-accigest.svg\",\"contentUrl\":\"https:\/\/accigest.com\/wp-content\/uploads\/2021\/06\/logo-accigest.svg\",\"width\":1,\"height\":1,\"caption\":\"Accigest Abogados de Accidentes Tr\u00e1fico\"},\"image\":{\"@id\":\"https:\/\/accigest.com\/ca\/#\/schema\/logo\/image\/\"}}]}<\/script>\n<!-- \/ Yoast SEO plugin. -->","yoast_head_json":{"title":"Calculadora d'interessos judicials - Accigest","description":"Si vols calcular els interessos judicials entra i aconsegueix a trav\u00e9s de la nostra calculadora un pdf amb el c\u00e0lcul dels interessos judiciales de mora.","robots":{"index":"index","follow":"follow","max-snippet":"max-snippet:-1","max-image-preview":"max-image-preview:large","max-video-preview":"max-video-preview:-1"},"canonical":"https:\/\/accigest.com\/ca\/calculadora-dinteressos-judicials\/","og_locale":"ca_ES","og_type":"article","og_title":"Calculadora d'interessos judicials - Accigest","og_description":"Si vols calcular els interessos judicials entra i aconsegueix a trav\u00e9s de la nostra calculadora un pdf amb el c\u00e0lcul dels interessos judiciales de mora.","og_url":"https:\/\/accigest.com\/ca\/calculadora-dinteressos-judicials\/","og_site_name":"Accigest","article_modified_time":"2021-07-10T14:12:05+00:00","og_image":[{"width":1000,"height":750,"url":"https:\/\/accigest.com\/wp-content\/uploads\/2021\/07\/calculadora-intereses-judiciales.jpg","type":"image\/jpeg"}],"twitter_card":"summary_large_image","twitter_misc":{"Temps estimat de lectura":"2 minuts"},"schema":{"@context":"https:\/\/schema.org","@graph":[{"@type":"WebPage","@id":"https:\/\/accigest.com\/ca\/calculadora-dinteressos-judicials\/","url":"https:\/\/accigest.com\/ca\/calculadora-dinteressos-judicials\/","name":"Calculadora d'interessos judicials - Accigest","isPartOf":{"@id":"https:\/\/accigest.com\/ca\/#website"},"primaryImageOfPage":{"@id":"https:\/\/accigest.com\/ca\/calculadora-dinteressos-judicials\/#primaryimage"},"image":{"@id":"https:\/\/accigest.com\/ca\/calculadora-dinteressos-judicials\/#primaryimage"},"thumbnailUrl":"https:\/\/accigest.com\/wp-content\/uploads\/2021\/07\/calculadora-intereses-judiciales.jpg","datePublished":"2019-12-14T17:59:34+00:00","dateModified":"2021-07-10T14:12:05+00:00","description":"Si vols calcular els interessos judicials entra i aconsegueix a trav\u00e9s de la nostra calculadora un pdf amb el c\u00e0lcul dels interessos judiciales de mora.","breadcrumb":{"@id":"https:\/\/accigest.com\/ca\/calculadora-dinteressos-judicials\/#breadcrumb"},"inLanguage":"ca","potentialAction":[{"@type":"ReadAction","target":["https:\/\/accigest.com\/ca\/calculadora-dinteressos-judicials\/"]}]},{"@type":"ImageObject","inLanguage":"ca","@id":"https:\/\/accigest.com\/ca\/calculadora-dinteressos-judicials\/#primaryimage","url":"https:\/\/accigest.com\/wp-content\/uploads\/2021\/07\/calculadora-intereses-judiciales.jpg","contentUrl":"https:\/\/accigest.com\/wp-content\/uploads\/2021\/07\/calculadora-intereses-judiciales.jpg","width":1000,"height":750,"caption":"Calculadora de intereses judiciales"},{"@type":"BreadcrumbList","@id":"https:\/\/accigest.com\/ca\/calculadora-dinteressos-judicials\/#breadcrumb","itemListElement":[{"@type":"ListItem","position":1,"name":"Inici","item":"https:\/\/accigest.com\/ca\/"},{"@type":"ListItem","position":2,"name":"Calculadora d&#8217;interessos judicials"}]},{"@type":"WebSite","@id":"https:\/\/accigest.com\/ca\/#website","url":"https:\/\/accigest.com\/ca\/","name":"Accigest","description":"Especialistas en  indemnizaciones por  accidentes de tr\u00e1fico","publisher":{"@id":"https:\/\/accigest.com\/ca\/#organization"},"potentialAction":[{"@type":"SearchAction","target":{"@type":"EntryPoint","urlTemplate":"https:\/\/accigest.com\/ca\/?s={search_term_string}"},"query-input":{"@type":"PropertyValueSpecification","valueRequired":true,"valueName":"search_term_string"}}],"inLanguage":"ca"},{"@type":"Organization","@id":"https:\/\/accigest.com\/ca\/#organization","name":"Accigest Abogados de Accidentes Tr\u00e1fico","url":"https:\/\/accigest.com\/ca\/","logo":{"@type":"ImageObject","inLanguage":"ca","@id":"https:\/\/accigest.com\/ca\/#\/schema\/logo\/image\/","url":"https:\/\/accigest.com\/wp-content\/uploads\/2021\/06\/logo-accigest.svg","contentUrl":"https:\/\/accigest.com\/wp-content\/uploads\/2021\/06\/logo-accigest.svg","width":1,"height":1,"caption":"Accigest Abogados de Accidentes Tr\u00e1fico"},"image":{"@id":"https:\/\/accigest.com\/ca\/#\/schema\/logo\/image\/"}}]}},"_links":{"self":[{"href":"https:\/\/accigest.com\/ca\/wp-json\/wp\/v2\/pages\/4362","targetHints":{"allow":["GET"]}}],"collection":[{"href":"https:\/\/accigest.com\/ca\/wp-json\/wp\/v2\/pages"}],"about":[{"href":"https:\/\/accigest.com\/ca\/wp-json\/wp\/v2\/types\/page"}],"author":[{"embeddable":true,"href":"https:\/\/accigest.com\/ca\/wp-json\/wp\/v2\/users\/2"}],"replies":[{"embeddable":true,"href":"https:\/\/accigest.com\/ca\/wp-json\/wp\/v2\/comments?post=4362"}],"version-history":[{"count":6,"href":"https:\/\/accigest.com\/ca\/wp-json\/wp\/v2\/pages\/4362\/revisions"}],"predecessor-version":[{"id":6784,"href":"https:\/\/accigest.com\/ca\/wp-json\/wp\/v2\/pages\/4362\/revisions\/6784"}],"wp:featuredmedia":[{"embeddable":true,"href":"https:\/\/accigest.com\/ca\/wp-json\/wp\/v2\/media\/6575"}],"wp:attachment":[{"href":"https:\/\/accigest.com\/ca\/wp-json\/wp\/v2\/media?parent=4362"}],"curies":[{"name":"wp","href":"https:\/\/api.w.org\/{rel}","templated":true}]}}