{"id":4582,"date":"2020-04-06T09:04:32","date_gmt":"2020-04-06T07:04:32","guid":{"rendered":"https:\/\/accigest.staging3w.com\/?page_id=4582"},"modified":"2022-03-28T18:36:17","modified_gmt":"2022-03-28T16:36:17","slug":"advocats-accidents-de-transit-a-tarragona","status":"publish","type":"page","link":"https:\/\/accigest.com\/ca\/advocats-accidents-de-transit-a-tarragona\/","title":{"rendered":"Advocats especialistes en accidents de tr\u00e0nsit a Tarragona"},"content":{"rendered":"<h2><strong>Est\u00e0 buscant un advocat per un accident de tr\u00e0nsit a Tarragona?<\/strong><\/h2>\n<p>Si vost\u00e8 ha sofert lesions en un accident de circulaci\u00f3, podr\u00e0 reclamar una indemnitzaci\u00f3 pels danys que se li han ocasionat en els seg\u00fcents casos:<\/p>\n<ul>\n<li>Si \u00e9s conductor o ocupant del vehicle innocent.<\/li>\n<li>Si \u00e9s ocupant del vehicle culpable.<\/li>\n<li>Si ha sofert un atropellament com a vianant.<\/li>\n<li>Si les lesions han estat ocasionades mentre circulava amb bicicleta i no recau sobre vost\u00e8 culpa exclusiva del sinistre.<\/li>\n<\/ul>\n<p>Pot contactar amb nosaltres, trucant-nos o emplenant el formulari de contacte, els nostres advocats resoldran tots els seus dubtes i l&#8217;assessoraran de manera gratu\u00efta i immediata.<\/p>\n\n\n<div class=\"wp-block-columns ag-section ag-section-icons is-layout-flex wp-container-core-columns-is-layout-9d6595d7 wp-block-columns-is-layout-flex\">\n<div class=\"wp-block-column icons-text__item is-layout-flow wp-block-column-is-layout-flow\">\n<div class=\"wp-block-group\"><div class=\"wp-block-group__inner-container is-layout-flow wp-block-group-is-layout-flow\">\n<figure class=\"wp-block-image size-large\"><img decoding=\"async\" src=\"https:\/\/accigest.com\/wp-content\/uploads\/2021\/06\/icon-visitas-a-dominiclio.svg\" alt=\"\" class=\"wp-image-5981\"\/><\/figure>\n\n\n\n<p>Visites a domicili gratu\u00eftes<\/p>\n<\/div><\/div>\n<\/div>\n\n\n\n<div class=\"wp-block-column icons-text__item is-layout-flow wp-block-column-is-layout-flow\">\n<div class=\"wp-block-group\"><div class=\"wp-block-group__inner-container is-layout-flow wp-block-group-is-layout-flow\">\n<figure class=\"wp-block-image size-large\"><img decoding=\"async\" src=\"https:\/\/accigest.com\/wp-content\/uploads\/2021\/06\/icon-solo-cobramos-1.svg\" alt=\"S\u00f3lo cobramos si usted cobra\" class=\"wp-image-5983\"\/><\/figure>\n\n\n\n<p>Nom\u00e9s cobrem quan vost\u00e8 cobri<\/p>\n<\/div><\/div>\n<\/div>\n<\/div>\n\n\n<h2><strong>Especialistes en Accidents a Tarragona<\/strong><\/h2>\n<p>Accigest compta amb advocats especialistes en accidents de tr\u00e0nsit, l&#8217;objectiu dels quals \u00e9s aconseguir la m\u00e0xima indemnitzaci\u00f3 pels danys que ha sofert, tant personals com materials.<\/p>\n<p>S&#8217;ofereix un servei integral durant tot el proc\u00e9s, posant a la seva disposici\u00f3 a altres professionals del sector, com a metges especialitzats en la valoraci\u00f3 de danys corporals i experts gestors de negociaci\u00f3 d&#8217;indemnitzacions.<\/p>\n<h2><strong>Per qu\u00e8 contactar amb Accigest?<\/strong><\/h2>\n<p>Som un despatx totalment independent de les companyies d&#8217;assegurances, per la qual cosa la nostra motivaci\u00f3 \u00e9s la defensa dels interessos dels nostres clients, analitzant el seu cas de forma personalitzada i buscant la soluci\u00f3 que li resulti m\u00e9s favorable.<\/p>\n<p><\/p>\n<p>No cobrem per endavant, \u00fanicament haur\u00e0 d&#8217;abonar-nos el percentatge de comissi\u00f3 pactat una vegada vost\u00e8 hagi rebut l&#8217;oportuna indemnitzaci\u00f3.<\/p>","protected":false},"excerpt":{"rendered":"Est\u00e0 buscant un advocat per un accident de tr\u00e0nsit a Tarragona? Si vost\u00e8 ha sofert lesions en un accident de circulaci\u00f3, podr\u00e0 reclamar una indemnitzaci\u00f3 pels danys que se li han ocasionat en els seg\u00fcents casos: Si \u00e9s conductor o ocupant del vehicle innocent. Si \u00e9s ocupant del vehicle culpable.&hellip;&nbsp;<a class=\"read-more\" href=\"https:\/\/accigest.com\/ca\/advocats-accidents-de-transit-a-tarragona\/\">Llegir m\u00e9s<\/a>","protected":false},"author":1,"featured_media":0,"parent":0,"menu_order":0,"comment_status":"closed","ping_status":"closed","template":"","meta":{"footnotes":""},"class_list":["post-4582","page","type-page","status-publish","hentry"],"yoast_head":"<!-- This site is optimized with the Yoast SEO plugin v27.4 - https:\/\/yoast.com\/product\/yoast-seo-wordpress\/ -->\n<title>Advocats Especialistes en Accidents de tr\u00e0nsit a Tarragona - Accigest<\/title>\n<meta name=\"description\" content=\"Necessites assessorament jur\u00eddic en accidents de tr\u00e0nsit a Tarragona? En Accigest som advocats especialitzats en accidents. Contacta amb nosaltres!\" \/>\n<meta name=\"robots\" content=\"index, follow, max-snippet:-1, max-image-preview:large, max-video-preview:-1\" \/>\n<link rel=\"canonical\" href=\"https:\/\/accigest.com\/ca\/advocats-accidents-de-transit-a-tarragona\/\" \/>\n<meta property=\"og:locale\" content=\"ca_ES\" \/>\n<meta property=\"og:type\" content=\"article\" \/>\n<meta property=\"og:title\" content=\"Advocats Especialistes en Accidents de tr\u00e0nsit a Tarragona - Accigest\" \/>\n<meta property=\"og:description\" content=\"Necessites assessorament jur\u00eddic en accidents de tr\u00e0nsit a Tarragona? En Accigest som advocats especialitzats en accidents. Contacta amb nosaltres!\" \/>\n<meta property=\"og:url\" content=\"https:\/\/accigest.com\/ca\/advocats-accidents-de-transit-a-tarragona\/\" \/>\n<meta property=\"og:site_name\" content=\"Accigest\" \/>\n<meta property=\"article:modified_time\" content=\"2022-03-28T16:36:17+00:00\" \/>\n<meta name=\"twitter:card\" content=\"summary_large_image\" \/>\n<meta name=\"twitter:label1\" content=\"Temps estimat de lectura\" \/>\n\t<meta name=\"twitter:data1\" content=\"2 minuts\" \/>\n<script type=\"application\/ld+json\" class=\"yoast-schema-graph\">{\"@context\":\"https:\\\/\\\/schema.org\",\"@graph\":[{\"@type\":\"WebPage\",\"@id\":\"https:\\\/\\\/accigest.com\\\/ca\\\/advocats-accidents-de-transit-a-tarragona\\\/\",\"url\":\"https:\\\/\\\/accigest.com\\\/ca\\\/advocats-accidents-de-transit-a-tarragona\\\/\",\"name\":\"Advocats Especialistes en Accidents de tr\u00e0nsit a Tarragona - Accigest\",\"isPartOf\":{\"@id\":\"https:\\\/\\\/accigest.com\\\/ca\\\/#website\"},\"datePublished\":\"2020-04-06T07:04:32+00:00\",\"dateModified\":\"2022-03-28T16:36:17+00:00\",\"description\":\"Necessites assessorament jur\u00eddic en accidents de tr\u00e0nsit a Tarragona? En Accigest som advocats especialitzats en accidents. Contacta amb nosaltres!\",\"breadcrumb\":{\"@id\":\"https:\\\/\\\/accigest.com\\\/ca\\\/advocats-accidents-de-transit-a-tarragona\\\/#breadcrumb\"},\"inLanguage\":\"ca\",\"potentialAction\":[{\"@type\":\"ReadAction\",\"target\":[\"https:\\\/\\\/accigest.com\\\/ca\\\/advocats-accidents-de-transit-a-tarragona\\\/\"]}]},{\"@type\":\"BreadcrumbList\",\"@id\":\"https:\\\/\\\/accigest.com\\\/ca\\\/advocats-accidents-de-transit-a-tarragona\\\/#breadcrumb\",\"itemListElement\":[{\"@type\":\"ListItem\",\"position\":1,\"name\":\"Inici\",\"item\":\"https:\\\/\\\/accigest.com\\\/ca\\\/\"},{\"@type\":\"ListItem\",\"position\":2,\"name\":\"Advocats especialistes en accidents de tr\u00e0nsit a Tarragona\"}]},{\"@type\":\"WebSite\",\"@id\":\"https:\\\/\\\/accigest.com\\\/ca\\\/#website\",\"url\":\"https:\\\/\\\/accigest.com\\\/ca\\\/\",\"name\":\"Accigest\",\"description\":\"Especialistas en  indemnizaciones por  accidentes de tr\u00e1fico\",\"publisher\":{\"@id\":\"https:\\\/\\\/accigest.com\\\/ca\\\/#organization\"},\"potentialAction\":[{\"@type\":\"SearchAction\",\"target\":{\"@type\":\"EntryPoint\",\"urlTemplate\":\"https:\\\/\\\/accigest.com\\\/ca\\\/?s={search_term_string}\"},\"query-input\":{\"@type\":\"PropertyValueSpecification\",\"valueRequired\":true,\"valueName\":\"search_term_string\"}}],\"inLanguage\":\"ca\"},{\"@type\":\"Organization\",\"@id\":\"https:\\\/\\\/accigest.com\\\/ca\\\/#organization\",\"name\":\"Accigest Abogados de Accidentes Tr\u00e1fico\",\"url\":\"https:\\\/\\\/accigest.com\\\/ca\\\/\",\"logo\":{\"@type\":\"ImageObject\",\"inLanguage\":\"ca\",\"@id\":\"https:\\\/\\\/accigest.com\\\/ca\\\/#\\\/schema\\\/logo\\\/image\\\/\",\"url\":\"https:\\\/\\\/accigest.com\\\/wp-content\\\/uploads\\\/2021\\\/06\\\/logo-accigest.svg\",\"contentUrl\":\"https:\\\/\\\/accigest.com\\\/wp-content\\\/uploads\\\/2021\\\/06\\\/logo-accigest.svg\",\"width\":1,\"height\":1,\"caption\":\"Accigest Abogados de Accidentes Tr\u00e1fico\"},\"image\":{\"@id\":\"https:\\\/\\\/accigest.com\\\/ca\\\/#\\\/schema\\\/logo\\\/image\\\/\"}}]}<\/script>\n<!-- \/ Yoast SEO plugin. -->","yoast_head_json":{"title":"Advocats Especialistes en Accidents de tr\u00e0nsit a Tarragona - Accigest","description":"Necessites assessorament jur\u00eddic en accidents de tr\u00e0nsit a Tarragona? En Accigest som advocats especialitzats en accidents. Contacta amb nosaltres!","robots":{"index":"index","follow":"follow","max-snippet":"max-snippet:-1","max-image-preview":"max-image-preview:large","max-video-preview":"max-video-preview:-1"},"canonical":"https:\/\/accigest.com\/ca\/advocats-accidents-de-transit-a-tarragona\/","og_locale":"ca_ES","og_type":"article","og_title":"Advocats Especialistes en Accidents de tr\u00e0nsit a Tarragona - Accigest","og_description":"Necessites assessorament jur\u00eddic en accidents de tr\u00e0nsit a Tarragona? En Accigest som advocats especialitzats en accidents. Contacta amb nosaltres!","og_url":"https:\/\/accigest.com\/ca\/advocats-accidents-de-transit-a-tarragona\/","og_site_name":"Accigest","article_modified_time":"2022-03-28T16:36:17+00:00","twitter_card":"summary_large_image","twitter_misc":{"Temps estimat de lectura":"2 minuts"},"schema":{"@context":"https:\/\/schema.org","@graph":[{"@type":"WebPage","@id":"https:\/\/accigest.com\/ca\/advocats-accidents-de-transit-a-tarragona\/","url":"https:\/\/accigest.com\/ca\/advocats-accidents-de-transit-a-tarragona\/","name":"Advocats Especialistes en Accidents de tr\u00e0nsit a Tarragona - Accigest","isPartOf":{"@id":"https:\/\/accigest.com\/ca\/#website"},"datePublished":"2020-04-06T07:04:32+00:00","dateModified":"2022-03-28T16:36:17+00:00","description":"Necessites assessorament jur\u00eddic en accidents de tr\u00e0nsit a Tarragona? En Accigest som advocats especialitzats en accidents. Contacta amb nosaltres!","breadcrumb":{"@id":"https:\/\/accigest.com\/ca\/advocats-accidents-de-transit-a-tarragona\/#breadcrumb"},"inLanguage":"ca","potentialAction":[{"@type":"ReadAction","target":["https:\/\/accigest.com\/ca\/advocats-accidents-de-transit-a-tarragona\/"]}]},{"@type":"BreadcrumbList","@id":"https:\/\/accigest.com\/ca\/advocats-accidents-de-transit-a-tarragona\/#breadcrumb","itemListElement":[{"@type":"ListItem","position":1,"name":"Inici","item":"https:\/\/accigest.com\/ca\/"},{"@type":"ListItem","position":2,"name":"Advocats especialistes en accidents de tr\u00e0nsit a Tarragona"}]},{"@type":"WebSite","@id":"https:\/\/accigest.com\/ca\/#website","url":"https:\/\/accigest.com\/ca\/","name":"Accigest","description":"Especialistas en  indemnizaciones por  accidentes de tr\u00e1fico","publisher":{"@id":"https:\/\/accigest.com\/ca\/#organization"},"potentialAction":[{"@type":"SearchAction","target":{"@type":"EntryPoint","urlTemplate":"https:\/\/accigest.com\/ca\/?s={search_term_string}"},"query-input":{"@type":"PropertyValueSpecification","valueRequired":true,"valueName":"search_term_string"}}],"inLanguage":"ca"},{"@type":"Organization","@id":"https:\/\/accigest.com\/ca\/#organization","name":"Accigest Abogados de Accidentes Tr\u00e1fico","url":"https:\/\/accigest.com\/ca\/","logo":{"@type":"ImageObject","inLanguage":"ca","@id":"https:\/\/accigest.com\/ca\/#\/schema\/logo\/image\/","url":"https:\/\/accigest.com\/wp-content\/uploads\/2021\/06\/logo-accigest.svg","contentUrl":"https:\/\/accigest.com\/wp-content\/uploads\/2021\/06\/logo-accigest.svg","width":1,"height":1,"caption":"Accigest Abogados de Accidentes Tr\u00e1fico"},"image":{"@id":"https:\/\/accigest.com\/ca\/#\/schema\/logo\/image\/"}}]}},"_links":{"self":[{"href":"https:\/\/accigest.com\/ca\/wp-json\/wp\/v2\/pages\/4582","targetHints":{"allow":["GET"]}}],"collection":[{"href":"https:\/\/accigest.com\/ca\/wp-json\/wp\/v2\/pages"}],"about":[{"href":"https:\/\/accigest.com\/ca\/wp-json\/wp\/v2\/types\/page"}],"author":[{"embeddable":true,"href":"https:\/\/accigest.com\/ca\/wp-json\/wp\/v2\/users\/1"}],"replies":[{"embeddable":true,"href":"https:\/\/accigest.com\/ca\/wp-json\/wp\/v2\/comments?post=4582"}],"version-history":[{"count":8,"href":"https:\/\/accigest.com\/ca\/wp-json\/wp\/v2\/pages\/4582\/revisions"}],"predecessor-version":[{"id":7846,"href":"https:\/\/accigest.com\/ca\/wp-json\/wp\/v2\/pages\/4582\/revisions\/7846"}],"wp:attachment":[{"href":"https:\/\/accigest.com\/ca\/wp-json\/wp\/v2\/media?parent=4582"}],"curies":[{"name":"wp","href":"https:\/\/api.w.org\/{rel}","templated":true}]}}