{"id":4585,"date":"2020-04-06T09:01:01","date_gmt":"2020-04-06T07:01:01","guid":{"rendered":"https:\/\/accigest.staging3w.com\/?page_id=4585"},"modified":"2022-03-28T21:18:46","modified_gmt":"2022-03-28T19:18:46","slug":"advocats-accidents-de-transit-a-lleida","status":"publish","type":"page","link":"https:\/\/accigest.com\/ca\/advocats-accidents-de-transit-a-lleida\/","title":{"rendered":"Advocats especialistes en accidents de tr\u00e0nsit a Lleida"},"content":{"rendered":"<h2><strong>Est\u00e0 buscant un advocat per un accident de tr\u00e0nsit a Lleida?<\/strong><\/h2>\n<p>Si ha sofert un accident i necessita assessorament, pot contactar amb nosaltres trucant-nos o emplenant el formulari de consulta. En el cas de tenir dificultat per a despla\u00e7ar-se, un dels nostres professionals pot realitzar-li una visita a domicili i informar-lo sobre la viabilitat de la seva reclamaci\u00f3 i la nostra manera de treball, de manera gratu\u00efta i sense comprom\u00eds.<\/p>\n\n\n<div class=\"wp-block-columns ag-section ag-section-icons is-layout-flex wp-container-core-columns-is-layout-9d6595d7 wp-block-columns-is-layout-flex\">\n<div class=\"wp-block-column icons-text__item is-layout-flow wp-block-column-is-layout-flow\">\n<div class=\"wp-block-group\"><div class=\"wp-block-group__inner-container is-layout-flow wp-block-group-is-layout-flow\">\n<figure class=\"wp-block-image size-large\"><img decoding=\"async\" src=\"https:\/\/accigest.com\/wp-content\/uploads\/2021\/06\/icon-visitas-a-dominiclio.svg\" alt=\"\" class=\"wp-image-5981\"\/><\/figure>\n\n\n\n<p>Visites a domicili gratu\u00eftes<\/p>\n<\/div><\/div>\n<\/div>\n\n\n\n<div class=\"wp-block-column icons-text__item is-layout-flow wp-block-column-is-layout-flow\">\n<div class=\"wp-block-group\"><div class=\"wp-block-group__inner-container is-layout-flow wp-block-group-is-layout-flow\">\n<figure class=\"wp-block-image size-large\"><img decoding=\"async\" src=\"https:\/\/accigest.com\/wp-content\/uploads\/2021\/06\/icon-solo-cobramos-1.svg\" alt=\"S\u00f3lo cobramos si usted cobra\" class=\"wp-image-5983\"\/><\/figure>\n\n\n\n<p>Nom\u00e9s cobrem quan vost\u00e8 cobri<\/p>\n<\/div><\/div>\n<\/div>\n<\/div>\n\n\n<h2><strong>Per qu\u00e8 contactar amb Accigest en cas d&#8217;accidents de tr\u00e0nsit a Lleida?<\/strong><\/h2>\n<p>Som un despatx especialitzat en la reclamaci\u00f3 d&#8217;indemnitzacions per accidents de circulaci\u00f3 a Lleida, que compta amb un ampli equip de professionals per a poder oferir-li un assessorament integral.<\/p>\n<p><\/p>\n<p>El nostre equip, format per advocats especialitzats en accidents de tr\u00e0nsit, gestors especialistes en la negociaci\u00f3 d&#8217;indemnitzacions i metges experts en la valoraci\u00f3 del dany, li ofereix acompanyar-lo durant tot el proc\u00e9s fins a l&#8217;obtenci\u00f3 de la m\u00e0xima indemnitzaci\u00f3 pels danys que se li han ocasionat. D&#8217;aquesta manera vost\u00e8 no haur\u00e0 de preocupar-se per res m\u00e9s que la seva r\u00e0pida recuperaci\u00f3.<\/p>\n<p>A m\u00e9s, comptar\u00e0 amb un advocat de confian\u00e7a totalment ali\u00e8 a la companyia asseguradora, la qual cosa garanteix la m\u00e0xima independ\u00e8ncia i objectivitat en la defensa dels seus interessos.<\/p>\n<h2>Com treballem?<\/h2>\n<p>Despr\u00e9s d&#8217;un estudi personalitzat del seu cas, es procedir\u00e0 a la quantificaci\u00f3 de totes aquelles partides indemnitzables i posteriorment, a la seva reclamaci\u00f3 a la companyia d&#8217;assegurances. El nostre objectiu \u00e9s arribar a l&#8217;acord extrajudicial m\u00e9s benefici\u00f3s per a vost\u00e8, per a evitar-li els inconvenients d&#8217;un proc\u00e9s judicial.<\/p>\n<p>Per aquestes gestions, vost\u00e8 no haur\u00e0 d&#8217;abonar cap quantitat per endavant, ja que treballem a comissi\u00f3. Aix\u00f2 significa, que vost\u00e8 no haur\u00e0 de reintegrar-nos el percentatge acordat fins que no hagi rebut la indemnitzaci\u00f3 que li pogu\u00e9s correspondre.<\/p>","protected":false},"excerpt":{"rendered":"Est\u00e0 buscant un advocat per un accident de tr\u00e0nsit a Lleida? Si ha sofert un accident i necessita assessorament, pot contactar amb nosaltres trucant-nos o emplenant el formulari de consulta. En el cas de tenir dificultat per a despla\u00e7ar-se, un dels nostres professionals pot realitzar-li una visita a domicili i&hellip;&nbsp;<a class=\"read-more\" href=\"https:\/\/accigest.com\/ca\/advocats-accidents-de-transit-a-lleida\/\">Llegir m\u00e9s<\/a>","protected":false},"author":1,"featured_media":0,"parent":0,"menu_order":0,"comment_status":"closed","ping_status":"closed","template":"","meta":{"footnotes":""},"class_list":["post-4585","page","type-page","status-publish","hentry"],"yoast_head":"<!-- This site is optimized with the Yoast SEO plugin v27.1.1 - https:\/\/yoast.com\/product\/yoast-seo-wordpress\/ -->\n<title>Advocats especialistes en accidents de tr\u00e0nsit a Lleida - Accigest<\/title>\n<meta name=\"description\" content=\"En Accigest som especialistes en accidents de tr\u00e0nsit. Contacte amb els nostres advocats especialistes en accidents de tr\u00e0nsit a Lleida. Contacta ja!\" \/>\n<meta name=\"robots\" content=\"index, follow, max-snippet:-1, max-image-preview:large, max-video-preview:-1\" \/>\n<link rel=\"canonical\" href=\"https:\/\/accigest.com\/ca\/advocats-accidents-de-transit-a-lleida\/\" \/>\n<meta property=\"og:locale\" content=\"ca_ES\" \/>\n<meta property=\"og:type\" content=\"article\" \/>\n<meta property=\"og:title\" content=\"Advocats especialistes en accidents de tr\u00e0nsit a Lleida - Accigest\" \/>\n<meta property=\"og:description\" content=\"En Accigest som especialistes en accidents de tr\u00e0nsit. Contacte amb els nostres advocats especialistes en accidents de tr\u00e0nsit a Lleida. Contacta ja!\" \/>\n<meta property=\"og:url\" content=\"https:\/\/accigest.com\/ca\/advocats-accidents-de-transit-a-lleida\/\" \/>\n<meta property=\"og:site_name\" content=\"Accigest\" \/>\n<meta property=\"article:modified_time\" content=\"2022-03-28T19:18:46+00:00\" \/>\n<meta name=\"twitter:card\" content=\"summary_large_image\" \/>\n<meta name=\"twitter:label1\" content=\"Temps estimat de lectura\" \/>\n\t<meta name=\"twitter:data1\" content=\"2 minuts\" \/>\n<script type=\"application\/ld+json\" class=\"yoast-schema-graph\">{\"@context\":\"https:\/\/schema.org\",\"@graph\":[{\"@type\":\"WebPage\",\"@id\":\"https:\/\/accigest.com\/ca\/advocats-accidents-de-transit-a-lleida\/\",\"url\":\"https:\/\/accigest.com\/ca\/advocats-accidents-de-transit-a-lleida\/\",\"name\":\"Advocats especialistes en accidents de tr\u00e0nsit a Lleida - Accigest\",\"isPartOf\":{\"@id\":\"https:\/\/accigest.com\/ca\/#website\"},\"datePublished\":\"2020-04-06T07:01:01+00:00\",\"dateModified\":\"2022-03-28T19:18:46+00:00\",\"description\":\"En Accigest som especialistes en accidents de tr\u00e0nsit. Contacte amb els nostres advocats especialistes en accidents de tr\u00e0nsit a Lleida. Contacta ja!\",\"breadcrumb\":{\"@id\":\"https:\/\/accigest.com\/ca\/advocats-accidents-de-transit-a-lleida\/#breadcrumb\"},\"inLanguage\":\"ca\",\"potentialAction\":[{\"@type\":\"ReadAction\",\"target\":[\"https:\/\/accigest.com\/ca\/advocats-accidents-de-transit-a-lleida\/\"]}]},{\"@type\":\"BreadcrumbList\",\"@id\":\"https:\/\/accigest.com\/ca\/advocats-accidents-de-transit-a-lleida\/#breadcrumb\",\"itemListElement\":[{\"@type\":\"ListItem\",\"position\":1,\"name\":\"Inici\",\"item\":\"https:\/\/accigest.com\/ca\/\"},{\"@type\":\"ListItem\",\"position\":2,\"name\":\"Advocats especialistes en accidents de tr\u00e0nsit a Lleida\"}]},{\"@type\":\"WebSite\",\"@id\":\"https:\/\/accigest.com\/ca\/#website\",\"url\":\"https:\/\/accigest.com\/ca\/\",\"name\":\"Accigest\",\"description\":\"Especialistas en  indemnizaciones por  accidentes de tr\u00e1fico\",\"publisher\":{\"@id\":\"https:\/\/accigest.com\/ca\/#organization\"},\"potentialAction\":[{\"@type\":\"SearchAction\",\"target\":{\"@type\":\"EntryPoint\",\"urlTemplate\":\"https:\/\/accigest.com\/ca\/?s={search_term_string}\"},\"query-input\":{\"@type\":\"PropertyValueSpecification\",\"valueRequired\":true,\"valueName\":\"search_term_string\"}}],\"inLanguage\":\"ca\"},{\"@type\":\"Organization\",\"@id\":\"https:\/\/accigest.com\/ca\/#organization\",\"name\":\"Accigest Abogados de Accidentes Tr\u00e1fico\",\"url\":\"https:\/\/accigest.com\/ca\/\",\"logo\":{\"@type\":\"ImageObject\",\"inLanguage\":\"ca\",\"@id\":\"https:\/\/accigest.com\/ca\/#\/schema\/logo\/image\/\",\"url\":\"https:\/\/accigest.com\/wp-content\/uploads\/2021\/06\/logo-accigest.svg\",\"contentUrl\":\"https:\/\/accigest.com\/wp-content\/uploads\/2021\/06\/logo-accigest.svg\",\"width\":1,\"height\":1,\"caption\":\"Accigest Abogados de Accidentes Tr\u00e1fico\"},\"image\":{\"@id\":\"https:\/\/accigest.com\/ca\/#\/schema\/logo\/image\/\"}}]}<\/script>\n<!-- \/ Yoast SEO plugin. -->","yoast_head_json":{"title":"Advocats especialistes en accidents de tr\u00e0nsit a Lleida - Accigest","description":"En Accigest som especialistes en accidents de tr\u00e0nsit. Contacte amb els nostres advocats especialistes en accidents de tr\u00e0nsit a Lleida. Contacta ja!","robots":{"index":"index","follow":"follow","max-snippet":"max-snippet:-1","max-image-preview":"max-image-preview:large","max-video-preview":"max-video-preview:-1"},"canonical":"https:\/\/accigest.com\/ca\/advocats-accidents-de-transit-a-lleida\/","og_locale":"ca_ES","og_type":"article","og_title":"Advocats especialistes en accidents de tr\u00e0nsit a Lleida - Accigest","og_description":"En Accigest som especialistes en accidents de tr\u00e0nsit. Contacte amb els nostres advocats especialistes en accidents de tr\u00e0nsit a Lleida. Contacta ja!","og_url":"https:\/\/accigest.com\/ca\/advocats-accidents-de-transit-a-lleida\/","og_site_name":"Accigest","article_modified_time":"2022-03-28T19:18:46+00:00","twitter_card":"summary_large_image","twitter_misc":{"Temps estimat de lectura":"2 minuts"},"schema":{"@context":"https:\/\/schema.org","@graph":[{"@type":"WebPage","@id":"https:\/\/accigest.com\/ca\/advocats-accidents-de-transit-a-lleida\/","url":"https:\/\/accigest.com\/ca\/advocats-accidents-de-transit-a-lleida\/","name":"Advocats especialistes en accidents de tr\u00e0nsit a Lleida - Accigest","isPartOf":{"@id":"https:\/\/accigest.com\/ca\/#website"},"datePublished":"2020-04-06T07:01:01+00:00","dateModified":"2022-03-28T19:18:46+00:00","description":"En Accigest som especialistes en accidents de tr\u00e0nsit. Contacte amb els nostres advocats especialistes en accidents de tr\u00e0nsit a Lleida. Contacta ja!","breadcrumb":{"@id":"https:\/\/accigest.com\/ca\/advocats-accidents-de-transit-a-lleida\/#breadcrumb"},"inLanguage":"ca","potentialAction":[{"@type":"ReadAction","target":["https:\/\/accigest.com\/ca\/advocats-accidents-de-transit-a-lleida\/"]}]},{"@type":"BreadcrumbList","@id":"https:\/\/accigest.com\/ca\/advocats-accidents-de-transit-a-lleida\/#breadcrumb","itemListElement":[{"@type":"ListItem","position":1,"name":"Inici","item":"https:\/\/accigest.com\/ca\/"},{"@type":"ListItem","position":2,"name":"Advocats especialistes en accidents de tr\u00e0nsit a Lleida"}]},{"@type":"WebSite","@id":"https:\/\/accigest.com\/ca\/#website","url":"https:\/\/accigest.com\/ca\/","name":"Accigest","description":"Especialistas en  indemnizaciones por  accidentes de tr\u00e1fico","publisher":{"@id":"https:\/\/accigest.com\/ca\/#organization"},"potentialAction":[{"@type":"SearchAction","target":{"@type":"EntryPoint","urlTemplate":"https:\/\/accigest.com\/ca\/?s={search_term_string}"},"query-input":{"@type":"PropertyValueSpecification","valueRequired":true,"valueName":"search_term_string"}}],"inLanguage":"ca"},{"@type":"Organization","@id":"https:\/\/accigest.com\/ca\/#organization","name":"Accigest Abogados de Accidentes Tr\u00e1fico","url":"https:\/\/accigest.com\/ca\/","logo":{"@type":"ImageObject","inLanguage":"ca","@id":"https:\/\/accigest.com\/ca\/#\/schema\/logo\/image\/","url":"https:\/\/accigest.com\/wp-content\/uploads\/2021\/06\/logo-accigest.svg","contentUrl":"https:\/\/accigest.com\/wp-content\/uploads\/2021\/06\/logo-accigest.svg","width":1,"height":1,"caption":"Accigest Abogados de Accidentes Tr\u00e1fico"},"image":{"@id":"https:\/\/accigest.com\/ca\/#\/schema\/logo\/image\/"}}]}},"_links":{"self":[{"href":"https:\/\/accigest.com\/ca\/wp-json\/wp\/v2\/pages\/4585","targetHints":{"allow":["GET"]}}],"collection":[{"href":"https:\/\/accigest.com\/ca\/wp-json\/wp\/v2\/pages"}],"about":[{"href":"https:\/\/accigest.com\/ca\/wp-json\/wp\/v2\/types\/page"}],"author":[{"embeddable":true,"href":"https:\/\/accigest.com\/ca\/wp-json\/wp\/v2\/users\/1"}],"replies":[{"embeddable":true,"href":"https:\/\/accigest.com\/ca\/wp-json\/wp\/v2\/comments?post=4585"}],"version-history":[{"count":7,"href":"https:\/\/accigest.com\/ca\/wp-json\/wp\/v2\/pages\/4585\/revisions"}],"predecessor-version":[{"id":7794,"href":"https:\/\/accigest.com\/ca\/wp-json\/wp\/v2\/pages\/4585\/revisions\/7794"}],"wp:attachment":[{"href":"https:\/\/accigest.com\/ca\/wp-json\/wp\/v2\/media?parent=4585"}],"curies":[{"name":"wp","href":"https:\/\/api.w.org\/{rel}","templated":true}]}}