{"id":4608,"date":"2020-04-06T08:54:32","date_gmt":"2020-04-06T06:54:32","guid":{"rendered":"https:\/\/accigest.staging3w.com\/?page_id=4608"},"modified":"2022-03-27T01:31:19","modified_gmt":"2022-03-27T00:31:19","slug":"advocats-accidents-de-transit-a-girona","status":"publish","type":"page","link":"https:\/\/accigest.com\/ca\/advocats-accidents-de-transit-a-girona\/","title":{"rendered":"Advocats especialistes en accidents de tr\u00e0nsit a Girona"},"content":{"rendered":"<h2><strong>Busques un advocat per un accident de tr\u00e0nsit a Girona?<\/strong><\/h2>\n<p>Despr\u00e9s de patir un accident de tr\u00e0nsit \u00e9s completament normal que li sorgeixin dubtes sobre com ha de procedir. Pot contactar amb Accigest telef\u00f2nicament o emplenant el formulari de contacte, i un advocat especialista en accidents de circulaci\u00f3 li podr\u00e0 informar sobre quins drets li assisteixen i assessorar-lo sobre el seu cas.<\/p>\n<p>Si t\u00e9 dificultats per a despla\u00e7ar-se, podem realitzar-li una visita a domicili. Tot aix\u00f2 de forma gratu\u00efta i sense cap mena de comprom\u00eds.<\/p>\n\n\n<div class=\"wp-block-columns ag-section ag-section-icons is-layout-flex wp-container-core-columns-is-layout-9d6595d7 wp-block-columns-is-layout-flex\">\n<div class=\"wp-block-column icons-text__item is-layout-flow wp-block-column-is-layout-flow\">\n<div class=\"wp-block-group\"><div class=\"wp-block-group__inner-container is-layout-flow wp-block-group-is-layout-flow\">\n<figure class=\"wp-block-image size-large\"><img decoding=\"async\" src=\"https:\/\/accigest.com\/wp-content\/uploads\/2021\/06\/icon-visitas-a-dominiclio.svg\" alt=\"\" class=\"wp-image-5981\"\/><\/figure>\n\n\n\n<p>Visites a domicili gratu\u00eftes<\/p>\n<\/div><\/div>\n<\/div>\n\n\n\n<div class=\"wp-block-column icons-text__item is-layout-flow wp-block-column-is-layout-flow\">\n<div class=\"wp-block-group\"><div class=\"wp-block-group__inner-container is-layout-flow wp-block-group-is-layout-flow\">\n<figure class=\"wp-block-image size-large\"><img decoding=\"async\" src=\"https:\/\/accigest.com\/wp-content\/uploads\/2021\/06\/icon-solo-cobramos-1.svg\" alt=\"S\u00f3lo cobramos si usted cobra\" class=\"wp-image-5983\"\/><\/figure>\n\n\n\n<p>Nom\u00e9s cobrem quan vost\u00e8 cobri<\/p>\n<\/div><\/div>\n<\/div>\n<\/div>\n\n\n<h2><strong>Advocats especialistes en accidents de tr\u00e0nsit a Girona<\/strong><\/h2>\n<p>L&#8217;objectiu de Accigest \u00e9s oferir-li un assessorament integral durant tot el proc\u00e9s de reclamaci\u00f3, vetllant pels interessos i la tranquil\u00b7litat dels nostres clients. Per a aix\u00f2, comptem amb una \u00e0mplia experi\u00e8ncia en mat\u00e8ria de reclamaci\u00f3, tant per lesions f\u00edsiques com per danys materials, i amb un equip de professionals especialitzats, format per metges experts en la valoraci\u00f3 del dany corporal, advocats dedicats al dret de la circulaci\u00f3 i gestors versats en la negociaci\u00f3 d&#8217;indemnitzacions.<\/p>\n<p><\/p>\n<p>Rebr\u00e0 una atenci\u00f3 personalitzada, i l&#8217;informarem en tot moment de com avan\u00e7a el seu cas fins a obtenir la m\u00e0xima indemnitzaci\u00f3 per a vost\u00e8. En tot moment, s&#8217;intentar\u00e0 arribar a un acord en via amistosa, amb la finalitat d&#8217;evitar als nostres clients els perjudicis d&#8217;un proc\u00e9s judicial i perqu\u00e8 pugui veure&#8217;s compensat pels danys soferts en el menor lapse de temps possible.<\/p>\n<h2>Per qu\u00e8 contactar amb nosaltres?<\/h2>\n<p>Accigest \u00e9s un despatx sense vincle professional amb cap companyia d&#8217;assegurances, assegurant la m\u00e0xima independ\u00e8ncia en la seva actuaci\u00f3 i evitant els riscos que comporta confiar en les pr\u00f2pies companyies per a la determinaci\u00f3 dels danys segons els seus propis criteris, la qual cosa podria suposar que la compensaci\u00f3 proposada result\u00e9s insuficient.<\/p>\n<p>De triar-nos per a la seva defensa, vost\u00e8 no haur\u00e0 d&#8217;abonar-nos cap quantitat per endavant ja que treballem completament a comissi\u00f3 i no cobrem fins que el client hagi rebut la corresponent indemnitzaci\u00f3.<\/p>","protected":false},"excerpt":{"rendered":"Busques un advocat per un accident de tr\u00e0nsit a Girona? Despr\u00e9s de patir un accident de tr\u00e0nsit \u00e9s completament normal que li sorgeixin dubtes sobre com ha de procedir. Pot contactar amb Accigest telef\u00f2nicament o emplenant el formulari de contacte, i un advocat especialista en accidents de circulaci\u00f3 li podr\u00e0&hellip;&nbsp;<a class=\"read-more\" href=\"https:\/\/accigest.com\/ca\/advocats-accidents-de-transit-a-girona\/\">Llegir m\u00e9s<\/a>","protected":false},"author":1,"featured_media":0,"parent":0,"menu_order":0,"comment_status":"closed","ping_status":"closed","template":"","meta":{"footnotes":""},"class_list":["post-4608","page","type-page","status-publish","hentry"],"yoast_head":"<!-- This site is optimized with the Yoast SEO plugin v27.4 - https:\/\/yoast.com\/product\/yoast-seo-wordpress\/ -->\n<title>Advocats especialistes en accidents de tr\u00e0nsit a Girona | Accigest<\/title>\n<meta name=\"description\" content=\"Has tingut un accident de tr\u00e0nsit a Girona? Necessites assessorament jur\u00eddic per a la indemnitzaci\u00f3? Contacta amb nosaltres i en Accigest t&#039;assessorem.\" \/>\n<meta name=\"robots\" content=\"index, follow, max-snippet:-1, max-image-preview:large, max-video-preview:-1\" \/>\n<link rel=\"canonical\" href=\"https:\/\/accigest.com\/ca\/advocats-accidents-de-transit-a-girona\/\" \/>\n<meta property=\"og:locale\" content=\"ca_ES\" \/>\n<meta property=\"og:type\" content=\"article\" \/>\n<meta property=\"og:title\" content=\"Advocats especialistes en accidents de tr\u00e0nsit a Girona | Accigest\" \/>\n<meta property=\"og:description\" content=\"Has tingut un accident de tr\u00e0nsit a Girona? Necessites assessorament jur\u00eddic per a la indemnitzaci\u00f3? Contacta amb nosaltres i en Accigest t&#039;assessorem.\" \/>\n<meta property=\"og:url\" content=\"https:\/\/accigest.com\/ca\/advocats-accidents-de-transit-a-girona\/\" \/>\n<meta property=\"og:site_name\" content=\"Accigest\" \/>\n<meta property=\"article:modified_time\" content=\"2022-03-27T00:31:19+00:00\" \/>\n<meta name=\"twitter:card\" content=\"summary_large_image\" \/>\n<meta name=\"twitter:label1\" content=\"Temps estimat de lectura\" \/>\n\t<meta name=\"twitter:data1\" content=\"2 minuts\" \/>\n<script type=\"application\/ld+json\" class=\"yoast-schema-graph\">{\"@context\":\"https:\\\/\\\/schema.org\",\"@graph\":[{\"@type\":\"WebPage\",\"@id\":\"https:\\\/\\\/accigest.com\\\/ca\\\/advocats-accidents-de-transit-a-girona\\\/\",\"url\":\"https:\\\/\\\/accigest.com\\\/ca\\\/advocats-accidents-de-transit-a-girona\\\/\",\"name\":\"Advocats especialistes en accidents de tr\u00e0nsit a Girona | Accigest\",\"isPartOf\":{\"@id\":\"https:\\\/\\\/accigest.com\\\/ca\\\/#website\"},\"datePublished\":\"2020-04-06T06:54:32+00:00\",\"dateModified\":\"2022-03-27T00:31:19+00:00\",\"description\":\"Has tingut un accident de tr\u00e0nsit a Girona? Necessites assessorament jur\u00eddic per a la indemnitzaci\u00f3? Contacta amb nosaltres i en Accigest t'assessorem.\",\"breadcrumb\":{\"@id\":\"https:\\\/\\\/accigest.com\\\/ca\\\/advocats-accidents-de-transit-a-girona\\\/#breadcrumb\"},\"inLanguage\":\"ca\",\"potentialAction\":[{\"@type\":\"ReadAction\",\"target\":[\"https:\\\/\\\/accigest.com\\\/ca\\\/advocats-accidents-de-transit-a-girona\\\/\"]}]},{\"@type\":\"BreadcrumbList\",\"@id\":\"https:\\\/\\\/accigest.com\\\/ca\\\/advocats-accidents-de-transit-a-girona\\\/#breadcrumb\",\"itemListElement\":[{\"@type\":\"ListItem\",\"position\":1,\"name\":\"Inici\",\"item\":\"https:\\\/\\\/accigest.com\\\/ca\\\/\"},{\"@type\":\"ListItem\",\"position\":2,\"name\":\"Advocats especialistes en accidents de tr\u00e0nsit a Girona\"}]},{\"@type\":\"WebSite\",\"@id\":\"https:\\\/\\\/accigest.com\\\/ca\\\/#website\",\"url\":\"https:\\\/\\\/accigest.com\\\/ca\\\/\",\"name\":\"Accigest\",\"description\":\"Especialistas en  indemnizaciones por  accidentes de tr\u00e1fico\",\"publisher\":{\"@id\":\"https:\\\/\\\/accigest.com\\\/ca\\\/#organization\"},\"potentialAction\":[{\"@type\":\"SearchAction\",\"target\":{\"@type\":\"EntryPoint\",\"urlTemplate\":\"https:\\\/\\\/accigest.com\\\/ca\\\/?s={search_term_string}\"},\"query-input\":{\"@type\":\"PropertyValueSpecification\",\"valueRequired\":true,\"valueName\":\"search_term_string\"}}],\"inLanguage\":\"ca\"},{\"@type\":\"Organization\",\"@id\":\"https:\\\/\\\/accigest.com\\\/ca\\\/#organization\",\"name\":\"Accigest Abogados de Accidentes Tr\u00e1fico\",\"url\":\"https:\\\/\\\/accigest.com\\\/ca\\\/\",\"logo\":{\"@type\":\"ImageObject\",\"inLanguage\":\"ca\",\"@id\":\"https:\\\/\\\/accigest.com\\\/ca\\\/#\\\/schema\\\/logo\\\/image\\\/\",\"url\":\"https:\\\/\\\/accigest.com\\\/wp-content\\\/uploads\\\/2021\\\/06\\\/logo-accigest.svg\",\"contentUrl\":\"https:\\\/\\\/accigest.com\\\/wp-content\\\/uploads\\\/2021\\\/06\\\/logo-accigest.svg\",\"width\":1,\"height\":1,\"caption\":\"Accigest Abogados de Accidentes Tr\u00e1fico\"},\"image\":{\"@id\":\"https:\\\/\\\/accigest.com\\\/ca\\\/#\\\/schema\\\/logo\\\/image\\\/\"}}]}<\/script>\n<!-- \/ Yoast SEO plugin. -->","yoast_head_json":{"title":"Advocats especialistes en accidents de tr\u00e0nsit a Girona | Accigest","description":"Has tingut un accident de tr\u00e0nsit a Girona? Necessites assessorament jur\u00eddic per a la indemnitzaci\u00f3? Contacta amb nosaltres i en Accigest t'assessorem.","robots":{"index":"index","follow":"follow","max-snippet":"max-snippet:-1","max-image-preview":"max-image-preview:large","max-video-preview":"max-video-preview:-1"},"canonical":"https:\/\/accigest.com\/ca\/advocats-accidents-de-transit-a-girona\/","og_locale":"ca_ES","og_type":"article","og_title":"Advocats especialistes en accidents de tr\u00e0nsit a Girona | Accigest","og_description":"Has tingut un accident de tr\u00e0nsit a Girona? Necessites assessorament jur\u00eddic per a la indemnitzaci\u00f3? Contacta amb nosaltres i en Accigest t'assessorem.","og_url":"https:\/\/accigest.com\/ca\/advocats-accidents-de-transit-a-girona\/","og_site_name":"Accigest","article_modified_time":"2022-03-27T00:31:19+00:00","twitter_card":"summary_large_image","twitter_misc":{"Temps estimat de lectura":"2 minuts"},"schema":{"@context":"https:\/\/schema.org","@graph":[{"@type":"WebPage","@id":"https:\/\/accigest.com\/ca\/advocats-accidents-de-transit-a-girona\/","url":"https:\/\/accigest.com\/ca\/advocats-accidents-de-transit-a-girona\/","name":"Advocats especialistes en accidents de tr\u00e0nsit a Girona | Accigest","isPartOf":{"@id":"https:\/\/accigest.com\/ca\/#website"},"datePublished":"2020-04-06T06:54:32+00:00","dateModified":"2022-03-27T00:31:19+00:00","description":"Has tingut un accident de tr\u00e0nsit a Girona? Necessites assessorament jur\u00eddic per a la indemnitzaci\u00f3? Contacta amb nosaltres i en Accigest t'assessorem.","breadcrumb":{"@id":"https:\/\/accigest.com\/ca\/advocats-accidents-de-transit-a-girona\/#breadcrumb"},"inLanguage":"ca","potentialAction":[{"@type":"ReadAction","target":["https:\/\/accigest.com\/ca\/advocats-accidents-de-transit-a-girona\/"]}]},{"@type":"BreadcrumbList","@id":"https:\/\/accigest.com\/ca\/advocats-accidents-de-transit-a-girona\/#breadcrumb","itemListElement":[{"@type":"ListItem","position":1,"name":"Inici","item":"https:\/\/accigest.com\/ca\/"},{"@type":"ListItem","position":2,"name":"Advocats especialistes en accidents de tr\u00e0nsit a Girona"}]},{"@type":"WebSite","@id":"https:\/\/accigest.com\/ca\/#website","url":"https:\/\/accigest.com\/ca\/","name":"Accigest","description":"Especialistas en  indemnizaciones por  accidentes de tr\u00e1fico","publisher":{"@id":"https:\/\/accigest.com\/ca\/#organization"},"potentialAction":[{"@type":"SearchAction","target":{"@type":"EntryPoint","urlTemplate":"https:\/\/accigest.com\/ca\/?s={search_term_string}"},"query-input":{"@type":"PropertyValueSpecification","valueRequired":true,"valueName":"search_term_string"}}],"inLanguage":"ca"},{"@type":"Organization","@id":"https:\/\/accigest.com\/ca\/#organization","name":"Accigest Abogados de Accidentes Tr\u00e1fico","url":"https:\/\/accigest.com\/ca\/","logo":{"@type":"ImageObject","inLanguage":"ca","@id":"https:\/\/accigest.com\/ca\/#\/schema\/logo\/image\/","url":"https:\/\/accigest.com\/wp-content\/uploads\/2021\/06\/logo-accigest.svg","contentUrl":"https:\/\/accigest.com\/wp-content\/uploads\/2021\/06\/logo-accigest.svg","width":1,"height":1,"caption":"Accigest Abogados de Accidentes Tr\u00e1fico"},"image":{"@id":"https:\/\/accigest.com\/ca\/#\/schema\/logo\/image\/"}}]}},"_links":{"self":[{"href":"https:\/\/accigest.com\/ca\/wp-json\/wp\/v2\/pages\/4608","targetHints":{"allow":["GET"]}}],"collection":[{"href":"https:\/\/accigest.com\/ca\/wp-json\/wp\/v2\/pages"}],"about":[{"href":"https:\/\/accigest.com\/ca\/wp-json\/wp\/v2\/types\/page"}],"author":[{"embeddable":true,"href":"https:\/\/accigest.com\/ca\/wp-json\/wp\/v2\/users\/1"}],"replies":[{"embeddable":true,"href":"https:\/\/accigest.com\/ca\/wp-json\/wp\/v2\/comments?post=4608"}],"version-history":[{"count":7,"href":"https:\/\/accigest.com\/ca\/wp-json\/wp\/v2\/pages\/4608\/revisions"}],"predecessor-version":[{"id":7773,"href":"https:\/\/accigest.com\/ca\/wp-json\/wp\/v2\/pages\/4608\/revisions\/7773"}],"wp:attachment":[{"href":"https:\/\/accigest.com\/ca\/wp-json\/wp\/v2\/media?parent=4608"}],"curies":[{"name":"wp","href":"https:\/\/api.w.org\/{rel}","templated":true}]}}