{"id":4611,"date":"2020-04-06T08:39:05","date_gmt":"2020-04-06T06:39:05","guid":{"rendered":"https:\/\/accigest.staging3w.com\/?page_id=4611"},"modified":"2022-03-28T17:13:09","modified_gmt":"2022-03-28T15:13:09","slug":"advocats-accidents-de-transit-a-reus","status":"publish","type":"page","link":"https:\/\/accigest.com\/ca\/advocats-accidents-de-transit-a-reus\/","title":{"rendered":"Advocats especialistes en accidents de tr\u00e0nsit a Reus"},"content":{"rendered":"<h2><strong>Necessites un advocat per un accident de tr\u00e0nsit a Reus?<\/strong><\/h2>\n<p>Accigest compta amb un equip de professionals amb una \u00e0mplia experi\u00e8ncia en la reclamaci\u00f3 d&#8217;indemnitzacions.<\/p>\n<p>Pot contactar amb els nostres advocats especialistes en accidents de tr\u00e0nsit de Reus, a trav\u00e9s del tel\u00e8fon o emplenant el formulari de contacte i li oferirem assessorament de manera gratu\u00efta, immediata i sense comprom\u00eds.<\/p>\n\n\n<div class=\"wp-block-columns ag-section ag-section-icons is-layout-flex wp-container-core-columns-is-layout-9d6595d7 wp-block-columns-is-layout-flex\">\n<div class=\"wp-block-column icons-text__item is-layout-flow wp-block-column-is-layout-flow\">\n<div class=\"wp-block-group\"><div class=\"wp-block-group__inner-container is-layout-flow wp-block-group-is-layout-flow\">\n<figure class=\"wp-block-image size-large\"><img decoding=\"async\" src=\"https:\/\/accigest.com\/wp-content\/uploads\/2021\/06\/icon-visitas-a-dominiclio.svg\" alt=\"\" class=\"wp-image-5981\"\/><\/figure>\n\n\n\n<p>Visites a domicili gratu\u00eftes<\/p>\n<\/div><\/div>\n<\/div>\n\n\n\n<div class=\"wp-block-column icons-text__item is-layout-flow wp-block-column-is-layout-flow\">\n<div class=\"wp-block-group\"><div class=\"wp-block-group__inner-container is-layout-flow wp-block-group-is-layout-flow\">\n<figure class=\"wp-block-image size-large\"><img decoding=\"async\" src=\"https:\/\/accigest.com\/wp-content\/uploads\/2021\/06\/icon-solo-cobramos-1.svg\" alt=\"S\u00f3lo cobramos si usted cobra\" class=\"wp-image-5983\"\/><\/figure>\n\n\n\n<p>Nom\u00e9s cobrem quan vost\u00e8 cobri<\/p>\n<\/div><\/div>\n<\/div>\n<\/div>\n\n\n<h2>Quines avantatges oferim?<\/h2>\n<p>Des d\u2019Accigest treballem amb l&#8217;objectiu d&#8217;aconseguir la m\u00e0xima indemnitzaci\u00f3 per als nostres clients, sent la nostra prioritat la seva tranquil\u00b7litat i la correcta i dels seus drets i interessos. Per aix\u00f2, li oferim un servei personalitzat que inclou un seguiment continu i una gesti\u00f3 integral durant tot el proc\u00e9s de reclamaci\u00f3.<\/p>\n<p>\u00a0<\/p>\n<p>Al contractar els serveis de Accigest, tindr\u00e0 a la seva disposici\u00f3 un equip de professionals experts, format per metges dedicats a la valoraci\u00f3 del dany corporal, advocats especialitzats en accidents de tr\u00e0nsit i gestors especialistes en la negociaci\u00f3 d&#8217;indemnitzacions.<\/p>\n<h2><strong>Advocats d&#8217;accidents de tr\u00e0nsit a Reus<\/strong><\/h2>\n<p>No cobrem fins que vost\u00e8 ho faci. Treballem totalment a comissi\u00f3, per la qual cosa no li exigirem pagaments per avan\u00e7at durant la tramitaci\u00f3 del seu cas. Una vegada vost\u00e8 hagi percebut la corresponent indemnitzaci\u00f3, ser\u00e0 quan haur\u00e0 d&#8217;abonar els nostres honoraris.<\/p>","protected":false},"excerpt":{"rendered":"Necessites un advocat per un accident de tr\u00e0nsit a Reus? Accigest compta amb un equip de professionals amb una \u00e0mplia experi\u00e8ncia en la reclamaci\u00f3 d'indemnitzacions. Pot contactar amb els nostres advocats especialistes en accidents de tr\u00e0nsit de Reus, a trav\u00e9s del tel\u00e8fon o emplenant el formulari de contacte i li&hellip;&nbsp;<a class=\"read-more\" href=\"https:\/\/accigest.com\/ca\/advocats-accidents-de-transit-a-reus\/\">Llegir m\u00e9s<\/a>","protected":false},"author":1,"featured_media":0,"parent":0,"menu_order":0,"comment_status":"closed","ping_status":"closed","template":"","meta":{"footnotes":""},"class_list":["post-4611","page","type-page","status-publish","hentry"],"yoast_head":"<!-- This site is optimized with the Yoast SEO plugin v27.1.1 - https:\/\/yoast.com\/product\/yoast-seo-wordpress\/ -->\n<title>Advocats especialistes en accidents de tr\u00e0nsit a Reus - Accigest<\/title>\n<meta name=\"description\" content=\"Si ha tingut un accident de tr\u00e0nsit i necessita d&#039;assessorament jur\u00eddic, des de Accigest volem ajudar-lo. Contacti amb nosaltres a trav\u00e9s de la nostra web.\" \/>\n<meta name=\"robots\" content=\"index, follow, max-snippet:-1, max-image-preview:large, max-video-preview:-1\" \/>\n<link rel=\"canonical\" href=\"https:\/\/accigest.com\/ca\/advocats-accidents-de-transit-a-reus\/\" \/>\n<meta property=\"og:locale\" content=\"ca_ES\" \/>\n<meta property=\"og:type\" content=\"article\" \/>\n<meta property=\"og:title\" content=\"Advocats especialistes en accidents de tr\u00e0nsit a Reus - Accigest\" \/>\n<meta property=\"og:description\" content=\"Si ha tingut un accident de tr\u00e0nsit i necessita d&#039;assessorament jur\u00eddic, des de Accigest volem ajudar-lo. Contacti amb nosaltres a trav\u00e9s de la nostra web.\" \/>\n<meta property=\"og:url\" content=\"https:\/\/accigest.com\/ca\/advocats-accidents-de-transit-a-reus\/\" \/>\n<meta property=\"og:site_name\" content=\"Accigest\" \/>\n<meta property=\"article:modified_time\" content=\"2022-03-28T15:13:09+00:00\" \/>\n<meta name=\"twitter:card\" content=\"summary_large_image\" \/>\n<meta name=\"twitter:label1\" content=\"Temps estimat de lectura\" \/>\n\t<meta name=\"twitter:data1\" content=\"1 minut\" \/>\n<script type=\"application\/ld+json\" class=\"yoast-schema-graph\">{\"@context\":\"https:\/\/schema.org\",\"@graph\":[{\"@type\":\"WebPage\",\"@id\":\"https:\/\/accigest.com\/ca\/advocats-accidents-de-transit-a-reus\/\",\"url\":\"https:\/\/accigest.com\/ca\/advocats-accidents-de-transit-a-reus\/\",\"name\":\"Advocats especialistes en accidents de tr\u00e0nsit a Reus - Accigest\",\"isPartOf\":{\"@id\":\"https:\/\/accigest.com\/ca\/#website\"},\"datePublished\":\"2020-04-06T06:39:05+00:00\",\"dateModified\":\"2022-03-28T15:13:09+00:00\",\"description\":\"Si ha tingut un accident de tr\u00e0nsit i necessita d'assessorament jur\u00eddic, des de Accigest volem ajudar-lo. Contacti amb nosaltres a trav\u00e9s de la nostra web.\",\"breadcrumb\":{\"@id\":\"https:\/\/accigest.com\/ca\/advocats-accidents-de-transit-a-reus\/#breadcrumb\"},\"inLanguage\":\"ca\",\"potentialAction\":[{\"@type\":\"ReadAction\",\"target\":[\"https:\/\/accigest.com\/ca\/advocats-accidents-de-transit-a-reus\/\"]}]},{\"@type\":\"BreadcrumbList\",\"@id\":\"https:\/\/accigest.com\/ca\/advocats-accidents-de-transit-a-reus\/#breadcrumb\",\"itemListElement\":[{\"@type\":\"ListItem\",\"position\":1,\"name\":\"Inici\",\"item\":\"https:\/\/accigest.com\/ca\/\"},{\"@type\":\"ListItem\",\"position\":2,\"name\":\"Advocats especialistes en accidents de tr\u00e0nsit a Reus\"}]},{\"@type\":\"WebSite\",\"@id\":\"https:\/\/accigest.com\/ca\/#website\",\"url\":\"https:\/\/accigest.com\/ca\/\",\"name\":\"Accigest\",\"description\":\"Especialistas en  indemnizaciones por  accidentes de tr\u00e1fico\",\"publisher\":{\"@id\":\"https:\/\/accigest.com\/ca\/#organization\"},\"potentialAction\":[{\"@type\":\"SearchAction\",\"target\":{\"@type\":\"EntryPoint\",\"urlTemplate\":\"https:\/\/accigest.com\/ca\/?s={search_term_string}\"},\"query-input\":{\"@type\":\"PropertyValueSpecification\",\"valueRequired\":true,\"valueName\":\"search_term_string\"}}],\"inLanguage\":\"ca\"},{\"@type\":\"Organization\",\"@id\":\"https:\/\/accigest.com\/ca\/#organization\",\"name\":\"Accigest Abogados de Accidentes Tr\u00e1fico\",\"url\":\"https:\/\/accigest.com\/ca\/\",\"logo\":{\"@type\":\"ImageObject\",\"inLanguage\":\"ca\",\"@id\":\"https:\/\/accigest.com\/ca\/#\/schema\/logo\/image\/\",\"url\":\"https:\/\/accigest.com\/wp-content\/uploads\/2021\/06\/logo-accigest.svg\",\"contentUrl\":\"https:\/\/accigest.com\/wp-content\/uploads\/2021\/06\/logo-accigest.svg\",\"width\":1,\"height\":1,\"caption\":\"Accigest Abogados de Accidentes Tr\u00e1fico\"},\"image\":{\"@id\":\"https:\/\/accigest.com\/ca\/#\/schema\/logo\/image\/\"}}]}<\/script>\n<!-- \/ Yoast SEO plugin. -->","yoast_head_json":{"title":"Advocats especialistes en accidents de tr\u00e0nsit a Reus - Accigest","description":"Si ha tingut un accident de tr\u00e0nsit i necessita d'assessorament jur\u00eddic, des de Accigest volem ajudar-lo. Contacti amb nosaltres a trav\u00e9s de la nostra web.","robots":{"index":"index","follow":"follow","max-snippet":"max-snippet:-1","max-image-preview":"max-image-preview:large","max-video-preview":"max-video-preview:-1"},"canonical":"https:\/\/accigest.com\/ca\/advocats-accidents-de-transit-a-reus\/","og_locale":"ca_ES","og_type":"article","og_title":"Advocats especialistes en accidents de tr\u00e0nsit a Reus - Accigest","og_description":"Si ha tingut un accident de tr\u00e0nsit i necessita d'assessorament jur\u00eddic, des de Accigest volem ajudar-lo. Contacti amb nosaltres a trav\u00e9s de la nostra web.","og_url":"https:\/\/accigest.com\/ca\/advocats-accidents-de-transit-a-reus\/","og_site_name":"Accigest","article_modified_time":"2022-03-28T15:13:09+00:00","twitter_card":"summary_large_image","twitter_misc":{"Temps estimat de lectura":"1 minut"},"schema":{"@context":"https:\/\/schema.org","@graph":[{"@type":"WebPage","@id":"https:\/\/accigest.com\/ca\/advocats-accidents-de-transit-a-reus\/","url":"https:\/\/accigest.com\/ca\/advocats-accidents-de-transit-a-reus\/","name":"Advocats especialistes en accidents de tr\u00e0nsit a Reus - Accigest","isPartOf":{"@id":"https:\/\/accigest.com\/ca\/#website"},"datePublished":"2020-04-06T06:39:05+00:00","dateModified":"2022-03-28T15:13:09+00:00","description":"Si ha tingut un accident de tr\u00e0nsit i necessita d'assessorament jur\u00eddic, des de Accigest volem ajudar-lo. Contacti amb nosaltres a trav\u00e9s de la nostra web.","breadcrumb":{"@id":"https:\/\/accigest.com\/ca\/advocats-accidents-de-transit-a-reus\/#breadcrumb"},"inLanguage":"ca","potentialAction":[{"@type":"ReadAction","target":["https:\/\/accigest.com\/ca\/advocats-accidents-de-transit-a-reus\/"]}]},{"@type":"BreadcrumbList","@id":"https:\/\/accigest.com\/ca\/advocats-accidents-de-transit-a-reus\/#breadcrumb","itemListElement":[{"@type":"ListItem","position":1,"name":"Inici","item":"https:\/\/accigest.com\/ca\/"},{"@type":"ListItem","position":2,"name":"Advocats especialistes en accidents de tr\u00e0nsit a Reus"}]},{"@type":"WebSite","@id":"https:\/\/accigest.com\/ca\/#website","url":"https:\/\/accigest.com\/ca\/","name":"Accigest","description":"Especialistas en  indemnizaciones por  accidentes de tr\u00e1fico","publisher":{"@id":"https:\/\/accigest.com\/ca\/#organization"},"potentialAction":[{"@type":"SearchAction","target":{"@type":"EntryPoint","urlTemplate":"https:\/\/accigest.com\/ca\/?s={search_term_string}"},"query-input":{"@type":"PropertyValueSpecification","valueRequired":true,"valueName":"search_term_string"}}],"inLanguage":"ca"},{"@type":"Organization","@id":"https:\/\/accigest.com\/ca\/#organization","name":"Accigest Abogados de Accidentes Tr\u00e1fico","url":"https:\/\/accigest.com\/ca\/","logo":{"@type":"ImageObject","inLanguage":"ca","@id":"https:\/\/accigest.com\/ca\/#\/schema\/logo\/image\/","url":"https:\/\/accigest.com\/wp-content\/uploads\/2021\/06\/logo-accigest.svg","contentUrl":"https:\/\/accigest.com\/wp-content\/uploads\/2021\/06\/logo-accigest.svg","width":1,"height":1,"caption":"Accigest Abogados de Accidentes Tr\u00e1fico"},"image":{"@id":"https:\/\/accigest.com\/ca\/#\/schema\/logo\/image\/"}}]}},"_links":{"self":[{"href":"https:\/\/accigest.com\/ca\/wp-json\/wp\/v2\/pages\/4611","targetHints":{"allow":["GET"]}}],"collection":[{"href":"https:\/\/accigest.com\/ca\/wp-json\/wp\/v2\/pages"}],"about":[{"href":"https:\/\/accigest.com\/ca\/wp-json\/wp\/v2\/types\/page"}],"author":[{"embeddable":true,"href":"https:\/\/accigest.com\/ca\/wp-json\/wp\/v2\/users\/1"}],"replies":[{"embeddable":true,"href":"https:\/\/accigest.com\/ca\/wp-json\/wp\/v2\/comments?post=4611"}],"version-history":[{"count":6,"href":"https:\/\/accigest.com\/ca\/wp-json\/wp\/v2\/pages\/4611\/revisions"}],"predecessor-version":[{"id":7811,"href":"https:\/\/accigest.com\/ca\/wp-json\/wp\/v2\/pages\/4611\/revisions\/7811"}],"wp:attachment":[{"href":"https:\/\/accigest.com\/ca\/wp-json\/wp\/v2\/media?parent=4611"}],"curies":[{"name":"wp","href":"https:\/\/api.w.org\/{rel}","templated":true}]}}