{"id":4614,"date":"2020-04-06T08:44:57","date_gmt":"2020-04-06T06:44:57","guid":{"rendered":"https:\/\/accigest.staging3w.com\/?page_id=4614"},"modified":"2022-03-28T17:53:24","modified_gmt":"2022-03-28T15:53:24","slug":"advocats-accidents-de-transit-a-sant-boi","status":"publish","type":"page","link":"https:\/\/accigest.com\/ca\/advocats-accidents-de-transit-a-sant-boi\/","title":{"rendered":"Advocats especialistes en accidents de tr\u00e0nsit a Sant Boi de Llobregat"},"content":{"rendered":"<h2><strong>Est\u00e0 buscant un advocat per un accident de tr\u00e0nsit a Sant Boi del Llobregat?<\/strong><\/h2>\n<p>Si vost\u00e8 ha resultat perjudicat com a conseq\u00fc\u00e8ncia d\u2019un accident de circulaci\u00f3 ha de saber que t\u00e9 dret a percebre una indemnitzaci\u00f3 pels danys que se li han ocasionat. Aix\u00ed ser\u00e0, quan vost\u00e8 sigui conductor o ocupant del vehicle considerat innocent del sinistre, ocupant del vehicle responsable, si en qualitat de vianant ha estat atropellat o fins i tot si circulava amb bicicleta i no es determina que vost\u00e8 tingui culpa exclusiva de l&#8217;accident.<\/p>\n<p>La indemnitzaci\u00f3 pret\u00e9n reparar tots aquells danys que se li han causat, podent diferenciar llavors diversos conceptes com: dies de perjudici, seq\u00fceles, despeses indemnitzables o danys materials.<\/p>\n\n\n<div class=\"wp-block-columns ag-section ag-section-icons is-layout-flex wp-container-core-columns-is-layout-9d6595d7 wp-block-columns-is-layout-flex\">\n<div class=\"wp-block-column icons-text__item is-layout-flow wp-block-column-is-layout-flow\">\n<div class=\"wp-block-group\"><div class=\"wp-block-group__inner-container is-layout-flow wp-block-group-is-layout-flow\">\n<figure class=\"wp-block-image size-large\"><img decoding=\"async\" src=\"https:\/\/accigest.com\/wp-content\/uploads\/2021\/06\/icon-visitas-a-dominiclio.svg\" alt=\"\" class=\"wp-image-5981\"\/><\/figure>\n\n\n\n<p>Visites a domicili gratu\u00eftes<\/p>\n<\/div><\/div>\n<\/div>\n\n\n\n<div class=\"wp-block-column icons-text__item is-layout-flow wp-block-column-is-layout-flow\">\n<div class=\"wp-block-group\"><div class=\"wp-block-group__inner-container is-layout-flow wp-block-group-is-layout-flow\">\n<figure class=\"wp-block-image size-large\"><img decoding=\"async\" src=\"https:\/\/accigest.com\/wp-content\/uploads\/2021\/06\/icon-solo-cobramos-1.svg\" alt=\"S\u00f3lo cobramos si usted cobra\" class=\"wp-image-5983\"\/><\/figure>\n\n\n\n<p>Nom\u00e9s cobrem quan vost\u00e8 cobri<\/p>\n<\/div><\/div>\n<\/div>\n<\/div>\n\n\n<h2><strong>Per qu\u00e8 contactar amb Accigest?<\/strong><\/h2>\n<p>Si t\u00e9 dubtes sobre si deixar en mans de l&#8217;advocat de la seva companyia el seu cas o encarregar a un advocat extern la reclamaci\u00f3 de la seva indemnitzaci\u00f3, l&#8217;informem que a Accigest comptem amb un equip de professionals amb \u00e0mplia experi\u00e8ncia en el sector. A m\u00e9s, al no tenir cap vincle amb les companyies d&#8217;assegurances podem assegurar-li la m\u00e0xima independ\u00e8ncia i objectivitat en la defensa dels seus interessos.<\/p>\n<p>\u00a0<\/p>\n<p>Els nostres professionals estudiaran el seu cas, prestant-li un servei personalitzat i una gesti\u00f3 integral del seu cas durant tot el procediment de reclamaci\u00f3, fins a aconseguir la m\u00e0xima indemnitzaci\u00f3 per a vost\u00e8.<\/p>\n<p>Treballem a comissi\u00f3, per la qual cosa no cobrem fins que vost\u00e8 hagi estat indemnitzat.<\/p>\n<h2><strong>Oferim servei d&#8217;assessorament jur\u00eddic en Sant Boi del Llobregat<\/strong><\/h2>\n<p>No dubti a contactar amb nosaltres telefonant o emplenant el nostre formulari de contacte, i un dels nostres advocats especialistes en accidents de tr\u00e0nsit l&#8217;assessorar\u00e0 immediatament i de manera gratu\u00efta.<\/p>","protected":false},"excerpt":{"rendered":"Est\u00e0 buscant un advocat per un accident de tr\u00e0nsit a Sant Boi del Llobregat? Si vost\u00e8 ha resultat perjudicat com a conseq\u00fc\u00e8ncia d\u2019un accident de circulaci\u00f3 ha de saber que t\u00e9 dret a percebre una indemnitzaci\u00f3 pels danys que se li han ocasionat. Aix\u00ed ser\u00e0, quan vost\u00e8 sigui conductor o&hellip;&nbsp;<a class=\"read-more\" href=\"https:\/\/accigest.com\/ca\/advocats-accidents-de-transit-a-sant-boi\/\">Llegir m\u00e9s<\/a>","protected":false},"author":1,"featured_media":0,"parent":0,"menu_order":0,"comment_status":"closed","ping_status":"closed","template":"","meta":{"footnotes":""},"class_list":["post-4614","page","type-page","status-publish","hentry"],"yoast_head":"<!-- This site is optimized with the Yoast SEO plugin v27.1.1 - https:\/\/yoast.com\/product\/yoast-seo-wordpress\/ -->\n<title>Advocats especialistes en accidents de tr\u00e0nsit a Sant Boi - Accigest<\/title>\n<meta name=\"description\" content=\"Necessita d&#039;assist\u00e8ncia jur\u00eddica per un accident de tr\u00e0nsit en Sant Boi? en Accigest trobar\u00e0 tot un equip de professionals a la seva disposici\u00f3.\" \/>\n<meta name=\"robots\" content=\"index, follow, max-snippet:-1, max-image-preview:large, max-video-preview:-1\" \/>\n<link rel=\"canonical\" href=\"https:\/\/accigest.com\/ca\/advocats-accidents-de-transit-a-sant-boi\/\" \/>\n<meta property=\"og:locale\" content=\"ca_ES\" \/>\n<meta property=\"og:type\" content=\"article\" \/>\n<meta property=\"og:title\" content=\"Advocats especialistes en accidents de tr\u00e0nsit a Sant Boi - Accigest\" \/>\n<meta property=\"og:description\" content=\"Necessita d&#039;assist\u00e8ncia jur\u00eddica per un accident de tr\u00e0nsit en Sant Boi? en Accigest trobar\u00e0 tot un equip de professionals a la seva disposici\u00f3.\" \/>\n<meta property=\"og:url\" content=\"https:\/\/accigest.com\/ca\/advocats-accidents-de-transit-a-sant-boi\/\" \/>\n<meta property=\"og:site_name\" content=\"Accigest\" \/>\n<meta property=\"article:modified_time\" content=\"2022-03-28T15:53:24+00:00\" \/>\n<meta name=\"twitter:card\" content=\"summary_large_image\" \/>\n<meta name=\"twitter:label1\" content=\"Temps estimat de lectura\" \/>\n\t<meta name=\"twitter:data1\" content=\"2 minuts\" \/>\n<script type=\"application\/ld+json\" class=\"yoast-schema-graph\">{\"@context\":\"https:\/\/schema.org\",\"@graph\":[{\"@type\":\"WebPage\",\"@id\":\"https:\/\/accigest.com\/ca\/advocats-accidents-de-transit-a-sant-boi\/\",\"url\":\"https:\/\/accigest.com\/ca\/advocats-accidents-de-transit-a-sant-boi\/\",\"name\":\"Advocats especialistes en accidents de tr\u00e0nsit a Sant Boi - Accigest\",\"isPartOf\":{\"@id\":\"https:\/\/accigest.com\/ca\/#website\"},\"datePublished\":\"2020-04-06T06:44:57+00:00\",\"dateModified\":\"2022-03-28T15:53:24+00:00\",\"description\":\"Necessita d'assist\u00e8ncia jur\u00eddica per un accident de tr\u00e0nsit en Sant Boi? en Accigest trobar\u00e0 tot un equip de professionals a la seva disposici\u00f3.\",\"breadcrumb\":{\"@id\":\"https:\/\/accigest.com\/ca\/advocats-accidents-de-transit-a-sant-boi\/#breadcrumb\"},\"inLanguage\":\"ca\",\"potentialAction\":[{\"@type\":\"ReadAction\",\"target\":[\"https:\/\/accigest.com\/ca\/advocats-accidents-de-transit-a-sant-boi\/\"]}]},{\"@type\":\"BreadcrumbList\",\"@id\":\"https:\/\/accigest.com\/ca\/advocats-accidents-de-transit-a-sant-boi\/#breadcrumb\",\"itemListElement\":[{\"@type\":\"ListItem\",\"position\":1,\"name\":\"Inici\",\"item\":\"https:\/\/accigest.com\/ca\/\"},{\"@type\":\"ListItem\",\"position\":2,\"name\":\"Advocats especialistes en accidents de tr\u00e0nsit a Sant Boi de Llobregat\"}]},{\"@type\":\"WebSite\",\"@id\":\"https:\/\/accigest.com\/ca\/#website\",\"url\":\"https:\/\/accigest.com\/ca\/\",\"name\":\"Accigest\",\"description\":\"Especialistas en  indemnizaciones por  accidentes de tr\u00e1fico\",\"publisher\":{\"@id\":\"https:\/\/accigest.com\/ca\/#organization\"},\"potentialAction\":[{\"@type\":\"SearchAction\",\"target\":{\"@type\":\"EntryPoint\",\"urlTemplate\":\"https:\/\/accigest.com\/ca\/?s={search_term_string}\"},\"query-input\":{\"@type\":\"PropertyValueSpecification\",\"valueRequired\":true,\"valueName\":\"search_term_string\"}}],\"inLanguage\":\"ca\"},{\"@type\":\"Organization\",\"@id\":\"https:\/\/accigest.com\/ca\/#organization\",\"name\":\"Accigest Abogados de Accidentes Tr\u00e1fico\",\"url\":\"https:\/\/accigest.com\/ca\/\",\"logo\":{\"@type\":\"ImageObject\",\"inLanguage\":\"ca\",\"@id\":\"https:\/\/accigest.com\/ca\/#\/schema\/logo\/image\/\",\"url\":\"https:\/\/accigest.com\/wp-content\/uploads\/2021\/06\/logo-accigest.svg\",\"contentUrl\":\"https:\/\/accigest.com\/wp-content\/uploads\/2021\/06\/logo-accigest.svg\",\"width\":1,\"height\":1,\"caption\":\"Accigest Abogados de Accidentes Tr\u00e1fico\"},\"image\":{\"@id\":\"https:\/\/accigest.com\/ca\/#\/schema\/logo\/image\/\"}}]}<\/script>\n<!-- \/ Yoast SEO plugin. -->","yoast_head_json":{"title":"Advocats especialistes en accidents de tr\u00e0nsit a Sant Boi - Accigest","description":"Necessita d'assist\u00e8ncia jur\u00eddica per un accident de tr\u00e0nsit en Sant Boi? en Accigest trobar\u00e0 tot un equip de professionals a la seva disposici\u00f3.","robots":{"index":"index","follow":"follow","max-snippet":"max-snippet:-1","max-image-preview":"max-image-preview:large","max-video-preview":"max-video-preview:-1"},"canonical":"https:\/\/accigest.com\/ca\/advocats-accidents-de-transit-a-sant-boi\/","og_locale":"ca_ES","og_type":"article","og_title":"Advocats especialistes en accidents de tr\u00e0nsit a Sant Boi - Accigest","og_description":"Necessita d'assist\u00e8ncia jur\u00eddica per un accident de tr\u00e0nsit en Sant Boi? en Accigest trobar\u00e0 tot un equip de professionals a la seva disposici\u00f3.","og_url":"https:\/\/accigest.com\/ca\/advocats-accidents-de-transit-a-sant-boi\/","og_site_name":"Accigest","article_modified_time":"2022-03-28T15:53:24+00:00","twitter_card":"summary_large_image","twitter_misc":{"Temps estimat de lectura":"2 minuts"},"schema":{"@context":"https:\/\/schema.org","@graph":[{"@type":"WebPage","@id":"https:\/\/accigest.com\/ca\/advocats-accidents-de-transit-a-sant-boi\/","url":"https:\/\/accigest.com\/ca\/advocats-accidents-de-transit-a-sant-boi\/","name":"Advocats especialistes en accidents de tr\u00e0nsit a Sant Boi - Accigest","isPartOf":{"@id":"https:\/\/accigest.com\/ca\/#website"},"datePublished":"2020-04-06T06:44:57+00:00","dateModified":"2022-03-28T15:53:24+00:00","description":"Necessita d'assist\u00e8ncia jur\u00eddica per un accident de tr\u00e0nsit en Sant Boi? en Accigest trobar\u00e0 tot un equip de professionals a la seva disposici\u00f3.","breadcrumb":{"@id":"https:\/\/accigest.com\/ca\/advocats-accidents-de-transit-a-sant-boi\/#breadcrumb"},"inLanguage":"ca","potentialAction":[{"@type":"ReadAction","target":["https:\/\/accigest.com\/ca\/advocats-accidents-de-transit-a-sant-boi\/"]}]},{"@type":"BreadcrumbList","@id":"https:\/\/accigest.com\/ca\/advocats-accidents-de-transit-a-sant-boi\/#breadcrumb","itemListElement":[{"@type":"ListItem","position":1,"name":"Inici","item":"https:\/\/accigest.com\/ca\/"},{"@type":"ListItem","position":2,"name":"Advocats especialistes en accidents de tr\u00e0nsit a Sant Boi de Llobregat"}]},{"@type":"WebSite","@id":"https:\/\/accigest.com\/ca\/#website","url":"https:\/\/accigest.com\/ca\/","name":"Accigest","description":"Especialistas en  indemnizaciones por  accidentes de tr\u00e1fico","publisher":{"@id":"https:\/\/accigest.com\/ca\/#organization"},"potentialAction":[{"@type":"SearchAction","target":{"@type":"EntryPoint","urlTemplate":"https:\/\/accigest.com\/ca\/?s={search_term_string}"},"query-input":{"@type":"PropertyValueSpecification","valueRequired":true,"valueName":"search_term_string"}}],"inLanguage":"ca"},{"@type":"Organization","@id":"https:\/\/accigest.com\/ca\/#organization","name":"Accigest Abogados de Accidentes Tr\u00e1fico","url":"https:\/\/accigest.com\/ca\/","logo":{"@type":"ImageObject","inLanguage":"ca","@id":"https:\/\/accigest.com\/ca\/#\/schema\/logo\/image\/","url":"https:\/\/accigest.com\/wp-content\/uploads\/2021\/06\/logo-accigest.svg","contentUrl":"https:\/\/accigest.com\/wp-content\/uploads\/2021\/06\/logo-accigest.svg","width":1,"height":1,"caption":"Accigest Abogados de Accidentes Tr\u00e1fico"},"image":{"@id":"https:\/\/accigest.com\/ca\/#\/schema\/logo\/image\/"}}]}},"_links":{"self":[{"href":"https:\/\/accigest.com\/ca\/wp-json\/wp\/v2\/pages\/4614","targetHints":{"allow":["GET"]}}],"collection":[{"href":"https:\/\/accigest.com\/ca\/wp-json\/wp\/v2\/pages"}],"about":[{"href":"https:\/\/accigest.com\/ca\/wp-json\/wp\/v2\/types\/page"}],"author":[{"embeddable":true,"href":"https:\/\/accigest.com\/ca\/wp-json\/wp\/v2\/users\/1"}],"replies":[{"embeddable":true,"href":"https:\/\/accigest.com\/ca\/wp-json\/wp\/v2\/comments?post=4614"}],"version-history":[{"count":5,"href":"https:\/\/accigest.com\/ca\/wp-json\/wp\/v2\/pages\/4614\/revisions"}],"predecessor-version":[{"id":7832,"href":"https:\/\/accigest.com\/ca\/wp-json\/wp\/v2\/pages\/4614\/revisions\/7832"}],"wp:attachment":[{"href":"https:\/\/accigest.com\/ca\/wp-json\/wp\/v2\/media?parent=4614"}],"curies":[{"name":"wp","href":"https:\/\/api.w.org\/{rel}","templated":true}]}}