{"id":4617,"date":"2020-04-06T08:51:01","date_gmt":"2020-04-06T06:51:01","guid":{"rendered":"https:\/\/accigest.staging3w.com\/?page_id=4617"},"modified":"2022-03-28T18:31:37","modified_gmt":"2022-03-28T16:31:37","slug":"advocats-accidents-de-transit-a-santa-coloma","status":"publish","type":"page","link":"https:\/\/accigest.com\/ca\/advocats-accidents-de-transit-a-santa-coloma\/","title":{"rendered":"Advocats especialistes en accidents de tr\u00e0nsit a Santa Coloma de Gramanet"},"content":{"rendered":"<h2><strong>Est\u00e0 buscant un advocat per un accident de tr\u00e0nsit a Santa Coloma de Gramanet?<\/strong><\/h2>\n<p>Accigest compta amb advocats especialitzats en accidents de tr\u00e0nsit a la zona de Santa Coloma de Gramanet, a m\u00e9s d&#8217;un ampli equip de professionals amb experi\u00e8ncia en mat\u00e8ria de valoraci\u00f3 del dany corporal i reclamaci\u00f3 d&#8217;indemnitzacions.<\/p>\n\n\n<div class=\"wp-block-columns ag-section ag-section-icons is-layout-flex wp-container-core-columns-is-layout-9d6595d7 wp-block-columns-is-layout-flex\">\n<div class=\"wp-block-column icons-text__item is-layout-flow wp-block-column-is-layout-flow\">\n<div class=\"wp-block-group\"><div class=\"wp-block-group__inner-container is-layout-flow wp-block-group-is-layout-flow\">\n<figure class=\"wp-block-image size-large\"><img decoding=\"async\" src=\"https:\/\/accigest.com\/wp-content\/uploads\/2021\/06\/icon-visitas-a-dominiclio.svg\" alt=\"\" class=\"wp-image-5981\"\/><\/figure>\n\n\n\n<p>Visites a domicili gratu\u00eftes<\/p>\n<\/div><\/div>\n<\/div>\n\n\n\n<div class=\"wp-block-column icons-text__item is-layout-flow wp-block-column-is-layout-flow\">\n<div class=\"wp-block-group\"><div class=\"wp-block-group__inner-container is-layout-flow wp-block-group-is-layout-flow\">\n<figure class=\"wp-block-image size-large\"><img decoding=\"async\" src=\"https:\/\/accigest.com\/wp-content\/uploads\/2021\/06\/icon-solo-cobramos-1.svg\" alt=\"S\u00f3lo cobramos si usted cobra\" class=\"wp-image-5983\"\/><\/figure>\n\n\n\n<p>Nom\u00e9s cobrem quan vost\u00e8 cobri<\/p>\n<\/div><\/div>\n<\/div>\n<\/div>\n\n\n<h2><strong>Qu\u00e8 ens diferencia de la competencia?<\/strong><\/h2>\n<p>Som un despatx sense vincle amb les companyies d&#8217;assegurances, per la qual cosa els nostres professionals s&#8217;encarreguen d&#8217;estudiar el seu cas i reclamar la m\u00e0xima indemnitzaci\u00f3 de forma totalment independent, vetllant en exclusiva pels seus drets i interessos.<\/p>\n<p>Oferim un servei integral a les v\u00edctimes d&#8217;accidents de tr\u00e0nsit, acompanyant-les durant tot el proc\u00e9s perqu\u00e8 \u00fanicament hagin de preocupar-se de la seva recuperaci\u00f3. La nostra prioritat \u00e9s la tranquil\u00b7litat dels nostres clients, per la qual cosa els informem de manera constant de l&#8217;evoluci\u00f3 del seu cas.<\/p>\n<p>\u00a0<\/p>\n<p>Accigest intenta esgotar sempre la via amistosa, amb l&#8217;objectiu d&#8217;evitar als nostres clients els inconvenients d&#8217;un proc\u00e9s judicial.<\/p>\n<p>Treballem a comissi\u00f3, per tant vost\u00e8 no ha d&#8217;abonar-nos cap import per endavant, sin\u00f3 que cobrem una vegada vost\u00e8 hagi rebut la corresponent indemnitzaci\u00f3.<\/p>\n<h2><strong>Advocats especialitzats en accidents de tr\u00e0nsit a Santa Coloma de Gramanet<\/strong><\/h2>\n<p>A Accigest entenem la import\u00e0ncia d&#8217;estar ben informat, per aix\u00f2 realitzem consultes totalment gratu\u00eftes i sense comprom\u00eds. Pot contactar amb nosaltres per tel\u00e8fon o emplenant el formulari de contacte.<\/p>\n<p>En el cas que tingui dificultats pel seu despla\u00e7ament a la nostra oficina, podem realitzar una visita a domicili per a assessorar-lo sobre el proc\u00e9s de reclamaci\u00f3 i informar-lo sobre el nostre funcionament.<\/p>","protected":false},"excerpt":{"rendered":"Est\u00e0 buscant un advocat per un accident de tr\u00e0nsit a Santa Coloma de Gramanet? Accigest compta amb advocats especialitzats en accidents de tr\u00e0nsit a la zona de Santa Coloma de Gramanet, a m\u00e9s d'un ampli equip de professionals amb experi\u00e8ncia en mat\u00e8ria de valoraci\u00f3 del dany corporal i reclamaci\u00f3 d'indemnitzacions.&hellip;&nbsp;<a class=\"read-more\" href=\"https:\/\/accigest.com\/ca\/advocats-accidents-de-transit-a-santa-coloma\/\">Llegir m\u00e9s<\/a>","protected":false},"author":1,"featured_media":0,"parent":0,"menu_order":0,"comment_status":"closed","ping_status":"closed","template":"","meta":{"footnotes":""},"class_list":["post-4617","page","type-page","status-publish","hentry"],"yoast_head":"<!-- This site is optimized with the Yoast SEO plugin v27.4 - https:\/\/yoast.com\/product\/yoast-seo-wordpress\/ -->\n<title>Advocats d&#039;accidents de tr\u00e0nsit a Santa Coloma - Accigest<\/title>\n<meta name=\"description\" content=\"Si ha patit una accident de tr\u00e0nsit a Santa Coloma de Gramanet i necessita assist\u00e8ncia jur\u00eddica. Accigest es posa a la seva disposici\u00f3. L&#039;assessorarem!\" \/>\n<meta name=\"robots\" content=\"index, follow, max-snippet:-1, max-image-preview:large, max-video-preview:-1\" \/>\n<link rel=\"canonical\" href=\"https:\/\/accigest.com\/ca\/advocats-accidents-de-transit-a-santa-coloma\/\" \/>\n<meta property=\"og:locale\" content=\"ca_ES\" \/>\n<meta property=\"og:type\" content=\"article\" \/>\n<meta property=\"og:title\" content=\"Advocats d&#039;accidents de tr\u00e0nsit a Santa Coloma - Accigest\" \/>\n<meta property=\"og:description\" content=\"Si ha patit una accident de tr\u00e0nsit a Santa Coloma de Gramanet i necessita assist\u00e8ncia jur\u00eddica. Accigest es posa a la seva disposici\u00f3. L&#039;assessorarem!\" \/>\n<meta property=\"og:url\" content=\"https:\/\/accigest.com\/ca\/advocats-accidents-de-transit-a-santa-coloma\/\" \/>\n<meta property=\"og:site_name\" content=\"Accigest\" \/>\n<meta property=\"article:modified_time\" content=\"2022-03-28T16:31:37+00:00\" \/>\n<meta name=\"twitter:card\" content=\"summary_large_image\" \/>\n<meta name=\"twitter:label1\" content=\"Temps estimat de lectura\" \/>\n\t<meta name=\"twitter:data1\" content=\"2 minuts\" \/>\n<script type=\"application\/ld+json\" class=\"yoast-schema-graph\">{\"@context\":\"https:\\\/\\\/schema.org\",\"@graph\":[{\"@type\":\"WebPage\",\"@id\":\"https:\\\/\\\/accigest.com\\\/ca\\\/advocats-accidents-de-transit-a-santa-coloma\\\/\",\"url\":\"https:\\\/\\\/accigest.com\\\/ca\\\/advocats-accidents-de-transit-a-santa-coloma\\\/\",\"name\":\"Advocats d'accidents de tr\u00e0nsit a Santa Coloma - Accigest\",\"isPartOf\":{\"@id\":\"https:\\\/\\\/accigest.com\\\/ca\\\/#website\"},\"datePublished\":\"2020-04-06T06:51:01+00:00\",\"dateModified\":\"2022-03-28T16:31:37+00:00\",\"description\":\"Si ha patit una accident de tr\u00e0nsit a Santa Coloma de Gramanet i necessita assist\u00e8ncia jur\u00eddica. Accigest es posa a la seva disposici\u00f3. L'assessorarem!\",\"breadcrumb\":{\"@id\":\"https:\\\/\\\/accigest.com\\\/ca\\\/advocats-accidents-de-transit-a-santa-coloma\\\/#breadcrumb\"},\"inLanguage\":\"ca\",\"potentialAction\":[{\"@type\":\"ReadAction\",\"target\":[\"https:\\\/\\\/accigest.com\\\/ca\\\/advocats-accidents-de-transit-a-santa-coloma\\\/\"]}]},{\"@type\":\"BreadcrumbList\",\"@id\":\"https:\\\/\\\/accigest.com\\\/ca\\\/advocats-accidents-de-transit-a-santa-coloma\\\/#breadcrumb\",\"itemListElement\":[{\"@type\":\"ListItem\",\"position\":1,\"name\":\"Inici\",\"item\":\"https:\\\/\\\/accigest.com\\\/ca\\\/\"},{\"@type\":\"ListItem\",\"position\":2,\"name\":\"Advocats especialistes en accidents de tr\u00e0nsit a Santa Coloma de Gramanet\"}]},{\"@type\":\"WebSite\",\"@id\":\"https:\\\/\\\/accigest.com\\\/ca\\\/#website\",\"url\":\"https:\\\/\\\/accigest.com\\\/ca\\\/\",\"name\":\"Accigest\",\"description\":\"Especialistas en  indemnizaciones por  accidentes de tr\u00e1fico\",\"publisher\":{\"@id\":\"https:\\\/\\\/accigest.com\\\/ca\\\/#organization\"},\"potentialAction\":[{\"@type\":\"SearchAction\",\"target\":{\"@type\":\"EntryPoint\",\"urlTemplate\":\"https:\\\/\\\/accigest.com\\\/ca\\\/?s={search_term_string}\"},\"query-input\":{\"@type\":\"PropertyValueSpecification\",\"valueRequired\":true,\"valueName\":\"search_term_string\"}}],\"inLanguage\":\"ca\"},{\"@type\":\"Organization\",\"@id\":\"https:\\\/\\\/accigest.com\\\/ca\\\/#organization\",\"name\":\"Accigest Abogados de Accidentes Tr\u00e1fico\",\"url\":\"https:\\\/\\\/accigest.com\\\/ca\\\/\",\"logo\":{\"@type\":\"ImageObject\",\"inLanguage\":\"ca\",\"@id\":\"https:\\\/\\\/accigest.com\\\/ca\\\/#\\\/schema\\\/logo\\\/image\\\/\",\"url\":\"https:\\\/\\\/accigest.com\\\/wp-content\\\/uploads\\\/2021\\\/06\\\/logo-accigest.svg\",\"contentUrl\":\"https:\\\/\\\/accigest.com\\\/wp-content\\\/uploads\\\/2021\\\/06\\\/logo-accigest.svg\",\"width\":1,\"height\":1,\"caption\":\"Accigest Abogados de Accidentes Tr\u00e1fico\"},\"image\":{\"@id\":\"https:\\\/\\\/accigest.com\\\/ca\\\/#\\\/schema\\\/logo\\\/image\\\/\"}}]}<\/script>\n<!-- \/ Yoast SEO plugin. -->","yoast_head_json":{"title":"Advocats d'accidents de tr\u00e0nsit a Santa Coloma - Accigest","description":"Si ha patit una accident de tr\u00e0nsit a Santa Coloma de Gramanet i necessita assist\u00e8ncia jur\u00eddica. Accigest es posa a la seva disposici\u00f3. L'assessorarem!","robots":{"index":"index","follow":"follow","max-snippet":"max-snippet:-1","max-image-preview":"max-image-preview:large","max-video-preview":"max-video-preview:-1"},"canonical":"https:\/\/accigest.com\/ca\/advocats-accidents-de-transit-a-santa-coloma\/","og_locale":"ca_ES","og_type":"article","og_title":"Advocats d'accidents de tr\u00e0nsit a Santa Coloma - Accigest","og_description":"Si ha patit una accident de tr\u00e0nsit a Santa Coloma de Gramanet i necessita assist\u00e8ncia jur\u00eddica. Accigest es posa a la seva disposici\u00f3. L'assessorarem!","og_url":"https:\/\/accigest.com\/ca\/advocats-accidents-de-transit-a-santa-coloma\/","og_site_name":"Accigest","article_modified_time":"2022-03-28T16:31:37+00:00","twitter_card":"summary_large_image","twitter_misc":{"Temps estimat de lectura":"2 minuts"},"schema":{"@context":"https:\/\/schema.org","@graph":[{"@type":"WebPage","@id":"https:\/\/accigest.com\/ca\/advocats-accidents-de-transit-a-santa-coloma\/","url":"https:\/\/accigest.com\/ca\/advocats-accidents-de-transit-a-santa-coloma\/","name":"Advocats d'accidents de tr\u00e0nsit a Santa Coloma - Accigest","isPartOf":{"@id":"https:\/\/accigest.com\/ca\/#website"},"datePublished":"2020-04-06T06:51:01+00:00","dateModified":"2022-03-28T16:31:37+00:00","description":"Si ha patit una accident de tr\u00e0nsit a Santa Coloma de Gramanet i necessita assist\u00e8ncia jur\u00eddica. Accigest es posa a la seva disposici\u00f3. L'assessorarem!","breadcrumb":{"@id":"https:\/\/accigest.com\/ca\/advocats-accidents-de-transit-a-santa-coloma\/#breadcrumb"},"inLanguage":"ca","potentialAction":[{"@type":"ReadAction","target":["https:\/\/accigest.com\/ca\/advocats-accidents-de-transit-a-santa-coloma\/"]}]},{"@type":"BreadcrumbList","@id":"https:\/\/accigest.com\/ca\/advocats-accidents-de-transit-a-santa-coloma\/#breadcrumb","itemListElement":[{"@type":"ListItem","position":1,"name":"Inici","item":"https:\/\/accigest.com\/ca\/"},{"@type":"ListItem","position":2,"name":"Advocats especialistes en accidents de tr\u00e0nsit a Santa Coloma de Gramanet"}]},{"@type":"WebSite","@id":"https:\/\/accigest.com\/ca\/#website","url":"https:\/\/accigest.com\/ca\/","name":"Accigest","description":"Especialistas en  indemnizaciones por  accidentes de tr\u00e1fico","publisher":{"@id":"https:\/\/accigest.com\/ca\/#organization"},"potentialAction":[{"@type":"SearchAction","target":{"@type":"EntryPoint","urlTemplate":"https:\/\/accigest.com\/ca\/?s={search_term_string}"},"query-input":{"@type":"PropertyValueSpecification","valueRequired":true,"valueName":"search_term_string"}}],"inLanguage":"ca"},{"@type":"Organization","@id":"https:\/\/accigest.com\/ca\/#organization","name":"Accigest Abogados de Accidentes Tr\u00e1fico","url":"https:\/\/accigest.com\/ca\/","logo":{"@type":"ImageObject","inLanguage":"ca","@id":"https:\/\/accigest.com\/ca\/#\/schema\/logo\/image\/","url":"https:\/\/accigest.com\/wp-content\/uploads\/2021\/06\/logo-accigest.svg","contentUrl":"https:\/\/accigest.com\/wp-content\/uploads\/2021\/06\/logo-accigest.svg","width":1,"height":1,"caption":"Accigest Abogados de Accidentes Tr\u00e1fico"},"image":{"@id":"https:\/\/accigest.com\/ca\/#\/schema\/logo\/image\/"}}]}},"_links":{"self":[{"href":"https:\/\/accigest.com\/ca\/wp-json\/wp\/v2\/pages\/4617","targetHints":{"allow":["GET"]}}],"collection":[{"href":"https:\/\/accigest.com\/ca\/wp-json\/wp\/v2\/pages"}],"about":[{"href":"https:\/\/accigest.com\/ca\/wp-json\/wp\/v2\/types\/page"}],"author":[{"embeddable":true,"href":"https:\/\/accigest.com\/ca\/wp-json\/wp\/v2\/users\/1"}],"replies":[{"embeddable":true,"href":"https:\/\/accigest.com\/ca\/wp-json\/wp\/v2\/comments?post=4617"}],"version-history":[{"count":6,"href":"https:\/\/accigest.com\/ca\/wp-json\/wp\/v2\/pages\/4617\/revisions"}],"predecessor-version":[{"id":7840,"href":"https:\/\/accigest.com\/ca\/wp-json\/wp\/v2\/pages\/4617\/revisions\/7840"}],"wp:attachment":[{"href":"https:\/\/accigest.com\/ca\/wp-json\/wp\/v2\/media?parent=4617"}],"curies":[{"name":"wp","href":"https:\/\/api.w.org\/{rel}","templated":true}]}}