{"id":5415,"date":"2021-05-26T18:38:23","date_gmt":"2021-05-26T16:38:23","guid":{"rendered":"https:\/\/accigest.staging3w.com\/?page_id=5415"},"modified":"2022-03-25T23:19:02","modified_gmt":"2022-03-25T22:19:02","slug":"advocats-accidents-de-transit-a-barcelona","status":"publish","type":"page","link":"https:\/\/accigest.com\/ca\/advocats-accidents-de-transit-a-barcelona\/","title":{"rendered":"Advocats especialistes en accidents de tr\u00e0nsit a Barcelona"},"content":{"rendered":"<h2><strong>Est\u00e0 buscant un advocat per un accident de tr\u00e0nsit a Barcelona?<\/strong><\/h2>\n<p>Si ha tingut un accident de circulaci\u00f3, vol con\u00e8ixer els seus drets i, si escau, reclamar la corresponent indemnitzaci\u00f3, no dubti en contactar amb nosaltres i l&#8217;assessorarem sense comprom\u00eds.<\/p>\n<h2><strong>Especialistes en Accidents de tr\u00e0nsit<\/strong><\/h2>\n<p>A Accigest oferim un tracte proper, transparent i adequat a les necessitats particulars de cada client.<\/p>\n<p><strong>Som advocats experts en accidents de tr\u00e0nsit de Barcelona<\/strong>, compten amb una \u00e0mplia experi\u00e8ncia i amplis coneixements en la reclamaci\u00f3 d&#8217;indemnitzacions derivades d&#8217;accidents de tr\u00e0nsit.<\/p>\n<p>L&#8217;acompanyem i assessorem durant tot el proc\u00e9s perqu\u00e8 \u00fanicament hagi de preocupar-se per la seva recuperaci\u00f3.<\/p>\n<p>A m\u00e9s, el mantenim informat en tot moment sobre l&#8217;evoluci\u00f3 del seu cas.<\/p>\n<h2><strong>Oferim servei a Barcelona<\/strong><\/h2>\n<p>Si \u00e9s de Barcelona o rodalies pot contactar amb nosaltres per tel\u00e8fon, per mitj\u00e0 del correu electr\u00f2nic <a href=\"mailto:info@accigest.com\">info@accigest.com<\/a> o pot omplir el formulari de consulta que trobar\u00e0 a la nostra p\u00e0gina web.<\/p>\n<p><strong>L&#8217;assessorem de forma gratu\u00efta, sense cap comprom\u00eds, i resoldrem tots els dubtes que tingui.<\/strong><\/p>\n<p>A m\u00e9s, si t\u00e9 dificultats per despla\u00e7ar-se, un professional d\u2019Accigest es despla\u00e7ar\u00e0 al seu domicili sense cap cost per a vost\u00e8, per tal que ens exposi el seu cas i proporcionar-li la informaci\u00f3 que requereixi.<\/p>\n<p>Si finalment decideix contractar els nostres serveis, el nostre equip (<em>format per metges experts en la valoraci\u00f3 del dany, advocats especialitzats en accidents de tr\u00e0nsit i gestors especialistes en la negociaci\u00f3 d&#8217;indemnitzacions<\/em>) es posar\u00e0 a treballar amb l&#8217;objectiu d&#8217;aconseguir la m\u00e0xima indemnitzaci\u00f3 per a vost\u00e8.<\/p>\n<p>Posem a la seva disposici\u00f3 tots els nostres recursos, amb el rigor i la professionalitat que ens caracteritza.<\/p>\n\n\n<div class=\"wp-block-columns ag-section ag-section-icons is-layout-flex wp-container-core-columns-is-layout-9d6595d7 wp-block-columns-is-layout-flex\">\n<div class=\"wp-block-column icons-text__item is-layout-flow wp-block-column-is-layout-flow\">\n<div class=\"wp-block-group\"><div class=\"wp-block-group__inner-container is-layout-flow wp-block-group-is-layout-flow\">\n<figure class=\"wp-block-image size-large\"><img decoding=\"async\" src=\"https:\/\/accigest.com\/wp-content\/uploads\/2021\/06\/icon-visitas-a-dominiclio.svg\" alt=\"\" class=\"wp-image-5981\"\/><\/figure>\n\n\n\n<p>Visites a domicili gratu\u00eftes<\/p>\n<\/div><\/div>\n<\/div>\n\n\n\n<div class=\"wp-block-column icons-text__item is-layout-flow wp-block-column-is-layout-flow\">\n<div class=\"wp-block-group\"><div class=\"wp-block-group__inner-container is-layout-flow wp-block-group-is-layout-flow\">\n<figure class=\"wp-block-image size-large\"><img decoding=\"async\" src=\"https:\/\/accigest.com\/wp-content\/uploads\/2021\/06\/icon-solo-cobramos-1.svg\" alt=\"S\u00f3lo cobramos si usted cobra\" class=\"wp-image-5983\"\/><\/figure>\n\n\n\n<p>Nom\u00e9s cobrem quan vost\u00e8 cobri<\/p>\n<\/div><\/div>\n<\/div>\n<\/div>\n\n\n<h2><strong>No treballem per companyies d&#8217;assegurances<\/strong><\/h2>\n<p>El nostre despatx d&#8217;advocats a Barcelona no treballa ni t\u00e9 vincle professional amb cap companyia d&#8217;assegurances, dedicant-nos \u00fanicament a vetllar pels interessos dels nostres clients i amb la missi\u00f3 d&#8217;aconseguir la m\u00e0xima indemnitzaci\u00f3 possible en cada cas.<\/p>\n<p>En aquest sentit, treballem amb total independ\u00e8ncia, defensant en exclusiva els seus drets i interessos.<\/p>\n<h2><strong>Cobrem quan vost\u00e8 cobra<\/strong><\/h2>\n<p>El nostre principal objectiu \u00e9s centrar-nos en els interessos de les persones, de manera que en la gesti\u00f3 de la seva reclamaci\u00f3 no li exigirem cap quantitat per avan\u00e7at.<\/p>\n<p>Un cop indemnitzat ser\u00e0 quan haur\u00e0 de reintegrar el percentatge que s&#8217;hagi acordat des del principi, ja que treballem a comissi\u00f3.<\/p>\n<p>Si no cobra, nosaltres tampoc.<\/p>","protected":false},"excerpt":{"rendered":"Est\u00e0 buscant un advocat per un accident de tr\u00e0nsit a Barcelona? Si ha tingut un accident de circulaci\u00f3, vol con\u00e8ixer els seus drets i, si escau, reclamar la corresponent indemnitzaci\u00f3, no dubti en contactar amb nosaltres i l'assessorarem sense comprom\u00eds. Especialistes en Accidents de tr\u00e0nsit A Accigest oferim un tracte&hellip;&nbsp;<a class=\"read-more\" href=\"https:\/\/accigest.com\/ca\/advocats-accidents-de-transit-a-barcelona\/\">Llegir m\u00e9s<\/a>","protected":false},"author":3,"featured_media":0,"parent":0,"menu_order":0,"comment_status":"closed","ping_status":"closed","template":"","meta":{"footnotes":""},"class_list":["post-5415","page","type-page","status-publish","hentry"],"yoast_head":"<!-- This site is optimized with the Yoast SEO plugin v27.4 - https:\/\/yoast.com\/product\/yoast-seo-wordpress\/ -->\n<title>Advocats d&#039;accidents de tr\u00e0nsit a Barcelona | Accigest<\/title>\n<meta name=\"description\" content=\"Si ha patit una accident de tr\u00e0nsit a Barcelona i necessita assist\u00e8ncia jur\u00eddica. Accigest es posa a la seva disposici\u00f3. L&#039;assessorarem!\" \/>\n<meta name=\"robots\" content=\"index, follow, max-snippet:-1, max-image-preview:large, max-video-preview:-1\" \/>\n<link rel=\"canonical\" href=\"https:\/\/accigest.com\/ca\/advocats-accidents-de-transit-a-barcelona\/\" \/>\n<meta property=\"og:locale\" content=\"ca_ES\" \/>\n<meta property=\"og:type\" content=\"article\" \/>\n<meta property=\"og:title\" content=\"Advocats d&#039;accidents de tr\u00e0nsit a Barcelona | Accigest\" \/>\n<meta property=\"og:description\" content=\"Si ha patit una accident de tr\u00e0nsit a Barcelona i necessita assist\u00e8ncia jur\u00eddica. Accigest es posa a la seva disposici\u00f3. L&#039;assessorarem!\" \/>\n<meta property=\"og:url\" content=\"https:\/\/accigest.com\/ca\/advocats-accidents-de-transit-a-barcelona\/\" \/>\n<meta property=\"og:site_name\" content=\"Accigest\" \/>\n<meta property=\"article:modified_time\" content=\"2022-03-25T22:19:02+00:00\" \/>\n<meta name=\"twitter:card\" content=\"summary_large_image\" \/>\n<meta name=\"twitter:label1\" content=\"Temps estimat de lectura\" \/>\n\t<meta name=\"twitter:data1\" content=\"2 minuts\" \/>\n<script type=\"application\/ld+json\" class=\"yoast-schema-graph\">{\"@context\":\"https:\\\/\\\/schema.org\",\"@graph\":[{\"@type\":\"WebPage\",\"@id\":\"https:\\\/\\\/accigest.com\\\/ca\\\/advocats-accidents-de-transit-a-barcelona\\\/\",\"url\":\"https:\\\/\\\/accigest.com\\\/ca\\\/advocats-accidents-de-transit-a-barcelona\\\/\",\"name\":\"Advocats d'accidents de tr\u00e0nsit a Barcelona | Accigest\",\"isPartOf\":{\"@id\":\"https:\\\/\\\/accigest.com\\\/ca\\\/#website\"},\"datePublished\":\"2021-05-26T16:38:23+00:00\",\"dateModified\":\"2022-03-25T22:19:02+00:00\",\"description\":\"Si ha patit una accident de tr\u00e0nsit a Barcelona i necessita assist\u00e8ncia jur\u00eddica. Accigest es posa a la seva disposici\u00f3. L'assessorarem!\",\"breadcrumb\":{\"@id\":\"https:\\\/\\\/accigest.com\\\/ca\\\/advocats-accidents-de-transit-a-barcelona\\\/#breadcrumb\"},\"inLanguage\":\"ca\",\"potentialAction\":[{\"@type\":\"ReadAction\",\"target\":[\"https:\\\/\\\/accigest.com\\\/ca\\\/advocats-accidents-de-transit-a-barcelona\\\/\"]}]},{\"@type\":\"BreadcrumbList\",\"@id\":\"https:\\\/\\\/accigest.com\\\/ca\\\/advocats-accidents-de-transit-a-barcelona\\\/#breadcrumb\",\"itemListElement\":[{\"@type\":\"ListItem\",\"position\":1,\"name\":\"Inici\",\"item\":\"https:\\\/\\\/accigest.com\\\/ca\\\/\"},{\"@type\":\"ListItem\",\"position\":2,\"name\":\"Advocats especialistes en accidents de tr\u00e0nsit a Barcelona\"}]},{\"@type\":\"WebSite\",\"@id\":\"https:\\\/\\\/accigest.com\\\/ca\\\/#website\",\"url\":\"https:\\\/\\\/accigest.com\\\/ca\\\/\",\"name\":\"Accigest\",\"description\":\"Especialistas en  indemnizaciones por  accidentes de tr\u00e1fico\",\"publisher\":{\"@id\":\"https:\\\/\\\/accigest.com\\\/ca\\\/#organization\"},\"potentialAction\":[{\"@type\":\"SearchAction\",\"target\":{\"@type\":\"EntryPoint\",\"urlTemplate\":\"https:\\\/\\\/accigest.com\\\/ca\\\/?s={search_term_string}\"},\"query-input\":{\"@type\":\"PropertyValueSpecification\",\"valueRequired\":true,\"valueName\":\"search_term_string\"}}],\"inLanguage\":\"ca\"},{\"@type\":\"Organization\",\"@id\":\"https:\\\/\\\/accigest.com\\\/ca\\\/#organization\",\"name\":\"Accigest Abogados de Accidentes Tr\u00e1fico\",\"url\":\"https:\\\/\\\/accigest.com\\\/ca\\\/\",\"logo\":{\"@type\":\"ImageObject\",\"inLanguage\":\"ca\",\"@id\":\"https:\\\/\\\/accigest.com\\\/ca\\\/#\\\/schema\\\/logo\\\/image\\\/\",\"url\":\"https:\\\/\\\/accigest.com\\\/wp-content\\\/uploads\\\/2021\\\/06\\\/logo-accigest.svg\",\"contentUrl\":\"https:\\\/\\\/accigest.com\\\/wp-content\\\/uploads\\\/2021\\\/06\\\/logo-accigest.svg\",\"width\":1,\"height\":1,\"caption\":\"Accigest Abogados de Accidentes Tr\u00e1fico\"},\"image\":{\"@id\":\"https:\\\/\\\/accigest.com\\\/ca\\\/#\\\/schema\\\/logo\\\/image\\\/\"}}]}<\/script>\n<!-- \/ Yoast SEO plugin. -->","yoast_head_json":{"title":"Advocats d'accidents de tr\u00e0nsit a Barcelona | Accigest","description":"Si ha patit una accident de tr\u00e0nsit a Barcelona i necessita assist\u00e8ncia jur\u00eddica. Accigest es posa a la seva disposici\u00f3. L'assessorarem!","robots":{"index":"index","follow":"follow","max-snippet":"max-snippet:-1","max-image-preview":"max-image-preview:large","max-video-preview":"max-video-preview:-1"},"canonical":"https:\/\/accigest.com\/ca\/advocats-accidents-de-transit-a-barcelona\/","og_locale":"ca_ES","og_type":"article","og_title":"Advocats d'accidents de tr\u00e0nsit a Barcelona | Accigest","og_description":"Si ha patit una accident de tr\u00e0nsit a Barcelona i necessita assist\u00e8ncia jur\u00eddica. Accigest es posa a la seva disposici\u00f3. L'assessorarem!","og_url":"https:\/\/accigest.com\/ca\/advocats-accidents-de-transit-a-barcelona\/","og_site_name":"Accigest","article_modified_time":"2022-03-25T22:19:02+00:00","twitter_card":"summary_large_image","twitter_misc":{"Temps estimat de lectura":"2 minuts"},"schema":{"@context":"https:\/\/schema.org","@graph":[{"@type":"WebPage","@id":"https:\/\/accigest.com\/ca\/advocats-accidents-de-transit-a-barcelona\/","url":"https:\/\/accigest.com\/ca\/advocats-accidents-de-transit-a-barcelona\/","name":"Advocats d'accidents de tr\u00e0nsit a Barcelona | Accigest","isPartOf":{"@id":"https:\/\/accigest.com\/ca\/#website"},"datePublished":"2021-05-26T16:38:23+00:00","dateModified":"2022-03-25T22:19:02+00:00","description":"Si ha patit una accident de tr\u00e0nsit a Barcelona i necessita assist\u00e8ncia jur\u00eddica. Accigest es posa a la seva disposici\u00f3. L'assessorarem!","breadcrumb":{"@id":"https:\/\/accigest.com\/ca\/advocats-accidents-de-transit-a-barcelona\/#breadcrumb"},"inLanguage":"ca","potentialAction":[{"@type":"ReadAction","target":["https:\/\/accigest.com\/ca\/advocats-accidents-de-transit-a-barcelona\/"]}]},{"@type":"BreadcrumbList","@id":"https:\/\/accigest.com\/ca\/advocats-accidents-de-transit-a-barcelona\/#breadcrumb","itemListElement":[{"@type":"ListItem","position":1,"name":"Inici","item":"https:\/\/accigest.com\/ca\/"},{"@type":"ListItem","position":2,"name":"Advocats especialistes en accidents de tr\u00e0nsit a Barcelona"}]},{"@type":"WebSite","@id":"https:\/\/accigest.com\/ca\/#website","url":"https:\/\/accigest.com\/ca\/","name":"Accigest","description":"Especialistas en  indemnizaciones por  accidentes de tr\u00e1fico","publisher":{"@id":"https:\/\/accigest.com\/ca\/#organization"},"potentialAction":[{"@type":"SearchAction","target":{"@type":"EntryPoint","urlTemplate":"https:\/\/accigest.com\/ca\/?s={search_term_string}"},"query-input":{"@type":"PropertyValueSpecification","valueRequired":true,"valueName":"search_term_string"}}],"inLanguage":"ca"},{"@type":"Organization","@id":"https:\/\/accigest.com\/ca\/#organization","name":"Accigest Abogados de Accidentes Tr\u00e1fico","url":"https:\/\/accigest.com\/ca\/","logo":{"@type":"ImageObject","inLanguage":"ca","@id":"https:\/\/accigest.com\/ca\/#\/schema\/logo\/image\/","url":"https:\/\/accigest.com\/wp-content\/uploads\/2021\/06\/logo-accigest.svg","contentUrl":"https:\/\/accigest.com\/wp-content\/uploads\/2021\/06\/logo-accigest.svg","width":1,"height":1,"caption":"Accigest Abogados de Accidentes Tr\u00e1fico"},"image":{"@id":"https:\/\/accigest.com\/ca\/#\/schema\/logo\/image\/"}}]}},"_links":{"self":[{"href":"https:\/\/accigest.com\/ca\/wp-json\/wp\/v2\/pages\/5415","targetHints":{"allow":["GET"]}}],"collection":[{"href":"https:\/\/accigest.com\/ca\/wp-json\/wp\/v2\/pages"}],"about":[{"href":"https:\/\/accigest.com\/ca\/wp-json\/wp\/v2\/types\/page"}],"author":[{"embeddable":true,"href":"https:\/\/accigest.com\/ca\/wp-json\/wp\/v2\/users\/3"}],"replies":[{"embeddable":true,"href":"https:\/\/accigest.com\/ca\/wp-json\/wp\/v2\/comments?post=5415"}],"version-history":[{"count":10,"href":"https:\/\/accigest.com\/ca\/wp-json\/wp\/v2\/pages\/5415\/revisions"}],"predecessor-version":[{"id":7762,"href":"https:\/\/accigest.com\/ca\/wp-json\/wp\/v2\/pages\/5415\/revisions\/7762"}],"wp:attachment":[{"href":"https:\/\/accigest.com\/ca\/wp-json\/wp\/v2\/media?parent=5415"}],"curies":[{"name":"wp","href":"https:\/\/api.w.org\/{rel}","templated":true}]}}