{"id":7375,"date":"2021-06-20T03:02:45","date_gmt":"2021-06-20T01:02:45","guid":{"rendered":"https:\/\/accigest.com\/indemnizacion-accidente-trafico\/"},"modified":"2022-05-24T17:41:25","modified_gmt":"2022-05-24T15:41:25","slug":"indemnitzacio-accident-transit","status":"publish","type":"page","link":"https:\/\/accigest.com\/ca\/indemnitzacio-accident-transit\/","title":{"rendered":"Indemnitzaci\u00f3 per accident de tr\u00e0nsit"},"content":{"rendered":"\n<div class=\"wp-block-group ag-section ag-section--bg-1\"><div class=\"wp-block-group__inner-container is-layout-flow wp-block-group-is-layout-flow\">\n<div class=\"wp-block-group ag-container\"><div class=\"wp-block-group__inner-container is-layout-flow wp-block-group-is-layout-flow\">\n<p>Un accident de tr\u00e0nsit pot causar danys de diferent \u00edndole: lesions temporals, seq\u00fceles i fins i tot la mort.<\/p>\n<p>Vegem cada cas a continuaci\u00f3:<\/p>\n<div class=\"posts-container services-container\">\n<article data-align=\"center\" id=\"post-2600\" class=\"post-2600 page type-page status-publish has-post-thumbnail hentry\">\n\n\t\n\t<header class=\"entry-header post post-centered\">\n\t\t<h3 class=\"entry-title\"><a href=\"https:\/\/accigest.com\/ca\/indemnitzacio-per-lesions-temporals-en-accidents-de-transit\/\" rel=\"bookmark\">Indemnitzaci\u00f3 per lesions temporals en accidents de tr\u00e0nsit<\/a><\/h3>\t<\/header><!-- .entry-header -->\n\n\t<div class=\"entry-content post post-service\">\n\t\t<p>Les lesions temporals s\u00f3n aquelles que pateix el lesionat des de la data de l&#8217;accident fins a l\u2019acabament del seu proc\u00e9s de curaci\u00f3 o estabilitzaci\u00f3 de les lesions.<\/p>\n\t<\/div><!-- .entry-content -->\n\t\n<\/article><!-- #post-2600 -->\n\n<article data-align=\"center\" id=\"post-2613\" class=\"post-2613 page type-page status-publish has-post-thumbnail hentry\">\n\n\t\n\t<header class=\"entry-header post post-centered\">\n\t\t<h3 class=\"entry-title\"><a href=\"https:\/\/accigest.com\/ca\/indemnitzacio-per-sequeles-en-accidents-de-transit\/\" rel=\"bookmark\">Indemnitzaci\u00f3 per seq\u00fceles en accidents de tr\u00e0nsit<\/a><\/h3>\t<\/header><!-- .entry-header -->\n\n\t<div class=\"entry-content post post-service\">\n\t\t<p>Les seq\u00fceles s\u00f3n aquelles defici\u00e8ncies f\u00edsiques, intel\u00b7lectuals, org\u00e0niques i sensorials i els perjudicis est\u00e8tics que deriven de les lesions i romanen un cop ha acabat el proc\u00e9s curatiu.<\/p>\n\t<\/div><!-- .entry-content -->\n\t\n<\/article><!-- #post-2613 -->\n\n<article data-align=\"center\" id=\"post-2632\" class=\"post-2632 page type-page status-publish has-post-thumbnail hentry\">\n\n\t\n\t<header class=\"entry-header post post-centered\">\n\t\t<h3 class=\"entry-title\"><a href=\"https:\/\/accigest.com\/ca\/indemnitzacio-per-mort-en-accidents-de-transit\/\" rel=\"bookmark\">Indemnitzaci\u00f3 per mort en accident de tr\u00e0nsit<\/a><\/h3>\t<\/header><!-- .entry-header -->\n\n\t<div class=\"entry-content post post-service\">\n\t\t<p>Els perjudicats que tindran dret a rebre una indemnitzaci\u00f3 en cas de mort per accident de tr\u00e0nsit seran: el c\u00f2njuge vidu, els ascendents, els descendents, els germans i els afins.<\/p>\n\t<\/div><!-- .entry-content -->\n\t\n<\/article><!-- #post-2632 -->\n<\/div>\n<\/div><\/div>\n<\/div><\/div>\n","protected":false},"excerpt":{"rendered":"Els ascendents (pare o mare del mort\/a) Perjudici personal b\u00e0sic dels ascendents (TAULA 1A) \u2013 Segons l\u2019Article 64 cada progenitor tindr\u00e0 dret a rebre la quantitat de: 70.000 \u20ac si el fill mort tenia fins a 30 anys. 40.000 \u20ac si tenia m\u00e9s de 30 anys. En el sup\u00f2sit de&hellip;&nbsp;<a class=\"read-more\" href=\"https:\/\/accigest.com\/ca\/indemnitzacio-per-mort-en-accident-de-transit-ascendents\/\">Llegir m\u00e9s<\/a>","protected":false},"author":3,"featured_media":0,"parent":0,"menu_order":0,"comment_status":"closed","ping_status":"closed","template":"page-wide.php","meta":{"footnotes":""},"class_list":["post-7375","page","type-page","status-publish","hentry"],"yoast_head":"<!-- This site is optimized with the Yoast SEO plugin v27.1.1 - https:\/\/yoast.com\/product\/yoast-seo-wordpress\/ -->\n<title>Indemnitzaci\u00f3 per accident de tr\u00e0nsit - Accigest<\/title>\n<meta name=\"description\" content=\"Un accident de tr\u00e0nsit pot causar danys de diferent \u00edndole: lesions temporals, seq\u00fceles i fins i tot la mort.\" \/>\n<meta name=\"robots\" content=\"index, follow, max-snippet:-1, max-image-preview:large, max-video-preview:-1\" \/>\n<link rel=\"canonical\" href=\"https:\/\/accigest.com\/ca\/indemnitzacio-accident-transit\/\" \/>\n<meta property=\"og:locale\" content=\"ca_ES\" \/>\n<meta property=\"og:type\" content=\"article\" \/>\n<meta property=\"og:title\" content=\"Indemnitzaci\u00f3 per accident de tr\u00e0nsit - Accigest\" \/>\n<meta property=\"og:description\" content=\"Un accident de tr\u00e0nsit pot causar danys de diferent \u00edndole: lesions temporals, seq\u00fceles i fins i tot la mort.\" \/>\n<meta property=\"og:url\" content=\"https:\/\/accigest.com\/ca\/indemnitzacio-accident-transit\/\" \/>\n<meta property=\"og:site_name\" content=\"Accigest\" \/>\n<meta property=\"article:modified_time\" content=\"2022-05-24T15:41:25+00:00\" \/>\n<meta name=\"twitter:card\" content=\"summary_large_image\" \/>\n<meta name=\"twitter:label1\" content=\"Temps estimat de lectura\" \/>\n\t<meta name=\"twitter:data1\" content=\"1 minut\" \/>\n<script type=\"application\/ld+json\" class=\"yoast-schema-graph\">{\"@context\":\"https:\/\/schema.org\",\"@graph\":[{\"@type\":\"WebPage\",\"@id\":\"https:\/\/accigest.com\/ca\/indemnitzacio-accident-transit\/\",\"url\":\"https:\/\/accigest.com\/ca\/indemnitzacio-accident-transit\/\",\"name\":\"Indemnitzaci\u00f3 per accident de tr\u00e0nsit - Accigest\",\"isPartOf\":{\"@id\":\"https:\/\/accigest.com\/ca\/#website\"},\"datePublished\":\"2021-06-20T01:02:45+00:00\",\"dateModified\":\"2022-05-24T15:41:25+00:00\",\"description\":\"Un accident de tr\u00e0nsit pot causar danys de diferent \u00edndole: lesions temporals, seq\u00fceles i fins i tot la mort.\",\"breadcrumb\":{\"@id\":\"https:\/\/accigest.com\/ca\/indemnitzacio-accident-transit\/#breadcrumb\"},\"inLanguage\":\"ca\",\"potentialAction\":[{\"@type\":\"ReadAction\",\"target\":[\"https:\/\/accigest.com\/ca\/indemnitzacio-accident-transit\/\"]}]},{\"@type\":\"BreadcrumbList\",\"@id\":\"https:\/\/accigest.com\/ca\/indemnitzacio-accident-transit\/#breadcrumb\",\"itemListElement\":[{\"@type\":\"ListItem\",\"position\":1,\"name\":\"Inici\",\"item\":\"https:\/\/accigest.com\/ca\/\"},{\"@type\":\"ListItem\",\"position\":2,\"name\":\"Indemnitzaci\u00f3 per accident de tr\u00e0nsit\"}]},{\"@type\":\"WebSite\",\"@id\":\"https:\/\/accigest.com\/ca\/#website\",\"url\":\"https:\/\/accigest.com\/ca\/\",\"name\":\"Accigest\",\"description\":\"Especialistas en  indemnizaciones por  accidentes de tr\u00e1fico\",\"publisher\":{\"@id\":\"https:\/\/accigest.com\/ca\/#organization\"},\"potentialAction\":[{\"@type\":\"SearchAction\",\"target\":{\"@type\":\"EntryPoint\",\"urlTemplate\":\"https:\/\/accigest.com\/ca\/?s={search_term_string}\"},\"query-input\":{\"@type\":\"PropertyValueSpecification\",\"valueRequired\":true,\"valueName\":\"search_term_string\"}}],\"inLanguage\":\"ca\"},{\"@type\":\"Organization\",\"@id\":\"https:\/\/accigest.com\/ca\/#organization\",\"name\":\"Accigest Abogados de Accidentes Tr\u00e1fico\",\"url\":\"https:\/\/accigest.com\/ca\/\",\"logo\":{\"@type\":\"ImageObject\",\"inLanguage\":\"ca\",\"@id\":\"https:\/\/accigest.com\/ca\/#\/schema\/logo\/image\/\",\"url\":\"https:\/\/accigest.com\/wp-content\/uploads\/2021\/06\/logo-accigest.svg\",\"contentUrl\":\"https:\/\/accigest.com\/wp-content\/uploads\/2021\/06\/logo-accigest.svg\",\"width\":1,\"height\":1,\"caption\":\"Accigest Abogados de Accidentes Tr\u00e1fico\"},\"image\":{\"@id\":\"https:\/\/accigest.com\/ca\/#\/schema\/logo\/image\/\"}}]}<\/script>\n<!-- \/ Yoast SEO plugin. -->","yoast_head_json":{"title":"Indemnitzaci\u00f3 per accident de tr\u00e0nsit - Accigest","description":"Un accident de tr\u00e0nsit pot causar danys de diferent \u00edndole: lesions temporals, seq\u00fceles i fins i tot la mort.","robots":{"index":"index","follow":"follow","max-snippet":"max-snippet:-1","max-image-preview":"max-image-preview:large","max-video-preview":"max-video-preview:-1"},"canonical":"https:\/\/accigest.com\/ca\/indemnitzacio-accident-transit\/","og_locale":"ca_ES","og_type":"article","og_title":"Indemnitzaci\u00f3 per accident de tr\u00e0nsit - Accigest","og_description":"Un accident de tr\u00e0nsit pot causar danys de diferent \u00edndole: lesions temporals, seq\u00fceles i fins i tot la mort.","og_url":"https:\/\/accigest.com\/ca\/indemnitzacio-accident-transit\/","og_site_name":"Accigest","article_modified_time":"2022-05-24T15:41:25+00:00","twitter_card":"summary_large_image","twitter_misc":{"Temps estimat de lectura":"1 minut"},"schema":{"@context":"https:\/\/schema.org","@graph":[{"@type":"WebPage","@id":"https:\/\/accigest.com\/ca\/indemnitzacio-accident-transit\/","url":"https:\/\/accigest.com\/ca\/indemnitzacio-accident-transit\/","name":"Indemnitzaci\u00f3 per accident de tr\u00e0nsit - Accigest","isPartOf":{"@id":"https:\/\/accigest.com\/ca\/#website"},"datePublished":"2021-06-20T01:02:45+00:00","dateModified":"2022-05-24T15:41:25+00:00","description":"Un accident de tr\u00e0nsit pot causar danys de diferent \u00edndole: lesions temporals, seq\u00fceles i fins i tot la mort.","breadcrumb":{"@id":"https:\/\/accigest.com\/ca\/indemnitzacio-accident-transit\/#breadcrumb"},"inLanguage":"ca","potentialAction":[{"@type":"ReadAction","target":["https:\/\/accigest.com\/ca\/indemnitzacio-accident-transit\/"]}]},{"@type":"BreadcrumbList","@id":"https:\/\/accigest.com\/ca\/indemnitzacio-accident-transit\/#breadcrumb","itemListElement":[{"@type":"ListItem","position":1,"name":"Inici","item":"https:\/\/accigest.com\/ca\/"},{"@type":"ListItem","position":2,"name":"Indemnitzaci\u00f3 per accident de tr\u00e0nsit"}]},{"@type":"WebSite","@id":"https:\/\/accigest.com\/ca\/#website","url":"https:\/\/accigest.com\/ca\/","name":"Accigest","description":"Especialistas en  indemnizaciones por  accidentes de tr\u00e1fico","publisher":{"@id":"https:\/\/accigest.com\/ca\/#organization"},"potentialAction":[{"@type":"SearchAction","target":{"@type":"EntryPoint","urlTemplate":"https:\/\/accigest.com\/ca\/?s={search_term_string}"},"query-input":{"@type":"PropertyValueSpecification","valueRequired":true,"valueName":"search_term_string"}}],"inLanguage":"ca"},{"@type":"Organization","@id":"https:\/\/accigest.com\/ca\/#organization","name":"Accigest Abogados de Accidentes Tr\u00e1fico","url":"https:\/\/accigest.com\/ca\/","logo":{"@type":"ImageObject","inLanguage":"ca","@id":"https:\/\/accigest.com\/ca\/#\/schema\/logo\/image\/","url":"https:\/\/accigest.com\/wp-content\/uploads\/2021\/06\/logo-accigest.svg","contentUrl":"https:\/\/accigest.com\/wp-content\/uploads\/2021\/06\/logo-accigest.svg","width":1,"height":1,"caption":"Accigest Abogados de Accidentes Tr\u00e1fico"},"image":{"@id":"https:\/\/accigest.com\/ca\/#\/schema\/logo\/image\/"}}]}},"_links":{"self":[{"href":"https:\/\/accigest.com\/ca\/wp-json\/wp\/v2\/pages\/7375","targetHints":{"allow":["GET"]}}],"collection":[{"href":"https:\/\/accigest.com\/ca\/wp-json\/wp\/v2\/pages"}],"about":[{"href":"https:\/\/accigest.com\/ca\/wp-json\/wp\/v2\/types\/page"}],"author":[{"embeddable":true,"href":"https:\/\/accigest.com\/ca\/wp-json\/wp\/v2\/users\/3"}],"replies":[{"embeddable":true,"href":"https:\/\/accigest.com\/ca\/wp-json\/wp\/v2\/comments?post=7375"}],"version-history":[{"count":1,"href":"https:\/\/accigest.com\/ca\/wp-json\/wp\/v2\/pages\/7375\/revisions"}],"predecessor-version":[{"id":7377,"href":"https:\/\/accigest.com\/ca\/wp-json\/wp\/v2\/pages\/7375\/revisions\/7377"}],"wp:attachment":[{"href":"https:\/\/accigest.com\/ca\/wp-json\/wp\/v2\/media?parent=7375"}],"curies":[{"name":"wp","href":"https:\/\/api.w.org\/{rel}","templated":true}]}}