{"id":8590,"date":"2024-05-27T23:03:41","date_gmt":"2024-05-27T21:03:41","guid":{"rendered":"https:\/\/accigest.com\/?page_id=8590"},"modified":"2024-09-01T23:30:04","modified_gmt":"2024-09-01T21:30:04","slug":"video-indemnitzacio-per-lesions-temporals-en-accidents-de-transit","status":"publish","type":"page","link":"https:\/\/accigest.com\/ca\/videoteca\/video-indemnitzacio-per-lesions-temporals-en-accidents-de-transit\/","title":{"rendered":"V\u00eddeo: Indemnitzaci\u00f3 per lesions temporals en accidents de tr\u00e0nsit"},"content":{"rendered":"<div class=\"embed-wrapper\"><iframe loading=\"lazy\" class=\"skip-lazy\" title=\"YouTube video player\" src=\"https:\/\/www.youtube.com\/embed\/FAqA1j2L6Kg?controls=1\" width=\"1160\" height=\"653\" frameborder=\"0\" allowfullscreen=\"allowfullscreen\"><\/iframe><\/div>\n","protected":false},"excerpt":{"rendered":"&nbsp;<a class=\"read-more\" href=\"https:\/\/accigest.com\/ca\/videoteca\/video-indemnitzacio-per-lesions-temporals-en-accidents-de-transit\/\">Llegir m\u00e9s<\/a>","protected":false},"author":3,"featured_media":0,"parent":8615,"menu_order":0,"comment_status":"closed","ping_status":"closed","template":"","meta":{"footnotes":""},"class_list":["post-8590","page","type-page","status-publish","hentry"],"yoast_head":"<!-- This site is optimized with the Yoast SEO plugin v27.4 - https:\/\/yoast.com\/product\/yoast-seo-wordpress\/ -->\n<title>V\u00eddeo: Indemnitzaci\u00f3 per lesions temporals en accidents de tr\u00e0nsit - Accigest<\/title>\n<meta name=\"description\" content=\"Al seg\u00fcent v\u00eddeo l&#039;advocada especialista en accidents Kelly Leclercq ens explicar\u00e0 com s&#039;indemnitzen les lesions temporals derivades d&#039;un accident de tr\u00e0nsit\" \/>\n<meta name=\"robots\" content=\"index, follow, max-snippet:-1, max-image-preview:large, max-video-preview:-1\" \/>\n<link rel=\"canonical\" href=\"https:\/\/accigest.com\/ca\/videoteca\/video-indemnitzacio-per-lesions-temporals-en-accidents-de-transit\/\" \/>\n<meta property=\"og:locale\" content=\"ca_ES\" \/>\n<meta property=\"og:type\" content=\"article\" \/>\n<meta property=\"og:title\" content=\"V\u00eddeo: Indemnitzaci\u00f3 per lesions temporals en accidents de tr\u00e0nsit - Accigest\" \/>\n<meta property=\"og:description\" content=\"Al seg\u00fcent v\u00eddeo l&#039;advocada especialista en accidents Kelly Leclercq ens explicar\u00e0 com s&#039;indemnitzen les lesions temporals derivades d&#039;un accident de tr\u00e0nsit\" \/>\n<meta property=\"og:url\" content=\"https:\/\/accigest.com\/ca\/videoteca\/video-indemnitzacio-per-lesions-temporals-en-accidents-de-transit\/\" \/>\n<meta property=\"og:site_name\" content=\"Accigest\" \/>\n<meta property=\"article:modified_time\" content=\"2024-09-01T21:30:04+00:00\" \/>\n<meta name=\"twitter:card\" content=\"summary_large_image\" \/>\n<script type=\"application\/ld+json\" class=\"yoast-schema-graph\">{\"@context\":\"https:\\\/\\\/schema.org\",\"@graph\":[{\"@type\":\"WebPage\",\"@id\":\"https:\\\/\\\/accigest.com\\\/ca\\\/videoteca\\\/video-indemnitzacio-per-lesions-temporals-en-accidents-de-transit\\\/\",\"url\":\"https:\\\/\\\/accigest.com\\\/ca\\\/videoteca\\\/video-indemnitzacio-per-lesions-temporals-en-accidents-de-transit\\\/\",\"name\":\"V\u00eddeo: Indemnitzaci\u00f3 per lesions temporals en accidents de tr\u00e0nsit - Accigest\",\"isPartOf\":{\"@id\":\"https:\\\/\\\/accigest.com\\\/ca\\\/#website\"},\"datePublished\":\"2024-05-27T21:03:41+00:00\",\"dateModified\":\"2024-09-01T21:30:04+00:00\",\"description\":\"Al seg\u00fcent v\u00eddeo l'advocada especialista en accidents Kelly Leclercq ens explicar\u00e0 com s'indemnitzen les lesions temporals derivades d'un accident de tr\u00e0nsit\",\"breadcrumb\":{\"@id\":\"https:\\\/\\\/accigest.com\\\/ca\\\/videoteca\\\/video-indemnitzacio-per-lesions-temporals-en-accidents-de-transit\\\/#breadcrumb\"},\"inLanguage\":\"ca\",\"potentialAction\":[{\"@type\":\"ReadAction\",\"target\":[\"https:\\\/\\\/accigest.com\\\/ca\\\/videoteca\\\/video-indemnitzacio-per-lesions-temporals-en-accidents-de-transit\\\/\"]}]},{\"@type\":\"BreadcrumbList\",\"@id\":\"https:\\\/\\\/accigest.com\\\/ca\\\/videoteca\\\/video-indemnitzacio-per-lesions-temporals-en-accidents-de-transit\\\/#breadcrumb\",\"itemListElement\":[{\"@type\":\"ListItem\",\"position\":1,\"name\":\"Inici\",\"item\":\"https:\\\/\\\/accigest.com\\\/ca\\\/\"},{\"@type\":\"ListItem\",\"position\":2,\"name\":\"Videoteca\",\"item\":\"https:\\\/\\\/accigest.com\\\/ca\\\/videoteca\\\/\"},{\"@type\":\"ListItem\",\"position\":3,\"name\":\"V\u00eddeo: Indemnitzaci\u00f3 per lesions temporals en accidents de tr\u00e0nsit\"}]},{\"@type\":\"WebSite\",\"@id\":\"https:\\\/\\\/accigest.com\\\/ca\\\/#website\",\"url\":\"https:\\\/\\\/accigest.com\\\/ca\\\/\",\"name\":\"Accigest\",\"description\":\"Especialistas en  indemnizaciones por  accidentes de tr\u00e1fico\",\"publisher\":{\"@id\":\"https:\\\/\\\/accigest.com\\\/ca\\\/#organization\"},\"potentialAction\":[{\"@type\":\"SearchAction\",\"target\":{\"@type\":\"EntryPoint\",\"urlTemplate\":\"https:\\\/\\\/accigest.com\\\/ca\\\/?s={search_term_string}\"},\"query-input\":{\"@type\":\"PropertyValueSpecification\",\"valueRequired\":true,\"valueName\":\"search_term_string\"}}],\"inLanguage\":\"ca\"},{\"@type\":\"Organization\",\"@id\":\"https:\\\/\\\/accigest.com\\\/ca\\\/#organization\",\"name\":\"Accigest Abogados de Accidentes Tr\u00e1fico\",\"url\":\"https:\\\/\\\/accigest.com\\\/ca\\\/\",\"logo\":{\"@type\":\"ImageObject\",\"inLanguage\":\"ca\",\"@id\":\"https:\\\/\\\/accigest.com\\\/ca\\\/#\\\/schema\\\/logo\\\/image\\\/\",\"url\":\"https:\\\/\\\/accigest.com\\\/wp-content\\\/uploads\\\/2021\\\/06\\\/logo-accigest.svg\",\"contentUrl\":\"https:\\\/\\\/accigest.com\\\/wp-content\\\/uploads\\\/2021\\\/06\\\/logo-accigest.svg\",\"width\":1,\"height\":1,\"caption\":\"Accigest Abogados de Accidentes Tr\u00e1fico\"},\"image\":{\"@id\":\"https:\\\/\\\/accigest.com\\\/ca\\\/#\\\/schema\\\/logo\\\/image\\\/\"}}]}<\/script>\n<!-- \/ Yoast SEO plugin. -->","yoast_head_json":{"title":"V\u00eddeo: Indemnitzaci\u00f3 per lesions temporals en accidents de tr\u00e0nsit - Accigest","description":"Al seg\u00fcent v\u00eddeo l'advocada especialista en accidents Kelly Leclercq ens explicar\u00e0 com s'indemnitzen les lesions temporals derivades d'un accident de tr\u00e0nsit","robots":{"index":"index","follow":"follow","max-snippet":"max-snippet:-1","max-image-preview":"max-image-preview:large","max-video-preview":"max-video-preview:-1"},"canonical":"https:\/\/accigest.com\/ca\/videoteca\/video-indemnitzacio-per-lesions-temporals-en-accidents-de-transit\/","og_locale":"ca_ES","og_type":"article","og_title":"V\u00eddeo: Indemnitzaci\u00f3 per lesions temporals en accidents de tr\u00e0nsit - Accigest","og_description":"Al seg\u00fcent v\u00eddeo l'advocada especialista en accidents Kelly Leclercq ens explicar\u00e0 com s'indemnitzen les lesions temporals derivades d'un accident de tr\u00e0nsit","og_url":"https:\/\/accigest.com\/ca\/videoteca\/video-indemnitzacio-per-lesions-temporals-en-accidents-de-transit\/","og_site_name":"Accigest","article_modified_time":"2024-09-01T21:30:04+00:00","twitter_card":"summary_large_image","schema":{"@context":"https:\/\/schema.org","@graph":[{"@type":"WebPage","@id":"https:\/\/accigest.com\/ca\/videoteca\/video-indemnitzacio-per-lesions-temporals-en-accidents-de-transit\/","url":"https:\/\/accigest.com\/ca\/videoteca\/video-indemnitzacio-per-lesions-temporals-en-accidents-de-transit\/","name":"V\u00eddeo: Indemnitzaci\u00f3 per lesions temporals en accidents de tr\u00e0nsit - Accigest","isPartOf":{"@id":"https:\/\/accigest.com\/ca\/#website"},"datePublished":"2024-05-27T21:03:41+00:00","dateModified":"2024-09-01T21:30:04+00:00","description":"Al seg\u00fcent v\u00eddeo l'advocada especialista en accidents Kelly Leclercq ens explicar\u00e0 com s'indemnitzen les lesions temporals derivades d'un accident de tr\u00e0nsit","breadcrumb":{"@id":"https:\/\/accigest.com\/ca\/videoteca\/video-indemnitzacio-per-lesions-temporals-en-accidents-de-transit\/#breadcrumb"},"inLanguage":"ca","potentialAction":[{"@type":"ReadAction","target":["https:\/\/accigest.com\/ca\/videoteca\/video-indemnitzacio-per-lesions-temporals-en-accidents-de-transit\/"]}]},{"@type":"BreadcrumbList","@id":"https:\/\/accigest.com\/ca\/videoteca\/video-indemnitzacio-per-lesions-temporals-en-accidents-de-transit\/#breadcrumb","itemListElement":[{"@type":"ListItem","position":1,"name":"Inici","item":"https:\/\/accigest.com\/ca\/"},{"@type":"ListItem","position":2,"name":"Videoteca","item":"https:\/\/accigest.com\/ca\/videoteca\/"},{"@type":"ListItem","position":3,"name":"V\u00eddeo: Indemnitzaci\u00f3 per lesions temporals en accidents de tr\u00e0nsit"}]},{"@type":"WebSite","@id":"https:\/\/accigest.com\/ca\/#website","url":"https:\/\/accigest.com\/ca\/","name":"Accigest","description":"Especialistas en  indemnizaciones por  accidentes de tr\u00e1fico","publisher":{"@id":"https:\/\/accigest.com\/ca\/#organization"},"potentialAction":[{"@type":"SearchAction","target":{"@type":"EntryPoint","urlTemplate":"https:\/\/accigest.com\/ca\/?s={search_term_string}"},"query-input":{"@type":"PropertyValueSpecification","valueRequired":true,"valueName":"search_term_string"}}],"inLanguage":"ca"},{"@type":"Organization","@id":"https:\/\/accigest.com\/ca\/#organization","name":"Accigest Abogados de Accidentes Tr\u00e1fico","url":"https:\/\/accigest.com\/ca\/","logo":{"@type":"ImageObject","inLanguage":"ca","@id":"https:\/\/accigest.com\/ca\/#\/schema\/logo\/image\/","url":"https:\/\/accigest.com\/wp-content\/uploads\/2021\/06\/logo-accigest.svg","contentUrl":"https:\/\/accigest.com\/wp-content\/uploads\/2021\/06\/logo-accigest.svg","width":1,"height":1,"caption":"Accigest Abogados de Accidentes Tr\u00e1fico"},"image":{"@id":"https:\/\/accigest.com\/ca\/#\/schema\/logo\/image\/"}}]}},"_links":{"self":[{"href":"https:\/\/accigest.com\/ca\/wp-json\/wp\/v2\/pages\/8590","targetHints":{"allow":["GET"]}}],"collection":[{"href":"https:\/\/accigest.com\/ca\/wp-json\/wp\/v2\/pages"}],"about":[{"href":"https:\/\/accigest.com\/ca\/wp-json\/wp\/v2\/types\/page"}],"author":[{"embeddable":true,"href":"https:\/\/accigest.com\/ca\/wp-json\/wp\/v2\/users\/3"}],"replies":[{"embeddable":true,"href":"https:\/\/accigest.com\/ca\/wp-json\/wp\/v2\/comments?post=8590"}],"version-history":[{"count":4,"href":"https:\/\/accigest.com\/ca\/wp-json\/wp\/v2\/pages\/8590\/revisions"}],"predecessor-version":[{"id":8649,"href":"https:\/\/accigest.com\/ca\/wp-json\/wp\/v2\/pages\/8590\/revisions\/8649"}],"up":[{"embeddable":true,"href":"https:\/\/accigest.com\/ca\/wp-json\/wp\/v2\/pages\/8615"}],"wp:attachment":[{"href":"https:\/\/accigest.com\/ca\/wp-json\/wp\/v2\/media?parent=8590"}],"curies":[{"name":"wp","href":"https:\/\/api.w.org\/{rel}","templated":true}]}}