{"id":8595,"date":"2024-05-27T23:13:05","date_gmt":"2024-05-27T21:13:05","guid":{"rendered":"https:\/\/accigest.com\/?page_id=8595"},"modified":"2024-09-01T23:29:11","modified_gmt":"2024-09-01T21:29:11","slug":"video-problematica-dels-accidents-amb-patinets-electrics-implicats","status":"publish","type":"page","link":"https:\/\/accigest.com\/ca\/videoteca\/video-problematica-dels-accidents-amb-patinets-electrics-implicats\/","title":{"rendered":"V\u00eddeo: Problem\u00e0tica dels accidents amb patinets el\u00e8ctrics implicats"},"content":{"rendered":"<div class=\"embed-wrapper\"><iframe loading=\"lazy\" title=\"YouTube video player\" src=\"https:\/\/www.youtube.com\/embed\/c39prIg6TAQ?si=baztKkPW0TZ4qxH0\" width=\"1160\" height=\"653\" frameborder=\"0\" allowfullscreen=\"allowfullscreen\"><\/iframe><\/div>\n\n\n<p><\/p>\n","protected":false},"excerpt":{"rendered":"&nbsp;<a class=\"read-more\" href=\"https:\/\/accigest.com\/ca\/videoteca\/video-problematica-dels-accidents-amb-patinets-electrics-implicats\/\">Llegir m\u00e9s<\/a>","protected":false},"author":3,"featured_media":0,"parent":8615,"menu_order":0,"comment_status":"closed","ping_status":"closed","template":"","meta":{"footnotes":""},"class_list":["post-8595","page","type-page","status-publish","hentry"],"yoast_head":"<!-- This site is optimized with the Yoast SEO plugin v27.4 - https:\/\/yoast.com\/product\/yoast-seo-wordpress\/ -->\n<title>V\u00eddeo: Problem\u00e0tica dels accidents amb patinets el\u00e8ctrics implicats - Accigest<\/title>\n<meta name=\"description\" content=\"Intervenci\u00f3 de la lletrada Montserrat Estadella, especialista en accidents de tr\u00e0nsit d&#039;Accigest, al programa L&#039;Altaveu de RTVE, el 10 d&#039;abril passat, on es va parlar sobre la sinistralitat amb patinets el\u00e8ctrics implicats\" \/>\n<meta name=\"robots\" content=\"index, follow, max-snippet:-1, max-image-preview:large, max-video-preview:-1\" \/>\n<link rel=\"canonical\" href=\"https:\/\/accigest.com\/ca\/videoteca\/video-problematica-dels-accidents-amb-patinets-electrics-implicats\/\" \/>\n<meta property=\"og:locale\" content=\"ca_ES\" \/>\n<meta property=\"og:type\" content=\"article\" \/>\n<meta property=\"og:title\" content=\"V\u00eddeo: Problem\u00e0tica dels accidents amb patinets el\u00e8ctrics implicats - Accigest\" \/>\n<meta property=\"og:description\" content=\"Intervenci\u00f3 de la lletrada Montserrat Estadella, especialista en accidents de tr\u00e0nsit d&#039;Accigest, al programa L&#039;Altaveu de RTVE, el 10 d&#039;abril passat, on es va parlar sobre la sinistralitat amb patinets el\u00e8ctrics implicats\" \/>\n<meta property=\"og:url\" content=\"https:\/\/accigest.com\/ca\/videoteca\/video-problematica-dels-accidents-amb-patinets-electrics-implicats\/\" \/>\n<meta property=\"og:site_name\" content=\"Accigest\" \/>\n<meta property=\"article:modified_time\" content=\"2024-09-01T21:29:11+00:00\" \/>\n<meta name=\"twitter:card\" content=\"summary_large_image\" \/>\n<script type=\"application\/ld+json\" class=\"yoast-schema-graph\">{\"@context\":\"https:\\\/\\\/schema.org\",\"@graph\":[{\"@type\":\"WebPage\",\"@id\":\"https:\\\/\\\/accigest.com\\\/ca\\\/videoteca\\\/video-problematica-dels-accidents-amb-patinets-electrics-implicats\\\/\",\"url\":\"https:\\\/\\\/accigest.com\\\/ca\\\/videoteca\\\/video-problematica-dels-accidents-amb-patinets-electrics-implicats\\\/\",\"name\":\"V\u00eddeo: Problem\u00e0tica dels accidents amb patinets el\u00e8ctrics implicats - Accigest\",\"isPartOf\":{\"@id\":\"https:\\\/\\\/accigest.com\\\/ca\\\/#website\"},\"datePublished\":\"2024-05-27T21:13:05+00:00\",\"dateModified\":\"2024-09-01T21:29:11+00:00\",\"description\":\"Intervenci\u00f3 de la lletrada Montserrat Estadella, especialista en accidents de tr\u00e0nsit d'Accigest, al programa L'Altaveu de RTVE, el 10 d'abril passat, on es va parlar sobre la sinistralitat amb patinets el\u00e8ctrics implicats\",\"breadcrumb\":{\"@id\":\"https:\\\/\\\/accigest.com\\\/ca\\\/videoteca\\\/video-problematica-dels-accidents-amb-patinets-electrics-implicats\\\/#breadcrumb\"},\"inLanguage\":\"ca\",\"potentialAction\":[{\"@type\":\"ReadAction\",\"target\":[\"https:\\\/\\\/accigest.com\\\/ca\\\/videoteca\\\/video-problematica-dels-accidents-amb-patinets-electrics-implicats\\\/\"]}]},{\"@type\":\"BreadcrumbList\",\"@id\":\"https:\\\/\\\/accigest.com\\\/ca\\\/videoteca\\\/video-problematica-dels-accidents-amb-patinets-electrics-implicats\\\/#breadcrumb\",\"itemListElement\":[{\"@type\":\"ListItem\",\"position\":1,\"name\":\"Inici\",\"item\":\"https:\\\/\\\/accigest.com\\\/ca\\\/\"},{\"@type\":\"ListItem\",\"position\":2,\"name\":\"Videoteca\",\"item\":\"https:\\\/\\\/accigest.com\\\/ca\\\/videoteca\\\/\"},{\"@type\":\"ListItem\",\"position\":3,\"name\":\"V\u00eddeo: Problem\u00e0tica dels accidents amb patinets el\u00e8ctrics implicats\"}]},{\"@type\":\"WebSite\",\"@id\":\"https:\\\/\\\/accigest.com\\\/ca\\\/#website\",\"url\":\"https:\\\/\\\/accigest.com\\\/ca\\\/\",\"name\":\"Accigest\",\"description\":\"Especialistas en  indemnizaciones por  accidentes de tr\u00e1fico\",\"publisher\":{\"@id\":\"https:\\\/\\\/accigest.com\\\/ca\\\/#organization\"},\"potentialAction\":[{\"@type\":\"SearchAction\",\"target\":{\"@type\":\"EntryPoint\",\"urlTemplate\":\"https:\\\/\\\/accigest.com\\\/ca\\\/?s={search_term_string}\"},\"query-input\":{\"@type\":\"PropertyValueSpecification\",\"valueRequired\":true,\"valueName\":\"search_term_string\"}}],\"inLanguage\":\"ca\"},{\"@type\":\"Organization\",\"@id\":\"https:\\\/\\\/accigest.com\\\/ca\\\/#organization\",\"name\":\"Accigest Abogados de Accidentes Tr\u00e1fico\",\"url\":\"https:\\\/\\\/accigest.com\\\/ca\\\/\",\"logo\":{\"@type\":\"ImageObject\",\"inLanguage\":\"ca\",\"@id\":\"https:\\\/\\\/accigest.com\\\/ca\\\/#\\\/schema\\\/logo\\\/image\\\/\",\"url\":\"https:\\\/\\\/accigest.com\\\/wp-content\\\/uploads\\\/2021\\\/06\\\/logo-accigest.svg\",\"contentUrl\":\"https:\\\/\\\/accigest.com\\\/wp-content\\\/uploads\\\/2021\\\/06\\\/logo-accigest.svg\",\"width\":1,\"height\":1,\"caption\":\"Accigest Abogados de Accidentes Tr\u00e1fico\"},\"image\":{\"@id\":\"https:\\\/\\\/accigest.com\\\/ca\\\/#\\\/schema\\\/logo\\\/image\\\/\"}}]}<\/script>\n<!-- \/ Yoast SEO plugin. -->","yoast_head_json":{"title":"V\u00eddeo: Problem\u00e0tica dels accidents amb patinets el\u00e8ctrics implicats - Accigest","description":"Intervenci\u00f3 de la lletrada Montserrat Estadella, especialista en accidents de tr\u00e0nsit d'Accigest, al programa L'Altaveu de RTVE, el 10 d'abril passat, on es va parlar sobre la sinistralitat amb patinets el\u00e8ctrics implicats","robots":{"index":"index","follow":"follow","max-snippet":"max-snippet:-1","max-image-preview":"max-image-preview:large","max-video-preview":"max-video-preview:-1"},"canonical":"https:\/\/accigest.com\/ca\/videoteca\/video-problematica-dels-accidents-amb-patinets-electrics-implicats\/","og_locale":"ca_ES","og_type":"article","og_title":"V\u00eddeo: Problem\u00e0tica dels accidents amb patinets el\u00e8ctrics implicats - Accigest","og_description":"Intervenci\u00f3 de la lletrada Montserrat Estadella, especialista en accidents de tr\u00e0nsit d'Accigest, al programa L'Altaveu de RTVE, el 10 d'abril passat, on es va parlar sobre la sinistralitat amb patinets el\u00e8ctrics implicats","og_url":"https:\/\/accigest.com\/ca\/videoteca\/video-problematica-dels-accidents-amb-patinets-electrics-implicats\/","og_site_name":"Accigest","article_modified_time":"2024-09-01T21:29:11+00:00","twitter_card":"summary_large_image","schema":{"@context":"https:\/\/schema.org","@graph":[{"@type":"WebPage","@id":"https:\/\/accigest.com\/ca\/videoteca\/video-problematica-dels-accidents-amb-patinets-electrics-implicats\/","url":"https:\/\/accigest.com\/ca\/videoteca\/video-problematica-dels-accidents-amb-patinets-electrics-implicats\/","name":"V\u00eddeo: Problem\u00e0tica dels accidents amb patinets el\u00e8ctrics implicats - Accigest","isPartOf":{"@id":"https:\/\/accigest.com\/ca\/#website"},"datePublished":"2024-05-27T21:13:05+00:00","dateModified":"2024-09-01T21:29:11+00:00","description":"Intervenci\u00f3 de la lletrada Montserrat Estadella, especialista en accidents de tr\u00e0nsit d'Accigest, al programa L'Altaveu de RTVE, el 10 d'abril passat, on es va parlar sobre la sinistralitat amb patinets el\u00e8ctrics implicats","breadcrumb":{"@id":"https:\/\/accigest.com\/ca\/videoteca\/video-problematica-dels-accidents-amb-patinets-electrics-implicats\/#breadcrumb"},"inLanguage":"ca","potentialAction":[{"@type":"ReadAction","target":["https:\/\/accigest.com\/ca\/videoteca\/video-problematica-dels-accidents-amb-patinets-electrics-implicats\/"]}]},{"@type":"BreadcrumbList","@id":"https:\/\/accigest.com\/ca\/videoteca\/video-problematica-dels-accidents-amb-patinets-electrics-implicats\/#breadcrumb","itemListElement":[{"@type":"ListItem","position":1,"name":"Inici","item":"https:\/\/accigest.com\/ca\/"},{"@type":"ListItem","position":2,"name":"Videoteca","item":"https:\/\/accigest.com\/ca\/videoteca\/"},{"@type":"ListItem","position":3,"name":"V\u00eddeo: Problem\u00e0tica dels accidents amb patinets el\u00e8ctrics implicats"}]},{"@type":"WebSite","@id":"https:\/\/accigest.com\/ca\/#website","url":"https:\/\/accigest.com\/ca\/","name":"Accigest","description":"Especialistas en  indemnizaciones por  accidentes de tr\u00e1fico","publisher":{"@id":"https:\/\/accigest.com\/ca\/#organization"},"potentialAction":[{"@type":"SearchAction","target":{"@type":"EntryPoint","urlTemplate":"https:\/\/accigest.com\/ca\/?s={search_term_string}"},"query-input":{"@type":"PropertyValueSpecification","valueRequired":true,"valueName":"search_term_string"}}],"inLanguage":"ca"},{"@type":"Organization","@id":"https:\/\/accigest.com\/ca\/#organization","name":"Accigest Abogados de Accidentes Tr\u00e1fico","url":"https:\/\/accigest.com\/ca\/","logo":{"@type":"ImageObject","inLanguage":"ca","@id":"https:\/\/accigest.com\/ca\/#\/schema\/logo\/image\/","url":"https:\/\/accigest.com\/wp-content\/uploads\/2021\/06\/logo-accigest.svg","contentUrl":"https:\/\/accigest.com\/wp-content\/uploads\/2021\/06\/logo-accigest.svg","width":1,"height":1,"caption":"Accigest Abogados de Accidentes Tr\u00e1fico"},"image":{"@id":"https:\/\/accigest.com\/ca\/#\/schema\/logo\/image\/"}}]}},"_links":{"self":[{"href":"https:\/\/accigest.com\/ca\/wp-json\/wp\/v2\/pages\/8595","targetHints":{"allow":["GET"]}}],"collection":[{"href":"https:\/\/accigest.com\/ca\/wp-json\/wp\/v2\/pages"}],"about":[{"href":"https:\/\/accigest.com\/ca\/wp-json\/wp\/v2\/types\/page"}],"author":[{"embeddable":true,"href":"https:\/\/accigest.com\/ca\/wp-json\/wp\/v2\/users\/3"}],"replies":[{"embeddable":true,"href":"https:\/\/accigest.com\/ca\/wp-json\/wp\/v2\/comments?post=8595"}],"version-history":[{"count":3,"href":"https:\/\/accigest.com\/ca\/wp-json\/wp\/v2\/pages\/8595\/revisions"}],"predecessor-version":[{"id":8648,"href":"https:\/\/accigest.com\/ca\/wp-json\/wp\/v2\/pages\/8595\/revisions\/8648"}],"up":[{"embeddable":true,"href":"https:\/\/accigest.com\/ca\/wp-json\/wp\/v2\/pages\/8615"}],"wp:attachment":[{"href":"https:\/\/accigest.com\/ca\/wp-json\/wp\/v2\/media?parent=8595"}],"curies":[{"name":"wp","href":"https:\/\/api.w.org\/{rel}","templated":true}]}}