{"id":8615,"date":"2024-05-27T23:26:01","date_gmt":"2024-05-27T21:26:01","guid":{"rendered":"https:\/\/accigest.com\/videoteca\/"},"modified":"2024-06-28T15:49:22","modified_gmt":"2024-06-28T13:49:22","slug":"videoteca","status":"publish","type":"page","link":"https:\/\/accigest.com\/ca\/videoteca\/","title":{"rendered":"Videoteca"},"content":{"rendered":"\n<h2 class=\"wp-block-heading\">V\u00eddeos d&#8217;inter\u00e8s<\/h2>\n\n\n\n<p><a href=\"https:\/\/accigest.com\/ca\/videoteca\/video-indemnitzacio-per-lesions-temporals-en-accidents-de-transit\/\">Indemnitzaci\u00f3 per lesions temporals en accidents de tr\u00e0nsit<\/a><\/p>\n\n\n\n<p><a href=\"https:\/\/accigest.com\/ca\/videoteca\/video-problematica-dels-accidents-amb-patinets-electrics-implicats\/\">Problem\u00e0tica dels accidents amb patinets el\u00e8ctrics implicats<\/a><\/p>\n","protected":false},"excerpt":{"rendered":"V\u00eddeos d'inter\u00e8s Indemnitzaci\u00f3 per lesions temporals en accidents de tr\u00e0nsit Problem\u00e0tica dels accidents amb patinets el\u00e8ctrics implicats&nbsp;<a class=\"read-more\" href=\"https:\/\/accigest.com\/ca\/videoteca\/\">Llegir m\u00e9s<\/a>","protected":false},"author":3,"featured_media":0,"parent":0,"menu_order":0,"comment_status":"closed","ping_status":"closed","template":"","meta":{"footnotes":""},"class_list":["post-8615","page","type-page","status-publish","hentry"],"yoast_head":"<!-- This site is optimized with the Yoast SEO plugin v27.4 - https:\/\/yoast.com\/product\/yoast-seo-wordpress\/ -->\n<title>Videoteca - Accigest<\/title>\n<meta name=\"description\" content=\"V\u00eddeos de tem\u00e0tiques relacionades amb els accidents de tr\u00e0nsit\" \/>\n<meta name=\"robots\" content=\"index, follow, max-snippet:-1, max-image-preview:large, max-video-preview:-1\" \/>\n<link rel=\"canonical\" href=\"https:\/\/accigest.com\/ca\/videoteca\/\" \/>\n<meta property=\"og:locale\" content=\"ca_ES\" \/>\n<meta property=\"og:type\" content=\"article\" \/>\n<meta property=\"og:title\" content=\"Videoteca - Accigest\" \/>\n<meta property=\"og:description\" content=\"V\u00eddeos de tem\u00e0tiques relacionades amb els accidents de tr\u00e0nsit\" \/>\n<meta property=\"og:url\" content=\"https:\/\/accigest.com\/ca\/videoteca\/\" \/>\n<meta property=\"og:site_name\" content=\"Accigest\" \/>\n<meta property=\"article:modified_time\" content=\"2024-06-28T13:49:22+00:00\" \/>\n<meta name=\"twitter:card\" content=\"summary_large_image\" \/>\n<script type=\"application\/ld+json\" class=\"yoast-schema-graph\">{\"@context\":\"https:\\\/\\\/schema.org\",\"@graph\":[{\"@type\":\"WebPage\",\"@id\":\"https:\\\/\\\/accigest.com\\\/ca\\\/videoteca\\\/\",\"url\":\"https:\\\/\\\/accigest.com\\\/ca\\\/videoteca\\\/\",\"name\":\"Videoteca - Accigest\",\"isPartOf\":{\"@id\":\"https:\\\/\\\/accigest.com\\\/ca\\\/#website\"},\"datePublished\":\"2024-05-27T21:26:01+00:00\",\"dateModified\":\"2024-06-28T13:49:22+00:00\",\"description\":\"V\u00eddeos de tem\u00e0tiques relacionades amb els accidents de tr\u00e0nsit\",\"breadcrumb\":{\"@id\":\"https:\\\/\\\/accigest.com\\\/ca\\\/videoteca\\\/#breadcrumb\"},\"inLanguage\":\"ca\",\"potentialAction\":[{\"@type\":\"ReadAction\",\"target\":[\"https:\\\/\\\/accigest.com\\\/ca\\\/videoteca\\\/\"]}]},{\"@type\":\"BreadcrumbList\",\"@id\":\"https:\\\/\\\/accigest.com\\\/ca\\\/videoteca\\\/#breadcrumb\",\"itemListElement\":[{\"@type\":\"ListItem\",\"position\":1,\"name\":\"Inici\",\"item\":\"https:\\\/\\\/accigest.com\\\/ca\\\/\"},{\"@type\":\"ListItem\",\"position\":2,\"name\":\"Videoteca\"}]},{\"@type\":\"WebSite\",\"@id\":\"https:\\\/\\\/accigest.com\\\/ca\\\/#website\",\"url\":\"https:\\\/\\\/accigest.com\\\/ca\\\/\",\"name\":\"Accigest\",\"description\":\"Especialistas en  indemnizaciones por  accidentes de tr\u00e1fico\",\"publisher\":{\"@id\":\"https:\\\/\\\/accigest.com\\\/ca\\\/#organization\"},\"potentialAction\":[{\"@type\":\"SearchAction\",\"target\":{\"@type\":\"EntryPoint\",\"urlTemplate\":\"https:\\\/\\\/accigest.com\\\/ca\\\/?s={search_term_string}\"},\"query-input\":{\"@type\":\"PropertyValueSpecification\",\"valueRequired\":true,\"valueName\":\"search_term_string\"}}],\"inLanguage\":\"ca\"},{\"@type\":\"Organization\",\"@id\":\"https:\\\/\\\/accigest.com\\\/ca\\\/#organization\",\"name\":\"Accigest Abogados de Accidentes Tr\u00e1fico\",\"url\":\"https:\\\/\\\/accigest.com\\\/ca\\\/\",\"logo\":{\"@type\":\"ImageObject\",\"inLanguage\":\"ca\",\"@id\":\"https:\\\/\\\/accigest.com\\\/ca\\\/#\\\/schema\\\/logo\\\/image\\\/\",\"url\":\"https:\\\/\\\/accigest.com\\\/wp-content\\\/uploads\\\/2021\\\/06\\\/logo-accigest.svg\",\"contentUrl\":\"https:\\\/\\\/accigest.com\\\/wp-content\\\/uploads\\\/2021\\\/06\\\/logo-accigest.svg\",\"width\":1,\"height\":1,\"caption\":\"Accigest Abogados de Accidentes Tr\u00e1fico\"},\"image\":{\"@id\":\"https:\\\/\\\/accigest.com\\\/ca\\\/#\\\/schema\\\/logo\\\/image\\\/\"}}]}<\/script>\n<!-- \/ Yoast SEO plugin. -->","yoast_head_json":{"title":"Videoteca - Accigest","description":"V\u00eddeos de tem\u00e0tiques relacionades amb els accidents de tr\u00e0nsit","robots":{"index":"index","follow":"follow","max-snippet":"max-snippet:-1","max-image-preview":"max-image-preview:large","max-video-preview":"max-video-preview:-1"},"canonical":"https:\/\/accigest.com\/ca\/videoteca\/","og_locale":"ca_ES","og_type":"article","og_title":"Videoteca - Accigest","og_description":"V\u00eddeos de tem\u00e0tiques relacionades amb els accidents de tr\u00e0nsit","og_url":"https:\/\/accigest.com\/ca\/videoteca\/","og_site_name":"Accigest","article_modified_time":"2024-06-28T13:49:22+00:00","twitter_card":"summary_large_image","schema":{"@context":"https:\/\/schema.org","@graph":[{"@type":"WebPage","@id":"https:\/\/accigest.com\/ca\/videoteca\/","url":"https:\/\/accigest.com\/ca\/videoteca\/","name":"Videoteca - Accigest","isPartOf":{"@id":"https:\/\/accigest.com\/ca\/#website"},"datePublished":"2024-05-27T21:26:01+00:00","dateModified":"2024-06-28T13:49:22+00:00","description":"V\u00eddeos de tem\u00e0tiques relacionades amb els accidents de tr\u00e0nsit","breadcrumb":{"@id":"https:\/\/accigest.com\/ca\/videoteca\/#breadcrumb"},"inLanguage":"ca","potentialAction":[{"@type":"ReadAction","target":["https:\/\/accigest.com\/ca\/videoteca\/"]}]},{"@type":"BreadcrumbList","@id":"https:\/\/accigest.com\/ca\/videoteca\/#breadcrumb","itemListElement":[{"@type":"ListItem","position":1,"name":"Inici","item":"https:\/\/accigest.com\/ca\/"},{"@type":"ListItem","position":2,"name":"Videoteca"}]},{"@type":"WebSite","@id":"https:\/\/accigest.com\/ca\/#website","url":"https:\/\/accigest.com\/ca\/","name":"Accigest","description":"Especialistas en  indemnizaciones por  accidentes de tr\u00e1fico","publisher":{"@id":"https:\/\/accigest.com\/ca\/#organization"},"potentialAction":[{"@type":"SearchAction","target":{"@type":"EntryPoint","urlTemplate":"https:\/\/accigest.com\/ca\/?s={search_term_string}"},"query-input":{"@type":"PropertyValueSpecification","valueRequired":true,"valueName":"search_term_string"}}],"inLanguage":"ca"},{"@type":"Organization","@id":"https:\/\/accigest.com\/ca\/#organization","name":"Accigest Abogados de Accidentes Tr\u00e1fico","url":"https:\/\/accigest.com\/ca\/","logo":{"@type":"ImageObject","inLanguage":"ca","@id":"https:\/\/accigest.com\/ca\/#\/schema\/logo\/image\/","url":"https:\/\/accigest.com\/wp-content\/uploads\/2021\/06\/logo-accigest.svg","contentUrl":"https:\/\/accigest.com\/wp-content\/uploads\/2021\/06\/logo-accigest.svg","width":1,"height":1,"caption":"Accigest Abogados de Accidentes Tr\u00e1fico"},"image":{"@id":"https:\/\/accigest.com\/ca\/#\/schema\/logo\/image\/"}}]}},"_links":{"self":[{"href":"https:\/\/accigest.com\/ca\/wp-json\/wp\/v2\/pages\/8615","targetHints":{"allow":["GET"]}}],"collection":[{"href":"https:\/\/accigest.com\/ca\/wp-json\/wp\/v2\/pages"}],"about":[{"href":"https:\/\/accigest.com\/ca\/wp-json\/wp\/v2\/types\/page"}],"author":[{"embeddable":true,"href":"https:\/\/accigest.com\/ca\/wp-json\/wp\/v2\/users\/3"}],"replies":[{"embeddable":true,"href":"https:\/\/accigest.com\/ca\/wp-json\/wp\/v2\/comments?post=8615"}],"version-history":[{"count":2,"href":"https:\/\/accigest.com\/ca\/wp-json\/wp\/v2\/pages\/8615\/revisions"}],"predecessor-version":[{"id":8636,"href":"https:\/\/accigest.com\/ca\/wp-json\/wp\/v2\/pages\/8615\/revisions\/8636"}],"wp:attachment":[{"href":"https:\/\/accigest.com\/ca\/wp-json\/wp\/v2\/media?parent=8615"}],"curies":[{"name":"wp","href":"https:\/\/api.w.org\/{rel}","templated":true}]}}