{"id":8883,"date":"2025-04-24T23:36:13","date_gmt":"2025-04-24T21:36:13","guid":{"rendered":"https:\/\/accigest.com\/?page_id=8883"},"modified":"2025-04-24T23:36:13","modified_gmt":"2025-04-24T21:36:13","slug":"politica-de-cookies","status":"publish","type":"page","link":"https:\/\/accigest.com\/ca\/politica-de-cookies\/","title":{"rendered":"Pol\u00edtica de cookies"},"content":{"rendered":"\n<p><strong>ACCIGEST INDEMNITZACIONS PER ACCIDENTS, S.L.<\/strong> informa sobre l&#8217;\u00fas de les cookies a la seva p\u00e0gina web: <a href=\"https:\/\/accigest.com\/\" target=\"_blank\" rel=\"noreferrer noopener\">https:\/\/accigest.com\/<\/a><\/p>\n\n\n\n<h2 class=\"wp-block-heading\"><strong>Qu\u00e8 s\u00f3n les cookies?<\/strong><\/h2>\n\n\n\n<p>Les cookies s\u00f3n arxius que es poden descarregar al vostre dispositiu a trav\u00e9s de les p\u00e0gines web. S\u00f3n eines que tenen un paper essencial per a la prestaci\u00f3 de nombrosos serveis de la societat de la informaci\u00f3. Entre altres, permeten a una p\u00e0gina web emmagatzemar i recuperar informaci\u00f3 sobre els h\u00e0bits de navegaci\u00f3 d&#8217;un usuari o del seu dispositiu i, depenent de la informaci\u00f3 obtinguda, es poden utilitzar per recon\u00e8ixer l&#8217;usuari i millorar el servei ofert.<\/p>\n\n\n\n<h2 class=\"wp-block-heading\"><strong>Tipus de cookies<\/strong><\/h2>\n\n\n\n<p>Segons qui sigui l&#8217;entitat que gestioni el domini des d&#8217;on s&#8217;envien les cookies i tracti les dades obtingudes, es poden distingir dos tipus:<\/p>\n\n\n\n<ul class=\"wp-block-list\">\n<li><strong>Cookies pr\u00f2pies<\/strong>: Aquelles que s&#8217;envien al dispositiu de l&#8217;usuari des d&#8217;un equip o domini gestionat pel mateix editor i des del qual es presta el servei sol\u00b7licitat per l&#8217;usuari.<\/li>\n\n\n\n<li><strong>Cookies de tercers<\/strong>: Aquelles que s&#8217;envien al dispositiu de l&#8217;usuari des d&#8217;un equip o domini que no \u00e9s gestionat per l&#8217;editor, sin\u00f3 per una altra entitat que tracta les dades obtingudes a trav\u00e9s de les cookies.<\/li>\n<\/ul>\n\n\n\n<p>En cas que les cookies siguin instal\u00b7lades des d&#8217;un equip o domini gestionat pel mateix editor per\u00f2 la informaci\u00f3 recollida mitjan\u00e7ant aquestes sigui gestionada per un tercer, no poden ser considerades com a cookies pr\u00f2pies.<\/p>\n\n\n\n<p>Existeix tamb\u00e9 una segona classificaci\u00f3 segons el temps que romanen emmagatzemades al navegador del client, podent ser:<\/p>\n\n\n\n<ul class=\"wp-block-list\">\n<li><strong>Cookies de sessi\u00f3<\/strong>: Dissenyades per recollir i emmagatzemar dades mentre l&#8217;usuari accedeix a una p\u00e0gina web. Normalment s&#8217;utilitzen per emmagatzemar informaci\u00f3 que nom\u00e9s interessa conservar per a la prestaci\u00f3 del servei sol\u00b7licitat per l&#8217;usuari en una sola ocasi\u00f3 (p.ex. una llista de productes adquirits).<\/li>\n\n\n\n<li><strong>Cookies persistents<\/strong>: Els dades segueixen emmagatzemades al dispositiu i poden ser accedides i tractades durant un per\u00edode definit pel responsable de la cookie, i que pot anar des d&#8217;uns minuts fins a diversos anys.<\/li>\n<\/ul>\n\n\n\n<p>Finalment, existeix una altra classificaci\u00f3 amb sis tipus de cookies segons la finalitat per la qual es tractin les dades obtingudes:<\/p>\n\n\n\n<ul class=\"wp-block-list\">\n<li><strong>Cookies t\u00e8cniques<\/strong>: Aquelles que permeten a l&#8217;usuari la navegaci\u00f3 a trav\u00e9s d&#8217;una p\u00e0gina web, plataforma o aplicaci\u00f3 i la utilitzaci\u00f3 de les diferents opcions o serveis que en ella existeixin com, per exemple, controlar el tr\u00e0nsit i la comunicaci\u00f3 de dades, identificar la sessi\u00f3, accedir a parts restringides, recordar els elements que integren una comanda, realitzar el proc\u00e9s de compra, realitzar la inscripci\u00f3 o participaci\u00f3 en un esdeveniment, utilitzar elements de seguretat durant la navegaci\u00f3, emmagatzemar continguts per a la difusi\u00f3 de v\u00eddeos o so o compartir continguts a trav\u00e9s de xarxes socials.<\/li>\n\n\n\n<li><strong>Cookies de personalitzaci\u00f3<\/strong>: Permeten a l&#8217;usuari accedir al servei amb algunes caracter\u00edstiques predefinides en funci\u00f3 d&#8217;una s\u00e8rie de criteris al dispositiu de l&#8217;usuari com per exemple el idioma, el tipus de navegador, la configuraci\u00f3 regional, etc.<\/li>\n\n\n\n<li><strong>Cookies d&#8217;an\u00e0lisi<\/strong>: Permeten al responsable de les cookies el seguiment i l&#8217;an\u00e0lisi del comportament dels usuaris dels llocs web als quals estan vinculades. La informaci\u00f3 recollida s&#8217;utilitza per a la mesura de l&#8217;activitat dels llocs web, aplicacions o plataformes i per a la creaci\u00f3 de perfils de navegaci\u00f3 dels usuaris.<\/li>\n\n\n\n<li><strong>Cookies publicit\u00e0ries<\/strong>: Permeten la gesti\u00f3 dels espais publicitaris.<\/li>\n\n\n\n<li><strong>Cookies de publicitat comportamental<\/strong>: Emmagatzemen informaci\u00f3 sobre el comportament de l&#8217;usuari obtinguda a trav\u00e9s de l&#8217;observaci\u00f3 continuada dels seus h\u00e0bits de navegaci\u00f3, creant un perfil per mostrar publicitat espec\u00edfica.<\/li>\n\n\n\n<li><strong>Cookies de xarxes socials externes<\/strong>: Es fan servir perqu\u00e8 els visitants puguin interactuar amb el contingut de diferents plataformes socials (facebook, youtube, twitter, linkedIn, etc.) i es generen \u00fanicament per als usuaris d&#8217;aquestes xarxes socials.<\/li>\n<\/ul>\n\n\n\n<p><\/p>\n\n\n\n<h2 class=\"wp-block-heading\"><strong>Desactivaci\u00f3 i eliminaci\u00f3 de cookies<\/strong><\/h2>\n\n\n\n<p>Tens l&#8217;opci\u00f3 de permetre, bloquejar o eliminar les cookies instal\u00b7lades al teu dispositiu mitjan\u00e7ant la configuraci\u00f3 de les opcions del navegador instal\u00b7lat al teu dispositiu. En desactivar les cookies, alguns dels serveis disponibles podrien deixar de ser operatius. La manera de desactivar les cookies \u00e9s diferent per a cada navegador, per\u00f2 normalment es pot fer des del men\u00fa <strong>Eines<\/strong> o <strong>Opcions<\/strong>. Tamb\u00e9 es pot consultar el men\u00fa d&#8217;<strong>Ajuda<\/strong> del navegador, on trobar\u00e0s instruccions. L&#8217;usuari podr\u00e0 en qualsevol moment triar quines cookies vol que funcionin en aquest lloc web.<\/p>\n\n\n\n<p>Pots permetre, bloquejar o eliminar les cookies instal\u00b7lades al teu dispositiu mitjan\u00e7ant la configuraci\u00f3 de les opcions del navegador instal\u00b7lat al teu ordinador:<\/p>\n\n\n\n<ul class=\"wp-block-list\">\n<li><strong>Microsoft Internet Explorer o Microsoft Edge: <\/strong>http:\/\/windows.microsoft.com\/es-es\/windows-vista\/Block-or-allow-cookies<\/li>\n\n\n\n<li><strong>Mozilla Firefox:<\/strong> http:\/\/support.mozilla.org\/es\/kb\/impedir-que-los-sitios-web-guarden-sus-preferencia<\/li>\n\n\n\n<li><strong>Chrome:<\/strong> https:\/\/support.google.com\/accounts\/answer\/61416?hl=es<\/li>\n\n\n\n<li><strong>Safari:<\/strong> http:\/\/safari.helpmax.net\/es\/privacidad-y-seguridad\/como-gestionar-las-cookies\/<\/li>\n\n\n\n<li><strong>Opera: <\/strong>http:\/\/help.opera.com\/Linux\/10.60\/es-ES\/cookies.html<\/li>\n<\/ul>\n\n\n\n<p>A m\u00e9s, tamb\u00e9 pots gestionar l&#8217;emmagatzematge de cookies al teu navegador mitjan\u00e7ant eines com les seg\u00fcents:<\/p>\n\n\n\n<ul class=\"wp-block-list\">\n<li><strong>Ghostery:<\/strong> www.ghostery.com<\/li>\n\n\n\n<li><strong>Your Online Choices:<\/strong> www.youronlinechoices.com\/es\/<\/li>\n<\/ul>\n\n\n\n<p>Cookies utilitzades a <a href=\"https:\/\/accigest.com\/\" target=\"_blank\" rel=\"noreferrer noopener\">https:\/\/accigest.com\/<\/a><\/p>\n\n\n\n<p>A continuaci\u00f3 es detallen les cookies que s&#8217;estan utilitzant en aquest portal, aix\u00ed com la seva tipologia i funci\u00f3:<\/p>\n\n\n\n<ul class=\"wp-block-list\">\n<li><strong>pysTrafficSource<\/strong>\n<ul class=\"wp-block-list\">\n<li>Durada: 7 dies<\/li>\n\n\n\n<li>Descripci\u00f3: Aquesta cookie s&#8217;utilitza per identificar la font de tr\u00e0nsit al lloc web, ajudant a comprendre com arriben els usuaris al lloc.<\/li>\n\n\n\n<li>Tipus: Propria<\/li>\n\n\n\n<li>Finalitat: T\u00e8cnica<\/li>\n<\/ul>\n<\/li>\n\n\n\n<li><strong>pys_session_limit<\/strong>\n<ul class=\"wp-block-list\">\n<li>Durada: 1 hora<\/li>\n\n\n\n<li>Descripci\u00f3: Aquesta cookie s&#8217;utilitza per limitar la quantitat de vegades que un usuari pot activar certes funcions del servidor dins d&#8217;un per\u00edode de temps determinat, amb l&#8217;objectiu de millorar el rendiment del lloc web i evitar l&#8217;ab\u00fas dels serveis.<\/li>\n\n\n\n<li>Tipus: Propria<\/li>\n\n\n\n<li>Finalitat: T\u00e8cnica<\/li>\n<\/ul>\n<\/li>\n\n\n\n<li><strong>pys_start_session<\/strong>\n<ul class=\"wp-block-list\">\n<li>Durada: Sessi\u00f3<\/li>\n\n\n\n<li>Descripci\u00f3: Aquesta cookie s&#8217;utilitza per mantenir l&#8217;estat de la sessi\u00f3 d&#8217;un usuari mentre navega pel lloc web, garantint que qualsevol selecci\u00f3 o entrada de dades es recordi d&#8217;una p\u00e0gina a una altra.<\/li>\n\n\n\n<li>Tipus: Propria<\/li>\n\n\n\n<li>Finalitat: T\u00e8cnica<\/li>\n<\/ul>\n<\/li>\n\n\n\n<li><strong>_ga<\/strong>\n<ul class=\"wp-block-list\">\n<li>Durada: 2 anys<\/li>\n\n\n\n<li>Descripci\u00f3: Serveix per distingir els usuaris. Generada per <strong>Google Analytics<\/strong>. <strong>Google<\/strong> emmagatzema la informaci\u00f3 recollida per les cookies en servidors ubicats als Estats Units, complint amb la legislaci\u00f3 Europea en mat\u00e8ria de protecci\u00f3 de dades personals i es compromet a no compartir-la amb tercers, excepte quan la llei li obligui a fer-ho o sigui necessari per al funcionament del sistema. <strong>Google<\/strong> no associa la seva adre\u00e7a IP amb cap altra informaci\u00f3 que tingui. Si vols obtenir m\u00e9s informaci\u00f3 sobre les cookies utilitzades per <strong>Google Analytics<\/strong>, visita aquest enlla\u00e7: <a class=\"\" href=\"https:\/\/developers.google.com\/analytics\/devguides\/collection\/analyticsjs\/cookie-usage?hl=es&amp;csw=1\">https:\/\/developers.google.com\/analytics\/devguides\/collection\/analyticsjs\/cookie-usage?hl=es&amp;csw=1<\/a><\/li>\n\n\n\n<li>Tipus: Tercer<\/li>\n\n\n\n<li>Finalitat: Anal\u00edtica<\/li>\n<\/ul>\n<\/li>\n\n\n\n<li><strong>_gid<\/strong>\n<ul class=\"wp-block-list\">\n<li>Durada: 24 hores<\/li>\n\n\n\n<li>Descripci\u00f3: Generada per <strong>Google Analytics<\/strong>. <strong>Google<\/strong> emmagatzema la informaci\u00f3 recollida per les cookies en servidors ubicats als Estats Units, complint amb la legislaci\u00f3 Europea en mat\u00e8ria de protecci\u00f3 de dades personals i es compromet a no compartir-la amb tercers, excepte quan la llei li obligui a fer-ho o sigui necessari per al funcionament del sistema. <strong>Google<\/strong> no associa la seva adre\u00e7a IP amb cap altra informaci\u00f3 que tingui. Si vols obtenir m\u00e9s informaci\u00f3 sobre les cookies utilitzades per <strong>Google Analytics<\/strong>, visita aquest enlla\u00e7: <a class=\"\" href=\"https:\/\/developers.google.com\/analytics\/devguides\/collection\/analyticsjs\/cookie-usage?hl=es&amp;csw\">https:\/\/developers.google.com\/analytics\/devguides\/collection\/analyticsjs\/cookie-usage?hl=es&amp;csw<\/a><\/li>\n\n\n\n<li>Tipus: Tercer<\/li>\n\n\n\n<li>Finalitat: Anal\u00edtica<\/li>\n<\/ul>\n<\/li>\n\n\n\n<li><strong>phpsessid<\/strong>\n<ul class=\"wp-block-list\">\n<li>Durada: Finalitza en tancar el navegador<\/li>\n\n\n\n<li>Descripci\u00f3: Estableix la sessi\u00f3 de l&#8217;usuari que visita el lloc. S&#8217;utilitza per identificar i gestionar l&#8217;estat i valor de les variables de sessi\u00f3 d&#8217;un usuari concret, traslladant aquesta informaci\u00f3 pel lloc web.<\/li>\n\n\n\n<li>Tipus: Propria<\/li>\n\n\n\n<li>Finalitat: T\u00e8cnica<\/li>\n<\/ul>\n<\/li>\n\n\n\n<li><strong>MSPTC<\/strong>\n<ul class=\"wp-block-list\">\n<li>Durada: 1 any i 1 mes<\/li>\n\n\n\n<li>Descripci\u00f3: Aquesta cookie registra dades de l&#8217;usuari. Aquesta informaci\u00f3 s&#8217;utilitza per optimitzar la rellev\u00e0ncia de la publicitat.<\/li>\n\n\n\n<li>Tipus: Tercer<\/li>\n\n\n\n<li>Finalitat: Anal\u00edtica<\/li>\n<\/ul>\n<\/li>\n\n\n\n<li><strong>MUID<\/strong>\n<ul class=\"wp-block-list\">\n<li>Durada: 1 any i 1 mes<\/li>\n\n\n\n<li>Descripci\u00f3: <strong>Microsoft<\/strong> la utilitza \u00e0mpliament com a identificador d&#8217;usuari \u00fanic. Aquesta cookie permet el seguiment de l&#8217;usuari sincronitzant l&#8217;identificador en diversos dominis de <strong>Microsoft<\/strong>.<\/li>\n\n\n\n<li>Tipus: Tercer<\/li>\n\n\n\n<li>Finalitat: T\u00e8cnica<\/li>\n<\/ul>\n<\/li>\n\n\n\n<li><strong>_fbp<\/strong>\n<ul class=\"wp-block-list\">\n<li>Durada: 3 mesos<\/li>\n\n\n\n<li>Descripci\u00f3: Cookie de <strong>Facebook<\/strong> utilitzada per recollir estad\u00edstiques sobre les visites al lloc i el rendiment de les campanyes publicit\u00e0ries.<\/li>\n\n\n\n<li>Tipus: Tercer<\/li>\n\n\n\n<li>Finalitat: Anal\u00edtica<\/li>\n<\/ul>\n<\/li>\n\n\n\n<li><strong>cookieyes-consent<\/strong>\n<ul class=\"wp-block-list\">\n<li>Durada: 1 any<\/li>\n\n\n\n<li>Descripci\u00f3: <strong>CookieYes<\/strong> estableix aquesta cookie per recordar les prefer\u00e8ncies de consentiment dels usuaris, de manera que aquestes prefer\u00e8ncies es respectin en les visites posteriors al lloc. No recull ni emmagatzema informaci\u00f3 personal sobre els visitants del lloc.<\/li>\n\n\n\n<li>Tipus: Propria<\/li>\n\n\n\n<li>Finalitat: T\u00e8cnica<\/li>\n<\/ul>\n<\/li>\n<\/ul>\n\n\n\n<p><a href=\"https:\/\/accigest.com\/\" target=\"_blank\" rel=\"noreferrer noopener\">https:\/\/accigest.com\/<\/a> muestra informaci\u00f3n sobre su Pol\u00edtica de cookies en la parte inferior o superior de cualquier p\u00e1gina del portal con cada inicio de sesi\u00f3n.<\/p>\n\n\n\n<p>Ante esta informaci\u00f3n es posible llevar a cabo las siguientes acciones:<\/p>\n\n\n\n<ul class=\"wp-block-list\">\n<li><strong>Aceptar cookies:<\/strong> No se volver\u00e1 a visualizar este aviso al acceder a cualquier p\u00e1gina del portal durante la presente sesi\u00f3n.<\/li>\n\n\n\n<li><strong>Modificar\/personalizar su configuraci\u00f3n: <\/strong>Podr\u00e1 obtener m\u00e1s informaci\u00f3n sobre qu\u00e9 son las cookies, conocer la Pol\u00edtica de cookies de: <a href=\"https:\/\/accigest.com\/\" target=\"_blank\" rel=\"noreferrer noopener\">https:\/\/accigest.com\/<\/a> y modificar la configuraci\u00f3n de su navegador.<\/li>\n<\/ul>\n\n\n\n<p><strong>REV: <\/strong>20.3009<\/p>\n","protected":false},"excerpt":{"rendered":"ACCIGEST INDEMNITZACIONS PER ACCIDENTS, S.L. informa sobre l'\u00fas de les cookies a la seva p\u00e0gina web: https:\/\/accigest.com\/ Qu\u00e8 s\u00f3n les cookies? Les cookies s\u00f3n arxius que es poden descarregar al vostre dispositiu a trav\u00e9s de les p\u00e0gines web. S\u00f3n eines que tenen un paper essencial per a la prestaci\u00f3 de&hellip;&nbsp;<a class=\"read-more\" href=\"https:\/\/accigest.com\/ca\/politica-de-cookies\/\">Llegir m\u00e9s<\/a>","protected":false},"author":3,"featured_media":0,"parent":0,"menu_order":0,"comment_status":"closed","ping_status":"closed","template":"","meta":{"footnotes":""},"class_list":["post-8883","page","type-page","status-publish","hentry"],"yoast_head":"<!-- This site is optimized with the Yoast SEO plugin v27.4 - https:\/\/yoast.com\/product\/yoast-seo-wordpress\/ -->\n<title>Pol\u00edtica de cookies - Accigest<\/title>\n<meta name=\"robots\" content=\"noindex, nofollow\" \/>\n<meta property=\"og:locale\" content=\"ca_ES\" \/>\n<meta property=\"og:type\" content=\"article\" \/>\n<meta property=\"og:title\" content=\"Pol\u00edtica de cookies - Accigest\" \/>\n<meta property=\"og:description\" content=\"ACCIGEST INDEMNITZACIONS PER ACCIDENTS, S.L. informa sobre l&#8217;\u00fas de les cookies a la seva p\u00e0gina web: https:\/\/accigest.com\/ Qu\u00e8 s\u00f3n les cookies? Les cookies s\u00f3n arxius que es poden descarregar al vostre dispositiu a trav\u00e9s de les p\u00e0gines web. S\u00f3n eines que tenen un paper essencial per a la prestaci\u00f3 de nombrosos serveis de la societat...&nbsp;Llegir m\u00e9s\" \/>\n<meta property=\"og:url\" content=\"https:\/\/accigest.com\/ca\/politica-de-cookies\/\" \/>\n<meta property=\"og:site_name\" content=\"Accigest\" \/>\n<meta name=\"twitter:card\" content=\"summary_large_image\" \/>\n<meta name=\"twitter:label1\" content=\"Temps estimat de lectura\" \/>\n\t<meta name=\"twitter:data1\" content=\"7 minuts\" \/>\n<script type=\"application\/ld+json\" class=\"yoast-schema-graph\">{\"@context\":\"https:\\\/\\\/schema.org\",\"@graph\":[{\"@type\":\"WebPage\",\"@id\":\"https:\\\/\\\/accigest.com\\\/ca\\\/politica-de-cookies\\\/\",\"url\":\"https:\\\/\\\/accigest.com\\\/ca\\\/politica-de-cookies\\\/\",\"name\":\"Pol\u00edtica de cookies - Accigest\",\"isPartOf\":{\"@id\":\"https:\\\/\\\/accigest.com\\\/ca\\\/#website\"},\"datePublished\":\"2025-04-24T21:36:13+00:00\",\"breadcrumb\":{\"@id\":\"https:\\\/\\\/accigest.com\\\/ca\\\/politica-de-cookies\\\/#breadcrumb\"},\"inLanguage\":\"ca\",\"potentialAction\":[{\"@type\":\"ReadAction\",\"target\":[\"https:\\\/\\\/accigest.com\\\/ca\\\/politica-de-cookies\\\/\"]}]},{\"@type\":\"BreadcrumbList\",\"@id\":\"https:\\\/\\\/accigest.com\\\/ca\\\/politica-de-cookies\\\/#breadcrumb\",\"itemListElement\":[{\"@type\":\"ListItem\",\"position\":1,\"name\":\"Inici\",\"item\":\"https:\\\/\\\/accigest.com\\\/ca\\\/\"},{\"@type\":\"ListItem\",\"position\":2,\"name\":\"Pol\u00edtica de cookies\"}]},{\"@type\":\"WebSite\",\"@id\":\"https:\\\/\\\/accigest.com\\\/ca\\\/#website\",\"url\":\"https:\\\/\\\/accigest.com\\\/ca\\\/\",\"name\":\"Accigest\",\"description\":\"Especialistas en  indemnizaciones por  accidentes de tr\u00e1fico\",\"publisher\":{\"@id\":\"https:\\\/\\\/accigest.com\\\/ca\\\/#organization\"},\"potentialAction\":[{\"@type\":\"SearchAction\",\"target\":{\"@type\":\"EntryPoint\",\"urlTemplate\":\"https:\\\/\\\/accigest.com\\\/ca\\\/?s={search_term_string}\"},\"query-input\":{\"@type\":\"PropertyValueSpecification\",\"valueRequired\":true,\"valueName\":\"search_term_string\"}}],\"inLanguage\":\"ca\"},{\"@type\":\"Organization\",\"@id\":\"https:\\\/\\\/accigest.com\\\/ca\\\/#organization\",\"name\":\"Accigest Abogados de Accidentes Tr\u00e1fico\",\"url\":\"https:\\\/\\\/accigest.com\\\/ca\\\/\",\"logo\":{\"@type\":\"ImageObject\",\"inLanguage\":\"ca\",\"@id\":\"https:\\\/\\\/accigest.com\\\/ca\\\/#\\\/schema\\\/logo\\\/image\\\/\",\"url\":\"https:\\\/\\\/accigest.com\\\/wp-content\\\/uploads\\\/2021\\\/06\\\/logo-accigest.svg\",\"contentUrl\":\"https:\\\/\\\/accigest.com\\\/wp-content\\\/uploads\\\/2021\\\/06\\\/logo-accigest.svg\",\"width\":1,\"height\":1,\"caption\":\"Accigest Abogados de Accidentes Tr\u00e1fico\"},\"image\":{\"@id\":\"https:\\\/\\\/accigest.com\\\/ca\\\/#\\\/schema\\\/logo\\\/image\\\/\"}}]}<\/script>\n<!-- \/ Yoast SEO plugin. -->","yoast_head_json":{"title":"Pol\u00edtica de cookies - Accigest","robots":{"index":"noindex","follow":"nofollow"},"og_locale":"ca_ES","og_type":"article","og_title":"Pol\u00edtica de cookies - Accigest","og_description":"ACCIGEST INDEMNITZACIONS PER ACCIDENTS, S.L. informa sobre l&#8217;\u00fas de les cookies a la seva p\u00e0gina web: https:\/\/accigest.com\/ Qu\u00e8 s\u00f3n les cookies? Les cookies s\u00f3n arxius que es poden descarregar al vostre dispositiu a trav\u00e9s de les p\u00e0gines web. S\u00f3n eines que tenen un paper essencial per a la prestaci\u00f3 de nombrosos serveis de la societat...&nbsp;Llegir m\u00e9s","og_url":"https:\/\/accigest.com\/ca\/politica-de-cookies\/","og_site_name":"Accigest","twitter_card":"summary_large_image","twitter_misc":{"Temps estimat de lectura":"7 minuts"},"schema":{"@context":"https:\/\/schema.org","@graph":[{"@type":"WebPage","@id":"https:\/\/accigest.com\/ca\/politica-de-cookies\/","url":"https:\/\/accigest.com\/ca\/politica-de-cookies\/","name":"Pol\u00edtica de cookies - Accigest","isPartOf":{"@id":"https:\/\/accigest.com\/ca\/#website"},"datePublished":"2025-04-24T21:36:13+00:00","breadcrumb":{"@id":"https:\/\/accigest.com\/ca\/politica-de-cookies\/#breadcrumb"},"inLanguage":"ca","potentialAction":[{"@type":"ReadAction","target":["https:\/\/accigest.com\/ca\/politica-de-cookies\/"]}]},{"@type":"BreadcrumbList","@id":"https:\/\/accigest.com\/ca\/politica-de-cookies\/#breadcrumb","itemListElement":[{"@type":"ListItem","position":1,"name":"Inici","item":"https:\/\/accigest.com\/ca\/"},{"@type":"ListItem","position":2,"name":"Pol\u00edtica de cookies"}]},{"@type":"WebSite","@id":"https:\/\/accigest.com\/ca\/#website","url":"https:\/\/accigest.com\/ca\/","name":"Accigest","description":"Especialistas en  indemnizaciones por  accidentes de tr\u00e1fico","publisher":{"@id":"https:\/\/accigest.com\/ca\/#organization"},"potentialAction":[{"@type":"SearchAction","target":{"@type":"EntryPoint","urlTemplate":"https:\/\/accigest.com\/ca\/?s={search_term_string}"},"query-input":{"@type":"PropertyValueSpecification","valueRequired":true,"valueName":"search_term_string"}}],"inLanguage":"ca"},{"@type":"Organization","@id":"https:\/\/accigest.com\/ca\/#organization","name":"Accigest Abogados de Accidentes Tr\u00e1fico","url":"https:\/\/accigest.com\/ca\/","logo":{"@type":"ImageObject","inLanguage":"ca","@id":"https:\/\/accigest.com\/ca\/#\/schema\/logo\/image\/","url":"https:\/\/accigest.com\/wp-content\/uploads\/2021\/06\/logo-accigest.svg","contentUrl":"https:\/\/accigest.com\/wp-content\/uploads\/2021\/06\/logo-accigest.svg","width":1,"height":1,"caption":"Accigest Abogados de Accidentes Tr\u00e1fico"},"image":{"@id":"https:\/\/accigest.com\/ca\/#\/schema\/logo\/image\/"}}]}},"_links":{"self":[{"href":"https:\/\/accigest.com\/ca\/wp-json\/wp\/v2\/pages\/8883","targetHints":{"allow":["GET"]}}],"collection":[{"href":"https:\/\/accigest.com\/ca\/wp-json\/wp\/v2\/pages"}],"about":[{"href":"https:\/\/accigest.com\/ca\/wp-json\/wp\/v2\/types\/page"}],"author":[{"embeddable":true,"href":"https:\/\/accigest.com\/ca\/wp-json\/wp\/v2\/users\/3"}],"replies":[{"embeddable":true,"href":"https:\/\/accigest.com\/ca\/wp-json\/wp\/v2\/comments?post=8883"}],"version-history":[{"count":2,"href":"https:\/\/accigest.com\/ca\/wp-json\/wp\/v2\/pages\/8883\/revisions"}],"predecessor-version":[{"id":8885,"href":"https:\/\/accigest.com\/ca\/wp-json\/wp\/v2\/pages\/8883\/revisions\/8885"}],"wp:attachment":[{"href":"https:\/\/accigest.com\/ca\/wp-json\/wp\/v2\/media?parent=8883"}],"curies":[{"name":"wp","href":"https:\/\/api.w.org\/{rel}","templated":true}]}}